{"id":1148,"date":"2022-12-07T12:48:50","date_gmt":"2022-12-07T11:48:50","guid":{"rendered":"https:\/\/enfantsdudesert.org\/boutique\/?post_type=product&#038;p=1148"},"modified":"2026-02-18T20:40:12","modified_gmt":"2026-02-18T19:40:12","slug":"bague-enfant-du-desert-rhita-creations","status":"publish","type":"product","link":"https:\/\/enfantsdudesert.org\/boutique\/produit\/bague-enfant-du-desert-rhita-creations\/","title":{"rendered":"Bague Enfant du d\u00e9sert &#8211; Rhita cr\u00e9ations"},"content":{"rendered":"","protected":false},"excerpt":{"rendered":"<p>N\u00e9e au\u00a0<strong>Maroc<\/strong>\u00a0et dipl\u00f4m\u00e9e d\u2019<strong>architecture<\/strong>\u00a0\u00e0 Paris,\u00a0<em>Rhita<\/em>\u00a0s\u2019inspire de sa formation et de son pays natal dans toutes\u00a0<strong>ses cr\u00e9ations<\/strong>. Elle int\u00e8gre des \u00e9l\u00e9ments allant des\u00a0<em>lignes architecturales \u00e9pur\u00e9es<\/em>\u00a0aux\u00a0<em>formes g\u00e9om\u00e9triques touaregs<\/em>, et les m\u00e9lange harmonieusement avec des\u00a0<em>pierres pr\u00e9cieuses<\/em>\u00a0dans des conceptions\u00a0minimalistes et contemporaines. \ud83d\udc9f<\/p>\n<p>Cette bague a \u00e9t\u00e9 con\u00e7ue dans ses ateliers \u00e0 Rabat au Maroc, en hommage \u00e0 nos actions pour les populations du d\u00e9sert.<br \/>\nCette <strong>composition, repr\u00e9sente la fusion du lieu, de l\u2019intention et du sujet<\/strong> :<br \/>\n\ud83c\udf19 \u2b50 la lune et l\u2019\u00e9toile font r\u00e9f\u00e9rence au d\u00e9sert,<br \/>\n\ud83d\udc41\u200d\ud83d\udde8 l\u2019\u0153il protecteur d\u2019Isis \u00e0 la bienveillance des b\u00e9n\u00e9voles<br \/>\n\ud83d\udd36 le losange repr\u00e9sente la femme.<\/p>\n<p><strong>\u25b6 <\/strong>Bague r\u00e9glable, fabriqu\u00e9e \u00e0 la main en argent 925 &#8211; r\u00e9siste \u00e0 l\u2019eau et ne noircit pas. Livr\u00e9e dans une petite pochette en organza avec des explications quant \u00e0 ce produit et la marque <a href=\"https:\/\/www.rhitacreations.com\/\" target=\"_blank\" rel=\"noopener\">Rhita cr\u00e9ations<\/a>.<br \/>\n\ud83d\udc8c\u00a0\u00a0Ces prix comprennent les frais de port (<em>France m\u00e9tropolitaine<\/em>).<br \/>\n\ud83e\udde1 100 % des ventes en soutien de nos actions.<\/p>\n","protected":false},"featured_media":1150,"template":"","meta":{"ocean_post_layout":"","ocean_both_sidebars_style":"","ocean_both_sidebars_content_width":0,"ocean_both_sidebars_sidebars_width":0,"ocean_sidebar":"0","ocean_second_sidebar":"0","ocean_disable_margins":"enable","ocean_add_body_class":"","ocean_shortcode_before_top_bar":"","ocean_shortcode_after_top_bar":"","ocean_shortcode_before_header":"","ocean_shortcode_after_header":"","ocean_has_shortcode":"","ocean_shortcode_after_title":"","ocean_shortcode_before_footer_widgets":"","ocean_shortcode_after_footer_widgets":"","ocean_shortcode_before_footer_bottom":"","ocean_shortcode_after_footer_bottom":"","ocean_display_top_bar":"default","ocean_display_header":"default","ocean_header_style":"","ocean_center_header_left_menu":"0","ocean_custom_header_template":"0","ocean_custom_logo":0,"ocean_custom_retina_logo":0,"ocean_custom_logo_max_width":0,"ocean_custom_logo_tablet_max_width":0,"ocean_custom_logo_mobile_max_width":0,"ocean_custom_logo_max_height":0,"ocean_custom_logo_tablet_max_height":0,"ocean_custom_logo_mobile_max_height":0,"ocean_header_custom_menu":"0","ocean_menu_typo_font_family":"0","ocean_menu_typo_font_subset":"","ocean_menu_typo_font_size":0,"ocean_menu_typo_font_size_tablet":0,"ocean_menu_typo_font_size_mobile":0,"ocean_menu_typo_font_size_unit":"px","ocean_menu_typo_font_weight":"","ocean_menu_typo_font_weight_tablet":"","ocean_menu_typo_font_weight_mobile":"","ocean_menu_typo_transform":"","ocean_menu_typo_transform_tablet":"","ocean_menu_typo_transform_mobile":"","ocean_menu_typo_line_height":0,"ocean_menu_typo_line_height_tablet":0,"ocean_menu_typo_line_height_mobile":0,"ocean_menu_typo_line_height_unit":"","ocean_menu_typo_spacing":0,"ocean_menu_typo_spacing_tablet":0,"ocean_menu_typo_spacing_mobile":0,"ocean_menu_typo_spacing_unit":"","ocean_menu_link_color":"","ocean_menu_link_color_hover":"","ocean_menu_link_color_active":"","ocean_menu_link_background":"","ocean_menu_link_hover_background":"","ocean_menu_link_active_background":"","ocean_menu_social_links_bg":"","ocean_menu_social_hover_links_bg":"","ocean_menu_social_links_color":"","ocean_menu_social_hover_links_color":"","ocean_disable_title":"on","ocean_disable_heading":"default","ocean_post_title":"","ocean_post_subheading":"","ocean_post_title_style":"","ocean_post_title_background_color":"","ocean_post_title_background":0,"ocean_post_title_bg_image_position":"","ocean_post_title_bg_image_attachment":"","ocean_post_title_bg_image_repeat":"","ocean_post_title_bg_image_size":"","ocean_post_title_height":0,"ocean_post_title_bg_overlay":0.5,"ocean_post_title_bg_overlay_color":"","ocean_disable_breadcrumbs":"default","ocean_breadcrumbs_color":"","ocean_breadcrumbs_separator_color":"","ocean_breadcrumbs_links_color":"","ocean_breadcrumbs_links_hover_color":"","ocean_display_footer_widgets":"default","ocean_display_footer_bottom":"default","ocean_custom_footer_template":"0"},"product_brand":[],"product_cat":[119,94,61,100],"product_tag":[62],"class_list":{"0":"post-1148","1":"product","2":"type-product","3":"status-publish","4":"has-post-thumbnail","6":"product_cat-bagues","7":"product_cat-bijoux","8":"product_cat-nos-partenaires-marocaines","9":"product_cat-type-de-produit","10":"product_tag-bague","12":"entry","13":"has-media","15":"first","16":"outofstock","17":"shipping-taxable","18":"purchasable","19":"product-type-simple","20":"has-product-nav","21":"col","22":"span_1_of_3","23":"owp-content-center","24":"owp-thumbs-layout-horizontal","25":"owp-btn-normal","26":"owp-tabs-layout-horizontal","28":"circle-sale"},"jetpack-related-posts":[{"id":1325,"url":"https:\/\/enfantsdudesert.org\/boutique\/produit\/carnet-de-coloriages-et-de-decouvertes-enfants-du-desert\/","url_meta":{"origin":1148,"position":0},"title":"Carnet de coloriages et de d\u00e9couvertes Enfants du d\u00e9sert","author":"Monica","date":"19\/05\/2023","format":false,"excerpt":"\u00ab Mon carnet de coloriages et de d\u00e9couvertes sur le Maroc et l\u2019association Enfants du d\u00e9sert \u00bb :\u00a032 pages de coloriages et d\u2019anecdotes sur le Maroc, le d\u00e9sert et les actions de notre association. \ud83e\udd17 C\u2019est la complicit\u00e9 de deux s\u0153urs, Elsa et J\u00e9romine Lan\u00e7on et leur attachement aux enfants\u2026","rel":"","context":"Article similaire","block_context":{"text":"Article similaire","link":""},"img":{"alt_text":"","src":"https:\/\/i0.wp.com\/enfantsdudesert.org\/boutique\/wp-content\/uploads\/2023\/05\/Carnet-de-coloriages.webp?fit=600%2C800&ssl=1&resize=350%2C200","width":350,"height":200,"srcset":"https:\/\/i0.wp.com\/enfantsdudesert.org\/boutique\/wp-content\/uploads\/2023\/05\/Carnet-de-coloriages.webp?fit=600%2C800&ssl=1&resize=350%2C200 1x, https:\/\/i0.wp.com\/enfantsdudesert.org\/boutique\/wp-content\/uploads\/2023\/05\/Carnet-de-coloriages.webp?fit=600%2C800&ssl=1&resize=525%2C300 1.5x"},"classes":[]},{"id":1427,"url":"https:\/\/enfantsdudesert.org\/boutique\/produit\/pochettes-brodees\/","url_meta":{"origin":1148,"position":1},"title":"Pochettes brod\u00e9es &#8211; Amal","author":"Monica","date":"06\/06\/2023","format":false,"excerpt":"Pochette sublim\u00e9e par Amal, une maman d'enfants parrain\u00e9s de la ville de Rissani. Convient tout \u00e0 fait comme pochette mais \u00e9galement en sac \u00e0 main pour sortir et scintiller avec ces jolies perles brillantes. \u2728 Cr\u00e9ation artisanale et unique. \u25b6 Pochette en toile de jute r\u00e9alis\u00e9e au Maroc : 30\u2026","rel":"","context":"Article similaire","block_context":{"text":"Article similaire","link":""},"img":{"alt_text":"","src":"https:\/\/i0.wp.com\/enfantsdudesert.org\/boutique\/wp-content\/uploads\/2023\/06\/Images-pochettes-2-1.webp?fit=800%2C600&ssl=1&resize=350%2C200","width":350,"height":200,"srcset":"https:\/\/i0.wp.com\/enfantsdudesert.org\/boutique\/wp-content\/uploads\/2023\/06\/Images-pochettes-2-1.webp?fit=800%2C600&ssl=1&resize=350%2C200 1x, https:\/\/i0.wp.com\/enfantsdudesert.org\/boutique\/wp-content\/uploads\/2023\/06\/Images-pochettes-2-1.webp?fit=800%2C600&ssl=1&resize=525%2C300 1.5x, https:\/\/i0.wp.com\/enfantsdudesert.org\/boutique\/wp-content\/uploads\/2023\/06\/Images-pochettes-2-1.webp?fit=800%2C600&ssl=1&resize=700%2C400 2x"},"classes":[]},{"id":2027,"url":"https:\/\/enfantsdudesert.org\/boutique\/produit\/pochette-tiziri-par-aicha-%f0%9f%94%bb\/","url_meta":{"origin":1148,"position":2},"title":"Pochette &#8220;Tiziri&#8221; par Aicha \ud83d\udd3b","author":"Monica","date":"29\/11\/2024","format":false,"excerpt":"Cette joyeuse pochette en jute, fabriqu\u00e9e au Maroc, a \u00e9t\u00e9 brod\u00e9e \u00e0 la main par A\u00efcha depuis Rissani, une ville situ\u00e9e aux portes du d\u00e9sert. \ud83c\udf19 Ces motifs triangulaires berb\u00e8res se retrouvent partout dans la r\u00e9gion du d\u00e9sert marocain. Brod\u00e9s avec soin,\u00a0 ils donnent \u00e0 cette pochette un caract\u00e8re unique,\u2026","rel":"","context":"Article similaire","block_context":{"text":"Article similaire","link":""},"img":{"alt_text":"","src":"https:\/\/i0.wp.com\/enfantsdudesert.org\/boutique\/wp-content\/uploads\/2024\/11\/WhatsApp-Image-2024-11-29-a-11.27.14_bddf4359-scaled.jpg?fit=900%2C1200&ssl=1&resize=350%2C200","width":350,"height":200,"srcset":"https:\/\/i0.wp.com\/enfantsdudesert.org\/boutique\/wp-content\/uploads\/2024\/11\/WhatsApp-Image-2024-11-29-a-11.27.14_bddf4359-scaled.jpg?fit=900%2C1200&ssl=1&resize=350%2C200 1x, https:\/\/i0.wp.com\/enfantsdudesert.org\/boutique\/wp-content\/uploads\/2024\/11\/WhatsApp-Image-2024-11-29-a-11.27.14_bddf4359-scaled.jpg?fit=900%2C1200&ssl=1&resize=525%2C300 1.5x, https:\/\/i0.wp.com\/enfantsdudesert.org\/boutique\/wp-content\/uploads\/2024\/11\/WhatsApp-Image-2024-11-29-a-11.27.14_bddf4359-scaled.jpg?fit=900%2C1200&ssl=1&resize=700%2C400 2x"},"classes":[]},{"id":2022,"url":"https:\/\/enfantsdudesert.org\/boutique\/produit\/2022\/","url_meta":{"origin":1148,"position":3},"title":"Pochette &#8220;Vibes&#8221; par Rkia \ud83c\udf19","author":"Monica","date":"29\/11\/2024","format":false,"excerpt":"Cette magnifique pochette en jute, fabriqu\u00e9e au Maroc, a \u00e9t\u00e9 brod\u00e9e \u00e0 la main par Rkia, artisane au savoir-faire exceptionnel depuis un petit village du d\u00e9sert. Les motifs en zigzag noirs sont r\u00e9alis\u00e9s avec une v\u00e9ritable pr\u00e9cision\u00a0 \u2728 Pi\u00e8ce chic qui m\u00eale mati\u00e8re naturelle et motif moderne. Disponible avec ou\u2026","rel":"","context":"Article similaire","block_context":{"text":"Article similaire","link":""},"img":{"alt_text":"","src":"https:\/\/i0.wp.com\/enfantsdudesert.org\/boutique\/wp-content\/uploads\/2024\/11\/Rkia-pochettes-3-scaled.jpg?fit=900%2C1200&ssl=1&resize=350%2C200","width":350,"height":200,"srcset":"https:\/\/i0.wp.com\/enfantsdudesert.org\/boutique\/wp-content\/uploads\/2024\/11\/Rkia-pochettes-3-scaled.jpg?fit=900%2C1200&ssl=1&resize=350%2C200 1x, https:\/\/i0.wp.com\/enfantsdudesert.org\/boutique\/wp-content\/uploads\/2024\/11\/Rkia-pochettes-3-scaled.jpg?fit=900%2C1200&ssl=1&resize=525%2C300 1.5x, https:\/\/i0.wp.com\/enfantsdudesert.org\/boutique\/wp-content\/uploads\/2024\/11\/Rkia-pochettes-3-scaled.jpg?fit=900%2C1200&ssl=1&resize=700%2C400 2x"},"classes":[]},{"id":1316,"url":"https:\/\/enfantsdudesert.org\/boutique\/produit\/coussin-brode-par-rachida\/","url_meta":{"origin":1148,"position":4},"title":"Housse de coussin brod\u00e9e &#8211; Rachida","author":"Monica","date":"19\/05\/2023","format":false,"excerpt":"Ces housses de coussin sont cousues au Maroc puis brod\u00e9es par Rachida, avec beaucoup de passion et de patience. \u2728\ud83e\udd17 Cette maman d'un enfant parrain\u00e9e r\u00e9alise \u00e9galement des pochettes, \u00e0 retrouver ici. \u25b6 Dimension : 40 cm x 40 cm. Le produit est vendu sans le coussin. \ud83d\udc8c\u00a0 Ces prix\u2026","rel":"","context":"Article similaire","block_context":{"text":"Article similaire","link":""},"img":{"alt_text":"","src":"https:\/\/i0.wp.com\/enfantsdudesert.org\/boutique\/wp-content\/uploads\/2023\/05\/Broderie-Rachida-coussin-croix.webp?fit=1080%2C1080&ssl=1&resize=350%2C200","width":350,"height":200,"srcset":"https:\/\/i0.wp.com\/enfantsdudesert.org\/boutique\/wp-content\/uploads\/2023\/05\/Broderie-Rachida-coussin-croix.webp?fit=1080%2C1080&ssl=1&resize=350%2C200 1x, https:\/\/i0.wp.com\/enfantsdudesert.org\/boutique\/wp-content\/uploads\/2023\/05\/Broderie-Rachida-coussin-croix.webp?fit=1080%2C1080&ssl=1&resize=525%2C300 1.5x, https:\/\/i0.wp.com\/enfantsdudesert.org\/boutique\/wp-content\/uploads\/2023\/05\/Broderie-Rachida-coussin-croix.webp?fit=1080%2C1080&ssl=1&resize=700%2C400 2x, https:\/\/i0.wp.com\/enfantsdudesert.org\/boutique\/wp-content\/uploads\/2023\/05\/Broderie-Rachida-coussin-croix.webp?fit=1080%2C1080&ssl=1&resize=1050%2C600 3x"},"classes":[]},{"id":2230,"url":"https:\/\/enfantsdudesert.org\/boutique\/produit\/panier-3-par-rkia\/","url_meta":{"origin":1148,"position":5},"title":"Panier 3 par Rkia","author":"Monica","date":"14\/05\/2025","format":false,"excerpt":"Dans l\u2019ombre rassurante des palmiers de son village, Rkia tresse patiemment chaque panier avec les feuilles s\u00e9ch\u00e9es de la palmeraie, qu\u2019elle vient ensuite rehausser de fils de laine color\u00e9s. Un geste r\u00e9p\u00e9t\u00e9, minutieux, long\u2026 mais toujours plein de sens. Ce panier, c\u2019est bien plus qu\u2019un objet du quotidien : c\u2019est\u2026","rel":"","context":"Article similaire","block_context":{"text":"Article similaire","link":""},"img":{"alt_text":"","src":"https:\/\/i0.wp.com\/enfantsdudesert.org\/boutique\/wp-content\/uploads\/2025\/05\/WhatsApp-Image-2025-05-14-a-17.43.48_aa3dc18f-1-scaled.jpg?fit=900%2C1200&ssl=1&resize=350%2C200","width":350,"height":200,"srcset":"https:\/\/i0.wp.com\/enfantsdudesert.org\/boutique\/wp-content\/uploads\/2025\/05\/WhatsApp-Image-2025-05-14-a-17.43.48_aa3dc18f-1-scaled.jpg?fit=900%2C1200&ssl=1&resize=350%2C200 1x, https:\/\/i0.wp.com\/enfantsdudesert.org\/boutique\/wp-content\/uploads\/2025\/05\/WhatsApp-Image-2025-05-14-a-17.43.48_aa3dc18f-1-scaled.jpg?fit=900%2C1200&ssl=1&resize=525%2C300 1.5x, https:\/\/i0.wp.com\/enfantsdudesert.org\/boutique\/wp-content\/uploads\/2025\/05\/WhatsApp-Image-2025-05-14-a-17.43.48_aa3dc18f-1-scaled.jpg?fit=900%2C1200&ssl=1&resize=700%2C400 2x"},"classes":[]}],"jetpack_sharing_enabled":true,"_links":{"self":[{"href":"https:\/\/enfantsdudesert.org\/boutique\/wp-json\/wp\/v2\/product\/1148","targetHints":{"allow":["GET"]}}],"collection":[{"href":"https:\/\/enfantsdudesert.org\/boutique\/wp-json\/wp\/v2\/product"}],"about":[{"href":"https:\/\/enfantsdudesert.org\/boutique\/wp-json\/wp\/v2\/types\/product"}],"wp:featuredmedia":[{"embeddable":true,"href":"https:\/\/enfantsdudesert.org\/boutique\/wp-json\/wp\/v2\/media\/1150"}],"wp:attachment":[{"href":"https:\/\/enfantsdudesert.org\/boutique\/wp-json\/wp\/v2\/media?parent=1148"}],"wp:term":[{"taxonomy":"product_brand","embeddable":true,"href":"https:\/\/enfantsdudesert.org\/boutique\/wp-json\/wp\/v2\/product_brand?post=1148"},{"taxonomy":"product_cat","embeddable":true,"href":"https:\/\/enfantsdudesert.org\/boutique\/wp-json\/wp\/v2\/product_cat?post=1148"},{"taxonomy":"product_tag","embeddable":true,"href":"https:\/\/enfantsdudesert.org\/boutique\/wp-json\/wp\/v2\/product_tag?post=1148"}],"curies":[{"name":"wp","href":"https:\/\/api.w.org\/{rel}","templated":true}]}}