{"id":1154,"date":"2022-12-07T21:20:08","date_gmt":"2022-12-07T20:20:08","guid":{"rendered":"https:\/\/enfantsdudesert.org\/boutique\/?post_type=product&#038;p=1154"},"modified":"2025-11-02T09:43:33","modified_gmt":"2025-11-02T08:43:33","slug":"baume-a-levres-by-ready-skin-natural","status":"publish","type":"product","link":"https:\/\/enfantsdudesert.org\/boutique\/produit\/baume-a-levres-by-ready-skin-natural\/","title":{"rendered":"Baume \u00e0 l\u00e8vres par Ready Skin Naturals"},"content":{"rendered":"","protected":false},"excerpt":{"rendered":"<div dir=\"auto\">\n<p class=\"p1\">Passionn\u00e9e par\u00a0la cosm\u00e9tologie naturelle, apr\u00e8s plusieurs ann\u00e9es de formation et de cr\u00e9ation, <em>Myriam<\/em> a lanc\u00e9 sa ligne de produits cosm\u00e9tiques, \u00e9tique et \u00e9cologique @<a href=\"https:\/\/www.instagram.com\/readynaturalskincare\/\">readynaturalskincare<\/a>. \ud83c\udf38 Cette entrepreneuse marocaine a con\u00e7u ce <strong>baume \u00e0 l\u00e8vre \u00e0 l&#8217;huile d&#8217;argan bio<\/strong> pour soutenir nos actions pour les enfants et les femmes du d\u00e9sert. Un petit pot, au grand c\u0153ur \ud83d\udc95<i><strong><br \/>\n<\/strong><br \/>\n<\/i><strong>\u25b6 <\/strong>\u00a0Pour pr\u00e9venir et soigner les l\u00e8vres s\u00e8ches, d\u00e9shydrat\u00e9es et gerc\u00e9es, <b>le soin pour les l\u00e8vres de la marque Ready Skin Naturals :<br \/>\n<\/b>&#8211; Nourrit et prot\u00e8ge contre la d\u00e9shydratation.<br \/>\n&#8211; Hydrate et r\u00e9pare les l\u00e8vres s\u00e8ches et ab\u00eem\u00e9es.<br \/>\nQuantit\u00e9 de produit durable pour 2 mois d\u2019utilisation quotidienne.<strong><i><br \/>\n<\/i><\/strong>\ud83d\udc8c\u00a0\u00a0Ces prix comprennent les frais de port (<em>France m\u00e9tropolitaine<\/em>).<br \/>\n\ud83e\udde1 100 % des ventes en soutien de nos actions.<i><\/i><\/p>\n<p>&nbsp;<\/p>\n<\/div>\n","protected":false},"featured_media":1555,"template":"","meta":{"ocean_post_layout":"","ocean_both_sidebars_style":"","ocean_both_sidebars_content_width":0,"ocean_both_sidebars_sidebars_width":0,"ocean_sidebar":"0","ocean_second_sidebar":"0","ocean_disable_margins":"enable","ocean_add_body_class":"","ocean_shortcode_before_top_bar":"","ocean_shortcode_after_top_bar":"","ocean_shortcode_before_header":"","ocean_shortcode_after_header":"","ocean_has_shortcode":"","ocean_shortcode_after_title":"","ocean_shortcode_before_footer_widgets":"","ocean_shortcode_after_footer_widgets":"","ocean_shortcode_before_footer_bottom":"","ocean_shortcode_after_footer_bottom":"","ocean_display_top_bar":"default","ocean_display_header":"default","ocean_header_style":"","ocean_center_header_left_menu":"0","ocean_custom_header_template":"0","ocean_custom_logo":0,"ocean_custom_retina_logo":0,"ocean_custom_logo_max_width":0,"ocean_custom_logo_tablet_max_width":0,"ocean_custom_logo_mobile_max_width":0,"ocean_custom_logo_max_height":0,"ocean_custom_logo_tablet_max_height":0,"ocean_custom_logo_mobile_max_height":0,"ocean_header_custom_menu":"0","ocean_menu_typo_font_family":"0","ocean_menu_typo_font_subset":"","ocean_menu_typo_font_size":0,"ocean_menu_typo_font_size_tablet":0,"ocean_menu_typo_font_size_mobile":0,"ocean_menu_typo_font_size_unit":"px","ocean_menu_typo_font_weight":"","ocean_menu_typo_font_weight_tablet":"","ocean_menu_typo_font_weight_mobile":"","ocean_menu_typo_transform":"","ocean_menu_typo_transform_tablet":"","ocean_menu_typo_transform_mobile":"","ocean_menu_typo_line_height":0,"ocean_menu_typo_line_height_tablet":0,"ocean_menu_typo_line_height_mobile":0,"ocean_menu_typo_line_height_unit":"","ocean_menu_typo_spacing":0,"ocean_menu_typo_spacing_tablet":0,"ocean_menu_typo_spacing_mobile":0,"ocean_menu_typo_spacing_unit":"","ocean_menu_link_color":"","ocean_menu_link_color_hover":"","ocean_menu_link_color_active":"","ocean_menu_link_background":"","ocean_menu_link_hover_background":"","ocean_menu_link_active_background":"","ocean_menu_social_links_bg":"","ocean_menu_social_hover_links_bg":"","ocean_menu_social_links_color":"","ocean_menu_social_hover_links_color":"","ocean_disable_title":"on","ocean_disable_heading":"default","ocean_post_title":"","ocean_post_subheading":"","ocean_post_title_style":"","ocean_post_title_background_color":"","ocean_post_title_background":0,"ocean_post_title_bg_image_position":"","ocean_post_title_bg_image_attachment":"","ocean_post_title_bg_image_repeat":"","ocean_post_title_bg_image_size":"","ocean_post_title_height":0,"ocean_post_title_bg_overlay":0.5,"ocean_post_title_bg_overlay_color":"","ocean_disable_breadcrumbs":"default","ocean_breadcrumbs_color":"","ocean_breadcrumbs_separator_color":"","ocean_breadcrumbs_links_color":"","ocean_breadcrumbs_links_hover_color":"","ocean_display_footer_widgets":"default","ocean_display_footer_bottom":"default","ocean_custom_footer_template":"0"},"product_brand":[],"product_cat":[61],"product_tag":[63],"class_list":{"0":"post-1154","1":"product","2":"type-product","3":"status-publish","4":"has-post-thumbnail","6":"product_cat-nos-partenaires-marocaines","7":"product_tag-baume-a-levres","9":"entry","10":"has-media","12":"first","13":"instock","14":"shipping-taxable","15":"purchasable","16":"product-type-simple","17":"has-product-nav","18":"col","19":"span_1_of_3","20":"owp-content-center","21":"owp-thumbs-layout-horizontal","22":"owp-btn-normal","23":"owp-tabs-layout-horizontal","25":"circle-sale"},"jetpack-related-posts":[{"id":1394,"url":"https:\/\/enfantsdudesert.org\/boutique\/produit\/trio-de-magnets-a-colorier\/","url_meta":{"origin":1154,"position":0},"title":"Trio de magnets \u00e0 colorier","author":"Monica","date":"29\/05\/2023","format":false,"excerpt":"Ces magnets ont \u00e9t\u00e9 r\u00e9alis\u00e9s \u00e0 partir des illustrations de notre carnet de coloriages. \ud83c\udf1e Cela peut compl\u00e9ter \u00e0 merveille l'achat de ce carnet o\u00f9 vous retrouverez une double page d\u00e9di\u00e9e \u00e0 chacun des mod\u00e8les de magnet accompagn\u00e9 d'anecdotes et de d\u00e9couvertes. Carnet \u00e0 retrouver par ici. \u25b6 Lot de\u2026","rel":"","context":"Article similaire","block_context":{"text":"Article similaire","link":""},"img":{"alt_text":"","src":"https:\/\/i0.wp.com\/enfantsdudesert.org\/boutique\/wp-content\/uploads\/2023\/05\/DSC_0410.webp?fit=720%2C1080&ssl=1&resize=350%2C200","width":350,"height":200,"srcset":"https:\/\/i0.wp.com\/enfantsdudesert.org\/boutique\/wp-content\/uploads\/2023\/05\/DSC_0410.webp?fit=720%2C1080&ssl=1&resize=350%2C200 1x, https:\/\/i0.wp.com\/enfantsdudesert.org\/boutique\/wp-content\/uploads\/2023\/05\/DSC_0410.webp?fit=720%2C1080&ssl=1&resize=525%2C300 1.5x, https:\/\/i0.wp.com\/enfantsdudesert.org\/boutique\/wp-content\/uploads\/2023\/05\/DSC_0410.webp?fit=720%2C1080&ssl=1&resize=700%2C400 2x"},"classes":[]},{"id":1148,"url":"https:\/\/enfantsdudesert.org\/boutique\/produit\/bague-enfant-du-desert-rhita-creations\/","url_meta":{"origin":1154,"position":1},"title":"Bague Enfant du d\u00e9sert &#8211; Rhita cr\u00e9ations","author":"Monica","date":"07\/12\/2022","format":false,"excerpt":"N\u00e9e au\u00a0Maroc\u00a0et dipl\u00f4m\u00e9e d\u2019architecture\u00a0\u00e0 Paris,\u00a0Rhita\u00a0s\u2019inspire de sa formation et de son pays natal dans toutes\u00a0ses cr\u00e9ations. Elle int\u00e8gre des \u00e9l\u00e9ments allant des\u00a0lignes architecturales \u00e9pur\u00e9es\u00a0aux\u00a0formes g\u00e9om\u00e9triques touaregs, et les m\u00e9lange harmonieusement avec des\u00a0pierres pr\u00e9cieuses\u00a0dans des conceptions\u00a0minimalistes et contemporaines. \ud83d\udc9f Cette bague a \u00e9t\u00e9 con\u00e7ue dans ses ateliers \u00e0 Rabat au Maroc,\u2026","rel":"","context":"Article similaire","block_context":{"text":"Article similaire","link":""},"img":{"alt_text":"","src":"https:\/\/i0.wp.com\/enfantsdudesert.org\/boutique\/wp-content\/uploads\/2022\/12\/946465_80fca4bb23f14b36ba59bb16957ca24e_mv2.webp?fit=1000%2C666&ssl=1&resize=350%2C200","width":350,"height":200,"srcset":"https:\/\/i0.wp.com\/enfantsdudesert.org\/boutique\/wp-content\/uploads\/2022\/12\/946465_80fca4bb23f14b36ba59bb16957ca24e_mv2.webp?fit=1000%2C666&ssl=1&resize=350%2C200 1x, https:\/\/i0.wp.com\/enfantsdudesert.org\/boutique\/wp-content\/uploads\/2022\/12\/946465_80fca4bb23f14b36ba59bb16957ca24e_mv2.webp?fit=1000%2C666&ssl=1&resize=525%2C300 1.5x, https:\/\/i0.wp.com\/enfantsdudesert.org\/boutique\/wp-content\/uploads\/2022\/12\/946465_80fca4bb23f14b36ba59bb16957ca24e_mv2.webp?fit=1000%2C666&ssl=1&resize=700%2C400 2x"},"classes":[]},{"id":2022,"url":"https:\/\/enfantsdudesert.org\/boutique\/produit\/2022\/","url_meta":{"origin":1154,"position":2},"title":"Pochette &#8220;Vibes&#8221; par Rkia \ud83c\udf19","author":"Monica","date":"29\/11\/2024","format":false,"excerpt":"Cette magnifique pochette en jute, fabriqu\u00e9e au Maroc, a \u00e9t\u00e9 brod\u00e9e \u00e0 la main par Rkia, artisane au savoir-faire exceptionnel depuis un petit village du d\u00e9sert. Les motifs en zigzag noirs sont r\u00e9alis\u00e9s avec une v\u00e9ritable pr\u00e9cision\u00a0 \u2728 Pi\u00e8ce chic qui m\u00eale mati\u00e8re naturelle et motif moderne. Disponible avec ou\u2026","rel":"","context":"Article similaire","block_context":{"text":"Article similaire","link":""},"img":{"alt_text":"","src":"https:\/\/i0.wp.com\/enfantsdudesert.org\/boutique\/wp-content\/uploads\/2024\/11\/Rkia-pochettes-3-scaled.jpg?fit=900%2C1200&ssl=1&resize=350%2C200","width":350,"height":200,"srcset":"https:\/\/i0.wp.com\/enfantsdudesert.org\/boutique\/wp-content\/uploads\/2024\/11\/Rkia-pochettes-3-scaled.jpg?fit=900%2C1200&ssl=1&resize=350%2C200 1x, https:\/\/i0.wp.com\/enfantsdudesert.org\/boutique\/wp-content\/uploads\/2024\/11\/Rkia-pochettes-3-scaled.jpg?fit=900%2C1200&ssl=1&resize=525%2C300 1.5x, https:\/\/i0.wp.com\/enfantsdudesert.org\/boutique\/wp-content\/uploads\/2024\/11\/Rkia-pochettes-3-scaled.jpg?fit=900%2C1200&ssl=1&resize=700%2C400 2x"},"classes":[]},{"id":2359,"url":"https:\/\/enfantsdudesert.org\/boutique\/produit\/tapis-mia-par-rkia-%f0%9f%a4%8d\/","url_meta":{"origin":1154,"position":3},"title":"Tapis Mia par Rkia \ud83e\udd0d","author":"Monica","date":"19\/10\/2025","format":false,"excerpt":"Le tapis Mia a \u00e9t\u00e9 tiss\u00e9 par Rkia, depuis son petit village du d\u00e9sert, \u00e0 Haroun. Le motif, imagin\u00e9 par l\u2019une de ses filles, donne naissance \u00e0 une pi\u00e8ce unique, empreinte de douceur et d\u2019histoire, qui trouvera naturellement sa place dans votre cocon. Ce tapis est pr\u00e9sent\u00e9 par Ma\u00eflys, fid\u00e8le\u2026","rel":"","context":"Article similaire","block_context":{"text":"Article similaire","link":""},"img":{"alt_text":"","src":"https:\/\/i0.wp.com\/enfantsdudesert.org\/boutique\/wp-content\/uploads\/2025\/10\/IMG-20251019-WA0099-scaled.jpg?fit=900%2C1200&ssl=1&resize=350%2C200","width":350,"height":200,"srcset":"https:\/\/i0.wp.com\/enfantsdudesert.org\/boutique\/wp-content\/uploads\/2025\/10\/IMG-20251019-WA0099-scaled.jpg?fit=900%2C1200&ssl=1&resize=350%2C200 1x, https:\/\/i0.wp.com\/enfantsdudesert.org\/boutique\/wp-content\/uploads\/2025\/10\/IMG-20251019-WA0099-scaled.jpg?fit=900%2C1200&ssl=1&resize=525%2C300 1.5x, https:\/\/i0.wp.com\/enfantsdudesert.org\/boutique\/wp-content\/uploads\/2025\/10\/IMG-20251019-WA0099-scaled.jpg?fit=900%2C1200&ssl=1&resize=700%2C400 2x"},"classes":[]},{"id":2246,"url":"https:\/\/enfantsdudesert.org\/boutique\/produit\/7-colliers-collection-anzar-%e2%98%80%ef%b8%8f-par-nora\/","url_meta":{"origin":1154,"position":4},"title":"7 colliers, collection Anzar \u2600\ufe0f par Nora","author":"Monica","date":"15\/07\/2025","format":false,"excerpt":"Anzar est une repr\u00e9sentation de la pluie chez les amazigh. Une collection comme une promesse de vie : color\u00e9e, pleine de mouvement et de relief. Chaque collier a \u00e9t\u00e9 mont\u00e9 \u00e0 la main par Nora, \u00e0 partir de perles anciennes et neuves, chin\u00e9es dans les souks du d\u00e9sert. Des pi\u00e8ces\u2026","rel":"","context":"Article similaire","block_context":{"text":"Article similaire","link":""},"img":{"alt_text":"","src":"https:\/\/i0.wp.com\/enfantsdudesert.org\/boutique\/wp-content\/uploads\/2025\/07\/collier-nora-5.jpg?fit=900%2C1200&ssl=1&resize=350%2C200","width":350,"height":200,"srcset":"https:\/\/i0.wp.com\/enfantsdudesert.org\/boutique\/wp-content\/uploads\/2025\/07\/collier-nora-5.jpg?fit=900%2C1200&ssl=1&resize=350%2C200 1x, https:\/\/i0.wp.com\/enfantsdudesert.org\/boutique\/wp-content\/uploads\/2025\/07\/collier-nora-5.jpg?fit=900%2C1200&ssl=1&resize=525%2C300 1.5x, https:\/\/i0.wp.com\/enfantsdudesert.org\/boutique\/wp-content\/uploads\/2025\/07\/collier-nora-5.jpg?fit=900%2C1200&ssl=1&resize=700%2C400 2x"},"classes":[]},{"id":1156,"url":"https:\/\/enfantsdudesert.org\/boutique\/produit\/bracelet-edd-by-zeste-dorient\/","url_meta":{"origin":1154,"position":5},"title":"Bracelet EDD x Zeste d&#8217;Orient","author":"Monica","date":"07\/12\/2022","format":false,"excerpt":"Dans son\u00a0concept store,\u00a0Agn\u00e8s\u00a0d\u00e9niche des produits et des cr\u00e9ations d\u2019horizons et de styles diff\u00e9rents qu\u2019elle fait cohabiter avec beaucoup de\u00a0finesse et de go\u00fbt. \ud83d\ude43 Ce bracelet a \u00e9t\u00e9 con\u00e7u par Agn\u00e8s.\u00a0Symbolique, sa cr\u00e9ation reprend une partie de notre logo associ\u00e9e \u00e0 une des\u00a07 couleurs propos\u00e9es ci-dessous. \u25b6 Bracelet r\u00e9glable. Prix de\u2026","rel":"","context":"Article similaire","block_context":{"text":"Article similaire","link":""},"img":{"alt_text":"","src":"https:\/\/i0.wp.com\/enfantsdudesert.org\/boutique\/wp-content\/uploads\/2022\/12\/Bracelet-EDD-Zest-dorient-2-scaled.jpeg?fit=900%2C1200&ssl=1&resize=350%2C200","width":350,"height":200,"srcset":"https:\/\/i0.wp.com\/enfantsdudesert.org\/boutique\/wp-content\/uploads\/2022\/12\/Bracelet-EDD-Zest-dorient-2-scaled.jpeg?fit=900%2C1200&ssl=1&resize=350%2C200 1x, https:\/\/i0.wp.com\/enfantsdudesert.org\/boutique\/wp-content\/uploads\/2022\/12\/Bracelet-EDD-Zest-dorient-2-scaled.jpeg?fit=900%2C1200&ssl=1&resize=525%2C300 1.5x, https:\/\/i0.wp.com\/enfantsdudesert.org\/boutique\/wp-content\/uploads\/2022\/12\/Bracelet-EDD-Zest-dorient-2-scaled.jpeg?fit=900%2C1200&ssl=1&resize=700%2C400 2x"},"classes":[]}],"jetpack_sharing_enabled":true,"_links":{"self":[{"href":"https:\/\/enfantsdudesert.org\/boutique\/wp-json\/wp\/v2\/product\/1154","targetHints":{"allow":["GET"]}}],"collection":[{"href":"https:\/\/enfantsdudesert.org\/boutique\/wp-json\/wp\/v2\/product"}],"about":[{"href":"https:\/\/enfantsdudesert.org\/boutique\/wp-json\/wp\/v2\/types\/product"}],"wp:featuredmedia":[{"embeddable":true,"href":"https:\/\/enfantsdudesert.org\/boutique\/wp-json\/wp\/v2\/media\/1555"}],"wp:attachment":[{"href":"https:\/\/enfantsdudesert.org\/boutique\/wp-json\/wp\/v2\/media?parent=1154"}],"wp:term":[{"taxonomy":"product_brand","embeddable":true,"href":"https:\/\/enfantsdudesert.org\/boutique\/wp-json\/wp\/v2\/product_brand?post=1154"},{"taxonomy":"product_cat","embeddable":true,"href":"https:\/\/enfantsdudesert.org\/boutique\/wp-json\/wp\/v2\/product_cat?post=1154"},{"taxonomy":"product_tag","embeddable":true,"href":"https:\/\/enfantsdudesert.org\/boutique\/wp-json\/wp\/v2\/product_tag?post=1154"}],"curies":[{"name":"wp","href":"https:\/\/api.w.org\/{rel}","templated":true}]}}