{"id":1316,"date":"2023-05-19T10:22:53","date_gmt":"2023-05-19T08:22:53","guid":{"rendered":"https:\/\/enfantsdudesert.org\/boutique\/?post_type=product&#038;p=1316"},"modified":"2025-10-19T19:35:06","modified_gmt":"2025-10-19T17:35:06","slug":"coussin-brode-par-rachida","status":"publish","type":"product","link":"https:\/\/enfantsdudesert.org\/boutique\/produit\/coussin-brode-par-rachida\/","title":{"rendered":"Housse de coussin brod\u00e9e &#8211; Rachida"},"content":{"rendered":"","protected":false},"excerpt":{"rendered":"<p>Ces <strong>housses de coussin<\/strong> sont cousues au Maroc puis brod\u00e9es par Rachida, avec beaucoup de passion et de patience. \u2728\ud83e\udd17 Cette maman d&#8217;un enfant parrain\u00e9e r\u00e9alise \u00e9galement des pochettes, \u00e0 retrouver <a href=\"https:\/\/enfantsdudesert.org\/boutique\/produit\/pochettes-brodees-par-rachida\/\" target=\"_blank\" rel=\"noopener\">ici<\/a>.<\/p>\n<div><strong>\u25b6 <\/strong>Dimension : 40 cm x 40 cm. Le produit est vendu sans le coussin.<br \/>\n\ud83d\udc8c\u00a0 Ces prix comprennent les frais de port (<em>France m\u00e9tropolitaine<\/em>).<br \/>\n\ud83e\udde1 100 % des ventes remises \u00e0 Rachida.<\/div>\n","protected":false},"featured_media":1396,"template":"","meta":{"ocean_post_layout":"","ocean_both_sidebars_style":"","ocean_both_sidebars_content_width":0,"ocean_both_sidebars_sidebars_width":0,"ocean_sidebar":"0","ocean_second_sidebar":"0","ocean_disable_margins":"enable","ocean_add_body_class":"","ocean_shortcode_before_top_bar":"","ocean_shortcode_after_top_bar":"","ocean_shortcode_before_header":"","ocean_shortcode_after_header":"","ocean_has_shortcode":"","ocean_shortcode_after_title":"","ocean_shortcode_before_footer_widgets":"","ocean_shortcode_after_footer_widgets":"","ocean_shortcode_before_footer_bottom":"","ocean_shortcode_after_footer_bottom":"","ocean_display_top_bar":"default","ocean_display_header":"default","ocean_header_style":"","ocean_center_header_left_menu":"0","ocean_custom_header_template":"0","ocean_custom_logo":0,"ocean_custom_retina_logo":0,"ocean_custom_logo_max_width":0,"ocean_custom_logo_tablet_max_width":0,"ocean_custom_logo_mobile_max_width":0,"ocean_custom_logo_max_height":0,"ocean_custom_logo_tablet_max_height":0,"ocean_custom_logo_mobile_max_height":0,"ocean_header_custom_menu":"0","ocean_menu_typo_font_family":"0","ocean_menu_typo_font_subset":"","ocean_menu_typo_font_size":0,"ocean_menu_typo_font_size_tablet":0,"ocean_menu_typo_font_size_mobile":0,"ocean_menu_typo_font_size_unit":"px","ocean_menu_typo_font_weight":"","ocean_menu_typo_font_weight_tablet":"","ocean_menu_typo_font_weight_mobile":"","ocean_menu_typo_transform":"","ocean_menu_typo_transform_tablet":"","ocean_menu_typo_transform_mobile":"","ocean_menu_typo_line_height":0,"ocean_menu_typo_line_height_tablet":0,"ocean_menu_typo_line_height_mobile":0,"ocean_menu_typo_line_height_unit":"","ocean_menu_typo_spacing":0,"ocean_menu_typo_spacing_tablet":0,"ocean_menu_typo_spacing_mobile":0,"ocean_menu_typo_spacing_unit":"","ocean_menu_link_color":"","ocean_menu_link_color_hover":"","ocean_menu_link_color_active":"","ocean_menu_link_background":"","ocean_menu_link_hover_background":"","ocean_menu_link_active_background":"","ocean_menu_social_links_bg":"","ocean_menu_social_hover_links_bg":"","ocean_menu_social_links_color":"","ocean_menu_social_hover_links_color":"","ocean_disable_title":"on","ocean_disable_heading":"default","ocean_post_title":"","ocean_post_subheading":"","ocean_post_title_style":"","ocean_post_title_background_color":"","ocean_post_title_background":0,"ocean_post_title_bg_image_position":"","ocean_post_title_bg_image_attachment":"","ocean_post_title_bg_image_repeat":"","ocean_post_title_bg_image_size":"","ocean_post_title_height":0,"ocean_post_title_bg_overlay":0.5,"ocean_post_title_bg_overlay_color":"","ocean_disable_breadcrumbs":"default","ocean_breadcrumbs_color":"","ocean_breadcrumbs_separator_color":"","ocean_breadcrumbs_links_color":"","ocean_breadcrumbs_links_hover_color":"","ocean_display_footer_widgets":"default","ocean_display_footer_bottom":"default","ocean_custom_footer_template":"0"},"product_brand":[],"product_cat":[64,90,96],"product_tag":[],"class_list":{"0":"post-1316","1":"product","2":"type-product","3":"status-publish","4":"has-post-thumbnail","6":"product_cat-femmes-du-desert","7":"product_cat-rachida","8":"product_cat-housses-de-coussins","10":"entry","11":"has-media","13":"first","14":"outofstock","15":"purchasable","16":"product-type-variable","17":"has-product-nav","18":"col","19":"span_1_of_3","20":"owp-content-center","21":"owp-thumbs-layout-horizontal","22":"owp-btn-normal","23":"owp-tabs-layout-horizontal","25":"circle-sale"},"jetpack-related-posts":[{"id":1719,"url":"https:\/\/enfantsdudesert.org\/boutique\/produit\/pochette-brodee-rachida\/","url_meta":{"origin":1316,"position":0},"title":"Pochette brod\u00e9e Rachida","author":"J\u00e9romine Lan\u00e7on","date":"05\/04\/2024","format":false,"excerpt":"Ces pochettes ont \u00e9t\u00e9 brod\u00e9es par Rachida, maman d\u2019un enfant parrain\u00e9. Chaque pi\u00e8ce est unique et r\u00e9alis\u00e9e avec beaucoup de passion et de patience par Rachida. \u2728\ud83e\udd17 \u25b6\ufe0f 3 tailles disponibles Dimension et prix : S: Dimensions: 13cm x12,5cm x 6cm \u2013 12 \u20ac M: Dimensions: 19 x 18 x\u2026","rel":"","context":"Article similaire","block_context":{"text":"Article similaire","link":""},"img":{"alt_text":"","src":"https:\/\/i0.wp.com\/enfantsdudesert.org\/boutique\/wp-content\/uploads\/2024\/04\/8246d7bf-c01e-4e1e-af07-54b391361c87.jpeg?fit=800%2C600&ssl=1&resize=350%2C200","width":350,"height":200,"srcset":"https:\/\/i0.wp.com\/enfantsdudesert.org\/boutique\/wp-content\/uploads\/2024\/04\/8246d7bf-c01e-4e1e-af07-54b391361c87.jpeg?fit=800%2C600&ssl=1&resize=350%2C200 1x, https:\/\/i0.wp.com\/enfantsdudesert.org\/boutique\/wp-content\/uploads\/2024\/04\/8246d7bf-c01e-4e1e-af07-54b391361c87.jpeg?fit=800%2C600&ssl=1&resize=525%2C300 1.5x, https:\/\/i0.wp.com\/enfantsdudesert.org\/boutique\/wp-content\/uploads\/2024\/04\/8246d7bf-c01e-4e1e-af07-54b391361c87.jpeg?fit=800%2C600&ssl=1&resize=700%2C400 2x"},"classes":[]},{"id":1466,"url":"https:\/\/enfantsdudesert.org\/boutique\/produit\/pochettes-brodees-par-rachida\/","url_meta":{"origin":1316,"position":1},"title":"Pochettes brod\u00e9es par Rachida","author":"Monica","date":"06\/06\/2023","format":false,"excerpt":"Ces pochettes ont \u00e9t\u00e9 brod\u00e9es par Rachida, maman d'un enfant parrain\u00e9. Chaque pi\u00e8ce est unique et r\u00e9alis\u00e9e avec beaucoup de passion et de patience par Rachida. \u2728\ud83e\udd17 \u25b6 Choisissez une couleur pour d\u00e9couvrir les tailles disponibles.\u00a0 Dimension et prix : S: Dimensions: 13cm x12,5cm x 6cm - 12 \u20ac M:\u2026","rel":"","context":"Article similaire","block_context":{"text":"Article similaire","link":""},"img":{"alt_text":"","src":"https:\/\/i0.wp.com\/enfantsdudesert.org\/boutique\/wp-content\/uploads\/2023\/06\/WhatsApp-Image-2023-05-31-at-17.22.55.webp?fit=600%2C600&ssl=1&resize=350%2C200","width":350,"height":200,"srcset":"https:\/\/i0.wp.com\/enfantsdudesert.org\/boutique\/wp-content\/uploads\/2023\/06\/WhatsApp-Image-2023-05-31-at-17.22.55.webp?fit=600%2C600&ssl=1&resize=350%2C200 1x, https:\/\/i0.wp.com\/enfantsdudesert.org\/boutique\/wp-content\/uploads\/2023\/06\/WhatsApp-Image-2023-05-31-at-17.22.55.webp?fit=600%2C600&ssl=1&resize=525%2C300 1.5x"},"classes":[]},{"id":1926,"url":"https:\/\/enfantsdudesert.org\/boutique\/produit\/veste-achnou-par-rachida-%f0%9f%a4%8d\/","url_meta":{"origin":1316,"position":2},"title":"Veste Achnou par Rachida \ud83e\udd0d","author":"Monica","date":"27\/11\/2024","format":false,"excerpt":"Veste blanche brod\u00e9e en fil Rachida \ud83e\udde1 D\u00e9couvrez cette magnifique veste blanche au style loose, mise en valeur par les broderies en fil r\u00e9alis\u00e9es \u00e0 la main par Rachida. Ses motifs orientaux, pr\u00e9sents recto-verso, apportent une touche raffin\u00e9e et authentique, inspir\u00e9e des traditions artisanales. Chaque d\u00e9tail, minutieusement brod\u00e9, refl\u00e8te l\u2019h\u00e9ritage\u2026","rel":"","context":"Article similaire","block_context":{"text":"Article similaire","link":""},"img":{"alt_text":"","src":"https:\/\/i0.wp.com\/enfantsdudesert.org\/boutique\/wp-content\/uploads\/2024\/11\/Achnou-2-scaled.jpg?fit=900%2C1200&ssl=1&resize=350%2C200","width":350,"height":200,"srcset":"https:\/\/i0.wp.com\/enfantsdudesert.org\/boutique\/wp-content\/uploads\/2024\/11\/Achnou-2-scaled.jpg?fit=900%2C1200&ssl=1&resize=350%2C200 1x, https:\/\/i0.wp.com\/enfantsdudesert.org\/boutique\/wp-content\/uploads\/2024\/11\/Achnou-2-scaled.jpg?fit=900%2C1200&ssl=1&resize=525%2C300 1.5x, https:\/\/i0.wp.com\/enfantsdudesert.org\/boutique\/wp-content\/uploads\/2024\/11\/Achnou-2-scaled.jpg?fit=900%2C1200&ssl=1&resize=700%2C400 2x"},"classes":[]},{"id":1772,"url":"https:\/\/enfantsdudesert.org\/boutique\/produit\/housse-de-coussin-%f0%9f%8c%b4\/","url_meta":{"origin":1316,"position":3},"title":"Housse de coussin \ud83c\udf34","author":"J\u00e9romine Lan\u00e7on","date":"16\/05\/2024","format":false,"excerpt":"Magnifique pi\u00e8ce r\u00e9alis\u00e9e avec talent par Amal qui brode des perles scintillantes \u2728 Motif palmier en hommage \u00e0 sa r\u00e9gion \ud83c\udf34\ud83e\udde1 \u27a1\ufe0f Les infos : housse de coussin noire de dimensions : 30 x 50 cm. Vendue sans coussin. \ud83d\udc8c Prix comprenant les frais de port pour la France \ud83e\udde1\u2026","rel":"","context":"Article similaire","block_context":{"text":"Article similaire","link":""},"img":{"alt_text":"","src":"https:\/\/i0.wp.com\/enfantsdudesert.org\/boutique\/wp-content\/uploads\/2024\/05\/a3228737-b1b5-48f4-8861-6460f6a09be7.jpeg?fit=1179%2C1200&ssl=1&resize=350%2C200","width":350,"height":200,"srcset":"https:\/\/i0.wp.com\/enfantsdudesert.org\/boutique\/wp-content\/uploads\/2024\/05\/a3228737-b1b5-48f4-8861-6460f6a09be7.jpeg?fit=1179%2C1200&ssl=1&resize=350%2C200 1x, https:\/\/i0.wp.com\/enfantsdudesert.org\/boutique\/wp-content\/uploads\/2024\/05\/a3228737-b1b5-48f4-8861-6460f6a09be7.jpeg?fit=1179%2C1200&ssl=1&resize=525%2C300 1.5x, https:\/\/i0.wp.com\/enfantsdudesert.org\/boutique\/wp-content\/uploads\/2024\/05\/a3228737-b1b5-48f4-8861-6460f6a09be7.jpeg?fit=1179%2C1200&ssl=1&resize=700%2C400 2x, https:\/\/i0.wp.com\/enfantsdudesert.org\/boutique\/wp-content\/uploads\/2024\/05\/a3228737-b1b5-48f4-8861-6460f6a09be7.jpeg?fit=1179%2C1200&ssl=1&resize=1050%2C600 3x"},"classes":[]},{"id":1774,"url":"https:\/\/enfantsdudesert.org\/boutique\/produit\/housse-de-coussin-nb-%f0%9f%8c%b4\/","url_meta":{"origin":1316,"position":4},"title":"Housse de coussin N&#038;B \ud83c\udf34","author":"J\u00e9romine Lan\u00e7on","date":"16\/05\/2024","format":false,"excerpt":"Magnifique pi\u00e8ce r\u00e9alis\u00e9e avec talent par Amal qui brode des perles scintillantes \u2728 Motif palmier en hommage \u00e0 sa r\u00e9gion \ud83c\udf34\ud83e\udde1 \u27a1\ufe0f Les infos : housse de coussin couleur blanche-beige de dimensions : 30 x 50 cm. Vendue sans coussin. \ud83d\udc8c Prix comprenant les frais de port pour la France\u2026","rel":"","context":"Article similaire","block_context":{"text":"Article similaire","link":""},"img":{"alt_text":"","src":"https:\/\/i0.wp.com\/enfantsdudesert.org\/boutique\/wp-content\/uploads\/2024\/05\/2d5c09c3-ef15-44fe-b8d4-b5a9e1691246.jpeg?fit=1178%2C1200&ssl=1&resize=350%2C200","width":350,"height":200,"srcset":"https:\/\/i0.wp.com\/enfantsdudesert.org\/boutique\/wp-content\/uploads\/2024\/05\/2d5c09c3-ef15-44fe-b8d4-b5a9e1691246.jpeg?fit=1178%2C1200&ssl=1&resize=350%2C200 1x, https:\/\/i0.wp.com\/enfantsdudesert.org\/boutique\/wp-content\/uploads\/2024\/05\/2d5c09c3-ef15-44fe-b8d4-b5a9e1691246.jpeg?fit=1178%2C1200&ssl=1&resize=525%2C300 1.5x, https:\/\/i0.wp.com\/enfantsdudesert.org\/boutique\/wp-content\/uploads\/2024\/05\/2d5c09c3-ef15-44fe-b8d4-b5a9e1691246.jpeg?fit=1178%2C1200&ssl=1&resize=700%2C400 2x, https:\/\/i0.wp.com\/enfantsdudesert.org\/boutique\/wp-content\/uploads\/2024\/05\/2d5c09c3-ef15-44fe-b8d4-b5a9e1691246.jpeg?fit=1178%2C1200&ssl=1&resize=1050%2C600 3x"},"classes":[]},{"id":1769,"url":"https:\/\/enfantsdudesert.org\/boutique\/produit\/housse-de-coussin-%f0%9f%a7%bf-par-amal\/","url_meta":{"origin":1316,"position":5},"title":"Housse de coussin \ud83e\uddff par Amal","author":"J\u00e9romine Lan\u00e7on","date":"16\/05\/2024","format":false,"excerpt":"Magnifique pi\u00e8ce r\u00e9alis\u00e9e avec talent par Amal qui brode des perles scintillantes \u2728 Motif \u0153il porte bonheur \ud83e\uddff \u27a1\ufe0f Les infos : housse de coussin de dimensions : 30 x 50 cm. Vendue sans coussin. \ud83d\udc8c Prix comprenant les frais de port pour la France \ud83e\udde1 100% des b\u00e9n\u00e9fices pour\u2026","rel":"","context":"Article similaire","block_context":{"text":"Article similaire","link":""},"img":{"alt_text":"","src":"https:\/\/i0.wp.com\/enfantsdudesert.org\/boutique\/wp-content\/uploads\/2024\/05\/4b813637-e1fa-4960-ad10-ae2a983e26f0.jpeg?fit=1200%2C1081&ssl=1&resize=350%2C200","width":350,"height":200,"srcset":"https:\/\/i0.wp.com\/enfantsdudesert.org\/boutique\/wp-content\/uploads\/2024\/05\/4b813637-e1fa-4960-ad10-ae2a983e26f0.jpeg?fit=1200%2C1081&ssl=1&resize=350%2C200 1x, https:\/\/i0.wp.com\/enfantsdudesert.org\/boutique\/wp-content\/uploads\/2024\/05\/4b813637-e1fa-4960-ad10-ae2a983e26f0.jpeg?fit=1200%2C1081&ssl=1&resize=525%2C300 1.5x, https:\/\/i0.wp.com\/enfantsdudesert.org\/boutique\/wp-content\/uploads\/2024\/05\/4b813637-e1fa-4960-ad10-ae2a983e26f0.jpeg?fit=1200%2C1081&ssl=1&resize=700%2C400 2x, https:\/\/i0.wp.com\/enfantsdudesert.org\/boutique\/wp-content\/uploads\/2024\/05\/4b813637-e1fa-4960-ad10-ae2a983e26f0.jpeg?fit=1200%2C1081&ssl=1&resize=1050%2C600 3x"},"classes":[]}],"jetpack_sharing_enabled":true,"_links":{"self":[{"href":"https:\/\/enfantsdudesert.org\/boutique\/wp-json\/wp\/v2\/product\/1316","targetHints":{"allow":["GET"]}}],"collection":[{"href":"https:\/\/enfantsdudesert.org\/boutique\/wp-json\/wp\/v2\/product"}],"about":[{"href":"https:\/\/enfantsdudesert.org\/boutique\/wp-json\/wp\/v2\/types\/product"}],"wp:featuredmedia":[{"embeddable":true,"href":"https:\/\/enfantsdudesert.org\/boutique\/wp-json\/wp\/v2\/media\/1396"}],"wp:attachment":[{"href":"https:\/\/enfantsdudesert.org\/boutique\/wp-json\/wp\/v2\/media?parent=1316"}],"wp:term":[{"taxonomy":"product_brand","embeddable":true,"href":"https:\/\/enfantsdudesert.org\/boutique\/wp-json\/wp\/v2\/product_brand?post=1316"},{"taxonomy":"product_cat","embeddable":true,"href":"https:\/\/enfantsdudesert.org\/boutique\/wp-json\/wp\/v2\/product_cat?post=1316"},{"taxonomy":"product_tag","embeddable":true,"href":"https:\/\/enfantsdudesert.org\/boutique\/wp-json\/wp\/v2\/product_tag?post=1316"}],"curies":[{"name":"wp","href":"https:\/\/api.w.org\/{rel}","templated":true}]}}