{"id":1495,"date":"2023-06-21T16:57:03","date_gmt":"2023-06-21T14:57:03","guid":{"rendered":"https:\/\/enfantsdudesert.org\/boutique\/?post_type=product&#038;p=1495"},"modified":"2025-08-04T23:24:19","modified_gmt":"2025-08-04T21:24:19","slug":"miroir-edd","status":"publish","type":"product","link":"https:\/\/enfantsdudesert.org\/boutique\/produit\/miroir-edd\/","title":{"rendered":"Miroir de poche Enfants du d\u00e9sert"},"content":{"rendered":"","protected":false},"excerpt":{"rendered":"<p>Miroir de poche r\u00e9alis\u00e9 \u00e0 partir de l\u2019illustration d&#8217;Elsa Lan\u00e7on, b\u00e9n\u00e9vole de l&#8217;association. Il est possible de combiner ce miroir de poche avec une pochette ayant le m\u00eame design, \u00e0 retrouver <a href=\"https:\/\/enfantsdudesert.org\/boutique\/produit\/pochette-noir-edd\/\" target=\"_blank\" rel=\"noopener\">ici<\/a>.<\/p>\n<p>\u25b6 Diam\u00e8tre de <strong>7,5 cm<\/strong> \u2013 fabrication fran\u00e7aise.<br \/>\n\ud83d\udc8c Frais de port (<em>France m\u00e9tropolitaine<\/em>) inclus dans le prix.<br \/>\n\ud83e\udde1 100 % des ventes en soutien de nos actions.<\/p>\n","protected":false},"featured_media":1547,"template":"","meta":{"ocean_post_layout":"","ocean_both_sidebars_style":"","ocean_both_sidebars_content_width":0,"ocean_both_sidebars_sidebars_width":0,"ocean_sidebar":"0","ocean_second_sidebar":"0","ocean_disable_margins":"enable","ocean_add_body_class":"","ocean_shortcode_before_top_bar":"","ocean_shortcode_after_top_bar":"","ocean_shortcode_before_header":"","ocean_shortcode_after_header":"","ocean_has_shortcode":"","ocean_shortcode_after_title":"","ocean_shortcode_before_footer_widgets":"","ocean_shortcode_after_footer_widgets":"","ocean_shortcode_before_footer_bottom":"","ocean_shortcode_after_footer_bottom":"","ocean_display_top_bar":"default","ocean_display_header":"default","ocean_header_style":"","ocean_center_header_left_menu":"0","ocean_custom_header_template":"0","ocean_custom_logo":0,"ocean_custom_retina_logo":0,"ocean_custom_logo_max_width":0,"ocean_custom_logo_tablet_max_width":0,"ocean_custom_logo_mobile_max_width":0,"ocean_custom_logo_max_height":0,"ocean_custom_logo_tablet_max_height":0,"ocean_custom_logo_mobile_max_height":0,"ocean_header_custom_menu":"0","ocean_menu_typo_font_family":"0","ocean_menu_typo_font_subset":"","ocean_menu_typo_font_size":0,"ocean_menu_typo_font_size_tablet":0,"ocean_menu_typo_font_size_mobile":0,"ocean_menu_typo_font_size_unit":"px","ocean_menu_typo_font_weight":"","ocean_menu_typo_font_weight_tablet":"","ocean_menu_typo_font_weight_mobile":"","ocean_menu_typo_transform":"","ocean_menu_typo_transform_tablet":"","ocean_menu_typo_transform_mobile":"","ocean_menu_typo_line_height":0,"ocean_menu_typo_line_height_tablet":0,"ocean_menu_typo_line_height_mobile":0,"ocean_menu_typo_line_height_unit":"","ocean_menu_typo_spacing":0,"ocean_menu_typo_spacing_tablet":0,"ocean_menu_typo_spacing_mobile":0,"ocean_menu_typo_spacing_unit":"","ocean_menu_link_color":"","ocean_menu_link_color_hover":"","ocean_menu_link_color_active":"","ocean_menu_link_background":"","ocean_menu_link_hover_background":"","ocean_menu_link_active_background":"","ocean_menu_social_links_bg":"","ocean_menu_social_hover_links_bg":"","ocean_menu_social_links_color":"","ocean_menu_social_hover_links_color":"","ocean_disable_title":"on","ocean_disable_heading":"default","ocean_post_title":"","ocean_post_subheading":"","ocean_post_title_style":"","ocean_post_title_background_color":"","ocean_post_title_background":0,"ocean_post_title_bg_image_position":"","ocean_post_title_bg_image_attachment":"","ocean_post_title_bg_image_repeat":"","ocean_post_title_bg_image_size":"","ocean_post_title_height":0,"ocean_post_title_bg_overlay":0.5,"ocean_post_title_bg_overlay_color":"","ocean_disable_breadcrumbs":"default","ocean_breadcrumbs_color":"","ocean_breadcrumbs_separator_color":"","ocean_breadcrumbs_links_color":"","ocean_breadcrumbs_links_hover_color":"","ocean_display_footer_widgets":"default","ocean_display_footer_bottom":"default","ocean_custom_footer_template":"0"},"product_brand":[],"product_cat":[66],"product_tag":[],"class_list":{"0":"post-1495","1":"product","2":"type-product","3":"status-publish","4":"has-post-thumbnail","6":"product_cat-produits-enfants-du-desert","8":"entry","9":"has-media","11":"first","12":"instock","13":"shipping-taxable","14":"purchasable","15":"product-type-simple","16":"has-product-nav","17":"col","18":"span_1_of_3","19":"owp-content-center","20":"owp-thumbs-layout-horizontal","21":"owp-btn-normal","22":"owp-tabs-layout-horizontal","24":"circle-sale"},"jetpack-related-posts":[{"id":1402,"url":"https:\/\/enfantsdudesert.org\/boutique\/produit\/miroir-de-poche-khaoula\/","url_meta":{"origin":1495,"position":0},"title":"Miroir de poche Khaoula","author":"Monica","date":"29\/05\/2023","format":false,"excerpt":"Miroir de poche r\u00e9alis\u00e9 \u00e0 partir de l\u2019illustration de Juliette Lefebvre. Il est possible de combiner ce miroir de poche avec les cartes carr\u00e9es illustr\u00e9es avec ce m\u00eame motif, \u00e0 retrouver\u00a0ici\u00a0! \u25b6 Diam\u00e8tre de\u00a07,5 cm\u00a0\u2013 fabrication fran\u00e7aise. \ud83d\udc8c Frais de port (France m\u00e9tropolitaine) inclus dans le prix. \ud83e\udde1 100 %\u2026","rel":"","context":"Article similaire","block_context":{"text":"Article similaire","link":""},"img":{"alt_text":"","src":"https:\/\/i0.wp.com\/enfantsdudesert.org\/boutique\/wp-content\/uploads\/2023\/05\/Miroir-de-poche-2.webp?fit=1080%2C1080&ssl=1&resize=350%2C200","width":350,"height":200,"srcset":"https:\/\/i0.wp.com\/enfantsdudesert.org\/boutique\/wp-content\/uploads\/2023\/05\/Miroir-de-poche-2.webp?fit=1080%2C1080&ssl=1&resize=350%2C200 1x, https:\/\/i0.wp.com\/enfantsdudesert.org\/boutique\/wp-content\/uploads\/2023\/05\/Miroir-de-poche-2.webp?fit=1080%2C1080&ssl=1&resize=525%2C300 1.5x, https:\/\/i0.wp.com\/enfantsdudesert.org\/boutique\/wp-content\/uploads\/2023\/05\/Miroir-de-poche-2.webp?fit=1080%2C1080&ssl=1&resize=700%2C400 2x, https:\/\/i0.wp.com\/enfantsdudesert.org\/boutique\/wp-content\/uploads\/2023\/05\/Miroir-de-poche-2.webp?fit=1080%2C1080&ssl=1&resize=1050%2C600 3x"},"classes":[]},{"id":1570,"url":"https:\/\/enfantsdudesert.org\/boutique\/produit\/miroir-de-poche-main-porte-bonheur\/","url_meta":{"origin":1495,"position":1},"title":"Miroir de poche &#8211; Main porte-bonheur","author":"Monica","date":"28\/03\/2024","format":false,"excerpt":"Miroir de poche r\u00e9alis\u00e9 \u00e0 partir de l\u2019illustration d'Elsa Lan\u00e7on du carnet de coloriages et de d\u00e9couvertes de l'association. Il est possible de combiner ce miroir de poche avec nos tee-shirts comportant le m\u00eame motif ! \u25b6 Diam\u00e8tre de\u00a07,5 cm \u2013 fabrication fran\u00e7aise, couleur grise (effet chin\u00e9) \ud83d\udc8c Frais de\u2026","rel":"","context":"Article similaire","block_context":{"text":"Article similaire","link":""},"img":{"alt_text":"","src":"https:\/\/i0.wp.com\/enfantsdudesert.org\/boutique\/wp-content\/uploads\/2023\/11\/WhatsApp-Image-2023-11-21-at-16.33.08-2-e1700580902386.jpeg?fit=768%2C709&ssl=1&resize=350%2C200","width":350,"height":200,"srcset":"https:\/\/i0.wp.com\/enfantsdudesert.org\/boutique\/wp-content\/uploads\/2023\/11\/WhatsApp-Image-2023-11-21-at-16.33.08-2-e1700580902386.jpeg?fit=768%2C709&ssl=1&resize=350%2C200 1x, https:\/\/i0.wp.com\/enfantsdudesert.org\/boutique\/wp-content\/uploads\/2023\/11\/WhatsApp-Image-2023-11-21-at-16.33.08-2-e1700580902386.jpeg?fit=768%2C709&ssl=1&resize=525%2C300 1.5x, https:\/\/i0.wp.com\/enfantsdudesert.org\/boutique\/wp-content\/uploads\/2023\/11\/WhatsApp-Image-2023-11-21-at-16.33.08-2-e1700580902386.jpeg?fit=768%2C709&ssl=1&resize=700%2C400 2x"},"classes":[]},{"id":1501,"url":"https:\/\/enfantsdudesert.org\/boutique\/produit\/pochette-noir-edd\/","url_meta":{"origin":1495,"position":2},"title":"Pochette Enfants du d\u00e9sert","author":"Monica","date":"21\/06\/2023","format":false,"excerpt":"Petite pochette de couleur noire (avec fermeture \u00e9clair) aux couleurs de l'association. \ud83c\udf34 Format tr\u00e8s pratique, se glisse facilement dans vos sacs \u00e0 main ou sacs \u00e0 dos. Design r\u00e9alis\u00e9 par Elsa Lan\u00e7on, b\u00e9n\u00e9vole de l'association. Parfait \u00e0 associer avec un miroir de poche du m\u00eame design, disponible ici. \u25b6\u2026","rel":"","context":"Article similaire","block_context":{"text":"Article similaire","link":""},"img":{"alt_text":"","src":"https:\/\/i0.wp.com\/enfantsdudesert.org\/boutique\/wp-content\/uploads\/2023\/06\/WhatsApp-Image-2023-05-31-at-11.34.41.webp?fit=600%2C475&ssl=1&resize=350%2C200","width":350,"height":200,"srcset":"https:\/\/i0.wp.com\/enfantsdudesert.org\/boutique\/wp-content\/uploads\/2023\/06\/WhatsApp-Image-2023-05-31-at-11.34.41.webp?fit=600%2C475&ssl=1&resize=350%2C200 1x, https:\/\/i0.wp.com\/enfantsdudesert.org\/boutique\/wp-content\/uploads\/2023\/06\/WhatsApp-Image-2023-05-31-at-11.34.41.webp?fit=600%2C475&ssl=1&resize=525%2C300 1.5x"},"classes":[]},{"id":1334,"url":"https:\/\/enfantsdudesert.org\/boutique\/produit\/illustrations-cartes-carrees-enfants-du-desert-autrement\/","url_meta":{"origin":1495,"position":3},"title":"Cartes carr\u00e9es &#8220;Enfants du d\u00e9sert autrement&#8221;","author":"Monica","date":"19\/05\/2023","format":false,"excerpt":"Les cartes carr\u00e9es \"Enfants du d\u00e9sert autrement\", id\u00e9al pour partager avec vos proches des mots doux. Parfait \u00e9galement dans un cadre pour ajouter de la couleur dans votre int\u00e9rieur \ud83e\udd70 Juliette Lefebvre (@juju_illus) a r\u00e9alis\u00e9 ces six illustrations pour Enfants du d\u00e9sert \u00e0 partir de clich\u00e9s pris par nos b\u00e9n\u00e9voles\u2026","rel":"","context":"Article similaire","block_context":{"text":"Article similaire","link":""},"img":{"alt_text":"","src":"https:\/\/i0.wp.com\/enfantsdudesert.org\/boutique\/wp-content\/uploads\/2023\/05\/cartes-carees.jpeg?fit=400%2C300&ssl=1&resize=350%2C200","width":350,"height":200},"classes":[]},{"id":1393,"url":"https:\/\/enfantsdudesert.org\/boutique\/produit\/peluche-enfants-du-desert\/","url_meta":{"origin":1495,"position":4},"title":"Peluche Fennec Enfants du d\u00e9sert","author":"Monica","date":"29\/05\/2023","format":false,"excerpt":"Haut de 13 cm, ce fennec du d\u00e9sert, appel\u00e9 aussi renard de poche, porte fi\u00e8rement un badge Enfants du d\u00e9sert ! \ud83e\udd8a Animal embl\u00e9matique du d\u00e9sert, il est devenu notre petite mascotte. \ud83e\udd70 Petit cadeau qui vous permettra de faire d\u00e9couvrir aux enfants l'existence de cet animal caract\u00e9ristique du d\u00e9sert\u2026","rel":"","context":"Article similaire","block_context":{"text":"Article similaire","link":""},"img":{"alt_text":"","src":"https:\/\/i0.wp.com\/enfantsdudesert.org\/boutique\/wp-content\/uploads\/2023\/05\/Fennec-1.webp?fit=600%2C800&ssl=1&resize=350%2C200","width":350,"height":200,"srcset":"https:\/\/i0.wp.com\/enfantsdudesert.org\/boutique\/wp-content\/uploads\/2023\/05\/Fennec-1.webp?fit=600%2C800&ssl=1&resize=350%2C200 1x, https:\/\/i0.wp.com\/enfantsdudesert.org\/boutique\/wp-content\/uploads\/2023\/05\/Fennec-1.webp?fit=600%2C800&ssl=1&resize=525%2C300 1.5x"},"classes":[]},{"id":2022,"url":"https:\/\/enfantsdudesert.org\/boutique\/produit\/2022\/","url_meta":{"origin":1495,"position":5},"title":"Pochette &#8220;Vibes&#8221; par Rkia \ud83c\udf19","author":"Monica","date":"29\/11\/2024","format":false,"excerpt":"Cette magnifique pochette en jute, fabriqu\u00e9e au Maroc, a \u00e9t\u00e9 brod\u00e9e \u00e0 la main par Rkia, artisane au savoir-faire exceptionnel depuis un petit village du d\u00e9sert. Les motifs en zigzag noirs sont r\u00e9alis\u00e9s avec une v\u00e9ritable pr\u00e9cision\u00a0 \u2728 Pi\u00e8ce chic qui m\u00eale mati\u00e8re naturelle et motif moderne. Disponible avec ou\u2026","rel":"","context":"Article similaire","block_context":{"text":"Article similaire","link":""},"img":{"alt_text":"","src":"https:\/\/i0.wp.com\/enfantsdudesert.org\/boutique\/wp-content\/uploads\/2024\/11\/Rkia-pochettes-3-scaled.jpg?fit=900%2C1200&ssl=1&resize=350%2C200","width":350,"height":200,"srcset":"https:\/\/i0.wp.com\/enfantsdudesert.org\/boutique\/wp-content\/uploads\/2024\/11\/Rkia-pochettes-3-scaled.jpg?fit=900%2C1200&ssl=1&resize=350%2C200 1x, https:\/\/i0.wp.com\/enfantsdudesert.org\/boutique\/wp-content\/uploads\/2024\/11\/Rkia-pochettes-3-scaled.jpg?fit=900%2C1200&ssl=1&resize=525%2C300 1.5x, https:\/\/i0.wp.com\/enfantsdudesert.org\/boutique\/wp-content\/uploads\/2024\/11\/Rkia-pochettes-3-scaled.jpg?fit=900%2C1200&ssl=1&resize=700%2C400 2x"},"classes":[]}],"jetpack_sharing_enabled":true,"_links":{"self":[{"href":"https:\/\/enfantsdudesert.org\/boutique\/wp-json\/wp\/v2\/product\/1495","targetHints":{"allow":["GET"]}}],"collection":[{"href":"https:\/\/enfantsdudesert.org\/boutique\/wp-json\/wp\/v2\/product"}],"about":[{"href":"https:\/\/enfantsdudesert.org\/boutique\/wp-json\/wp\/v2\/types\/product"}],"wp:featuredmedia":[{"embeddable":true,"href":"https:\/\/enfantsdudesert.org\/boutique\/wp-json\/wp\/v2\/media\/1547"}],"wp:attachment":[{"href":"https:\/\/enfantsdudesert.org\/boutique\/wp-json\/wp\/v2\/media?parent=1495"}],"wp:term":[{"taxonomy":"product_brand","embeddable":true,"href":"https:\/\/enfantsdudesert.org\/boutique\/wp-json\/wp\/v2\/product_brand?post=1495"},{"taxonomy":"product_cat","embeddable":true,"href":"https:\/\/enfantsdudesert.org\/boutique\/wp-json\/wp\/v2\/product_cat?post=1495"},{"taxonomy":"product_tag","embeddable":true,"href":"https:\/\/enfantsdudesert.org\/boutique\/wp-json\/wp\/v2\/product_tag?post=1495"}],"curies":[{"name":"wp","href":"https:\/\/api.w.org\/{rel}","templated":true}]}}