{"id":1513,"date":"2023-07-07T12:13:51","date_gmt":"2023-07-07T10:13:51","guid":{"rendered":"https:\/\/enfantsdudesert.org\/boutique\/?post_type=product&#038;p=1513"},"modified":"2026-03-07T11:42:28","modified_gmt":"2026-03-07T10:42:28","slug":"bracelets-naima","status":"publish","type":"product","link":"https:\/\/enfantsdudesert.org\/boutique\/produit\/bracelets-naima\/","title":{"rendered":"Bracelets Na\u00efma"},"content":{"rendered":"","protected":false},"excerpt":{"rendered":"<p>Ces bracelets repr\u00e9sentent beaucoup pour Na\u00efma : le r\u00eave d\u2019une vie stable, faite d\u2019autonomie et de s\u00e9r\u00e9nit\u00e9. \u270a Parfaits pour faire plaisir ou se faire plaisir, tout en soutenant Na\u00efma et ses filles.<\/p>\n<p>\u25b6 Vendus par lot de 3, dans une pochette en organza,<\/p>\n<p>\ud83c\udf00 Vous avez le choix :<br \/>\n\u2013 Recevoir un lot de 3 bracelets de la m\u00eame couleur, \u00e0 choisir parmi :<br \/>\n<em>Bleu piscine, Za\u00efna, Orang\u00e9 du d\u00e9sert <\/em>ou<em> Sable dor\u00e9<\/em><br \/>\n\u2013 Ou opter pour le <em>mode surprise<\/em> : vous recevrez un assortiment in\u00e9dit, choisi parmi les nombreuses autres couleurs cr\u00e9\u00e9es par Na\u00efma.<\/p>\n<p>\ud83d\udc8c Frais de port (France m\u00e9tropolitaine) inclus.<br \/>\n\ud83e\udde1 100 % des ventes sont revers\u00e9es \u00e0 Na\u00efma.<\/p>\n","protected":false},"featured_media":2048,"template":"","meta":{"ocean_post_layout":"","ocean_both_sidebars_style":"","ocean_both_sidebars_content_width":0,"ocean_both_sidebars_sidebars_width":0,"ocean_sidebar":"0","ocean_second_sidebar":"0","ocean_disable_margins":"enable","ocean_add_body_class":"","ocean_shortcode_before_top_bar":"","ocean_shortcode_after_top_bar":"","ocean_shortcode_before_header":"","ocean_shortcode_after_header":"","ocean_has_shortcode":"","ocean_shortcode_after_title":"","ocean_shortcode_before_footer_widgets":"","ocean_shortcode_after_footer_widgets":"","ocean_shortcode_before_footer_bottom":"","ocean_shortcode_after_footer_bottom":"","ocean_display_top_bar":"default","ocean_display_header":"default","ocean_header_style":"","ocean_center_header_left_menu":"0","ocean_custom_header_template":"0","ocean_custom_logo":0,"ocean_custom_retina_logo":0,"ocean_custom_logo_max_width":0,"ocean_custom_logo_tablet_max_width":0,"ocean_custom_logo_mobile_max_width":0,"ocean_custom_logo_max_height":0,"ocean_custom_logo_tablet_max_height":0,"ocean_custom_logo_mobile_max_height":0,"ocean_header_custom_menu":"0","ocean_menu_typo_font_family":"0","ocean_menu_typo_font_subset":"","ocean_menu_typo_font_size":0,"ocean_menu_typo_font_size_tablet":0,"ocean_menu_typo_font_size_mobile":0,"ocean_menu_typo_font_size_unit":"px","ocean_menu_typo_font_weight":"","ocean_menu_typo_font_weight_tablet":"","ocean_menu_typo_font_weight_mobile":"","ocean_menu_typo_transform":"","ocean_menu_typo_transform_tablet":"","ocean_menu_typo_transform_mobile":"","ocean_menu_typo_line_height":0,"ocean_menu_typo_line_height_tablet":0,"ocean_menu_typo_line_height_mobile":0,"ocean_menu_typo_line_height_unit":"","ocean_menu_typo_spacing":0,"ocean_menu_typo_spacing_tablet":0,"ocean_menu_typo_spacing_mobile":0,"ocean_menu_typo_spacing_unit":"","ocean_menu_link_color":"","ocean_menu_link_color_hover":"","ocean_menu_link_color_active":"","ocean_menu_link_background":"","ocean_menu_link_hover_background":"","ocean_menu_link_active_background":"","ocean_menu_social_links_bg":"","ocean_menu_social_hover_links_bg":"","ocean_menu_social_links_color":"","ocean_menu_social_hover_links_color":"","ocean_disable_title":"on","ocean_disable_heading":"default","ocean_post_title":"","ocean_post_subheading":"","ocean_post_title_style":"","ocean_post_title_background_color":"","ocean_post_title_background":0,"ocean_post_title_bg_image_position":"","ocean_post_title_bg_image_attachment":"","ocean_post_title_bg_image_repeat":"","ocean_post_title_bg_image_size":"","ocean_post_title_height":0,"ocean_post_title_bg_overlay":0.5,"ocean_post_title_bg_overlay_color":"","ocean_disable_breadcrumbs":"default","ocean_breadcrumbs_color":"","ocean_breadcrumbs_separator_color":"","ocean_breadcrumbs_links_color":"","ocean_breadcrumbs_links_hover_color":"","ocean_display_footer_widgets":"default","ocean_display_footer_bottom":"default","ocean_custom_footer_template":"0"},"product_brand":[],"product_cat":[144,94,64,99,100],"product_tag":[],"class_list":{"0":"post-1513","1":"product","2":"type-product","3":"status-publish","4":"has-post-thumbnail","6":"product_cat-bracelets","7":"product_cat-bijoux","8":"product_cat-femmes-du-desert","9":"product_cat-naima","10":"product_cat-type-de-produit","12":"entry","13":"has-media","15":"first","16":"instock","17":"shipping-taxable","18":"purchasable","19":"product-type-variable","20":"has-product-nav","21":"col","22":"span_1_of_3","23":"owp-content-center","24":"owp-thumbs-layout-horizontal","25":"owp-btn-normal","26":"owp-tabs-layout-horizontal","28":"circle-sale"},"jetpack-related-posts":[{"id":2416,"url":"https:\/\/enfantsdudesert.org\/boutique\/produit\/tapis-naima-par-ait-ali-%f0%9f%98%8d\/","url_meta":{"origin":1513,"position":0},"title":"Tapis Na\u00efma par Ait Ali \ud83d\ude0d","author":"Monica","date":"19\/10\/2025","format":false,"excerpt":"Des motifs berb\u00e8res tiss\u00e9s avec pr\u00e9cision sur un fond rose par Ait Ali : le tapis Na\u00efma s'accordera facilement \u00e0 votre int\u00e9rieur. \ud83d\udcf8 Tapis pr\u00e9sent\u00e9 par Lysiane, fid\u00e8le b\u00e9n\u00e9vole de notre association. Les d\u00e9tails : \ud83d\udd36 129 cm sur 69 cm, \ud83d\udd36 prix : 105\u20ac, frais de port compris pour\u2026","rel":"","context":"Article similaire","block_context":{"text":"Article similaire","link":""},"img":{"alt_text":"","src":"https:\/\/i0.wp.com\/enfantsdudesert.org\/boutique\/wp-content\/uploads\/2025\/10\/IMG-20251019-WA0082-scaled.jpg?fit=900%2C1200&ssl=1&resize=350%2C200","width":350,"height":200,"srcset":"https:\/\/i0.wp.com\/enfantsdudesert.org\/boutique\/wp-content\/uploads\/2025\/10\/IMG-20251019-WA0082-scaled.jpg?fit=900%2C1200&ssl=1&resize=350%2C200 1x, https:\/\/i0.wp.com\/enfantsdudesert.org\/boutique\/wp-content\/uploads\/2025\/10\/IMG-20251019-WA0082-scaled.jpg?fit=900%2C1200&ssl=1&resize=525%2C300 1.5x, https:\/\/i0.wp.com\/enfantsdudesert.org\/boutique\/wp-content\/uploads\/2025\/10\/IMG-20251019-WA0082-scaled.jpg?fit=900%2C1200&ssl=1&resize=700%2C400 2x"},"classes":[]},{"id":1156,"url":"https:\/\/enfantsdudesert.org\/boutique\/produit\/bracelet-edd-by-zeste-dorient\/","url_meta":{"origin":1513,"position":1},"title":"Bracelet EDD x Zeste d&#8217;Orient","author":"Monica","date":"07\/12\/2022","format":false,"excerpt":"Dans son\u00a0concept store,\u00a0Agn\u00e8s\u00a0d\u00e9niche des produits et des cr\u00e9ations d\u2019horizons et de styles diff\u00e9rents qu\u2019elle fait cohabiter avec beaucoup de\u00a0finesse et de go\u00fbt. \ud83d\ude43 Ce bracelet a \u00e9t\u00e9 con\u00e7u par Agn\u00e8s.\u00a0Symbolique, sa cr\u00e9ation reprend une partie de notre logo associ\u00e9e \u00e0 une des\u00a07 couleurs propos\u00e9es ci-dessous. \u25b6 Bracelet r\u00e9glable. Prix de\u2026","rel":"","context":"Article similaire","block_context":{"text":"Article similaire","link":""},"img":{"alt_text":"","src":"https:\/\/i0.wp.com\/enfantsdudesert.org\/boutique\/wp-content\/uploads\/2022\/12\/Bracelet-EDD-Zest-dorient-2-scaled.jpeg?fit=900%2C1200&ssl=1&resize=350%2C200","width":350,"height":200,"srcset":"https:\/\/i0.wp.com\/enfantsdudesert.org\/boutique\/wp-content\/uploads\/2022\/12\/Bracelet-EDD-Zest-dorient-2-scaled.jpeg?fit=900%2C1200&ssl=1&resize=350%2C200 1x, https:\/\/i0.wp.com\/enfantsdudesert.org\/boutique\/wp-content\/uploads\/2022\/12\/Bracelet-EDD-Zest-dorient-2-scaled.jpeg?fit=900%2C1200&ssl=1&resize=525%2C300 1.5x, https:\/\/i0.wp.com\/enfantsdudesert.org\/boutique\/wp-content\/uploads\/2022\/12\/Bracelet-EDD-Zest-dorient-2-scaled.jpeg?fit=900%2C1200&ssl=1&resize=700%2C400 2x"},"classes":[]},{"id":1394,"url":"https:\/\/enfantsdudesert.org\/boutique\/produit\/trio-de-magnets-a-colorier\/","url_meta":{"origin":1513,"position":2},"title":"Trio de magnets \u00e0 colorier","author":"Monica","date":"29\/05\/2023","format":false,"excerpt":"Ces magnets ont \u00e9t\u00e9 r\u00e9alis\u00e9s \u00e0 partir des illustrations de notre carnet de coloriages. \ud83c\udf1e Cela peut compl\u00e9ter \u00e0 merveille l'achat de ce carnet o\u00f9 vous retrouverez une double page d\u00e9di\u00e9e \u00e0 chacun des mod\u00e8les de magnet accompagn\u00e9 d'anecdotes et de d\u00e9couvertes. Carnet \u00e0 retrouver par ici. \u25b6 Lot de\u2026","rel":"","context":"Article similaire","block_context":{"text":"Article similaire","link":""},"img":{"alt_text":"","src":"https:\/\/i0.wp.com\/enfantsdudesert.org\/boutique\/wp-content\/uploads\/2023\/05\/DSC_0410.webp?fit=720%2C1080&ssl=1&resize=350%2C200","width":350,"height":200,"srcset":"https:\/\/i0.wp.com\/enfantsdudesert.org\/boutique\/wp-content\/uploads\/2023\/05\/DSC_0410.webp?fit=720%2C1080&ssl=1&resize=350%2C200 1x, https:\/\/i0.wp.com\/enfantsdudesert.org\/boutique\/wp-content\/uploads\/2023\/05\/DSC_0410.webp?fit=720%2C1080&ssl=1&resize=525%2C300 1.5x, https:\/\/i0.wp.com\/enfantsdudesert.org\/boutique\/wp-content\/uploads\/2023\/05\/DSC_0410.webp?fit=720%2C1080&ssl=1&resize=700%2C400 2x"},"classes":[]},{"id":2207,"url":"https:\/\/enfantsdudesert.org\/boutique\/produit\/bracelet-hanane\/","url_meta":{"origin":1513,"position":3},"title":"Bracelet Hanane","author":"Monica","date":"13\/05\/2025","format":false,"excerpt":"Ces bracelets fins et \u00e9l\u00e9gants sont r\u00e9alis\u00e9s \u00e0 la main par Hanane, maman de 5 enfants, qui y met toute son \u00e9nergie et sa d\u00e9termination pour construire un avenir plus serein \u2728 Ils sont faits de pierres naturelles aux vertus \u00e9nergisantes et apaisantes au choix : \u00b7 perles galets en\u2026","rel":"","context":"Article similaire","block_context":{"text":"Article similaire","link":""},"img":{"alt_text":"","src":"https:\/\/i0.wp.com\/enfantsdudesert.org\/boutique\/wp-content\/uploads\/2025\/05\/IMG_8733.jpeg?fit=900%2C1200&ssl=1&resize=350%2C200","width":350,"height":200,"srcset":"https:\/\/i0.wp.com\/enfantsdudesert.org\/boutique\/wp-content\/uploads\/2025\/05\/IMG_8733.jpeg?fit=900%2C1200&ssl=1&resize=350%2C200 1x, https:\/\/i0.wp.com\/enfantsdudesert.org\/boutique\/wp-content\/uploads\/2025\/05\/IMG_8733.jpeg?fit=900%2C1200&ssl=1&resize=525%2C300 1.5x, https:\/\/i0.wp.com\/enfantsdudesert.org\/boutique\/wp-content\/uploads\/2025\/05\/IMG_8733.jpeg?fit=900%2C1200&ssl=1&resize=700%2C400 2x"},"classes":[]},{"id":1334,"url":"https:\/\/enfantsdudesert.org\/boutique\/produit\/illustrations-cartes-carrees-enfants-du-desert-autrement\/","url_meta":{"origin":1513,"position":4},"title":"Cartes carr\u00e9es &#8220;Enfants du d\u00e9sert autrement&#8221;","author":"Monica","date":"19\/05\/2023","format":false,"excerpt":"Les cartes carr\u00e9es \"Enfants du d\u00e9sert autrement\", id\u00e9al pour partager avec vos proches des mots doux. Parfait \u00e9galement dans un cadre pour ajouter de la couleur dans votre int\u00e9rieur \ud83e\udd70 Juliette Lefebvre (@juju_illus) a r\u00e9alis\u00e9 ces six illustrations pour Enfants du d\u00e9sert \u00e0 partir de clich\u00e9s pris par nos b\u00e9n\u00e9voles\u2026","rel":"","context":"Article similaire","block_context":{"text":"Article similaire","link":""},"img":{"alt_text":"","src":"https:\/\/i0.wp.com\/enfantsdudesert.org\/boutique\/wp-content\/uploads\/2023\/05\/cartes-carees.jpeg?fit=400%2C300&ssl=1&resize=350%2C200","width":350,"height":200},"classes":[]},{"id":1332,"url":"https:\/\/enfantsdudesert.org\/boutique\/produit\/cartes-postales-dessine-moi-le-desert\/","url_meta":{"origin":1513,"position":5},"title":"Cartes postales &#8220;Dessine-moi le d\u00e9sert&#8221;","author":"Monica","date":"19\/05\/2023","format":false,"excerpt":"Dessin\u00e9es par les enfants, lors de notre grand concours de dessins du confinement. \ud83c\udf0f Elles sont belles, ont une histoire, comporte une citation inspirante au verso et... permettent de soutenir nos actions dans le d\u00e9sert ! \u25b6\u00a0Lot de 5 cartes postales \ud83d\udc8c\u00a0\u00a0Ces prix comprennent les frais de port (France m\u00e9tropolitaine).\u2026","rel":"","context":"Article similaire","block_context":{"text":"Article similaire","link":""},"img":{"alt_text":"","src":"https:\/\/i0.wp.com\/enfantsdudesert.org\/boutique\/wp-content\/uploads\/2023\/05\/cartes-postales.jpeg?fit=400%2C300&ssl=1&resize=350%2C200","width":350,"height":200},"classes":[]}],"jetpack_sharing_enabled":true,"_links":{"self":[{"href":"https:\/\/enfantsdudesert.org\/boutique\/wp-json\/wp\/v2\/product\/1513","targetHints":{"allow":["GET"]}}],"collection":[{"href":"https:\/\/enfantsdudesert.org\/boutique\/wp-json\/wp\/v2\/product"}],"about":[{"href":"https:\/\/enfantsdudesert.org\/boutique\/wp-json\/wp\/v2\/types\/product"}],"wp:featuredmedia":[{"embeddable":true,"href":"https:\/\/enfantsdudesert.org\/boutique\/wp-json\/wp\/v2\/media\/2048"}],"wp:attachment":[{"href":"https:\/\/enfantsdudesert.org\/boutique\/wp-json\/wp\/v2\/media?parent=1513"}],"wp:term":[{"taxonomy":"product_brand","embeddable":true,"href":"https:\/\/enfantsdudesert.org\/boutique\/wp-json\/wp\/v2\/product_brand?post=1513"},{"taxonomy":"product_cat","embeddable":true,"href":"https:\/\/enfantsdudesert.org\/boutique\/wp-json\/wp\/v2\/product_cat?post=1513"},{"taxonomy":"product_tag","embeddable":true,"href":"https:\/\/enfantsdudesert.org\/boutique\/wp-json\/wp\/v2\/product_tag?post=1513"}],"curies":[{"name":"wp","href":"https:\/\/api.w.org\/{rel}","templated":true}]}}