{"id":1710,"date":"2024-04-05T18:33:24","date_gmt":"2024-04-05T16:33:24","guid":{"rendered":"https:\/\/enfantsdudesert.org\/boutique\/?post_type=product&#038;p=1710"},"modified":"2025-10-30T20:41:28","modified_gmt":"2025-10-30T19:41:28","slug":"jupe-enfant-coeurs","status":"publish","type":"product","link":"https:\/\/enfantsdudesert.org\/boutique\/produit\/jupe-enfant-coeurs\/","title":{"rendered":"Jupe enfant coeurs"},"content":{"rendered":"","protected":false},"excerpt":{"rendered":"<p>Jupe enfant brod\u00e9e par Cha\u00efmae \ud83d\ude0a<\/p>\n<p>Cette jolie jupe enfant a \u00e9t\u00e9 brod\u00e9e \u00e0 la main avec amour par Cha\u00efmae.<\/p>\n<p>Jupe noire avec de jolis coeurs color\u00e9s \ud83e\ude75<\/p>\n<p>Les infos \u27a1\ufe0f<br \/>\nTaille 7\/8 ans<br \/>\nLargeur taille : 26cm \u00e9lastiqu\u00e9 et r\u00e9glable<\/p>\n<p>Largeur hanche : 36cm<\/p>\n<p>Longueur : 33 cm<\/p>\n<p>\ud83d\udc8c Ce prix comprend les frais de port (France m\u00e9tropolitaine)<\/p>\n<p>\ud83e\udde1100% des b\u00e9n\u00e9fices sont revers\u00e9s \u00e0 Cha\u00efmae<\/p>\n","protected":false},"featured_media":1711,"template":"","meta":{"ocean_post_layout":"","ocean_both_sidebars_style":"","ocean_both_sidebars_content_width":0,"ocean_both_sidebars_sidebars_width":0,"ocean_sidebar":"0","ocean_second_sidebar":"0","ocean_disable_margins":"enable","ocean_add_body_class":"","ocean_shortcode_before_top_bar":"","ocean_shortcode_after_top_bar":"","ocean_shortcode_before_header":"","ocean_shortcode_after_header":"","ocean_has_shortcode":"","ocean_shortcode_after_title":"","ocean_shortcode_before_footer_widgets":"","ocean_shortcode_after_footer_widgets":"","ocean_shortcode_before_footer_bottom":"","ocean_shortcode_after_footer_bottom":"","ocean_display_top_bar":"default","ocean_display_header":"default","ocean_header_style":"","ocean_center_header_left_menu":"0","ocean_custom_header_template":"0","ocean_custom_logo":0,"ocean_custom_retina_logo":0,"ocean_custom_logo_max_width":0,"ocean_custom_logo_tablet_max_width":0,"ocean_custom_logo_mobile_max_width":0,"ocean_custom_logo_max_height":0,"ocean_custom_logo_tablet_max_height":0,"ocean_custom_logo_mobile_max_height":0,"ocean_header_custom_menu":"0","ocean_menu_typo_font_family":"0","ocean_menu_typo_font_subset":"","ocean_menu_typo_font_size":0,"ocean_menu_typo_font_size_tablet":0,"ocean_menu_typo_font_size_mobile":0,"ocean_menu_typo_font_size_unit":"px","ocean_menu_typo_font_weight":"","ocean_menu_typo_font_weight_tablet":"","ocean_menu_typo_font_weight_mobile":"","ocean_menu_typo_transform":"","ocean_menu_typo_transform_tablet":"","ocean_menu_typo_transform_mobile":"","ocean_menu_typo_line_height":0,"ocean_menu_typo_line_height_tablet":0,"ocean_menu_typo_line_height_mobile":0,"ocean_menu_typo_line_height_unit":"","ocean_menu_typo_spacing":0,"ocean_menu_typo_spacing_tablet":0,"ocean_menu_typo_spacing_mobile":0,"ocean_menu_typo_spacing_unit":"","ocean_menu_link_color":"","ocean_menu_link_color_hover":"","ocean_menu_link_color_active":"","ocean_menu_link_background":"","ocean_menu_link_hover_background":"","ocean_menu_link_active_background":"","ocean_menu_social_links_bg":"","ocean_menu_social_hover_links_bg":"","ocean_menu_social_links_color":"","ocean_menu_social_hover_links_color":"","ocean_disable_title":"default","ocean_disable_heading":"default","ocean_post_title":"","ocean_post_subheading":"","ocean_post_title_style":"","ocean_post_title_background_color":"","ocean_post_title_background":0,"ocean_post_title_bg_image_position":"","ocean_post_title_bg_image_attachment":"","ocean_post_title_bg_image_repeat":"","ocean_post_title_bg_image_size":"","ocean_post_title_height":0,"ocean_post_title_bg_overlay":0.5,"ocean_post_title_bg_overlay_color":"","ocean_disable_breadcrumbs":"default","ocean_breadcrumbs_color":"","ocean_breadcrumbs_separator_color":"","ocean_breadcrumbs_links_color":"","ocean_breadcrumbs_links_hover_color":"","ocean_display_footer_widgets":"default","ocean_display_footer_bottom":"default","ocean_custom_footer_template":"0"},"product_brand":[],"product_cat":[64,93,89],"product_tag":[],"class_list":{"0":"post-1710","1":"product","2":"type-product","3":"status-publish","4":"has-post-thumbnail","6":"product_cat-femmes-du-desert","7":"product_cat-chaimae","8":"product_cat-vetements-upcycles","10":"entry","11":"has-media","13":"first","14":"outofstock","15":"shipping-taxable","16":"purchasable","17":"product-type-simple","18":"has-product-nav","19":"col","20":"span_1_of_3","21":"owp-content-center","22":"owp-thumbs-layout-horizontal","23":"owp-btn-normal","24":"owp-tabs-layout-horizontal","26":"circle-sale"},"jetpack-related-posts":[{"id":1683,"url":"https:\/\/enfantsdudesert.org\/boutique\/produit\/jupe-brodee-fleurs\/","url_meta":{"origin":1710,"position":0},"title":"Jupe brod\u00e9e fleurs","author":"J\u00e9romine Lan\u00e7on","date":"24\/04\/2024","format":false,"excerpt":"Jupe jeans brod\u00e9e \u00e0 la main. Une jupe de seconde main remise en valeur gr\u00e2ce au superbe travail de Cha\u00efmae. Un joli motif floral qui r\u00e9v\u00e8le un savoir faire artisanal exceptionnel. \ud83c\udf3a Pi\u00e8ce unique \u2728 \u27a1\ufe0f Les infos : Taille XS Largeur taille 30 cm Largeur hanches 37 cm Longueur\u2026","rel":"","context":"Article similaire","block_context":{"text":"Article similaire","link":""},"img":{"alt_text":"","src":"https:\/\/i0.wp.com\/enfantsdudesert.org\/boutique\/wp-content\/uploads\/2024\/04\/Jupe-brodee-Chaimae-recto.webp?fit=800%2C764&ssl=1&resize=350%2C200","width":350,"height":200,"srcset":"https:\/\/i0.wp.com\/enfantsdudesert.org\/boutique\/wp-content\/uploads\/2024\/04\/Jupe-brodee-Chaimae-recto.webp?fit=800%2C764&ssl=1&resize=350%2C200 1x, https:\/\/i0.wp.com\/enfantsdudesert.org\/boutique\/wp-content\/uploads\/2024\/04\/Jupe-brodee-Chaimae-recto.webp?fit=800%2C764&ssl=1&resize=525%2C300 1.5x, https:\/\/i0.wp.com\/enfantsdudesert.org\/boutique\/wp-content\/uploads\/2024\/04\/Jupe-brodee-Chaimae-recto.webp?fit=800%2C764&ssl=1&resize=700%2C400 2x"},"classes":[]},{"id":1689,"url":"https:\/\/enfantsdudesert.org\/boutique\/produit\/veste-enfant-marguerite\/","url_meta":{"origin":1710,"position":1},"title":"Veste enfant marguerite","author":"J\u00e9romine Lan\u00e7on","date":"05\/04\/2024","format":false,"excerpt":"Veste en jean enfant upcycl\u00e9e brod\u00e9e par Cha\u00efmae \ud83e\udde1 Veste en jeans pour enfant brod\u00e9e par Cha\u00efmae. Une veste de seconde main remise en valeur gr\u00e2ce aux superbe travail de Cha\u00efmae. De jolies marguerite pour une jolie petite fille. Pi\u00e8ce unique \u2728 Les infos \u2935\ufe0f Taille 104 cm\/4 ans Largeur\u2026","rel":"","context":"Article similaire","block_context":{"text":"Article similaire","link":""},"img":{"alt_text":"","src":"https:\/\/i0.wp.com\/enfantsdudesert.org\/boutique\/wp-content\/uploads\/2024\/04\/Veste-enfant-Chaimae-Marguerites.webp?fit=800%2C581&ssl=1&resize=350%2C200","width":350,"height":200,"srcset":"https:\/\/i0.wp.com\/enfantsdudesert.org\/boutique\/wp-content\/uploads\/2024\/04\/Veste-enfant-Chaimae-Marguerites.webp?fit=800%2C581&ssl=1&resize=350%2C200 1x, https:\/\/i0.wp.com\/enfantsdudesert.org\/boutique\/wp-content\/uploads\/2024\/04\/Veste-enfant-Chaimae-Marguerites.webp?fit=800%2C581&ssl=1&resize=525%2C300 1.5x, https:\/\/i0.wp.com\/enfantsdudesert.org\/boutique\/wp-content\/uploads\/2024\/04\/Veste-enfant-Chaimae-Marguerites.webp?fit=800%2C581&ssl=1&resize=700%2C400 2x"},"classes":[]},{"id":1704,"url":"https:\/\/enfantsdudesert.org\/boutique\/produit\/veste-enfant-fleurie\/","url_meta":{"origin":1710,"position":2},"title":"Veste enfant fleurie","author":"J\u00e9romine Lan\u00e7on","date":"05\/04\/2024","format":false,"excerpt":"Veste enfant upcycl\u00e9e brod\u00e9e par Cha\u00efmae \ud83e\udde1 Veste fleurs brod\u00e9e \u00e0 la main. Une veste de seconde main remise en valeur gr\u00e2ce au superbe travail de Cha\u00efmae. Mettez des fleurs dans votre vie ! \ud83c\udf38 Pi\u00e8ce unique \ud83d\udd06 Les infos \u27a1\ufe0f Taille 5-6 ans Largeur \u00e9paules 32 cm Largeur poitrine\u2026","rel":"","context":"Article similaire","block_context":{"text":"Article similaire","link":""},"img":{"alt_text":"","src":"https:\/\/i0.wp.com\/enfantsdudesert.org\/boutique\/wp-content\/uploads\/2024\/04\/747d353e-ddbc-44dc-80eb-b0b9cf6a7ce0.jpeg?fit=800%2C737&ssl=1&resize=350%2C200","width":350,"height":200,"srcset":"https:\/\/i0.wp.com\/enfantsdudesert.org\/boutique\/wp-content\/uploads\/2024\/04\/747d353e-ddbc-44dc-80eb-b0b9cf6a7ce0.jpeg?fit=800%2C737&ssl=1&resize=350%2C200 1x, https:\/\/i0.wp.com\/enfantsdudesert.org\/boutique\/wp-content\/uploads\/2024\/04\/747d353e-ddbc-44dc-80eb-b0b9cf6a7ce0.jpeg?fit=800%2C737&ssl=1&resize=525%2C300 1.5x, https:\/\/i0.wp.com\/enfantsdudesert.org\/boutique\/wp-content\/uploads\/2024\/04\/747d353e-ddbc-44dc-80eb-b0b9cf6a7ce0.jpeg?fit=800%2C737&ssl=1&resize=700%2C400 2x"},"classes":[]},{"id":1686,"url":"https:\/\/enfantsdudesert.org\/boutique\/produit\/veste-en-jean-brodee\/","url_meta":{"origin":1710,"position":3},"title":"Veste en jean brod\u00e9e","author":"J\u00e9romine Lan\u00e7on","date":"24\/04\/2024","format":false,"excerpt":"Veste upcycl\u00e9e brod\u00e9e par Cha\u00efmae \ud83e\udde1 Veste en jean brod\u00e9e (recto\/verso) \u00e0 la main. Une veste de seconde main remise en valeur gr\u00e2ce au superbe travail de Cha\u00efmae. Un joli motif floral devant et derri\u00e8re qui r\u00e9v\u00e8le un savoir faire artisanal exceptionnel. Pi\u00e8ces unique \u2728 Les infos \u2935\ufe0f Elim\u00e9e aux\u2026","rel":"","context":"Article similaire","block_context":{"text":"Article similaire","link":""},"img":{"alt_text":"","src":"https:\/\/i0.wp.com\/enfantsdudesert.org\/boutique\/wp-content\/uploads\/2024\/04\/Veste-Chaimae-fleurs-rouge-et-jaune-recto.webp?fit=600%2C800&ssl=1&resize=350%2C200","width":350,"height":200,"srcset":"https:\/\/i0.wp.com\/enfantsdudesert.org\/boutique\/wp-content\/uploads\/2024\/04\/Veste-Chaimae-fleurs-rouge-et-jaune-recto.webp?fit=600%2C800&ssl=1&resize=350%2C200 1x, https:\/\/i0.wp.com\/enfantsdudesert.org\/boutique\/wp-content\/uploads\/2024\/04\/Veste-Chaimae-fleurs-rouge-et-jaune-recto.webp?fit=600%2C800&ssl=1&resize=525%2C300 1.5x"},"classes":[]},{"id":1701,"url":"https:\/\/enfantsdudesert.org\/boutique\/produit\/veste-brodee-fleurs-roses\/","url_meta":{"origin":1710,"position":4},"title":"Veste brod\u00e9e fleurs roses","author":"J\u00e9romine Lan\u00e7on","date":"05\/04\/2024","format":false,"excerpt":"Veste upcycl\u00e9e brod\u00e9e par Cha\u00efmae \ud83e\udde1 Cette veste a \u00e9t\u00e9 brod\u00e9e \u00e0 la main. Une veste de seconde main remise en valeur gr\u00e2ce au superbe travail de Cha\u00efmae. Mettez des fleurs dans votre vie ! Pi\u00e8ce unique \u2728 Les infos \u27a1\ufe0f Taille 40 Largeur \u00e9paules 41 cm Largeur poitrine 45\u2026","rel":"","context":"Article similaire","block_context":{"text":"Article similaire","link":""},"img":{"alt_text":"","src":"https:\/\/i0.wp.com\/enfantsdudesert.org\/boutique\/wp-content\/uploads\/2024\/04\/Veste-Chaimae-fleurs-roses-recto.webp?fit=683%2C800&ssl=1&resize=350%2C200","width":350,"height":200,"srcset":"https:\/\/i0.wp.com\/enfantsdudesert.org\/boutique\/wp-content\/uploads\/2024\/04\/Veste-Chaimae-fleurs-roses-recto.webp?fit=683%2C800&ssl=1&resize=350%2C200 1x, https:\/\/i0.wp.com\/enfantsdudesert.org\/boutique\/wp-content\/uploads\/2024\/04\/Veste-Chaimae-fleurs-roses-recto.webp?fit=683%2C800&ssl=1&resize=525%2C300 1.5x"},"classes":[]},{"id":1707,"url":"https:\/\/enfantsdudesert.org\/boutique\/produit\/veste-brodee-%f0%9f%8c%bb\/","url_meta":{"origin":1710,"position":5},"title":"Veste brod\u00e9e \ud83c\udf3b","author":"J\u00e9romine Lan\u00e7on","date":"05\/04\/2024","format":false,"excerpt":"Veste upcycl\u00e9e brod\u00e9e par Cha\u00efmae \ud83e\udd70 Veste tournesols brod\u00e9e \u00e0 la main. Une veste de seconde main remise en valeur gr\u00e2ce au superbe travail de Cha\u00efmae. Elle mettra du soleil dans votre vie ! Pi\u00e8ce unique \ud83c\udf3b Les infos \u27a1\ufe0f Taille 42 Largeur \u00e9paules 45 cm Largeur poitrine 51 cm\u2026","rel":"","context":"Article similaire","block_context":{"text":"Article similaire","link":""},"img":{"alt_text":"","src":"https:\/\/i0.wp.com\/enfantsdudesert.org\/boutique\/wp-content\/uploads\/2024\/04\/594de3a5-28d7-4832-a992-7fff5bb2f6ac.jpeg?fit=600%2C800&ssl=1&resize=350%2C200","width":350,"height":200,"srcset":"https:\/\/i0.wp.com\/enfantsdudesert.org\/boutique\/wp-content\/uploads\/2024\/04\/594de3a5-28d7-4832-a992-7fff5bb2f6ac.jpeg?fit=600%2C800&ssl=1&resize=350%2C200 1x, https:\/\/i0.wp.com\/enfantsdudesert.org\/boutique\/wp-content\/uploads\/2024\/04\/594de3a5-28d7-4832-a992-7fff5bb2f6ac.jpeg?fit=600%2C800&ssl=1&resize=525%2C300 1.5x"},"classes":[]}],"jetpack_sharing_enabled":true,"_links":{"self":[{"href":"https:\/\/enfantsdudesert.org\/boutique\/wp-json\/wp\/v2\/product\/1710","targetHints":{"allow":["GET"]}}],"collection":[{"href":"https:\/\/enfantsdudesert.org\/boutique\/wp-json\/wp\/v2\/product"}],"about":[{"href":"https:\/\/enfantsdudesert.org\/boutique\/wp-json\/wp\/v2\/types\/product"}],"wp:featuredmedia":[{"embeddable":true,"href":"https:\/\/enfantsdudesert.org\/boutique\/wp-json\/wp\/v2\/media\/1711"}],"wp:attachment":[{"href":"https:\/\/enfantsdudesert.org\/boutique\/wp-json\/wp\/v2\/media?parent=1710"}],"wp:term":[{"taxonomy":"product_brand","embeddable":true,"href":"https:\/\/enfantsdudesert.org\/boutique\/wp-json\/wp\/v2\/product_brand?post=1710"},{"taxonomy":"product_cat","embeddable":true,"href":"https:\/\/enfantsdudesert.org\/boutique\/wp-json\/wp\/v2\/product_cat?post=1710"},{"taxonomy":"product_tag","embeddable":true,"href":"https:\/\/enfantsdudesert.org\/boutique\/wp-json\/wp\/v2\/product_tag?post=1710"}],"curies":[{"name":"wp","href":"https:\/\/api.w.org\/{rel}","templated":true}]}}