{"id":1727,"date":"2024-04-22T11:41:37","date_gmt":"2024-04-22T09:41:37","guid":{"rendered":"https:\/\/enfantsdudesert.org\/boutique\/?post_type=product&#038;p=1727"},"modified":"2024-05-31T18:06:37","modified_gmt":"2024-05-31T16:06:37","slug":"pochette-berbere-par-aicha","status":"publish","type":"product","link":"https:\/\/enfantsdudesert.org\/boutique\/produit\/pochette-berbere-par-aicha\/","title":{"rendered":"Pochette berb\u00e8re par A\u00efcha"},"content":{"rendered":"","protected":false},"excerpt":{"rendered":"<p>Ces pochettes ont \u00e9t\u00e9 brod\u00e9es \u00e0 la main par A\u00efcha, maman de deux petites filles parrain\u00e9es.\u00a0Elle nous transmet \u00e0 travers ses broderies toute sa culture berb\u00e8re. \u2728\ud83e\udd17<\/p>\n<p>\u25b6\ufe0f 2 tailles disponibles :<br \/>\nS : Dimensions : 13cm x 12.5cm x 6 cm &#8211; 12 \u20ac<br \/>\nL : Dimensions : 23cm x 23 cm x 11 cm &#8211; 28\u20ac<\/p>\n<p>\ud83d\udc8c Ces prix comprennent les frais de port (France m\u00e9tropolitaine).<\/p>\n<p>\ud83e\udde1 100% des b\u00e9n\u00e9fices sont remis \u00e0 <em><strong>A\u00efcha<\/strong><\/em><\/p>\n","protected":false},"featured_media":1730,"template":"","meta":{"ocean_post_layout":"","ocean_both_sidebars_style":"","ocean_both_sidebars_content_width":0,"ocean_both_sidebars_sidebars_width":0,"ocean_sidebar":"0","ocean_second_sidebar":"0","ocean_disable_margins":"enable","ocean_add_body_class":"","ocean_shortcode_before_top_bar":"","ocean_shortcode_after_top_bar":"","ocean_shortcode_before_header":"","ocean_shortcode_after_header":"","ocean_has_shortcode":"","ocean_shortcode_after_title":"","ocean_shortcode_before_footer_widgets":"","ocean_shortcode_after_footer_widgets":"","ocean_shortcode_before_footer_bottom":"","ocean_shortcode_after_footer_bottom":"","ocean_display_top_bar":"default","ocean_display_header":"default","ocean_header_style":"","ocean_center_header_left_menu":"0","ocean_custom_header_template":"0","ocean_custom_logo":0,"ocean_custom_retina_logo":0,"ocean_custom_logo_max_width":0,"ocean_custom_logo_tablet_max_width":0,"ocean_custom_logo_mobile_max_width":0,"ocean_custom_logo_max_height":0,"ocean_custom_logo_tablet_max_height":0,"ocean_custom_logo_mobile_max_height":0,"ocean_header_custom_menu":"0","ocean_menu_typo_font_family":"0","ocean_menu_typo_font_subset":"","ocean_menu_typo_font_size":0,"ocean_menu_typo_font_size_tablet":0,"ocean_menu_typo_font_size_mobile":0,"ocean_menu_typo_font_size_unit":"px","ocean_menu_typo_font_weight":"","ocean_menu_typo_font_weight_tablet":"","ocean_menu_typo_font_weight_mobile":"","ocean_menu_typo_transform":"","ocean_menu_typo_transform_tablet":"","ocean_menu_typo_transform_mobile":"","ocean_menu_typo_line_height":0,"ocean_menu_typo_line_height_tablet":0,"ocean_menu_typo_line_height_mobile":0,"ocean_menu_typo_line_height_unit":"","ocean_menu_typo_spacing":0,"ocean_menu_typo_spacing_tablet":0,"ocean_menu_typo_spacing_mobile":0,"ocean_menu_typo_spacing_unit":"","ocean_menu_link_color":"","ocean_menu_link_color_hover":"","ocean_menu_link_color_active":"","ocean_menu_link_background":"","ocean_menu_link_hover_background":"","ocean_menu_link_active_background":"","ocean_menu_social_links_bg":"","ocean_menu_social_hover_links_bg":"","ocean_menu_social_links_color":"","ocean_menu_social_hover_links_color":"","ocean_disable_title":"default","ocean_disable_heading":"default","ocean_post_title":"","ocean_post_subheading":"","ocean_post_title_style":"","ocean_post_title_background_color":"","ocean_post_title_background":0,"ocean_post_title_bg_image_position":"","ocean_post_title_bg_image_attachment":"","ocean_post_title_bg_image_repeat":"","ocean_post_title_bg_image_size":"","ocean_post_title_height":0,"ocean_post_title_bg_overlay":0.5,"ocean_post_title_bg_overlay_color":"","ocean_disable_breadcrumbs":"default","ocean_breadcrumbs_color":"","ocean_breadcrumbs_separator_color":"","ocean_breadcrumbs_links_color":"","ocean_breadcrumbs_links_hover_color":"","ocean_display_footer_widgets":"default","ocean_display_footer_bottom":"default","ocean_custom_footer_template":"0"},"product_brand":[],"product_cat":[64,92,95],"product_tag":[],"class_list":{"0":"post-1727","1":"product","2":"type-product","3":"status-publish","4":"has-post-thumbnail","6":"product_cat-femmes-du-desert","7":"product_cat-aicha","8":"product_cat-pochettes","10":"entry","11":"has-media","13":"first","14":"outofstock","15":"shipping-taxable","16":"purchasable","17":"product-type-variable","18":"has-product-nav","19":"col","20":"span_1_of_3","21":"owp-content-center","22":"owp-thumbs-layout-horizontal","23":"owp-btn-normal","24":"owp-tabs-layout-horizontal","25":"has-no-thumbnails","27":"circle-sale"},"jetpack-related-posts":[{"id":2027,"url":"https:\/\/enfantsdudesert.org\/boutique\/produit\/pochette-tiziri-par-aicha-%f0%9f%94%bb\/","url_meta":{"origin":1727,"position":0},"title":"Pochette &#8220;Tiziri&#8221; par Aicha \ud83d\udd3b","author":"Monica","date":"29\/11\/2024","format":false,"excerpt":"Cette joyeuse pochette en jute, fabriqu\u00e9e au Maroc, a \u00e9t\u00e9 brod\u00e9e \u00e0 la main par A\u00efcha depuis Rissani, une ville situ\u00e9e aux portes du d\u00e9sert. \ud83c\udf19 Ces motifs triangulaires berb\u00e8res se retrouvent partout dans la r\u00e9gion du d\u00e9sert marocain. Brod\u00e9s avec soin,\u00a0 ils donnent \u00e0 cette pochette un caract\u00e8re unique,\u2026","rel":"","context":"Article similaire","block_context":{"text":"Article similaire","link":""},"img":{"alt_text":"","src":"https:\/\/i0.wp.com\/enfantsdudesert.org\/boutique\/wp-content\/uploads\/2024\/11\/WhatsApp-Image-2024-11-29-a-11.27.14_bddf4359-scaled.jpg?fit=900%2C1200&ssl=1&resize=350%2C200","width":350,"height":200,"srcset":"https:\/\/i0.wp.com\/enfantsdudesert.org\/boutique\/wp-content\/uploads\/2024\/11\/WhatsApp-Image-2024-11-29-a-11.27.14_bddf4359-scaled.jpg?fit=900%2C1200&ssl=1&resize=350%2C200 1x, https:\/\/i0.wp.com\/enfantsdudesert.org\/boutique\/wp-content\/uploads\/2024\/11\/WhatsApp-Image-2024-11-29-a-11.27.14_bddf4359-scaled.jpg?fit=900%2C1200&ssl=1&resize=525%2C300 1.5x, https:\/\/i0.wp.com\/enfantsdudesert.org\/boutique\/wp-content\/uploads\/2024\/11\/WhatsApp-Image-2024-11-29-a-11.27.14_bddf4359-scaled.jpg?fit=900%2C1200&ssl=1&resize=700%2C400 2x"},"classes":[]},{"id":1862,"url":"https:\/\/enfantsdudesert.org\/boutique\/produit\/veste-blanche-berbere\/","url_meta":{"origin":1727,"position":1},"title":"Veste Amazigh par A\u00efcha \ud83e\udef6","author":"Monica","date":"26\/11\/2024","format":false,"excerpt":"Veste jean blanche loose brod\u00e9e par A\u00efcha \ud83e\udde1 D\u00e9couvrez cette magnifique veste blanche courte et au style loose, mise en valeur par les broderies artisanales r\u00e9alis\u00e9es \u00e0 la main par A\u00efcha. Ses motifs color\u00e9s rappellent l\u2019h\u00e9ritage berb\u00e8re, cette cr\u00e9ation unique raconte une histoire et apportera une touche boh\u00e8me \u00e0 votre\u2026","rel":"","context":"Article similaire","block_context":{"text":"Article similaire","link":""},"img":{"alt_text":"","src":"https:\/\/i0.wp.com\/enfantsdudesert.org\/boutique\/wp-content\/uploads\/2024\/11\/WhatsApp-Image-2024-11-26-a-09.57.00_22e0bbbc-scaled.jpg?fit=900%2C1200&ssl=1&resize=350%2C200","width":350,"height":200,"srcset":"https:\/\/i0.wp.com\/enfantsdudesert.org\/boutique\/wp-content\/uploads\/2024\/11\/WhatsApp-Image-2024-11-26-a-09.57.00_22e0bbbc-scaled.jpg?fit=900%2C1200&ssl=1&resize=350%2C200 1x, https:\/\/i0.wp.com\/enfantsdudesert.org\/boutique\/wp-content\/uploads\/2024\/11\/WhatsApp-Image-2024-11-26-a-09.57.00_22e0bbbc-scaled.jpg?fit=900%2C1200&ssl=1&resize=525%2C300 1.5x, https:\/\/i0.wp.com\/enfantsdudesert.org\/boutique\/wp-content\/uploads\/2024\/11\/WhatsApp-Image-2024-11-26-a-09.57.00_22e0bbbc-scaled.jpg?fit=900%2C1200&ssl=1&resize=700%2C400 2x"},"classes":[]},{"id":1932,"url":"https:\/\/enfantsdudesert.org\/boutique\/produit\/veste-itran-par-aicha-%e2%9c%a8\/","url_meta":{"origin":1727,"position":2},"title":"Veste Itran par A\u00efcha \u2728","author":"Monica","date":"27\/11\/2024","format":false,"excerpt":"Veste en jean noire stretch brod\u00e9e par A\u00efcha \ud83e\udde1 D\u00e9couvrez cette superbe veste en jean noir stretch, au style moderne et d\u00e9contract\u00e9, sublim\u00e9e par des broderies artisanales r\u00e9alis\u00e9es \u00e0 la main par A\u00efcha. Les motifs berb\u00e8res triangulaires, color\u00e9s et pleins de caract\u00e8re, apportent une touche dynamique et raffin\u00e9e \u00e0 cette\u2026","rel":"","context":"Article similaire","block_context":{"text":"Article similaire","link":""},"img":{"alt_text":"","src":"https:\/\/i0.wp.com\/enfantsdudesert.org\/boutique\/wp-content\/uploads\/2024\/11\/WhatsApp-Image-2024-11-27-a-17.57.08_5d2ccd83-scaled.jpg?fit=900%2C1200&ssl=1&resize=350%2C200","width":350,"height":200,"srcset":"https:\/\/i0.wp.com\/enfantsdudesert.org\/boutique\/wp-content\/uploads\/2024\/11\/WhatsApp-Image-2024-11-27-a-17.57.08_5d2ccd83-scaled.jpg?fit=900%2C1200&ssl=1&resize=350%2C200 1x, https:\/\/i0.wp.com\/enfantsdudesert.org\/boutique\/wp-content\/uploads\/2024\/11\/WhatsApp-Image-2024-11-27-a-17.57.08_5d2ccd83-scaled.jpg?fit=900%2C1200&ssl=1&resize=525%2C300 1.5x, https:\/\/i0.wp.com\/enfantsdudesert.org\/boutique\/wp-content\/uploads\/2024\/11\/WhatsApp-Image-2024-11-27-a-17.57.08_5d2ccd83-scaled.jpg?fit=900%2C1200&ssl=1&resize=700%2C400 2x"},"classes":[]},{"id":2355,"url":"https:\/\/enfantsdudesert.org\/boutique\/produit\/tapis-aicha-par-boumezzough-%f0%9f%98%8d\/","url_meta":{"origin":1727,"position":3},"title":"Tapis A\u00efcha par Boumezzough \ud83d\ude0d","author":"Monica","date":"19\/10\/2025","format":false,"excerpt":"Des motifs berb\u00e8res sur un d\u00e9grad\u00e9 de beige, le tapis A\u00efcha porte bien son nom ! R\u00e9alis\u00e9 par Boumezzough avec beaucoup de talent et de patience, ce tapis s\u2019accordera facilement dans un salon, une chambre, un bureau ou une entr\u00e9e. Les d\u00e9tails : \ud83d\udd36 173 cm sur 88 cm, \ud83d\udd36\u2026","rel":"","context":"Article similaire","block_context":{"text":"Article similaire","link":""},"img":{"alt_text":"","src":"https:\/\/i0.wp.com\/enfantsdudesert.org\/boutique\/wp-content\/uploads\/2025\/10\/IMG-20251019-WA0073-scaled.jpg?fit=900%2C1200&ssl=1&resize=350%2C200","width":350,"height":200,"srcset":"https:\/\/i0.wp.com\/enfantsdudesert.org\/boutique\/wp-content\/uploads\/2025\/10\/IMG-20251019-WA0073-scaled.jpg?fit=900%2C1200&ssl=1&resize=350%2C200 1x, https:\/\/i0.wp.com\/enfantsdudesert.org\/boutique\/wp-content\/uploads\/2025\/10\/IMG-20251019-WA0073-scaled.jpg?fit=900%2C1200&ssl=1&resize=525%2C300 1.5x, https:\/\/i0.wp.com\/enfantsdudesert.org\/boutique\/wp-content\/uploads\/2025\/10\/IMG-20251019-WA0073-scaled.jpg?fit=900%2C1200&ssl=1&resize=700%2C400 2x"},"classes":[]},{"id":1732,"url":"https:\/\/enfantsdudesert.org\/boutique\/produit\/pochette-%e2%98%80%ef%b8%8f-par-chaimae\/","url_meta":{"origin":1727,"position":4},"title":"Pochette \u2600\ufe0f par Cha\u00efmae","author":"J\u00e9romine Lan\u00e7on","date":"22\/04\/2024","format":false,"excerpt":"Cette pochette a \u00e9t\u00e9 brod\u00e9e \u00e0 la main par Cha\u00efmae. Chaque pi\u00e8ce est unique et r\u00e9alis\u00e9e avec beaucoup de passion et de patience par Cha\u00efmae. \ud83e\udef6 Infos : \u25b6\ufe0f Dimensions : 23 cm x 23 cm x 11 cm - 28\u20ac, pochette de grande taille, convient pour une trousse de\u2026","rel":"","context":"Article similaire","block_context":{"text":"Article similaire","link":""},"img":{"alt_text":"","src":"https:\/\/i0.wp.com\/enfantsdudesert.org\/boutique\/wp-content\/uploads\/2024\/04\/3e8bcedf-191d-4273-9270-ebca6340602e-1.jpeg?fit=600%2C635&ssl=1&resize=350%2C200","width":350,"height":200,"srcset":"https:\/\/i0.wp.com\/enfantsdudesert.org\/boutique\/wp-content\/uploads\/2024\/04\/3e8bcedf-191d-4273-9270-ebca6340602e-1.jpeg?fit=600%2C635&ssl=1&resize=350%2C200 1x, https:\/\/i0.wp.com\/enfantsdudesert.org\/boutique\/wp-content\/uploads\/2024\/04\/3e8bcedf-191d-4273-9270-ebca6340602e-1.jpeg?fit=600%2C635&ssl=1&resize=525%2C300 1.5x"},"classes":[]},{"id":1674,"url":"https:\/\/enfantsdudesert.org\/boutique\/produit\/pochette-love\/","url_meta":{"origin":1727,"position":5},"title":"Pochette love","author":"J\u00e9romine Lan\u00e7on","date":"05\/04\/2024","format":false,"excerpt":"Cette pochette a \u00e9t\u00e9 brod\u00e9e \u00e0 la main par Cha\u00efmae. \ud83e\udde1 Cette pi\u00e8ce est unique et r\u00e9alis\u00e9e avec amour. Un v\u00e9ritable savoir faire artisanal ! \u27a1\ufe0f pochette beige, dimensions : petite pochette, 13cm x 12.5cm x 6 cm \ud83d\udc8c Ce prix comprend les frais de port (France m\u00e9tropolitaine) \ud83e\udde1 100\u2026","rel":"","context":"Article similaire","block_context":{"text":"Article similaire","link":""},"img":{"alt_text":"","src":"https:\/\/i0.wp.com\/enfantsdudesert.org\/boutique\/wp-content\/uploads\/2024\/04\/caeab95d-555e-49f8-9d93-6e7038922d7a.jpeg?fit=600%2C800&ssl=1&resize=350%2C200","width":350,"height":200,"srcset":"https:\/\/i0.wp.com\/enfantsdudesert.org\/boutique\/wp-content\/uploads\/2024\/04\/caeab95d-555e-49f8-9d93-6e7038922d7a.jpeg?fit=600%2C800&ssl=1&resize=350%2C200 1x, https:\/\/i0.wp.com\/enfantsdudesert.org\/boutique\/wp-content\/uploads\/2024\/04\/caeab95d-555e-49f8-9d93-6e7038922d7a.jpeg?fit=600%2C800&ssl=1&resize=525%2C300 1.5x"},"classes":[]}],"jetpack_sharing_enabled":true,"_links":{"self":[{"href":"https:\/\/enfantsdudesert.org\/boutique\/wp-json\/wp\/v2\/product\/1727","targetHints":{"allow":["GET"]}}],"collection":[{"href":"https:\/\/enfantsdudesert.org\/boutique\/wp-json\/wp\/v2\/product"}],"about":[{"href":"https:\/\/enfantsdudesert.org\/boutique\/wp-json\/wp\/v2\/types\/product"}],"wp:featuredmedia":[{"embeddable":true,"href":"https:\/\/enfantsdudesert.org\/boutique\/wp-json\/wp\/v2\/media\/1730"}],"wp:attachment":[{"href":"https:\/\/enfantsdudesert.org\/boutique\/wp-json\/wp\/v2\/media?parent=1727"}],"wp:term":[{"taxonomy":"product_brand","embeddable":true,"href":"https:\/\/enfantsdudesert.org\/boutique\/wp-json\/wp\/v2\/product_brand?post=1727"},{"taxonomy":"product_cat","embeddable":true,"href":"https:\/\/enfantsdudesert.org\/boutique\/wp-json\/wp\/v2\/product_cat?post=1727"},{"taxonomy":"product_tag","embeddable":true,"href":"https:\/\/enfantsdudesert.org\/boutique\/wp-json\/wp\/v2\/product_tag?post=1727"}],"curies":[{"name":"wp","href":"https:\/\/api.w.org\/{rel}","templated":true}]}}