{"id":1765,"date":"2024-05-16T14:52:19","date_gmt":"2024-05-16T12:52:19","guid":{"rendered":"https:\/\/enfantsdudesert.org\/boutique\/?post_type=product&#038;p=1765"},"modified":"2025-10-30T20:44:06","modified_gmt":"2025-10-30T19:44:06","slug":"veste-brodee-%f0%9f%92%99-par-amal","status":"publish","type":"product","link":"https:\/\/enfantsdudesert.org\/boutique\/produit\/veste-brodee-%f0%9f%92%99-par-amal\/","title":{"rendered":"Veste brod\u00e9e \ud83d\udc99 par Amal"},"content":{"rendered":"","protected":false},"excerpt":{"rendered":"<p>Veste en jean upcycl\u00e9e par le talent d\u2019Amal qui brode avec passion des perles scintillantes. Une tr\u00e8s belle cr\u00e9ation unique !<\/p>\n<p>\u27a1\ufe0f Les infos :<br \/>\nTaille XS,<br \/>\nlargeur \u00e9paules 36 cm<br \/>\nLargeur poitrine 43 cm<br \/>\nLongueur dos 51cm<br \/>\nLongueur manches 57 cm<\/p>\n<p>\ud83d\udc8c Frais de port compris pour la France.<\/p>\n<p>\ud83e\udde1 100% des b\u00e9n\u00e9fices revers\u00e9s \u00e0 Amal.<\/p>\n","protected":false},"featured_media":1766,"template":"","meta":{"ocean_post_layout":"","ocean_both_sidebars_style":"","ocean_both_sidebars_content_width":0,"ocean_both_sidebars_sidebars_width":0,"ocean_sidebar":"0","ocean_second_sidebar":"0","ocean_disable_margins":"enable","ocean_add_body_class":"","ocean_shortcode_before_top_bar":"","ocean_shortcode_after_top_bar":"","ocean_shortcode_before_header":"","ocean_shortcode_after_header":"","ocean_has_shortcode":"","ocean_shortcode_after_title":"","ocean_shortcode_before_footer_widgets":"","ocean_shortcode_after_footer_widgets":"","ocean_shortcode_before_footer_bottom":"","ocean_shortcode_after_footer_bottom":"","ocean_display_top_bar":"default","ocean_display_header":"default","ocean_header_style":"","ocean_center_header_left_menu":"0","ocean_custom_header_template":"0","ocean_custom_logo":0,"ocean_custom_retina_logo":0,"ocean_custom_logo_max_width":0,"ocean_custom_logo_tablet_max_width":0,"ocean_custom_logo_mobile_max_width":0,"ocean_custom_logo_max_height":0,"ocean_custom_logo_tablet_max_height":0,"ocean_custom_logo_mobile_max_height":0,"ocean_header_custom_menu":"0","ocean_menu_typo_font_family":"0","ocean_menu_typo_font_subset":"","ocean_menu_typo_font_size":0,"ocean_menu_typo_font_size_tablet":0,"ocean_menu_typo_font_size_mobile":0,"ocean_menu_typo_font_size_unit":"px","ocean_menu_typo_font_weight":"","ocean_menu_typo_font_weight_tablet":"","ocean_menu_typo_font_weight_mobile":"","ocean_menu_typo_transform":"","ocean_menu_typo_transform_tablet":"","ocean_menu_typo_transform_mobile":"","ocean_menu_typo_line_height":0,"ocean_menu_typo_line_height_tablet":0,"ocean_menu_typo_line_height_mobile":0,"ocean_menu_typo_line_height_unit":"","ocean_menu_typo_spacing":0,"ocean_menu_typo_spacing_tablet":0,"ocean_menu_typo_spacing_mobile":0,"ocean_menu_typo_spacing_unit":"","ocean_menu_link_color":"","ocean_menu_link_color_hover":"","ocean_menu_link_color_active":"","ocean_menu_link_background":"","ocean_menu_link_hover_background":"","ocean_menu_link_active_background":"","ocean_menu_social_links_bg":"","ocean_menu_social_hover_links_bg":"","ocean_menu_social_links_color":"","ocean_menu_social_hover_links_color":"","ocean_disable_title":"default","ocean_disable_heading":"default","ocean_post_title":"","ocean_post_subheading":"","ocean_post_title_style":"","ocean_post_title_background_color":"","ocean_post_title_background":0,"ocean_post_title_bg_image_position":"","ocean_post_title_bg_image_attachment":"","ocean_post_title_bg_image_repeat":"","ocean_post_title_bg_image_size":"","ocean_post_title_height":0,"ocean_post_title_bg_overlay":0.5,"ocean_post_title_bg_overlay_color":"","ocean_disable_breadcrumbs":"default","ocean_breadcrumbs_color":"","ocean_breadcrumbs_separator_color":"","ocean_breadcrumbs_links_color":"","ocean_breadcrumbs_links_hover_color":"","ocean_display_footer_widgets":"default","ocean_display_footer_bottom":"default","ocean_custom_footer_template":"0"},"product_brand":[],"product_cat":[127,64,91,89],"product_tag":[],"class_list":{"0":"post-1765","1":"product","2":"type-product","3":"status-publish","4":"has-post-thumbnail","6":"product_cat-vetements","7":"product_cat-femmes-du-desert","8":"product_cat-amal","9":"product_cat-vetements-upcycles","11":"entry","12":"has-media","14":"first","15":"outofstock","16":"shipping-taxable","17":"purchasable","18":"product-type-simple","19":"has-product-nav","20":"col","21":"span_1_of_3","22":"owp-content-center","23":"owp-thumbs-layout-horizontal","24":"owp-btn-normal","25":"owp-tabs-layout-horizontal","27":"circle-sale"},"jetpack-related-posts":[{"id":1769,"url":"https:\/\/enfantsdudesert.org\/boutique\/produit\/housse-de-coussin-%f0%9f%a7%bf-par-amal\/","url_meta":{"origin":1765,"position":0},"title":"Housse de coussin \ud83e\uddff par Amal","author":"J\u00e9romine Lan\u00e7on","date":"16\/05\/2024","format":false,"excerpt":"Magnifique pi\u00e8ce r\u00e9alis\u00e9e avec talent par Amal qui brode des perles scintillantes \u2728 Motif \u0153il porte bonheur \ud83e\uddff \u27a1\ufe0f Les infos : housse de coussin de dimensions : 30 x 50 cm. Vendue sans coussin. \ud83d\udc8c Prix comprenant les frais de port pour la France \ud83e\udde1 100% des b\u00e9n\u00e9fices pour\u2026","rel":"","context":"Article similaire","block_context":{"text":"Article similaire","link":""},"img":{"alt_text":"","src":"https:\/\/i0.wp.com\/enfantsdudesert.org\/boutique\/wp-content\/uploads\/2024\/05\/4b813637-e1fa-4960-ad10-ae2a983e26f0.jpeg?fit=1200%2C1081&ssl=1&resize=350%2C200","width":350,"height":200,"srcset":"https:\/\/i0.wp.com\/enfantsdudesert.org\/boutique\/wp-content\/uploads\/2024\/05\/4b813637-e1fa-4960-ad10-ae2a983e26f0.jpeg?fit=1200%2C1081&ssl=1&resize=350%2C200 1x, https:\/\/i0.wp.com\/enfantsdudesert.org\/boutique\/wp-content\/uploads\/2024\/05\/4b813637-e1fa-4960-ad10-ae2a983e26f0.jpeg?fit=1200%2C1081&ssl=1&resize=525%2C300 1.5x, https:\/\/i0.wp.com\/enfantsdudesert.org\/boutique\/wp-content\/uploads\/2024\/05\/4b813637-e1fa-4960-ad10-ae2a983e26f0.jpeg?fit=1200%2C1081&ssl=1&resize=700%2C400 2x, https:\/\/i0.wp.com\/enfantsdudesert.org\/boutique\/wp-content\/uploads\/2024\/05\/4b813637-e1fa-4960-ad10-ae2a983e26f0.jpeg?fit=1200%2C1081&ssl=1&resize=1050%2C600 3x"},"classes":[]},{"id":1427,"url":"https:\/\/enfantsdudesert.org\/boutique\/produit\/pochettes-brodees\/","url_meta":{"origin":1765,"position":1},"title":"Pochettes brod\u00e9es &#8211; Amal","author":"Monica","date":"06\/06\/2023","format":false,"excerpt":"Pochette sublim\u00e9e par Amal, une maman d'enfants parrain\u00e9s de la ville de Rissani. Convient tout \u00e0 fait comme pochette mais \u00e9galement en sac \u00e0 main pour sortir et scintiller avec ces jolies perles brillantes. \u2728 Cr\u00e9ation artisanale et unique. \u25b6 Pochette en toile de jute r\u00e9alis\u00e9e au Maroc : 30\u2026","rel":"","context":"Article similaire","block_context":{"text":"Article similaire","link":""},"img":{"alt_text":"","src":"https:\/\/i0.wp.com\/enfantsdudesert.org\/boutique\/wp-content\/uploads\/2023\/06\/Images-pochettes-2-1.webp?fit=800%2C600&ssl=1&resize=350%2C200","width":350,"height":200,"srcset":"https:\/\/i0.wp.com\/enfantsdudesert.org\/boutique\/wp-content\/uploads\/2023\/06\/Images-pochettes-2-1.webp?fit=800%2C600&ssl=1&resize=350%2C200 1x, https:\/\/i0.wp.com\/enfantsdudesert.org\/boutique\/wp-content\/uploads\/2023\/06\/Images-pochettes-2-1.webp?fit=800%2C600&ssl=1&resize=525%2C300 1.5x, https:\/\/i0.wp.com\/enfantsdudesert.org\/boutique\/wp-content\/uploads\/2023\/06\/Images-pochettes-2-1.webp?fit=800%2C600&ssl=1&resize=700%2C400 2x"},"classes":[]},{"id":1772,"url":"https:\/\/enfantsdudesert.org\/boutique\/produit\/housse-de-coussin-%f0%9f%8c%b4\/","url_meta":{"origin":1765,"position":2},"title":"Housse de coussin \ud83c\udf34","author":"J\u00e9romine Lan\u00e7on","date":"16\/05\/2024","format":false,"excerpt":"Magnifique pi\u00e8ce r\u00e9alis\u00e9e avec talent par Amal qui brode des perles scintillantes \u2728 Motif palmier en hommage \u00e0 sa r\u00e9gion \ud83c\udf34\ud83e\udde1 \u27a1\ufe0f Les infos : housse de coussin noire de dimensions : 30 x 50 cm. Vendue sans coussin. \ud83d\udc8c Prix comprenant les frais de port pour la France \ud83e\udde1\u2026","rel":"","context":"Article similaire","block_context":{"text":"Article similaire","link":""},"img":{"alt_text":"","src":"https:\/\/i0.wp.com\/enfantsdudesert.org\/boutique\/wp-content\/uploads\/2024\/05\/a3228737-b1b5-48f4-8861-6460f6a09be7.jpeg?fit=1179%2C1200&ssl=1&resize=350%2C200","width":350,"height":200,"srcset":"https:\/\/i0.wp.com\/enfantsdudesert.org\/boutique\/wp-content\/uploads\/2024\/05\/a3228737-b1b5-48f4-8861-6460f6a09be7.jpeg?fit=1179%2C1200&ssl=1&resize=350%2C200 1x, https:\/\/i0.wp.com\/enfantsdudesert.org\/boutique\/wp-content\/uploads\/2024\/05\/a3228737-b1b5-48f4-8861-6460f6a09be7.jpeg?fit=1179%2C1200&ssl=1&resize=525%2C300 1.5x, https:\/\/i0.wp.com\/enfantsdudesert.org\/boutique\/wp-content\/uploads\/2024\/05\/a3228737-b1b5-48f4-8861-6460f6a09be7.jpeg?fit=1179%2C1200&ssl=1&resize=700%2C400 2x, https:\/\/i0.wp.com\/enfantsdudesert.org\/boutique\/wp-content\/uploads\/2024\/05\/a3228737-b1b5-48f4-8861-6460f6a09be7.jpeg?fit=1179%2C1200&ssl=1&resize=1050%2C600 3x"},"classes":[]},{"id":1777,"url":"https:\/\/enfantsdudesert.org\/boutique\/produit\/housse-de-coussin-%f0%9f%a4%8d\/","url_meta":{"origin":1765,"position":3},"title":"Housse de coussin \ud83e\udd0d","author":"J\u00e9romine Lan\u00e7on","date":"16\/05\/2024","format":false,"excerpt":"Magnifique pi\u00e8ce r\u00e9alis\u00e9e avec talent par Amal qui brode des perles scintillantes \u2728 Motif c\u0153ur \u00e9clat\u00e9 \ud83e\udd0d \u27a1\ufe0f Les infos : housse de coussin couleur noire de dimensions : 30 x 50 cm. Vendue sans coussin. \ud83d\udc8c Prix comprenant les frais de port pour la France \ud83e\udde1 100% des b\u00e9n\u00e9fices\u2026","rel":"","context":"Article similaire","block_context":{"text":"Article similaire","link":""},"img":{"alt_text":"","src":"https:\/\/i0.wp.com\/enfantsdudesert.org\/boutique\/wp-content\/uploads\/2024\/05\/64e95ac9-1f40-41fb-b2c0-fd680622988f.jpeg?fit=1200%2C1167&ssl=1&resize=350%2C200","width":350,"height":200,"srcset":"https:\/\/i0.wp.com\/enfantsdudesert.org\/boutique\/wp-content\/uploads\/2024\/05\/64e95ac9-1f40-41fb-b2c0-fd680622988f.jpeg?fit=1200%2C1167&ssl=1&resize=350%2C200 1x, https:\/\/i0.wp.com\/enfantsdudesert.org\/boutique\/wp-content\/uploads\/2024\/05\/64e95ac9-1f40-41fb-b2c0-fd680622988f.jpeg?fit=1200%2C1167&ssl=1&resize=525%2C300 1.5x, https:\/\/i0.wp.com\/enfantsdudesert.org\/boutique\/wp-content\/uploads\/2024\/05\/64e95ac9-1f40-41fb-b2c0-fd680622988f.jpeg?fit=1200%2C1167&ssl=1&resize=700%2C400 2x, https:\/\/i0.wp.com\/enfantsdudesert.org\/boutique\/wp-content\/uploads\/2024\/05\/64e95ac9-1f40-41fb-b2c0-fd680622988f.jpeg?fit=1200%2C1167&ssl=1&resize=1050%2C600 3x"},"classes":[]},{"id":1774,"url":"https:\/\/enfantsdudesert.org\/boutique\/produit\/housse-de-coussin-nb-%f0%9f%8c%b4\/","url_meta":{"origin":1765,"position":4},"title":"Housse de coussin N&#038;B \ud83c\udf34","author":"J\u00e9romine Lan\u00e7on","date":"16\/05\/2024","format":false,"excerpt":"Magnifique pi\u00e8ce r\u00e9alis\u00e9e avec talent par Amal qui brode des perles scintillantes \u2728 Motif palmier en hommage \u00e0 sa r\u00e9gion \ud83c\udf34\ud83e\udde1 \u27a1\ufe0f Les infos : housse de coussin couleur blanche-beige de dimensions : 30 x 50 cm. Vendue sans coussin. \ud83d\udc8c Prix comprenant les frais de port pour la France\u2026","rel":"","context":"Article similaire","block_context":{"text":"Article similaire","link":""},"img":{"alt_text":"","src":"https:\/\/i0.wp.com\/enfantsdudesert.org\/boutique\/wp-content\/uploads\/2024\/05\/2d5c09c3-ef15-44fe-b8d4-b5a9e1691246.jpeg?fit=1178%2C1200&ssl=1&resize=350%2C200","width":350,"height":200,"srcset":"https:\/\/i0.wp.com\/enfantsdudesert.org\/boutique\/wp-content\/uploads\/2024\/05\/2d5c09c3-ef15-44fe-b8d4-b5a9e1691246.jpeg?fit=1178%2C1200&ssl=1&resize=350%2C200 1x, https:\/\/i0.wp.com\/enfantsdudesert.org\/boutique\/wp-content\/uploads\/2024\/05\/2d5c09c3-ef15-44fe-b8d4-b5a9e1691246.jpeg?fit=1178%2C1200&ssl=1&resize=525%2C300 1.5x, https:\/\/i0.wp.com\/enfantsdudesert.org\/boutique\/wp-content\/uploads\/2024\/05\/2d5c09c3-ef15-44fe-b8d4-b5a9e1691246.jpeg?fit=1178%2C1200&ssl=1&resize=700%2C400 2x, https:\/\/i0.wp.com\/enfantsdudesert.org\/boutique\/wp-content\/uploads\/2024\/05\/2d5c09c3-ef15-44fe-b8d4-b5a9e1691246.jpeg?fit=1178%2C1200&ssl=1&resize=1050%2C600 3x"},"classes":[]},{"id":1689,"url":"https:\/\/enfantsdudesert.org\/boutique\/produit\/veste-enfant-marguerite\/","url_meta":{"origin":1765,"position":5},"title":"Veste enfant marguerite","author":"J\u00e9romine Lan\u00e7on","date":"05\/04\/2024","format":false,"excerpt":"Veste en jean enfant upcycl\u00e9e brod\u00e9e par Cha\u00efmae \ud83e\udde1 Veste en jeans pour enfant brod\u00e9e par Cha\u00efmae. Une veste de seconde main remise en valeur gr\u00e2ce aux superbe travail de Cha\u00efmae. De jolies marguerite pour une jolie petite fille. Pi\u00e8ce unique \u2728 Les infos \u2935\ufe0f Taille 104 cm\/4 ans Largeur\u2026","rel":"","context":"Article similaire","block_context":{"text":"Article similaire","link":""},"img":{"alt_text":"","src":"https:\/\/i0.wp.com\/enfantsdudesert.org\/boutique\/wp-content\/uploads\/2024\/04\/Veste-enfant-Chaimae-Marguerites.webp?fit=800%2C581&ssl=1&resize=350%2C200","width":350,"height":200,"srcset":"https:\/\/i0.wp.com\/enfantsdudesert.org\/boutique\/wp-content\/uploads\/2024\/04\/Veste-enfant-Chaimae-Marguerites.webp?fit=800%2C581&ssl=1&resize=350%2C200 1x, https:\/\/i0.wp.com\/enfantsdudesert.org\/boutique\/wp-content\/uploads\/2024\/04\/Veste-enfant-Chaimae-Marguerites.webp?fit=800%2C581&ssl=1&resize=525%2C300 1.5x, https:\/\/i0.wp.com\/enfantsdudesert.org\/boutique\/wp-content\/uploads\/2024\/04\/Veste-enfant-Chaimae-Marguerites.webp?fit=800%2C581&ssl=1&resize=700%2C400 2x"},"classes":[]}],"jetpack_sharing_enabled":true,"_links":{"self":[{"href":"https:\/\/enfantsdudesert.org\/boutique\/wp-json\/wp\/v2\/product\/1765","targetHints":{"allow":["GET"]}}],"collection":[{"href":"https:\/\/enfantsdudesert.org\/boutique\/wp-json\/wp\/v2\/product"}],"about":[{"href":"https:\/\/enfantsdudesert.org\/boutique\/wp-json\/wp\/v2\/types\/product"}],"wp:featuredmedia":[{"embeddable":true,"href":"https:\/\/enfantsdudesert.org\/boutique\/wp-json\/wp\/v2\/media\/1766"}],"wp:attachment":[{"href":"https:\/\/enfantsdudesert.org\/boutique\/wp-json\/wp\/v2\/media?parent=1765"}],"wp:term":[{"taxonomy":"product_brand","embeddable":true,"href":"https:\/\/enfantsdudesert.org\/boutique\/wp-json\/wp\/v2\/product_brand?post=1765"},{"taxonomy":"product_cat","embeddable":true,"href":"https:\/\/enfantsdudesert.org\/boutique\/wp-json\/wp\/v2\/product_cat?post=1765"},{"taxonomy":"product_tag","embeddable":true,"href":"https:\/\/enfantsdudesert.org\/boutique\/wp-json\/wp\/v2\/product_tag?post=1765"}],"curies":[{"name":"wp","href":"https:\/\/api.w.org\/{rel}","templated":true}]}}