{"id":1862,"date":"2024-11-26T10:22:35","date_gmt":"2024-11-26T09:22:35","guid":{"rendered":"https:\/\/enfantsdudesert.org\/boutique\/?post_type=product&#038;p=1862"},"modified":"2025-10-19T19:31:52","modified_gmt":"2025-10-19T17:31:52","slug":"veste-blanche-berbere","status":"publish","type":"product","link":"https:\/\/enfantsdudesert.org\/boutique\/produit\/veste-blanche-berbere\/","title":{"rendered":"Veste Amazigh par A\u00efcha \ud83e\udef6"},"content":{"rendered":"","protected":false},"excerpt":{"rendered":"<p><strong>Veste jean blanche loose brod\u00e9e par A\u00efcha \ud83e\udde1<\/strong><\/p>\n<p>D\u00e9couvrez cette magnifique veste blanche courte et au style loose, mise en valeur par les broderies artisanales r\u00e9alis\u00e9es \u00e0 la main par A\u00efcha. Ses motifs color\u00e9s rappellent l\u2019h\u00e9ritage berb\u00e8re, cette cr\u00e9ation unique raconte une histoire et apportera une touche boh\u00e8me \u00e0 votre garde-robe.<\/p>\n<p><strong>Pi\u00e8ce unique \ud83d\udd06<\/strong><\/p>\n<p><strong>Id\u00e9es pour la porter \u27a1\ufe0f<\/strong><\/p>\n<ul>\n<li>Par-dessus une robe fluide pour un look romantique.<\/li>\n<li>Avec un pantalon ou un jean taille haute pour une tenue d\u00e9contract\u00e9e.<\/li>\n<li>Avec un foulard ou un ch\u00e2le pour \u00eatre par\u00e9e pour l&#8217;arriv\u00e9e de l&#8217;hiver.<\/li>\n<\/ul>\n<p><strong>Les infos \u27a1\ufe0f<\/strong><\/p>\n<ul>\n<li>Taille 46 sur l&#8217;\u00e9tiquette (format loose, convient \u00e0 diff\u00e9rentes tailles &amp; morphologies)<\/li>\n<li>Largeur \u00e9paules : 58 cm<\/li>\n<li>Longueur dos : 50 cm<\/li>\n<li>Longueur manches : 52 cm<\/li>\n<\/ul>\n<p>\ud83d\udc8c <em>Le prix comprend les frais de port (France m\u00e9tropolitaine)<\/em><\/p>\n<p>\ud83e\udde1 <em>100% des b\u00e9n\u00e9fices sont revers\u00e9s \u00e0 A\u00efcha, soutenant ainsi son talent et son ind\u00e9pendance.<\/em><\/p>\n","protected":false},"featured_media":1863,"template":"","meta":{"ocean_post_layout":"","ocean_both_sidebars_style":"","ocean_both_sidebars_content_width":0,"ocean_both_sidebars_sidebars_width":0,"ocean_sidebar":"0","ocean_second_sidebar":"0","ocean_disable_margins":"enable","ocean_add_body_class":"","ocean_shortcode_before_top_bar":"","ocean_shortcode_after_top_bar":"","ocean_shortcode_before_header":"","ocean_shortcode_after_header":"","ocean_has_shortcode":"","ocean_shortcode_after_title":"","ocean_shortcode_before_footer_widgets":"","ocean_shortcode_after_footer_widgets":"","ocean_shortcode_before_footer_bottom":"","ocean_shortcode_after_footer_bottom":"","ocean_display_top_bar":"default","ocean_display_header":"default","ocean_header_style":"","ocean_center_header_left_menu":"0","ocean_custom_header_template":"0","ocean_custom_logo":0,"ocean_custom_retina_logo":0,"ocean_custom_logo_max_width":0,"ocean_custom_logo_tablet_max_width":0,"ocean_custom_logo_mobile_max_width":0,"ocean_custom_logo_max_height":0,"ocean_custom_logo_tablet_max_height":0,"ocean_custom_logo_mobile_max_height":0,"ocean_header_custom_menu":"0","ocean_menu_typo_font_family":"0","ocean_menu_typo_font_subset":"","ocean_menu_typo_font_size":0,"ocean_menu_typo_font_size_tablet":0,"ocean_menu_typo_font_size_mobile":0,"ocean_menu_typo_font_size_unit":"px","ocean_menu_typo_font_weight":"","ocean_menu_typo_font_weight_tablet":"","ocean_menu_typo_font_weight_mobile":"","ocean_menu_typo_transform":"","ocean_menu_typo_transform_tablet":"","ocean_menu_typo_transform_mobile":"","ocean_menu_typo_line_height":0,"ocean_menu_typo_line_height_tablet":0,"ocean_menu_typo_line_height_mobile":0,"ocean_menu_typo_line_height_unit":"","ocean_menu_typo_spacing":0,"ocean_menu_typo_spacing_tablet":0,"ocean_menu_typo_spacing_mobile":0,"ocean_menu_typo_spacing_unit":"","ocean_menu_link_color":"","ocean_menu_link_color_hover":"","ocean_menu_link_color_active":"","ocean_menu_link_background":"","ocean_menu_link_hover_background":"","ocean_menu_link_active_background":"","ocean_menu_social_links_bg":"","ocean_menu_social_hover_links_bg":"","ocean_menu_social_links_color":"","ocean_menu_social_hover_links_color":"","ocean_disable_title":"default","ocean_disable_heading":"default","ocean_post_title":"","ocean_post_subheading":"","ocean_post_title_style":"","ocean_post_title_background_color":"","ocean_post_title_background":0,"ocean_post_title_bg_image_position":"","ocean_post_title_bg_image_attachment":"","ocean_post_title_bg_image_repeat":"","ocean_post_title_bg_image_size":"","ocean_post_title_height":0,"ocean_post_title_bg_overlay":0.5,"ocean_post_title_bg_overlay_color":"","ocean_disable_breadcrumbs":"default","ocean_breadcrumbs_color":"","ocean_breadcrumbs_separator_color":"","ocean_breadcrumbs_links_color":"","ocean_breadcrumbs_links_hover_color":"","ocean_display_footer_widgets":"default","ocean_display_footer_bottom":"default","ocean_custom_footer_template":"0"},"product_brand":[],"product_cat":[127,64,92,89],"product_tag":[],"class_list":{"0":"post-1862","1":"product","2":"type-product","3":"status-publish","4":"has-post-thumbnail","6":"product_cat-vetements","7":"product_cat-femmes-du-desert","8":"product_cat-aicha","9":"product_cat-vetements-upcycles","11":"entry","12":"has-media","14":"first","15":"outofstock","16":"shipping-taxable","17":"purchasable","18":"product-type-simple","19":"has-product-nav","20":"col","21":"span_1_of_3","22":"owp-content-center","23":"owp-thumbs-layout-horizontal","24":"owp-btn-normal","25":"owp-tabs-layout-horizontal","27":"circle-sale"},"jetpack-related-posts":[{"id":1932,"url":"https:\/\/enfantsdudesert.org\/boutique\/produit\/veste-itran-par-aicha-%e2%9c%a8\/","url_meta":{"origin":1862,"position":0},"title":"Veste Itran par A\u00efcha \u2728","author":"Monica","date":"27\/11\/2024","format":false,"excerpt":"Veste en jean noire stretch brod\u00e9e par A\u00efcha \ud83e\udde1 D\u00e9couvrez cette superbe veste en jean noir stretch, au style moderne et d\u00e9contract\u00e9, sublim\u00e9e par des broderies artisanales r\u00e9alis\u00e9es \u00e0 la main par A\u00efcha. Les motifs berb\u00e8res triangulaires, color\u00e9s et pleins de caract\u00e8re, apportent une touche dynamique et raffin\u00e9e \u00e0 cette\u2026","rel":"","context":"Article similaire","block_context":{"text":"Article similaire","link":""},"img":{"alt_text":"","src":"https:\/\/i0.wp.com\/enfantsdudesert.org\/boutique\/wp-content\/uploads\/2024\/11\/WhatsApp-Image-2024-11-27-a-17.57.08_5d2ccd83-scaled.jpg?fit=900%2C1200&ssl=1&resize=350%2C200","width":350,"height":200,"srcset":"https:\/\/i0.wp.com\/enfantsdudesert.org\/boutique\/wp-content\/uploads\/2024\/11\/WhatsApp-Image-2024-11-27-a-17.57.08_5d2ccd83-scaled.jpg?fit=900%2C1200&ssl=1&resize=350%2C200 1x, https:\/\/i0.wp.com\/enfantsdudesert.org\/boutique\/wp-content\/uploads\/2024\/11\/WhatsApp-Image-2024-11-27-a-17.57.08_5d2ccd83-scaled.jpg?fit=900%2C1200&ssl=1&resize=525%2C300 1.5x, https:\/\/i0.wp.com\/enfantsdudesert.org\/boutique\/wp-content\/uploads\/2024\/11\/WhatsApp-Image-2024-11-27-a-17.57.08_5d2ccd83-scaled.jpg?fit=900%2C1200&ssl=1&resize=700%2C400 2x"},"classes":[]},{"id":1926,"url":"https:\/\/enfantsdudesert.org\/boutique\/produit\/veste-achnou-par-rachida-%f0%9f%a4%8d\/","url_meta":{"origin":1862,"position":1},"title":"Veste Achnou par Rachida \ud83e\udd0d","author":"Monica","date":"27\/11\/2024","format":false,"excerpt":"Veste blanche brod\u00e9e en fil Rachida \ud83e\udde1 D\u00e9couvrez cette magnifique veste blanche au style loose, mise en valeur par les broderies en fil r\u00e9alis\u00e9es \u00e0 la main par Rachida. Ses motifs orientaux, pr\u00e9sents recto-verso, apportent une touche raffin\u00e9e et authentique, inspir\u00e9e des traditions artisanales. Chaque d\u00e9tail, minutieusement brod\u00e9, refl\u00e8te l\u2019h\u00e9ritage\u2026","rel":"","context":"Article similaire","block_context":{"text":"Article similaire","link":""},"img":{"alt_text":"","src":"https:\/\/i0.wp.com\/enfantsdudesert.org\/boutique\/wp-content\/uploads\/2024\/11\/Achnou-2-scaled.jpg?fit=900%2C1200&ssl=1&resize=350%2C200","width":350,"height":200,"srcset":"https:\/\/i0.wp.com\/enfantsdudesert.org\/boutique\/wp-content\/uploads\/2024\/11\/Achnou-2-scaled.jpg?fit=900%2C1200&ssl=1&resize=350%2C200 1x, https:\/\/i0.wp.com\/enfantsdudesert.org\/boutique\/wp-content\/uploads\/2024\/11\/Achnou-2-scaled.jpg?fit=900%2C1200&ssl=1&resize=525%2C300 1.5x, https:\/\/i0.wp.com\/enfantsdudesert.org\/boutique\/wp-content\/uploads\/2024\/11\/Achnou-2-scaled.jpg?fit=900%2C1200&ssl=1&resize=700%2C400 2x"},"classes":[]},{"id":1765,"url":"https:\/\/enfantsdudesert.org\/boutique\/produit\/veste-brodee-%f0%9f%92%99-par-amal\/","url_meta":{"origin":1862,"position":2},"title":"Veste brod\u00e9e \ud83d\udc99 par Amal","author":"J\u00e9romine Lan\u00e7on","date":"16\/05\/2024","format":false,"excerpt":"Veste en jean upcycl\u00e9e par le talent d\u2019Amal qui brode avec passion des perles scintillantes. Une tr\u00e8s belle cr\u00e9ation unique ! \u27a1\ufe0f Les infos : Taille XS, largeur \u00e9paules 36 cm Largeur poitrine 43 cm Longueur dos 51cm Longueur manches 57 cm \ud83d\udc8c Frais de port compris pour la France.\u2026","rel":"","context":"Article similaire","block_context":{"text":"Article similaire","link":""},"img":{"alt_text":"","src":"https:\/\/i0.wp.com\/enfantsdudesert.org\/boutique\/wp-content\/uploads\/2024\/05\/ad436e0d-95d0-4153-8328-4539b3586b1e.jpeg?fit=900%2C1200&ssl=1&resize=350%2C200","width":350,"height":200,"srcset":"https:\/\/i0.wp.com\/enfantsdudesert.org\/boutique\/wp-content\/uploads\/2024\/05\/ad436e0d-95d0-4153-8328-4539b3586b1e.jpeg?fit=900%2C1200&ssl=1&resize=350%2C200 1x, https:\/\/i0.wp.com\/enfantsdudesert.org\/boutique\/wp-content\/uploads\/2024\/05\/ad436e0d-95d0-4153-8328-4539b3586b1e.jpeg?fit=900%2C1200&ssl=1&resize=525%2C300 1.5x, https:\/\/i0.wp.com\/enfantsdudesert.org\/boutique\/wp-content\/uploads\/2024\/05\/ad436e0d-95d0-4153-8328-4539b3586b1e.jpeg?fit=900%2C1200&ssl=1&resize=700%2C400 2x"},"classes":[]},{"id":1903,"url":"https:\/\/enfantsdudesert.org\/boutique\/produit\/chemise-en-jean-upcyclee-par-fatima-zahra-%f0%9f%a7%a1\/","url_meta":{"origin":1862,"position":3},"title":"Chemise Zahi par Fatima-Zahra \ud83d\udc9c","author":"Monica","date":"27\/11\/2024","format":false,"excerpt":"D\u00e9couvrez cette chemise en jean au style loose et confortable, orn\u00e9e de sublimes broderies en perles de rocailles faites \u00e0 la main par Fatima-Zahra. Les motifs berb\u00e8res color\u00e9s apportent une touche authentique et \u00e9l\u00e9gante, c\u00e9l\u00e9brant un artisanat riche et une culture inspirante. \u2728 Pi\u00e8ce unique pour un look qui raconte\u2026","rel":"","context":"Article similaire","block_context":{"text":"Article similaire","link":""},"img":{"alt_text":"","src":"https:\/\/i0.wp.com\/enfantsdudesert.org\/boutique\/wp-content\/uploads\/2024\/11\/WhatsApp-Image-2024-11-27-a-16.11.58_1192cf0d-scaled.jpg?fit=900%2C1200&ssl=1&resize=350%2C200","width":350,"height":200,"srcset":"https:\/\/i0.wp.com\/enfantsdudesert.org\/boutique\/wp-content\/uploads\/2024\/11\/WhatsApp-Image-2024-11-27-a-16.11.58_1192cf0d-scaled.jpg?fit=900%2C1200&ssl=1&resize=350%2C200 1x, https:\/\/i0.wp.com\/enfantsdudesert.org\/boutique\/wp-content\/uploads\/2024\/11\/WhatsApp-Image-2024-11-27-a-16.11.58_1192cf0d-scaled.jpg?fit=900%2C1200&ssl=1&resize=525%2C300 1.5x, https:\/\/i0.wp.com\/enfantsdudesert.org\/boutique\/wp-content\/uploads\/2024\/11\/WhatsApp-Image-2024-11-27-a-16.11.58_1192cf0d-scaled.jpg?fit=900%2C1200&ssl=1&resize=700%2C400 2x"},"classes":[]},{"id":1701,"url":"https:\/\/enfantsdudesert.org\/boutique\/produit\/veste-brodee-fleurs-roses\/","url_meta":{"origin":1862,"position":4},"title":"Veste brod\u00e9e fleurs roses","author":"J\u00e9romine Lan\u00e7on","date":"05\/04\/2024","format":false,"excerpt":"Veste upcycl\u00e9e brod\u00e9e par Cha\u00efmae \ud83e\udde1 Cette veste a \u00e9t\u00e9 brod\u00e9e \u00e0 la main. Une veste de seconde main remise en valeur gr\u00e2ce au superbe travail de Cha\u00efmae. Mettez des fleurs dans votre vie ! Pi\u00e8ce unique \u2728 Les infos \u27a1\ufe0f Taille 40 Largeur \u00e9paules 41 cm Largeur poitrine 45\u2026","rel":"","context":"Article similaire","block_context":{"text":"Article similaire","link":""},"img":{"alt_text":"","src":"https:\/\/i0.wp.com\/enfantsdudesert.org\/boutique\/wp-content\/uploads\/2024\/04\/Veste-Chaimae-fleurs-roses-recto.webp?fit=683%2C800&ssl=1&resize=350%2C200","width":350,"height":200,"srcset":"https:\/\/i0.wp.com\/enfantsdudesert.org\/boutique\/wp-content\/uploads\/2024\/04\/Veste-Chaimae-fleurs-roses-recto.webp?fit=683%2C800&ssl=1&resize=350%2C200 1x, https:\/\/i0.wp.com\/enfantsdudesert.org\/boutique\/wp-content\/uploads\/2024\/04\/Veste-Chaimae-fleurs-roses-recto.webp?fit=683%2C800&ssl=1&resize=525%2C300 1.5x"},"classes":[]},{"id":1704,"url":"https:\/\/enfantsdudesert.org\/boutique\/produit\/veste-enfant-fleurie\/","url_meta":{"origin":1862,"position":5},"title":"Veste enfant fleurie","author":"J\u00e9romine Lan\u00e7on","date":"05\/04\/2024","format":false,"excerpt":"Veste enfant upcycl\u00e9e brod\u00e9e par Cha\u00efmae \ud83e\udde1 Veste fleurs brod\u00e9e \u00e0 la main. Une veste de seconde main remise en valeur gr\u00e2ce au superbe travail de Cha\u00efmae. Mettez des fleurs dans votre vie ! \ud83c\udf38 Pi\u00e8ce unique \ud83d\udd06 Les infos \u27a1\ufe0f Taille 5-6 ans Largeur \u00e9paules 32 cm Largeur poitrine\u2026","rel":"","context":"Article similaire","block_context":{"text":"Article similaire","link":""},"img":{"alt_text":"","src":"https:\/\/i0.wp.com\/enfantsdudesert.org\/boutique\/wp-content\/uploads\/2024\/04\/747d353e-ddbc-44dc-80eb-b0b9cf6a7ce0.jpeg?fit=800%2C737&ssl=1&resize=350%2C200","width":350,"height":200,"srcset":"https:\/\/i0.wp.com\/enfantsdudesert.org\/boutique\/wp-content\/uploads\/2024\/04\/747d353e-ddbc-44dc-80eb-b0b9cf6a7ce0.jpeg?fit=800%2C737&ssl=1&resize=350%2C200 1x, https:\/\/i0.wp.com\/enfantsdudesert.org\/boutique\/wp-content\/uploads\/2024\/04\/747d353e-ddbc-44dc-80eb-b0b9cf6a7ce0.jpeg?fit=800%2C737&ssl=1&resize=525%2C300 1.5x, https:\/\/i0.wp.com\/enfantsdudesert.org\/boutique\/wp-content\/uploads\/2024\/04\/747d353e-ddbc-44dc-80eb-b0b9cf6a7ce0.jpeg?fit=800%2C737&ssl=1&resize=700%2C400 2x"},"classes":[]}],"jetpack_sharing_enabled":true,"_links":{"self":[{"href":"https:\/\/enfantsdudesert.org\/boutique\/wp-json\/wp\/v2\/product\/1862","targetHints":{"allow":["GET"]}}],"collection":[{"href":"https:\/\/enfantsdudesert.org\/boutique\/wp-json\/wp\/v2\/product"}],"about":[{"href":"https:\/\/enfantsdudesert.org\/boutique\/wp-json\/wp\/v2\/types\/product"}],"wp:featuredmedia":[{"embeddable":true,"href":"https:\/\/enfantsdudesert.org\/boutique\/wp-json\/wp\/v2\/media\/1863"}],"wp:attachment":[{"href":"https:\/\/enfantsdudesert.org\/boutique\/wp-json\/wp\/v2\/media?parent=1862"}],"wp:term":[{"taxonomy":"product_brand","embeddable":true,"href":"https:\/\/enfantsdudesert.org\/boutique\/wp-json\/wp\/v2\/product_brand?post=1862"},{"taxonomy":"product_cat","embeddable":true,"href":"https:\/\/enfantsdudesert.org\/boutique\/wp-json\/wp\/v2\/product_cat?post=1862"},{"taxonomy":"product_tag","embeddable":true,"href":"https:\/\/enfantsdudesert.org\/boutique\/wp-json\/wp\/v2\/product_tag?post=1862"}],"curies":[{"name":"wp","href":"https:\/\/api.w.org\/{rel}","templated":true}]}}