{"id":1937,"date":"2024-11-28T16:26:38","date_gmt":"2024-11-28T15:26:38","guid":{"rendered":"https:\/\/enfantsdudesert.org\/boutique\/?post_type=product&#038;p=1937"},"modified":"2025-10-30T20:59:07","modified_gmt":"2025-10-30T19:59:07","slug":"tee-shirt-enfant-sous-les-etoiles-du-desert","status":"publish","type":"product","link":"https:\/\/enfantsdudesert.org\/boutique\/produit\/tee-shirt-enfant-sous-les-etoiles-du-desert\/","title":{"rendered":"Tee-shirt enfant &#8220;Sous les \u00e9toiles du d\u00e9sert&#8221; \u2728"},"content":{"rendered":"","protected":false},"excerpt":{"rendered":"<p>Enfin, nous proposons notre tout premier tee-shirt pour enfants ! Ce magnifique mod\u00e8le bleu marine invite \u00e0 l\u2019\u00e9vasion avec sa s\u00e9rigraphie d\u00e9licate : une caravane de trois dromadaires, cheminant sous les \u00e9toiles et la lune. Regardez de plus pr\u00e8s : sur la couverture d\u2019un des dromadaires, on aper\u00e7oit m\u00eame les dunes du d\u00e9sert ! \ud83c\udf19\ud83d\udc2a<\/p>\n<p>Imagin\u00e9 avec amour par Anouck, charg\u00e9e de communication chez Enfants du d\u00e9sert et s\u00e9rigraphi\u00e9 avec soin et g\u00e9n\u00e9rosit\u00e9 par Barbee dans son atelier en Franche-Comt\u00e9, ce tee-shirt en coton bio organique est aussi doux pour la peau que respectueux de la plan\u00e8te.<\/p>\n<p>\ud83c\udf00 <strong>Attention taille<\/strong> : les tee-shirts taillent petit ! Pr\u00e9voir une taille au-dessus pour un confort optimal. Tee-shirt disponible du 2 aux 14 ans.<\/p>\n<p>Un tee-shirt que vos enfants, neveux, ni\u00e8ces&#8230;. porteront fi\u00e8rement \ud83e\udd13<\/p>\n<ul>\n<li><strong>En pyjama pour des nuits magiques<\/strong>, berc\u00e9es par les \u00e9toiles et les dunes du d\u00e9sert.<\/li>\n<li><strong>Sous un pull en hiver<\/strong>, pour ne jamais \u00eatre seul et pouvoir jeter un coup d&#8217;\u0153il \u00e0 ses trois nouveaux amis dromadaires. \ud83d\udc2a\ud83d\udc2a\ud83d\udc2a<\/li>\n<li><strong>\u00c0 l\u2019\u00e9cole<\/strong>, pour \u00e9pater ses copains, copines et leur faire deviner les pr\u00e9noms de la caravane !<\/li>\n<li><strong>Pendant les aventures en famille<\/strong>, pour explorer comme une vraie petite caravane du d\u00e9sert.<\/li>\n<\/ul>\n<p>\ud83d\udc9b <strong>100% des b\u00e9n\u00e9fices soutiennent notre association Enfants du d\u00e9sert<\/strong>, contribuant \u00e0 offrir un avenir meilleur aux enfants du Sud marocain.<\/p>\n","protected":false},"featured_media":1939,"template":"","meta":{"ocean_post_layout":"","ocean_both_sidebars_style":"","ocean_both_sidebars_content_width":0,"ocean_both_sidebars_sidebars_width":0,"ocean_sidebar":"0","ocean_second_sidebar":"0","ocean_disable_margins":"enable","ocean_add_body_class":"","ocean_shortcode_before_top_bar":"","ocean_shortcode_after_top_bar":"","ocean_shortcode_before_header":"","ocean_shortcode_after_header":"","ocean_has_shortcode":"","ocean_shortcode_after_title":"","ocean_shortcode_before_footer_widgets":"","ocean_shortcode_after_footer_widgets":"","ocean_shortcode_before_footer_bottom":"","ocean_shortcode_after_footer_bottom":"","ocean_display_top_bar":"default","ocean_display_header":"default","ocean_header_style":"","ocean_center_header_left_menu":"0","ocean_custom_header_template":"0","ocean_custom_logo":0,"ocean_custom_retina_logo":0,"ocean_custom_logo_max_width":0,"ocean_custom_logo_tablet_max_width":0,"ocean_custom_logo_mobile_max_width":0,"ocean_custom_logo_max_height":0,"ocean_custom_logo_tablet_max_height":0,"ocean_custom_logo_mobile_max_height":0,"ocean_header_custom_menu":"0","ocean_menu_typo_font_family":"0","ocean_menu_typo_font_subset":"","ocean_menu_typo_font_size":0,"ocean_menu_typo_font_size_tablet":0,"ocean_menu_typo_font_size_mobile":0,"ocean_menu_typo_font_size_unit":"px","ocean_menu_typo_font_weight":"","ocean_menu_typo_font_weight_tablet":"","ocean_menu_typo_font_weight_mobile":"","ocean_menu_typo_transform":"","ocean_menu_typo_transform_tablet":"","ocean_menu_typo_transform_mobile":"","ocean_menu_typo_line_height":0,"ocean_menu_typo_line_height_tablet":0,"ocean_menu_typo_line_height_mobile":0,"ocean_menu_typo_line_height_unit":"","ocean_menu_typo_spacing":0,"ocean_menu_typo_spacing_tablet":0,"ocean_menu_typo_spacing_mobile":0,"ocean_menu_typo_spacing_unit":"","ocean_menu_link_color":"","ocean_menu_link_color_hover":"","ocean_menu_link_color_active":"","ocean_menu_link_background":"","ocean_menu_link_hover_background":"","ocean_menu_link_active_background":"","ocean_menu_social_links_bg":"","ocean_menu_social_hover_links_bg":"","ocean_menu_social_links_color":"","ocean_menu_social_hover_links_color":"","ocean_disable_title":"default","ocean_disable_heading":"default","ocean_post_title":"","ocean_post_subheading":"","ocean_post_title_style":"","ocean_post_title_background_color":"","ocean_post_title_background":0,"ocean_post_title_bg_image_position":"","ocean_post_title_bg_image_attachment":"","ocean_post_title_bg_image_repeat":"","ocean_post_title_bg_image_size":"","ocean_post_title_height":0,"ocean_post_title_bg_overlay":0.5,"ocean_post_title_bg_overlay_color":"","ocean_disable_breadcrumbs":"default","ocean_breadcrumbs_color":"","ocean_breadcrumbs_separator_color":"","ocean_breadcrumbs_links_color":"","ocean_breadcrumbs_links_hover_color":"","ocean_display_footer_widgets":"default","ocean_display_footer_bottom":"default","ocean_custom_footer_template":"0"},"product_brand":[],"product_cat":[66],"product_tag":[],"class_list":{"0":"post-1937","1":"product","2":"type-product","3":"status-publish","4":"has-post-thumbnail","6":"product_cat-produits-enfants-du-desert","8":"entry","9":"has-media","11":"first","12":"outofstock","13":"shipping-taxable","14":"purchasable","15":"product-type-variable","16":"has-product-nav","17":"col","18":"span_1_of_3","19":"owp-content-center","20":"owp-thumbs-layout-horizontal","21":"owp-btn-normal","22":"owp-tabs-layout-horizontal","24":"circle-sale"},"jetpack-related-posts":[{"id":1440,"url":"https:\/\/enfantsdudesert.org\/boutique\/produit\/tee-shirts-edd\/","url_meta":{"origin":1937,"position":0},"title":"Tee-shirt Enfants du d\u00e9sert","author":"Monica","date":"06\/06\/2023","format":false,"excerpt":"Tee-shirt Enfants du d\u00e9sert, main porte-bonheur, reprise de notre carnet de coloriages. Disponible en 2 couleurs, format loose. \u25b6\u00a0 Description du produit : Ce tee-shirt, forme loose, provient de :\u00a0https:\/\/www.mantisworld.com\/\u00a0- coton bio 80 % de coton - 20 % de polyester pour le teeshirt couleur\u00a0sable 60% de coton - 40\u2026","rel":"","context":"Article similaire","block_context":{"text":"Article similaire","link":""},"img":{"alt_text":"","src":"https:\/\/i0.wp.com\/enfantsdudesert.org\/boutique\/wp-content\/uploads\/2023\/06\/Gris-chine-1.webp?fit=600%2C800&ssl=1&resize=350%2C200","width":350,"height":200,"srcset":"https:\/\/i0.wp.com\/enfantsdudesert.org\/boutique\/wp-content\/uploads\/2023\/06\/Gris-chine-1.webp?fit=600%2C800&ssl=1&resize=350%2C200 1x, https:\/\/i0.wp.com\/enfantsdudesert.org\/boutique\/wp-content\/uploads\/2023\/06\/Gris-chine-1.webp?fit=600%2C800&ssl=1&resize=525%2C300 1.5x"},"classes":[]},{"id":1325,"url":"https:\/\/enfantsdudesert.org\/boutique\/produit\/carnet-de-coloriages-et-de-decouvertes-enfants-du-desert\/","url_meta":{"origin":1937,"position":1},"title":"Carnet de coloriages et de d\u00e9couvertes Enfants du d\u00e9sert","author":"Monica","date":"19\/05\/2023","format":false,"excerpt":"\u00ab Mon carnet de coloriages et de d\u00e9couvertes sur le Maroc et l\u2019association Enfants du d\u00e9sert \u00bb :\u00a032 pages de coloriages et d\u2019anecdotes sur le Maroc, le d\u00e9sert et les actions de notre association. \ud83e\udd17 C\u2019est la complicit\u00e9 de deux s\u0153urs, Elsa et J\u00e9romine Lan\u00e7on et leur attachement aux enfants\u2026","rel":"","context":"Article similaire","block_context":{"text":"Article similaire","link":""},"img":{"alt_text":"","src":"https:\/\/i0.wp.com\/enfantsdudesert.org\/boutique\/wp-content\/uploads\/2023\/05\/Carnet-de-coloriages.webp?fit=600%2C800&ssl=1&resize=350%2C200","width":350,"height":200,"srcset":"https:\/\/i0.wp.com\/enfantsdudesert.org\/boutique\/wp-content\/uploads\/2023\/05\/Carnet-de-coloriages.webp?fit=600%2C800&ssl=1&resize=350%2C200 1x, https:\/\/i0.wp.com\/enfantsdudesert.org\/boutique\/wp-content\/uploads\/2023\/05\/Carnet-de-coloriages.webp?fit=600%2C800&ssl=1&resize=525%2C300 1.5x"},"classes":[]},{"id":1570,"url":"https:\/\/enfantsdudesert.org\/boutique\/produit\/miroir-de-poche-main-porte-bonheur\/","url_meta":{"origin":1937,"position":2},"title":"Miroir de poche &#8211; Main porte-bonheur","author":"Monica","date":"28\/03\/2024","format":false,"excerpt":"Miroir de poche r\u00e9alis\u00e9 \u00e0 partir de l\u2019illustration d'Elsa Lan\u00e7on du carnet de coloriages et de d\u00e9couvertes de l'association. Il est possible de combiner ce miroir de poche avec nos tee-shirts comportant le m\u00eame motif ! \u25b6 Diam\u00e8tre de\u00a07,5 cm \u2013 fabrication fran\u00e7aise, couleur grise (effet chin\u00e9) \ud83d\udc8c Frais de\u2026","rel":"","context":"Article similaire","block_context":{"text":"Article similaire","link":""},"img":{"alt_text":"","src":"https:\/\/i0.wp.com\/enfantsdudesert.org\/boutique\/wp-content\/uploads\/2023\/11\/WhatsApp-Image-2023-11-21-at-16.33.08-2-e1700580902386.jpeg?fit=768%2C709&ssl=1&resize=350%2C200","width":350,"height":200,"srcset":"https:\/\/i0.wp.com\/enfantsdudesert.org\/boutique\/wp-content\/uploads\/2023\/11\/WhatsApp-Image-2023-11-21-at-16.33.08-2-e1700580902386.jpeg?fit=768%2C709&ssl=1&resize=350%2C200 1x, https:\/\/i0.wp.com\/enfantsdudesert.org\/boutique\/wp-content\/uploads\/2023\/11\/WhatsApp-Image-2023-11-21-at-16.33.08-2-e1700580902386.jpeg?fit=768%2C709&ssl=1&resize=525%2C300 1.5x, https:\/\/i0.wp.com\/enfantsdudesert.org\/boutique\/wp-content\/uploads\/2023\/11\/WhatsApp-Image-2023-11-21-at-16.33.08-2-e1700580902386.jpeg?fit=768%2C709&ssl=1&resize=700%2C400 2x"},"classes":[]},{"id":1394,"url":"https:\/\/enfantsdudesert.org\/boutique\/produit\/trio-de-magnets-a-colorier\/","url_meta":{"origin":1937,"position":3},"title":"Trio de magnets \u00e0 colorier","author":"Monica","date":"29\/05\/2023","format":false,"excerpt":"Ces magnets ont \u00e9t\u00e9 r\u00e9alis\u00e9s \u00e0 partir des illustrations de notre carnet de coloriages. \ud83c\udf1e Cela peut compl\u00e9ter \u00e0 merveille l'achat de ce carnet o\u00f9 vous retrouverez une double page d\u00e9di\u00e9e \u00e0 chacun des mod\u00e8les de magnet accompagn\u00e9 d'anecdotes et de d\u00e9couvertes. Carnet \u00e0 retrouver par ici. \u25b6 Lot de\u2026","rel":"","context":"Article similaire","block_context":{"text":"Article similaire","link":""},"img":{"alt_text":"","src":"https:\/\/i0.wp.com\/enfantsdudesert.org\/boutique\/wp-content\/uploads\/2023\/05\/DSC_0410.webp?fit=720%2C1080&ssl=1&resize=350%2C200","width":350,"height":200,"srcset":"https:\/\/i0.wp.com\/enfantsdudesert.org\/boutique\/wp-content\/uploads\/2023\/05\/DSC_0410.webp?fit=720%2C1080&ssl=1&resize=350%2C200 1x, https:\/\/i0.wp.com\/enfantsdudesert.org\/boutique\/wp-content\/uploads\/2023\/05\/DSC_0410.webp?fit=720%2C1080&ssl=1&resize=525%2C300 1.5x, https:\/\/i0.wp.com\/enfantsdudesert.org\/boutique\/wp-content\/uploads\/2023\/05\/DSC_0410.webp?fit=720%2C1080&ssl=1&resize=700%2C400 2x"},"classes":[]},{"id":1903,"url":"https:\/\/enfantsdudesert.org\/boutique\/produit\/chemise-en-jean-upcyclee-par-fatima-zahra-%f0%9f%a7%a1\/","url_meta":{"origin":1937,"position":4},"title":"Chemise Zahi par Fatima-Zahra \ud83d\udc9c","author":"Monica","date":"27\/11\/2024","format":false,"excerpt":"D\u00e9couvrez cette chemise en jean au style loose et confortable, orn\u00e9e de sublimes broderies en perles de rocailles faites \u00e0 la main par Fatima-Zahra. Les motifs berb\u00e8res color\u00e9s apportent une touche authentique et \u00e9l\u00e9gante, c\u00e9l\u00e9brant un artisanat riche et une culture inspirante. \u2728 Pi\u00e8ce unique pour un look qui raconte\u2026","rel":"","context":"Article similaire","block_context":{"text":"Article similaire","link":""},"img":{"alt_text":"","src":"https:\/\/i0.wp.com\/enfantsdudesert.org\/boutique\/wp-content\/uploads\/2024\/11\/WhatsApp-Image-2024-11-27-a-16.11.58_1192cf0d-scaled.jpg?fit=900%2C1200&ssl=1&resize=350%2C200","width":350,"height":200,"srcset":"https:\/\/i0.wp.com\/enfantsdudesert.org\/boutique\/wp-content\/uploads\/2024\/11\/WhatsApp-Image-2024-11-27-a-16.11.58_1192cf0d-scaled.jpg?fit=900%2C1200&ssl=1&resize=350%2C200 1x, https:\/\/i0.wp.com\/enfantsdudesert.org\/boutique\/wp-content\/uploads\/2024\/11\/WhatsApp-Image-2024-11-27-a-16.11.58_1192cf0d-scaled.jpg?fit=900%2C1200&ssl=1&resize=525%2C300 1.5x, https:\/\/i0.wp.com\/enfantsdudesert.org\/boutique\/wp-content\/uploads\/2024\/11\/WhatsApp-Image-2024-11-27-a-16.11.58_1192cf0d-scaled.jpg?fit=900%2C1200&ssl=1&resize=700%2C400 2x"},"classes":[]},{"id":1148,"url":"https:\/\/enfantsdudesert.org\/boutique\/produit\/bague-enfant-du-desert-rhita-creations\/","url_meta":{"origin":1937,"position":5},"title":"Bague Enfant du d\u00e9sert &#8211; Rhita cr\u00e9ations","author":"Monica","date":"07\/12\/2022","format":false,"excerpt":"N\u00e9e au\u00a0Maroc\u00a0et dipl\u00f4m\u00e9e d\u2019architecture\u00a0\u00e0 Paris,\u00a0Rhita\u00a0s\u2019inspire de sa formation et de son pays natal dans toutes\u00a0ses cr\u00e9ations. Elle int\u00e8gre des \u00e9l\u00e9ments allant des\u00a0lignes architecturales \u00e9pur\u00e9es\u00a0aux\u00a0formes g\u00e9om\u00e9triques touaregs, et les m\u00e9lange harmonieusement avec des\u00a0pierres pr\u00e9cieuses\u00a0dans des conceptions\u00a0minimalistes et contemporaines. \ud83d\udc9f Cette bague a \u00e9t\u00e9 con\u00e7ue dans ses ateliers \u00e0 Rabat au Maroc,\u2026","rel":"","context":"Article similaire","block_context":{"text":"Article similaire","link":""},"img":{"alt_text":"","src":"https:\/\/i0.wp.com\/enfantsdudesert.org\/boutique\/wp-content\/uploads\/2022\/12\/946465_80fca4bb23f14b36ba59bb16957ca24e_mv2.webp?fit=1000%2C666&ssl=1&resize=350%2C200","width":350,"height":200,"srcset":"https:\/\/i0.wp.com\/enfantsdudesert.org\/boutique\/wp-content\/uploads\/2022\/12\/946465_80fca4bb23f14b36ba59bb16957ca24e_mv2.webp?fit=1000%2C666&ssl=1&resize=350%2C200 1x, https:\/\/i0.wp.com\/enfantsdudesert.org\/boutique\/wp-content\/uploads\/2022\/12\/946465_80fca4bb23f14b36ba59bb16957ca24e_mv2.webp?fit=1000%2C666&ssl=1&resize=525%2C300 1.5x, https:\/\/i0.wp.com\/enfantsdudesert.org\/boutique\/wp-content\/uploads\/2022\/12\/946465_80fca4bb23f14b36ba59bb16957ca24e_mv2.webp?fit=1000%2C666&ssl=1&resize=700%2C400 2x"},"classes":[]}],"jetpack_sharing_enabled":true,"_links":{"self":[{"href":"https:\/\/enfantsdudesert.org\/boutique\/wp-json\/wp\/v2\/product\/1937","targetHints":{"allow":["GET"]}}],"collection":[{"href":"https:\/\/enfantsdudesert.org\/boutique\/wp-json\/wp\/v2\/product"}],"about":[{"href":"https:\/\/enfantsdudesert.org\/boutique\/wp-json\/wp\/v2\/types\/product"}],"wp:featuredmedia":[{"embeddable":true,"href":"https:\/\/enfantsdudesert.org\/boutique\/wp-json\/wp\/v2\/media\/1939"}],"wp:attachment":[{"href":"https:\/\/enfantsdudesert.org\/boutique\/wp-json\/wp\/v2\/media?parent=1937"}],"wp:term":[{"taxonomy":"product_brand","embeddable":true,"href":"https:\/\/enfantsdudesert.org\/boutique\/wp-json\/wp\/v2\/product_brand?post=1937"},{"taxonomy":"product_cat","embeddable":true,"href":"https:\/\/enfantsdudesert.org\/boutique\/wp-json\/wp\/v2\/product_cat?post=1937"},{"taxonomy":"product_tag","embeddable":true,"href":"https:\/\/enfantsdudesert.org\/boutique\/wp-json\/wp\/v2\/product_tag?post=1937"}],"curies":[{"name":"wp","href":"https:\/\/api.w.org\/{rel}","templated":true}]}}