{"id":2027,"date":"2024-11-29T12:29:33","date_gmt":"2024-11-29T11:29:33","guid":{"rendered":"https:\/\/enfantsdudesert.org\/boutique\/?post_type=product&#038;p=2027"},"modified":"2025-05-14T13:39:23","modified_gmt":"2025-05-14T11:39:23","slug":"pochette-tiziri-par-aicha-%f0%9f%94%bb","status":"publish","type":"product","link":"https:\/\/enfantsdudesert.org\/boutique\/produit\/pochette-tiziri-par-aicha-%f0%9f%94%bb\/","title":{"rendered":"Pochette &#8220;Tiziri&#8221; par Aicha \ud83d\udd3b"},"content":{"rendered":"","protected":false},"excerpt":{"rendered":"<p>Cette joyeuse pochette en jute, fabriqu\u00e9e au Maroc, a \u00e9t\u00e9 brod\u00e9e \u00e0 la main par A\u00efcha depuis Rissani, une ville situ\u00e9e aux portes du d\u00e9sert. \ud83c\udf19<br \/>\nCes motifs triangulaires berb\u00e8res se retrouvent partout dans la r\u00e9gion du d\u00e9sert marocain. Brod\u00e9s avec soin,\u00a0 ils donnent \u00e0 cette pochette un caract\u00e8re unique, plein de vie et charg\u00e9 de tradition.<\/p>\n<p>Pratique pour transporter avec vous vos essentiels beaut\u00e9, votre kit de survie en r\u00e9union, vos petits tr\u00e9sors de poche\u2026<\/p>\n<p><strong>\u25b6\ufe0f Infos :<\/strong><\/p>\n<ul>\n<li><strong>Mat\u00e9riau :<\/strong>\u00a0Jute naturelle<\/li>\n<li><strong>Dimensions :<\/strong>\u00a028 cm x 20 cm<\/li>\n<li><strong>Motif :<\/strong> Brod\u00e9 \u00e0 la main (triangle color\u00e9s, motifs berb\u00e8res)<\/li>\n<li><strong>Options :<\/strong> 3 mod\u00e8les disponibles.<\/li>\n<\/ul>\n<p>\ud83d\udc8c\u00a0<strong>Frais de port inclus (France m\u00e9tropolitaine).<\/strong><br \/>\n\ud83e\udde1\u00a0<strong>100 % des b\u00e9n\u00e9fices sont revers\u00e9s \u00e0 A\u00efcha.<\/strong><\/p>\n","protected":false},"featured_media":1989,"template":"","meta":{"ocean_post_layout":"","ocean_both_sidebars_style":"","ocean_both_sidebars_content_width":0,"ocean_both_sidebars_sidebars_width":0,"ocean_sidebar":"0","ocean_second_sidebar":"0","ocean_disable_margins":"enable","ocean_add_body_class":"","ocean_shortcode_before_top_bar":"","ocean_shortcode_after_top_bar":"","ocean_shortcode_before_header":"","ocean_shortcode_after_header":"","ocean_has_shortcode":"","ocean_shortcode_after_title":"","ocean_shortcode_before_footer_widgets":"","ocean_shortcode_after_footer_widgets":"","ocean_shortcode_before_footer_bottom":"","ocean_shortcode_after_footer_bottom":"","ocean_display_top_bar":"default","ocean_display_header":"default","ocean_header_style":"","ocean_center_header_left_menu":"0","ocean_custom_header_template":"0","ocean_custom_logo":0,"ocean_custom_retina_logo":0,"ocean_custom_logo_max_width":0,"ocean_custom_logo_tablet_max_width":0,"ocean_custom_logo_mobile_max_width":0,"ocean_custom_logo_max_height":0,"ocean_custom_logo_tablet_max_height":0,"ocean_custom_logo_mobile_max_height":0,"ocean_header_custom_menu":"0","ocean_menu_typo_font_family":"0","ocean_menu_typo_font_subset":"","ocean_menu_typo_font_size":0,"ocean_menu_typo_font_size_tablet":0,"ocean_menu_typo_font_size_mobile":0,"ocean_menu_typo_font_size_unit":"px","ocean_menu_typo_font_weight":"","ocean_menu_typo_font_weight_tablet":"","ocean_menu_typo_font_weight_mobile":"","ocean_menu_typo_transform":"","ocean_menu_typo_transform_tablet":"","ocean_menu_typo_transform_mobile":"","ocean_menu_typo_line_height":0,"ocean_menu_typo_line_height_tablet":0,"ocean_menu_typo_line_height_mobile":0,"ocean_menu_typo_line_height_unit":"","ocean_menu_typo_spacing":0,"ocean_menu_typo_spacing_tablet":0,"ocean_menu_typo_spacing_mobile":0,"ocean_menu_typo_spacing_unit":"","ocean_menu_link_color":"","ocean_menu_link_color_hover":"","ocean_menu_link_color_active":"","ocean_menu_link_background":"","ocean_menu_link_hover_background":"","ocean_menu_link_active_background":"","ocean_menu_social_links_bg":"","ocean_menu_social_hover_links_bg":"","ocean_menu_social_links_color":"","ocean_menu_social_hover_links_color":"","ocean_disable_title":"default","ocean_disable_heading":"default","ocean_post_title":"","ocean_post_subheading":"","ocean_post_title_style":"","ocean_post_title_background_color":"","ocean_post_title_background":0,"ocean_post_title_bg_image_position":"","ocean_post_title_bg_image_attachment":"","ocean_post_title_bg_image_repeat":"","ocean_post_title_bg_image_size":"","ocean_post_title_height":0,"ocean_post_title_bg_overlay":0.5,"ocean_post_title_bg_overlay_color":"","ocean_disable_breadcrumbs":"default","ocean_breadcrumbs_color":"","ocean_breadcrumbs_separator_color":"","ocean_breadcrumbs_links_color":"","ocean_breadcrumbs_links_hover_color":"","ocean_display_footer_widgets":"default","ocean_display_footer_bottom":"default","ocean_custom_footer_template":"0"},"product_brand":[],"product_cat":[64,92,95,100],"product_tag":[],"class_list":{"0":"post-2027","1":"product","2":"type-product","3":"status-publish","4":"has-post-thumbnail","6":"product_cat-femmes-du-desert","7":"product_cat-aicha","8":"product_cat-pochettes","9":"product_cat-type-de-produit","11":"entry","12":"has-media","14":"first","15":"outofstock","16":"shipping-taxable","17":"purchasable","18":"product-type-variable","19":"has-product-nav","20":"col","21":"span_1_of_3","22":"owp-content-center","23":"owp-thumbs-layout-horizontal","24":"owp-btn-normal","25":"owp-tabs-layout-horizontal","27":"circle-sale"},"jetpack-related-posts":[{"id":1727,"url":"https:\/\/enfantsdudesert.org\/boutique\/produit\/pochette-berbere-par-aicha\/","url_meta":{"origin":2027,"position":0},"title":"Pochette berb\u00e8re par A\u00efcha","author":"J\u00e9romine Lan\u00e7on","date":"22\/04\/2024","format":false,"excerpt":"Ces pochettes ont \u00e9t\u00e9 brod\u00e9es \u00e0 la main par A\u00efcha, maman de deux petites filles parrain\u00e9es.\u00a0Elle nous transmet \u00e0 travers ses broderies toute sa culture berb\u00e8re. \u2728\ud83e\udd17 \u25b6\ufe0f 2 tailles disponibles : S : Dimensions : 13cm x 12.5cm x 6 cm - 12 \u20ac L : Dimensions : 23cm\u2026","rel":"","context":"Article similaire","block_context":{"text":"Article similaire","link":""},"img":{"alt_text":"","src":"https:\/\/i0.wp.com\/enfantsdudesert.org\/boutique\/wp-content\/uploads\/2024\/04\/Pochette-brodee-Aicha-1-e1713776727458.webp?fit=600%2C582&ssl=1&resize=350%2C200","width":350,"height":200,"srcset":"https:\/\/i0.wp.com\/enfantsdudesert.org\/boutique\/wp-content\/uploads\/2024\/04\/Pochette-brodee-Aicha-1-e1713776727458.webp?fit=600%2C582&ssl=1&resize=350%2C200 1x, https:\/\/i0.wp.com\/enfantsdudesert.org\/boutique\/wp-content\/uploads\/2024\/04\/Pochette-brodee-Aicha-1-e1713776727458.webp?fit=600%2C582&ssl=1&resize=525%2C300 1.5x"},"classes":[]},{"id":2022,"url":"https:\/\/enfantsdudesert.org\/boutique\/produit\/2022\/","url_meta":{"origin":2027,"position":1},"title":"Pochette &#8220;Vibes&#8221; par Rkia \ud83c\udf19","author":"Monica","date":"29\/11\/2024","format":false,"excerpt":"Cette magnifique pochette en jute, fabriqu\u00e9e au Maroc, a \u00e9t\u00e9 brod\u00e9e \u00e0 la main par Rkia, artisane au savoir-faire exceptionnel depuis un petit village du d\u00e9sert. Les motifs en zigzag noirs sont r\u00e9alis\u00e9s avec une v\u00e9ritable pr\u00e9cision\u00a0 \u2728 Pi\u00e8ce chic qui m\u00eale mati\u00e8re naturelle et motif moderne. Disponible avec ou\u2026","rel":"","context":"Article similaire","block_context":{"text":"Article similaire","link":""},"img":{"alt_text":"","src":"https:\/\/i0.wp.com\/enfantsdudesert.org\/boutique\/wp-content\/uploads\/2024\/11\/Rkia-pochettes-3-scaled.jpg?fit=900%2C1200&ssl=1&resize=350%2C200","width":350,"height":200,"srcset":"https:\/\/i0.wp.com\/enfantsdudesert.org\/boutique\/wp-content\/uploads\/2024\/11\/Rkia-pochettes-3-scaled.jpg?fit=900%2C1200&ssl=1&resize=350%2C200 1x, https:\/\/i0.wp.com\/enfantsdudesert.org\/boutique\/wp-content\/uploads\/2024\/11\/Rkia-pochettes-3-scaled.jpg?fit=900%2C1200&ssl=1&resize=525%2C300 1.5x, https:\/\/i0.wp.com\/enfantsdudesert.org\/boutique\/wp-content\/uploads\/2024\/11\/Rkia-pochettes-3-scaled.jpg?fit=900%2C1200&ssl=1&resize=700%2C400 2x"},"classes":[]},{"id":1862,"url":"https:\/\/enfantsdudesert.org\/boutique\/produit\/veste-blanche-berbere\/","url_meta":{"origin":2027,"position":2},"title":"Veste Amazigh par A\u00efcha \ud83e\udef6","author":"Monica","date":"26\/11\/2024","format":false,"excerpt":"Veste jean blanche loose brod\u00e9e par A\u00efcha \ud83e\udde1 D\u00e9couvrez cette magnifique veste blanche courte et au style loose, mise en valeur par les broderies artisanales r\u00e9alis\u00e9es \u00e0 la main par A\u00efcha. Ses motifs color\u00e9s rappellent l\u2019h\u00e9ritage berb\u00e8re, cette cr\u00e9ation unique raconte une histoire et apportera une touche boh\u00e8me \u00e0 votre\u2026","rel":"","context":"Article similaire","block_context":{"text":"Article similaire","link":""},"img":{"alt_text":"","src":"https:\/\/i0.wp.com\/enfantsdudesert.org\/boutique\/wp-content\/uploads\/2024\/11\/WhatsApp-Image-2024-11-26-a-09.57.00_22e0bbbc-scaled.jpg?fit=900%2C1200&ssl=1&resize=350%2C200","width":350,"height":200,"srcset":"https:\/\/i0.wp.com\/enfantsdudesert.org\/boutique\/wp-content\/uploads\/2024\/11\/WhatsApp-Image-2024-11-26-a-09.57.00_22e0bbbc-scaled.jpg?fit=900%2C1200&ssl=1&resize=350%2C200 1x, https:\/\/i0.wp.com\/enfantsdudesert.org\/boutique\/wp-content\/uploads\/2024\/11\/WhatsApp-Image-2024-11-26-a-09.57.00_22e0bbbc-scaled.jpg?fit=900%2C1200&ssl=1&resize=525%2C300 1.5x, https:\/\/i0.wp.com\/enfantsdudesert.org\/boutique\/wp-content\/uploads\/2024\/11\/WhatsApp-Image-2024-11-26-a-09.57.00_22e0bbbc-scaled.jpg?fit=900%2C1200&ssl=1&resize=700%2C400 2x"},"classes":[]},{"id":1932,"url":"https:\/\/enfantsdudesert.org\/boutique\/produit\/veste-itran-par-aicha-%e2%9c%a8\/","url_meta":{"origin":2027,"position":3},"title":"Veste Itran par A\u00efcha \u2728","author":"Monica","date":"27\/11\/2024","format":false,"excerpt":"Veste en jean noire stretch brod\u00e9e par A\u00efcha \ud83e\udde1 D\u00e9couvrez cette superbe veste en jean noir stretch, au style moderne et d\u00e9contract\u00e9, sublim\u00e9e par des broderies artisanales r\u00e9alis\u00e9es \u00e0 la main par A\u00efcha. Les motifs berb\u00e8res triangulaires, color\u00e9s et pleins de caract\u00e8re, apportent une touche dynamique et raffin\u00e9e \u00e0 cette\u2026","rel":"","context":"Article similaire","block_context":{"text":"Article similaire","link":""},"img":{"alt_text":"","src":"https:\/\/i0.wp.com\/enfantsdudesert.org\/boutique\/wp-content\/uploads\/2024\/11\/WhatsApp-Image-2024-11-27-a-17.57.08_5d2ccd83-scaled.jpg?fit=900%2C1200&ssl=1&resize=350%2C200","width":350,"height":200,"srcset":"https:\/\/i0.wp.com\/enfantsdudesert.org\/boutique\/wp-content\/uploads\/2024\/11\/WhatsApp-Image-2024-11-27-a-17.57.08_5d2ccd83-scaled.jpg?fit=900%2C1200&ssl=1&resize=350%2C200 1x, https:\/\/i0.wp.com\/enfantsdudesert.org\/boutique\/wp-content\/uploads\/2024\/11\/WhatsApp-Image-2024-11-27-a-17.57.08_5d2ccd83-scaled.jpg?fit=900%2C1200&ssl=1&resize=525%2C300 1.5x, https:\/\/i0.wp.com\/enfantsdudesert.org\/boutique\/wp-content\/uploads\/2024\/11\/WhatsApp-Image-2024-11-27-a-17.57.08_5d2ccd83-scaled.jpg?fit=900%2C1200&ssl=1&resize=700%2C400 2x"},"classes":[]},{"id":2355,"url":"https:\/\/enfantsdudesert.org\/boutique\/produit\/tapis-aicha-par-boumezzough-%f0%9f%98%8d\/","url_meta":{"origin":2027,"position":4},"title":"Tapis A\u00efcha par Boumezzough \ud83d\ude0d","author":"Monica","date":"19\/10\/2025","format":false,"excerpt":"Des motifs berb\u00e8res sur un d\u00e9grad\u00e9 de beige, le tapis A\u00efcha porte bien son nom ! R\u00e9alis\u00e9 par Boumezzough avec beaucoup de talent et de patience, ce tapis s\u2019accordera facilement dans un salon, une chambre, un bureau ou une entr\u00e9e. Les d\u00e9tails : \ud83d\udd36 173 cm sur 88 cm, \ud83d\udd36\u2026","rel":"","context":"Article similaire","block_context":{"text":"Article similaire","link":""},"img":{"alt_text":"","src":"https:\/\/i0.wp.com\/enfantsdudesert.org\/boutique\/wp-content\/uploads\/2025\/10\/IMG-20251019-WA0073-scaled.jpg?fit=900%2C1200&ssl=1&resize=350%2C200","width":350,"height":200,"srcset":"https:\/\/i0.wp.com\/enfantsdudesert.org\/boutique\/wp-content\/uploads\/2025\/10\/IMG-20251019-WA0073-scaled.jpg?fit=900%2C1200&ssl=1&resize=350%2C200 1x, https:\/\/i0.wp.com\/enfantsdudesert.org\/boutique\/wp-content\/uploads\/2025\/10\/IMG-20251019-WA0073-scaled.jpg?fit=900%2C1200&ssl=1&resize=525%2C300 1.5x, https:\/\/i0.wp.com\/enfantsdudesert.org\/boutique\/wp-content\/uploads\/2025\/10\/IMG-20251019-WA0073-scaled.jpg?fit=900%2C1200&ssl=1&resize=700%2C400 2x"},"classes":[]},{"id":2047,"url":"https:\/\/enfantsdudesert.org\/boutique\/produit\/pochette-mina-par-rachida-%e2%9d%a4%ef%b8%8f\/","url_meta":{"origin":2027,"position":5},"title":"Pochette &#8220;Mina&#8221; par Rachida \u2764\ufe0f","author":"Monica","date":"29\/11\/2024","format":false,"excerpt":"Cette pochette de grande taille en coton naturel est l'accessoire parfait pour organiser tous vos essentiels, que ce soit pour une trousse de toilette \u00e9l\u00e9gante ou un n\u00e9cessaire de voyage pratique. Son design soign\u00e9 et spacieux vous permet de tout ranger facilement, des produits de beaut\u00e9 aux accessoires. Le recto\u2026","rel":"","context":"Article similaire","block_context":{"text":"Article similaire","link":""},"img":{"alt_text":"","src":"https:\/\/i0.wp.com\/enfantsdudesert.org\/boutique\/wp-content\/uploads\/2024\/11\/WhatsApp-Image-2024-11-29-a-11.26.55_eb151e2b-scaled-e1732884450148.jpg?fit=1024%2C1200&ssl=1&resize=350%2C200","width":350,"height":200,"srcset":"https:\/\/i0.wp.com\/enfantsdudesert.org\/boutique\/wp-content\/uploads\/2024\/11\/WhatsApp-Image-2024-11-29-a-11.26.55_eb151e2b-scaled-e1732884450148.jpg?fit=1024%2C1200&ssl=1&resize=350%2C200 1x, https:\/\/i0.wp.com\/enfantsdudesert.org\/boutique\/wp-content\/uploads\/2024\/11\/WhatsApp-Image-2024-11-29-a-11.26.55_eb151e2b-scaled-e1732884450148.jpg?fit=1024%2C1200&ssl=1&resize=525%2C300 1.5x, https:\/\/i0.wp.com\/enfantsdudesert.org\/boutique\/wp-content\/uploads\/2024\/11\/WhatsApp-Image-2024-11-29-a-11.26.55_eb151e2b-scaled-e1732884450148.jpg?fit=1024%2C1200&ssl=1&resize=700%2C400 2x"},"classes":[]}],"jetpack_sharing_enabled":true,"_links":{"self":[{"href":"https:\/\/enfantsdudesert.org\/boutique\/wp-json\/wp\/v2\/product\/2027","targetHints":{"allow":["GET"]}}],"collection":[{"href":"https:\/\/enfantsdudesert.org\/boutique\/wp-json\/wp\/v2\/product"}],"about":[{"href":"https:\/\/enfantsdudesert.org\/boutique\/wp-json\/wp\/v2\/types\/product"}],"wp:featuredmedia":[{"embeddable":true,"href":"https:\/\/enfantsdudesert.org\/boutique\/wp-json\/wp\/v2\/media\/1989"}],"wp:attachment":[{"href":"https:\/\/enfantsdudesert.org\/boutique\/wp-json\/wp\/v2\/media?parent=2027"}],"wp:term":[{"taxonomy":"product_brand","embeddable":true,"href":"https:\/\/enfantsdudesert.org\/boutique\/wp-json\/wp\/v2\/product_brand?post=2027"},{"taxonomy":"product_cat","embeddable":true,"href":"https:\/\/enfantsdudesert.org\/boutique\/wp-json\/wp\/v2\/product_cat?post=2027"},{"taxonomy":"product_tag","embeddable":true,"href":"https:\/\/enfantsdudesert.org\/boutique\/wp-json\/wp\/v2\/product_tag?post=2027"}],"curies":[{"name":"wp","href":"https:\/\/api.w.org\/{rel}","templated":true}]}}