{"id":2038,"date":"2024-11-29T13:22:42","date_gmt":"2024-11-29T12:22:42","guid":{"rendered":"https:\/\/enfantsdudesert.org\/boutique\/?post_type=product&#038;p=2038"},"modified":"2024-12-04T15:08:52","modified_gmt":"2024-12-04T14:08:52","slug":"pochette-rosam-par-rachida","status":"publish","type":"product","link":"https:\/\/enfantsdudesert.org\/boutique\/produit\/pochette-rosam-par-rachida\/","title":{"rendered":"Pochette &#8220;Rosam&#8221; par Rachida"},"content":{"rendered":"","protected":false},"excerpt":{"rendered":"<p>Cette grande pochette rose est mise en valeur par le travail minutieux et passionn\u00e9 de Rachida qui a brod\u00e9 des motifs color\u00e9s orientaux avec patience. Pleine de couleurs et d&#8217;\u00e9nergie cette pochette deviendra rapidement votre trousse de toilette pr\u00e9f\u00e9r\u00e9e.<\/p>\n<p>\u27a1\ufe0f Les infos :<br \/>\n&#8211; Dimensions : 23cm x 23cm x 11cm<br \/>\n&#8211; Mati\u00e8re : coton et broderies au fil<\/p>\n<p>\ud83d\udc8c Ces prix comprennent les frais de port (France m\u00e9tropolitaine).<br \/>\n\ud83e\udde1 <strong>100 % des b\u00e9n\u00e9fices reviennent \u00e0 Rachida.<\/strong><\/p>\n","protected":false},"featured_media":2039,"template":"","meta":{"ocean_post_layout":"","ocean_both_sidebars_style":"","ocean_both_sidebars_content_width":0,"ocean_both_sidebars_sidebars_width":0,"ocean_sidebar":"0","ocean_second_sidebar":"0","ocean_disable_margins":"enable","ocean_add_body_class":"","ocean_shortcode_before_top_bar":"","ocean_shortcode_after_top_bar":"","ocean_shortcode_before_header":"","ocean_shortcode_after_header":"","ocean_has_shortcode":"","ocean_shortcode_after_title":"","ocean_shortcode_before_footer_widgets":"","ocean_shortcode_after_footer_widgets":"","ocean_shortcode_before_footer_bottom":"","ocean_shortcode_after_footer_bottom":"","ocean_display_top_bar":"default","ocean_display_header":"default","ocean_header_style":"","ocean_center_header_left_menu":"0","ocean_custom_header_template":"0","ocean_custom_logo":0,"ocean_custom_retina_logo":0,"ocean_custom_logo_max_width":0,"ocean_custom_logo_tablet_max_width":0,"ocean_custom_logo_mobile_max_width":0,"ocean_custom_logo_max_height":0,"ocean_custom_logo_tablet_max_height":0,"ocean_custom_logo_mobile_max_height":0,"ocean_header_custom_menu":"0","ocean_menu_typo_font_family":"0","ocean_menu_typo_font_subset":"","ocean_menu_typo_font_size":0,"ocean_menu_typo_font_size_tablet":0,"ocean_menu_typo_font_size_mobile":0,"ocean_menu_typo_font_size_unit":"px","ocean_menu_typo_font_weight":"","ocean_menu_typo_font_weight_tablet":"","ocean_menu_typo_font_weight_mobile":"","ocean_menu_typo_transform":"","ocean_menu_typo_transform_tablet":"","ocean_menu_typo_transform_mobile":"","ocean_menu_typo_line_height":0,"ocean_menu_typo_line_height_tablet":0,"ocean_menu_typo_line_height_mobile":0,"ocean_menu_typo_line_height_unit":"","ocean_menu_typo_spacing":0,"ocean_menu_typo_spacing_tablet":0,"ocean_menu_typo_spacing_mobile":0,"ocean_menu_typo_spacing_unit":"","ocean_menu_link_color":"","ocean_menu_link_color_hover":"","ocean_menu_link_color_active":"","ocean_menu_link_background":"","ocean_menu_link_hover_background":"","ocean_menu_link_active_background":"","ocean_menu_social_links_bg":"","ocean_menu_social_hover_links_bg":"","ocean_menu_social_links_color":"","ocean_menu_social_hover_links_color":"","ocean_disable_title":"default","ocean_disable_heading":"default","ocean_post_title":"","ocean_post_subheading":"","ocean_post_title_style":"","ocean_post_title_background_color":"","ocean_post_title_background":0,"ocean_post_title_bg_image_position":"","ocean_post_title_bg_image_attachment":"","ocean_post_title_bg_image_repeat":"","ocean_post_title_bg_image_size":"","ocean_post_title_height":0,"ocean_post_title_bg_overlay":0.5,"ocean_post_title_bg_overlay_color":"","ocean_disable_breadcrumbs":"default","ocean_breadcrumbs_color":"","ocean_breadcrumbs_separator_color":"","ocean_breadcrumbs_links_color":"","ocean_breadcrumbs_links_hover_color":"","ocean_display_footer_widgets":"default","ocean_display_footer_bottom":"default","ocean_custom_footer_template":"0"},"product_brand":[],"product_cat":[64,90,95,100],"product_tag":[],"class_list":{"0":"post-2038","1":"product","2":"type-product","3":"status-publish","4":"has-post-thumbnail","6":"product_cat-femmes-du-desert","7":"product_cat-rachida","8":"product_cat-pochettes","9":"product_cat-type-de-produit","11":"entry","12":"has-media","14":"first","15":"outofstock","16":"shipping-taxable","17":"purchasable","18":"product-type-simple","19":"has-product-nav","20":"col","21":"span_1_of_3","22":"owp-content-center","23":"owp-thumbs-layout-horizontal","24":"owp-btn-normal","25":"owp-tabs-layout-horizontal","26":"has-no-thumbnails","28":"circle-sale"},"jetpack-related-posts":[{"id":1719,"url":"https:\/\/enfantsdudesert.org\/boutique\/produit\/pochette-brodee-rachida\/","url_meta":{"origin":2038,"position":0},"title":"Pochette brod\u00e9e Rachida","author":"J\u00e9romine Lan\u00e7on","date":"05\/04\/2024","format":false,"excerpt":"Ces pochettes ont \u00e9t\u00e9 brod\u00e9es par Rachida, maman d\u2019un enfant parrain\u00e9. Chaque pi\u00e8ce est unique et r\u00e9alis\u00e9e avec beaucoup de passion et de patience par Rachida. \u2728\ud83e\udd17 \u25b6\ufe0f 3 tailles disponibles Dimension et prix : S: Dimensions: 13cm x12,5cm x 6cm \u2013 12 \u20ac M: Dimensions: 19 x 18 x\u2026","rel":"","context":"Article similaire","block_context":{"text":"Article similaire","link":""},"img":{"alt_text":"","src":"https:\/\/i0.wp.com\/enfantsdudesert.org\/boutique\/wp-content\/uploads\/2024\/04\/8246d7bf-c01e-4e1e-af07-54b391361c87.jpeg?fit=800%2C600&ssl=1&resize=350%2C200","width":350,"height":200,"srcset":"https:\/\/i0.wp.com\/enfantsdudesert.org\/boutique\/wp-content\/uploads\/2024\/04\/8246d7bf-c01e-4e1e-af07-54b391361c87.jpeg?fit=800%2C600&ssl=1&resize=350%2C200 1x, https:\/\/i0.wp.com\/enfantsdudesert.org\/boutique\/wp-content\/uploads\/2024\/04\/8246d7bf-c01e-4e1e-af07-54b391361c87.jpeg?fit=800%2C600&ssl=1&resize=525%2C300 1.5x, https:\/\/i0.wp.com\/enfantsdudesert.org\/boutique\/wp-content\/uploads\/2024\/04\/8246d7bf-c01e-4e1e-af07-54b391361c87.jpeg?fit=800%2C600&ssl=1&resize=700%2C400 2x"},"classes":[]},{"id":1466,"url":"https:\/\/enfantsdudesert.org\/boutique\/produit\/pochettes-brodees-par-rachida\/","url_meta":{"origin":2038,"position":1},"title":"Pochettes brod\u00e9es par Rachida","author":"Monica","date":"06\/06\/2023","format":false,"excerpt":"Ces pochettes ont \u00e9t\u00e9 brod\u00e9es par Rachida, maman d'un enfant parrain\u00e9. Chaque pi\u00e8ce est unique et r\u00e9alis\u00e9e avec beaucoup de passion et de patience par Rachida. \u2728\ud83e\udd17 \u25b6 Choisissez une couleur pour d\u00e9couvrir les tailles disponibles.\u00a0 Dimension et prix : S: Dimensions: 13cm x12,5cm x 6cm - 12 \u20ac M:\u2026","rel":"","context":"Article similaire","block_context":{"text":"Article similaire","link":""},"img":{"alt_text":"","src":"https:\/\/i0.wp.com\/enfantsdudesert.org\/boutique\/wp-content\/uploads\/2023\/06\/WhatsApp-Image-2023-05-31-at-17.22.55.webp?fit=600%2C600&ssl=1&resize=350%2C200","width":350,"height":200,"srcset":"https:\/\/i0.wp.com\/enfantsdudesert.org\/boutique\/wp-content\/uploads\/2023\/06\/WhatsApp-Image-2023-05-31-at-17.22.55.webp?fit=600%2C600&ssl=1&resize=350%2C200 1x, https:\/\/i0.wp.com\/enfantsdudesert.org\/boutique\/wp-content\/uploads\/2023\/06\/WhatsApp-Image-2023-05-31-at-17.22.55.webp?fit=600%2C600&ssl=1&resize=525%2C300 1.5x"},"classes":[]},{"id":2047,"url":"https:\/\/enfantsdudesert.org\/boutique\/produit\/pochette-mina-par-rachida-%e2%9d%a4%ef%b8%8f\/","url_meta":{"origin":2038,"position":2},"title":"Pochette &#8220;Mina&#8221; par Rachida \u2764\ufe0f","author":"Monica","date":"29\/11\/2024","format":false,"excerpt":"Cette pochette de grande taille en coton naturel est l'accessoire parfait pour organiser tous vos essentiels, que ce soit pour une trousse de toilette \u00e9l\u00e9gante ou un n\u00e9cessaire de voyage pratique. Son design soign\u00e9 et spacieux vous permet de tout ranger facilement, des produits de beaut\u00e9 aux accessoires. Le recto\u2026","rel":"","context":"Article similaire","block_context":{"text":"Article similaire","link":""},"img":{"alt_text":"","src":"https:\/\/i0.wp.com\/enfantsdudesert.org\/boutique\/wp-content\/uploads\/2024\/11\/WhatsApp-Image-2024-11-29-a-11.26.55_eb151e2b-scaled-e1732884450148.jpg?fit=1024%2C1200&ssl=1&resize=350%2C200","width":350,"height":200,"srcset":"https:\/\/i0.wp.com\/enfantsdudesert.org\/boutique\/wp-content\/uploads\/2024\/11\/WhatsApp-Image-2024-11-29-a-11.26.55_eb151e2b-scaled-e1732884450148.jpg?fit=1024%2C1200&ssl=1&resize=350%2C200 1x, https:\/\/i0.wp.com\/enfantsdudesert.org\/boutique\/wp-content\/uploads\/2024\/11\/WhatsApp-Image-2024-11-29-a-11.26.55_eb151e2b-scaled-e1732884450148.jpg?fit=1024%2C1200&ssl=1&resize=525%2C300 1.5x, https:\/\/i0.wp.com\/enfantsdudesert.org\/boutique\/wp-content\/uploads\/2024\/11\/WhatsApp-Image-2024-11-29-a-11.26.55_eb151e2b-scaled-e1732884450148.jpg?fit=1024%2C1200&ssl=1&resize=700%2C400 2x"},"classes":[]},{"id":1316,"url":"https:\/\/enfantsdudesert.org\/boutique\/produit\/coussin-brode-par-rachida\/","url_meta":{"origin":2038,"position":3},"title":"Housse de coussin brod\u00e9e &#8211; Rachida","author":"Monica","date":"19\/05\/2023","format":false,"excerpt":"Ces housses de coussin sont cousues au Maroc puis brod\u00e9es par Rachida, avec beaucoup de passion et de patience. \u2728\ud83e\udd17 Cette maman d'un enfant parrain\u00e9e r\u00e9alise \u00e9galement des pochettes, \u00e0 retrouver ici. \u25b6 Dimension : 40 cm x 40 cm. Le produit est vendu sans le coussin. \ud83d\udc8c\u00a0 Ces prix\u2026","rel":"","context":"Article similaire","block_context":{"text":"Article similaire","link":""},"img":{"alt_text":"","src":"https:\/\/i0.wp.com\/enfantsdudesert.org\/boutique\/wp-content\/uploads\/2023\/05\/Broderie-Rachida-coussin-croix.webp?fit=1080%2C1080&ssl=1&resize=350%2C200","width":350,"height":200,"srcset":"https:\/\/i0.wp.com\/enfantsdudesert.org\/boutique\/wp-content\/uploads\/2023\/05\/Broderie-Rachida-coussin-croix.webp?fit=1080%2C1080&ssl=1&resize=350%2C200 1x, https:\/\/i0.wp.com\/enfantsdudesert.org\/boutique\/wp-content\/uploads\/2023\/05\/Broderie-Rachida-coussin-croix.webp?fit=1080%2C1080&ssl=1&resize=525%2C300 1.5x, https:\/\/i0.wp.com\/enfantsdudesert.org\/boutique\/wp-content\/uploads\/2023\/05\/Broderie-Rachida-coussin-croix.webp?fit=1080%2C1080&ssl=1&resize=700%2C400 2x, https:\/\/i0.wp.com\/enfantsdudesert.org\/boutique\/wp-content\/uploads\/2023\/05\/Broderie-Rachida-coussin-croix.webp?fit=1080%2C1080&ssl=1&resize=1050%2C600 3x"},"classes":[]},{"id":1727,"url":"https:\/\/enfantsdudesert.org\/boutique\/produit\/pochette-berbere-par-aicha\/","url_meta":{"origin":2038,"position":4},"title":"Pochette berb\u00e8re par A\u00efcha","author":"J\u00e9romine Lan\u00e7on","date":"22\/04\/2024","format":false,"excerpt":"Ces pochettes ont \u00e9t\u00e9 brod\u00e9es \u00e0 la main par A\u00efcha, maman de deux petites filles parrain\u00e9es.\u00a0Elle nous transmet \u00e0 travers ses broderies toute sa culture berb\u00e8re. \u2728\ud83e\udd17 \u25b6\ufe0f 2 tailles disponibles : S : Dimensions : 13cm x 12.5cm x 6 cm - 12 \u20ac L : Dimensions : 23cm\u2026","rel":"","context":"Article similaire","block_context":{"text":"Article similaire","link":""},"img":{"alt_text":"","src":"https:\/\/i0.wp.com\/enfantsdudesert.org\/boutique\/wp-content\/uploads\/2024\/04\/Pochette-brodee-Aicha-1-e1713776727458.webp?fit=600%2C582&ssl=1&resize=350%2C200","width":350,"height":200,"srcset":"https:\/\/i0.wp.com\/enfantsdudesert.org\/boutique\/wp-content\/uploads\/2024\/04\/Pochette-brodee-Aicha-1-e1713776727458.webp?fit=600%2C582&ssl=1&resize=350%2C200 1x, https:\/\/i0.wp.com\/enfantsdudesert.org\/boutique\/wp-content\/uploads\/2024\/04\/Pochette-brodee-Aicha-1-e1713776727458.webp?fit=600%2C582&ssl=1&resize=525%2C300 1.5x"},"classes":[]},{"id":2363,"url":"https:\/\/enfantsdudesert.org\/boutique\/produit\/tapis-rachida-%e2%99%a6%ef%b8%8f-realise-par-safiya\/","url_meta":{"origin":2038,"position":5},"title":"Tapis Rachida \u2666\ufe0f r\u00e9alis\u00e9 par Safiya","author":"Monica","date":"19\/10\/2025","format":false,"excerpt":"\u2764\ufe0f Rachida : un tapis chaleureux et r\u00e9confortant \ud83d\udda4 R\u00e9alis\u00e9 avec soin par Safiya, le tapis Rachida incarne la g\u00e9n\u00e9rosit\u00e9 et le talent artisanal. \u2728 Id\u00e9es pour l\u2019adopter : \u2022 Dans un salon, pour une ambiance accueillante et chaleureuse, \u2022 Au pied du lit, pour des r\u00e9veils tout en douceur,\u2026","rel":"","context":"Article similaire","block_context":{"text":"Article similaire","link":""},"img":{"alt_text":"","src":"https:\/\/i0.wp.com\/enfantsdudesert.org\/boutique\/wp-content\/uploads\/2025\/10\/IMG-20251019-WA0102-scaled.jpg?fit=900%2C1200&ssl=1&resize=350%2C200","width":350,"height":200,"srcset":"https:\/\/i0.wp.com\/enfantsdudesert.org\/boutique\/wp-content\/uploads\/2025\/10\/IMG-20251019-WA0102-scaled.jpg?fit=900%2C1200&ssl=1&resize=350%2C200 1x, https:\/\/i0.wp.com\/enfantsdudesert.org\/boutique\/wp-content\/uploads\/2025\/10\/IMG-20251019-WA0102-scaled.jpg?fit=900%2C1200&ssl=1&resize=525%2C300 1.5x, https:\/\/i0.wp.com\/enfantsdudesert.org\/boutique\/wp-content\/uploads\/2025\/10\/IMG-20251019-WA0102-scaled.jpg?fit=900%2C1200&ssl=1&resize=700%2C400 2x"},"classes":[]}],"jetpack_sharing_enabled":true,"_links":{"self":[{"href":"https:\/\/enfantsdudesert.org\/boutique\/wp-json\/wp\/v2\/product\/2038","targetHints":{"allow":["GET"]}}],"collection":[{"href":"https:\/\/enfantsdudesert.org\/boutique\/wp-json\/wp\/v2\/product"}],"about":[{"href":"https:\/\/enfantsdudesert.org\/boutique\/wp-json\/wp\/v2\/types\/product"}],"wp:featuredmedia":[{"embeddable":true,"href":"https:\/\/enfantsdudesert.org\/boutique\/wp-json\/wp\/v2\/media\/2039"}],"wp:attachment":[{"href":"https:\/\/enfantsdudesert.org\/boutique\/wp-json\/wp\/v2\/media?parent=2038"}],"wp:term":[{"taxonomy":"product_brand","embeddable":true,"href":"https:\/\/enfantsdudesert.org\/boutique\/wp-json\/wp\/v2\/product_brand?post=2038"},{"taxonomy":"product_cat","embeddable":true,"href":"https:\/\/enfantsdudesert.org\/boutique\/wp-json\/wp\/v2\/product_cat?post=2038"},{"taxonomy":"product_tag","embeddable":true,"href":"https:\/\/enfantsdudesert.org\/boutique\/wp-json\/wp\/v2\/product_tag?post=2038"}],"curies":[{"name":"wp","href":"https:\/\/api.w.org\/{rel}","templated":true}]}}