{"id":2105,"date":"2025-02-17T09:20:46","date_gmt":"2025-02-17T08:20:46","guid":{"rendered":"https:\/\/enfantsdudesert.org\/boutique\/?post_type=product&#038;p=2105"},"modified":"2025-10-19T14:43:33","modified_gmt":"2025-10-19T12:43:33","slug":"tapis-azguar-%e2%99%a6%ef%b8%8f-realise-par-soumia","status":"publish","type":"product","link":"https:\/\/enfantsdudesert.org\/boutique\/produit\/tapis-azguar-%e2%99%a6%ef%b8%8f-realise-par-soumia\/","title":{"rendered":"Tapis Azguar \u2666\ufe0f r\u00e9alis\u00e9 par Soumia"},"content":{"rendered":"","protected":false},"excerpt":{"rendered":"<div class=\"flex-shrink-0 flex flex-col relative items-end\">\n<div>\n<div class=\"pt-0\">\n<div class=\"gizmo-bot-avatar flex h-8 w-8 items-center justify-center overflow-hidden rounded-full\">\n<div class=\"relative p-1 rounded-sm flex items-center justify-center bg-token-main-surface-primary text-token-text-primary h-8 w-8\">\n<p>\u2764\ufe0f <strong>Azguar : un tapis chaleureux et r\u00e9confortant<\/strong> \ud83d\udda4<\/p>\n<\/div>\n<\/div>\n<\/div>\n<\/div>\n<\/div>\n<div class=\"group\/conversation-turn relative flex w-full min-w-0 flex-col agent-turn\">\n<div class=\"flex-col gap-1 md:gap-3\">\n<div class=\"flex max-w-full flex-col flex-grow\">\n<div class=\"min-h-8 text-message flex w-full flex-col items-end gap-2 whitespace-normal break-words text-start [.text-message+&amp;]:mt-5\" dir=\"auto\" data-message-author-role=\"assistant\" data-message-id=\"21f300f1-e05a-4895-bef1-a57658c26539\" data-message-model-slug=\"gpt-4o\">\n<div class=\"flex w-full flex-col gap-1 empty:hidden first:pt-[3px]\">\n<div class=\"markdown prose w-full break-words dark:prose-invert light\">\n<p>R\u00e9alis\u00e9 avec soin par <strong>Soumia<\/strong>, maman de deux filles soutenues \u00e0 travers notre syst\u00e8me de parrainage, le tapis <strong>Azguar<\/strong> incarne la g\u00e9n\u00e9rosit\u00e9 et le talent artisanal. Avec son rouge vif intense et son \u00e9l\u00e9gant quadrillage noir, il contient une grande quantit\u00e9 de laine, ce qui le rend bien \u00e9pais, confortable et agr\u00e9able sous les pieds.<\/p>\n<p>\u2728 Id\u00e9es pour l\u2019adopter :<br \/>\n\u2022 <strong>Dans un salon<\/strong>, pour une ambiance accueillante et chaleureuse,<br \/>\n\u2022 <strong>Au pied du lit<\/strong>, pour des r\u00e9veils tout en douceur,<br \/>\n\u2022 <strong>Dans un coin lecture<\/strong>, pour cr\u00e9er un espace cosy et confortable.<\/p>\n<p>\ud83d\udcf8 Sur la photo, le tapis <strong>Azguar<\/strong> est pr\u00e9sent\u00e9 par <strong>Diego<\/strong>, fid\u00e8le b\u00e9n\u00e9vole de notre association, qui contribue activement \u00e0 notre mission solidaire.<\/p>\n<p><strong>Les d\u00e9tails \u27a1\ufe0f<\/strong><br \/>\n\ud83d\udd38 Dimensions : 117 x 62 cm<br \/>\n\ud83d\udd38 Prix : <strong>90 \u20ac frais de port inclus (via Mondial Relay)<\/strong><br \/>\n\ud83d\udd38 Envoi : nous vous contacterons par email pour d\u00e9finir votre point Mondial Relay.<br \/>\n\ud83d\udd38 <strong>100% des b\u00e9n\u00e9fices<\/strong> (soit 80 \u20ac ici) sont revers\u00e9s \u00e0 Soumia, soutenant son autonomie et sa famille.<\/p>\n<p>\ud83d\udc9b Une pi\u00e8ce unique et solidaire, o\u00f9 le savoir-faire artisanal rencontre le confort moderne.<\/p>\n<\/div>\n<\/div>\n<\/div>\n<\/div>\n<\/div>\n<\/div>\n","protected":false},"featured_media":2106,"template":"","meta":{"ocean_post_layout":"","ocean_both_sidebars_style":"","ocean_both_sidebars_content_width":0,"ocean_both_sidebars_sidebars_width":0,"ocean_sidebar":"0","ocean_second_sidebar":"0","ocean_disable_margins":"enable","ocean_add_body_class":"","ocean_shortcode_before_top_bar":"","ocean_shortcode_after_top_bar":"","ocean_shortcode_before_header":"","ocean_shortcode_after_header":"","ocean_has_shortcode":"","ocean_shortcode_after_title":"","ocean_shortcode_before_footer_widgets":"","ocean_shortcode_after_footer_widgets":"","ocean_shortcode_before_footer_bottom":"","ocean_shortcode_after_footer_bottom":"","ocean_display_top_bar":"default","ocean_display_header":"default","ocean_header_style":"","ocean_center_header_left_menu":"0","ocean_custom_header_template":"0","ocean_custom_logo":0,"ocean_custom_retina_logo":0,"ocean_custom_logo_max_width":0,"ocean_custom_logo_tablet_max_width":0,"ocean_custom_logo_mobile_max_width":0,"ocean_custom_logo_max_height":0,"ocean_custom_logo_tablet_max_height":0,"ocean_custom_logo_mobile_max_height":0,"ocean_header_custom_menu":"0","ocean_menu_typo_font_family":"0","ocean_menu_typo_font_subset":"","ocean_menu_typo_font_size":0,"ocean_menu_typo_font_size_tablet":0,"ocean_menu_typo_font_size_mobile":0,"ocean_menu_typo_font_size_unit":"px","ocean_menu_typo_font_weight":"","ocean_menu_typo_font_weight_tablet":"","ocean_menu_typo_font_weight_mobile":"","ocean_menu_typo_transform":"","ocean_menu_typo_transform_tablet":"","ocean_menu_typo_transform_mobile":"","ocean_menu_typo_line_height":0,"ocean_menu_typo_line_height_tablet":0,"ocean_menu_typo_line_height_mobile":0,"ocean_menu_typo_line_height_unit":"","ocean_menu_typo_spacing":0,"ocean_menu_typo_spacing_tablet":0,"ocean_menu_typo_spacing_mobile":0,"ocean_menu_typo_spacing_unit":"","ocean_menu_link_color":"","ocean_menu_link_color_hover":"","ocean_menu_link_color_active":"","ocean_menu_link_background":"","ocean_menu_link_hover_background":"","ocean_menu_link_active_background":"","ocean_menu_social_links_bg":"","ocean_menu_social_hover_links_bg":"","ocean_menu_social_links_color":"","ocean_menu_social_hover_links_color":"","ocean_disable_title":"default","ocean_disable_heading":"default","ocean_post_title":"","ocean_post_subheading":"","ocean_post_title_style":"","ocean_post_title_background_color":"","ocean_post_title_background":0,"ocean_post_title_bg_image_position":"","ocean_post_title_bg_image_attachment":"","ocean_post_title_bg_image_repeat":"","ocean_post_title_bg_image_size":"","ocean_post_title_height":0,"ocean_post_title_bg_overlay":0.5,"ocean_post_title_bg_overlay_color":"","ocean_disable_breadcrumbs":"default","ocean_breadcrumbs_color":"","ocean_breadcrumbs_separator_color":"","ocean_breadcrumbs_links_color":"","ocean_breadcrumbs_links_hover_color":"","ocean_display_footer_widgets":"default","ocean_display_footer_bottom":"default","ocean_custom_footer_template":"0"},"product_brand":[],"product_cat":[131,102,100],"product_tag":[],"class_list":{"0":"post-2105","1":"product","2":"type-product","3":"status-publish","4":"has-post-thumbnail","6":"product_cat-soumia","7":"product_cat-tapis","8":"product_cat-type-de-produit","10":"entry","11":"has-media","13":"first","14":"instock","15":"shipping-taxable","16":"purchasable","17":"product-type-simple","18":"has-product-nav","19":"col","20":"span_1_of_3","21":"owp-content-center","22":"owp-thumbs-layout-horizontal","23":"owp-btn-normal","24":"owp-tabs-layout-horizontal","26":"circle-sale"},"jetpack-related-posts":[{"id":2363,"url":"https:\/\/enfantsdudesert.org\/boutique\/produit\/tapis-rachida-%e2%99%a6%ef%b8%8f-realise-par-safiya\/","url_meta":{"origin":2105,"position":0},"title":"Tapis Rachida \u2666\ufe0f r\u00e9alis\u00e9 par Safiya","author":"Monica","date":"19\/10\/2025","format":false,"excerpt":"\u2764\ufe0f Rachida : un tapis chaleureux et r\u00e9confortant \ud83d\udda4 R\u00e9alis\u00e9 avec soin par Safiya, le tapis Rachida incarne la g\u00e9n\u00e9rosit\u00e9 et le talent artisanal. \u2728 Id\u00e9es pour l\u2019adopter : \u2022 Dans un salon, pour une ambiance accueillante et chaleureuse, \u2022 Au pied du lit, pour des r\u00e9veils tout en douceur,\u2026","rel":"","context":"Article similaire","block_context":{"text":"Article similaire","link":""},"img":{"alt_text":"","src":"https:\/\/i0.wp.com\/enfantsdudesert.org\/boutique\/wp-content\/uploads\/2025\/10\/IMG-20251019-WA0102-scaled.jpg?fit=900%2C1200&ssl=1&resize=350%2C200","width":350,"height":200,"srcset":"https:\/\/i0.wp.com\/enfantsdudesert.org\/boutique\/wp-content\/uploads\/2025\/10\/IMG-20251019-WA0102-scaled.jpg?fit=900%2C1200&ssl=1&resize=350%2C200 1x, https:\/\/i0.wp.com\/enfantsdudesert.org\/boutique\/wp-content\/uploads\/2025\/10\/IMG-20251019-WA0102-scaled.jpg?fit=900%2C1200&ssl=1&resize=525%2C300 1.5x, https:\/\/i0.wp.com\/enfantsdudesert.org\/boutique\/wp-content\/uploads\/2025\/10\/IMG-20251019-WA0102-scaled.jpg?fit=900%2C1200&ssl=1&resize=700%2C400 2x"},"classes":[]},{"id":2540,"url":"https:\/\/enfantsdudesert.org\/boutique\/produit\/tapis-taziri-par-soumia\/","url_meta":{"origin":2105,"position":1},"title":"Tapis Taziri par Soumia","author":"Monica","date":"09\/04\/2026","format":false,"excerpt":"Ce tapis rouge puissant et intens\u00e9ment moelleux a \u00e9t\u00e9 r\u00e9alis\u00e9 par Soumia. Il ajoutera du confort et de la couleur \u00e0 votre int\u00e9rieur tout en soutenant la qu\u00eate d'autonomie de Soumia. Les d\u00e9tails\u00a0 Dimensions : 90 cm\u00a0 x 1m40 cm \u00a0Prix :\u00a080 \u20ac frais de port inclus (via Mondial Relay)\u2026","rel":"","context":"Article similaire","block_context":{"text":"Article similaire","link":""},"img":{"alt_text":"","src":"https:\/\/i0.wp.com\/enfantsdudesert.org\/boutique\/wp-content\/uploads\/2026\/04\/WhatsApp-Image-2026-04-09-at-20.24.01-scaled.jpeg?fit=900%2C1200&ssl=1&resize=350%2C200","width":350,"height":200,"srcset":"https:\/\/i0.wp.com\/enfantsdudesert.org\/boutique\/wp-content\/uploads\/2026\/04\/WhatsApp-Image-2026-04-09-at-20.24.01-scaled.jpeg?fit=900%2C1200&ssl=1&resize=350%2C200 1x, https:\/\/i0.wp.com\/enfantsdudesert.org\/boutique\/wp-content\/uploads\/2026\/04\/WhatsApp-Image-2026-04-09-at-20.24.01-scaled.jpeg?fit=900%2C1200&ssl=1&resize=525%2C300 1.5x, https:\/\/i0.wp.com\/enfantsdudesert.org\/boutique\/wp-content\/uploads\/2026\/04\/WhatsApp-Image-2026-04-09-at-20.24.01-scaled.jpeg?fit=900%2C1200&ssl=1&resize=700%2C400 2x"},"classes":[]},{"id":2542,"url":"https:\/\/enfantsdudesert.org\/boutique\/produit\/tapis-arba-par-soumia\/","url_meta":{"origin":2105,"position":2},"title":"Tapis Arba par Soumia","author":"Monica","date":"09\/04\/2026","format":false,"excerpt":"Le tapis Arba a \u00e9t\u00e9 r\u00e9alis\u00e9 par Soumia, il trouvera facilement sa place dans une pi\u00e8ce de votre int\u00e9rieur. Une chambre d'enfant, une entr\u00e9e ou encore une descente de lit. Les d\u00e9tails\u00a0 Dimensions : 90 cm\u00a0 x 1m33 \u00a0Prix :\u00a090 \u20ac frais de port inclus (via Mondial Relay) \u00a0Envoi :\u2026","rel":"","context":"Article similaire","block_context":{"text":"Article similaire","link":""},"img":{"alt_text":"","src":"https:\/\/i0.wp.com\/enfantsdudesert.org\/boutique\/wp-content\/uploads\/2026\/04\/WhatsApp-Image-2026-04-09-at-19.44.14mm.jpeg?fit=900%2C1200&ssl=1&resize=350%2C200","width":350,"height":200,"srcset":"https:\/\/i0.wp.com\/enfantsdudesert.org\/boutique\/wp-content\/uploads\/2026\/04\/WhatsApp-Image-2026-04-09-at-19.44.14mm.jpeg?fit=900%2C1200&ssl=1&resize=350%2C200 1x, https:\/\/i0.wp.com\/enfantsdudesert.org\/boutique\/wp-content\/uploads\/2026\/04\/WhatsApp-Image-2026-04-09-at-19.44.14mm.jpeg?fit=900%2C1200&ssl=1&resize=525%2C300 1.5x, https:\/\/i0.wp.com\/enfantsdudesert.org\/boutique\/wp-content\/uploads\/2026\/04\/WhatsApp-Image-2026-04-09-at-19.44.14mm.jpeg?fit=900%2C1200&ssl=1&resize=700%2C400 2x"},"classes":[]},{"id":2153,"url":"https:\/\/enfantsdudesert.org\/boutique\/produit\/tapis-tulipa-par-rkia-%f0%9f%a4%8d\/","url_meta":{"origin":2105,"position":3},"title":"Tapis Tulipa par Rkia \ud83e\udd0d","author":"J\u00e9romine Lan\u00e7on","date":"17\/02\/2025","format":false,"excerpt":"Le Tapis Tulipa est r\u00e9alis\u00e9 par Rkia depuis son petit village du d\u00e9sert \u00e0 Haroun. \ud83c\udf34 C\u2019est Rkia qui tisse et colore la laine pour r\u00e9aliser ces tapis unique et plein de charme du d\u00e9sert. Les d\u00e9tails : \ud83d\udd36 dimensions : 100 cm sur 70cm, \ud83d\udd36 prix : 90\u20ac, frais\u2026","rel":"","context":"Article similaire","block_context":{"text":"Article similaire","link":""},"img":{"alt_text":"","src":"https:\/\/i0.wp.com\/enfantsdudesert.org\/boutique\/wp-content\/uploads\/2025\/02\/IMG_9291-scaled.jpeg?fit=900%2C1200&ssl=1&resize=350%2C200","width":350,"height":200,"srcset":"https:\/\/i0.wp.com\/enfantsdudesert.org\/boutique\/wp-content\/uploads\/2025\/02\/IMG_9291-scaled.jpeg?fit=900%2C1200&ssl=1&resize=350%2C200 1x, https:\/\/i0.wp.com\/enfantsdudesert.org\/boutique\/wp-content\/uploads\/2025\/02\/IMG_9291-scaled.jpeg?fit=900%2C1200&ssl=1&resize=525%2C300 1.5x, https:\/\/i0.wp.com\/enfantsdudesert.org\/boutique\/wp-content\/uploads\/2025\/02\/IMG_9291-scaled.jpeg?fit=900%2C1200&ssl=1&resize=700%2C400 2x"},"classes":[]},{"id":2159,"url":"https:\/\/enfantsdudesert.org\/boutique\/produit\/tapis-al-khat-par-azzeroual\/","url_meta":{"origin":2105,"position":4},"title":"Tapis Al-Khat par Azzeroual","author":"J\u00e9romine Lan\u00e7on","date":"17\/02\/2025","format":false,"excerpt":"R\u00e9alis\u00e9 avec minutie par Azzeroual, ce tapis se distingue par son tissage pr\u00e9cis et d\u00e9licat, n\u00e9cessitant un travail minutieux et un temps consid\u00e9rable. Ce tapis n\u2019est pas aussi \u00e9pais que les autres c\u2019est un autre style, il offre une l\u00e9g\u00e8ret\u00e9 et une texture unique . Ce tapis incarne la pr\u00e9cision\u2026","rel":"","context":"Article similaire","block_context":{"text":"Article similaire","link":""},"img":{"alt_text":"","src":"https:\/\/i0.wp.com\/enfantsdudesert.org\/boutique\/wp-content\/uploads\/2025\/02\/ef5efc28-d224-42d6-a6c8-9f1b8bbf3184-scaled.jpeg?fit=900%2C1200&ssl=1&resize=350%2C200","width":350,"height":200,"srcset":"https:\/\/i0.wp.com\/enfantsdudesert.org\/boutique\/wp-content\/uploads\/2025\/02\/ef5efc28-d224-42d6-a6c8-9f1b8bbf3184-scaled.jpeg?fit=900%2C1200&ssl=1&resize=350%2C200 1x, https:\/\/i0.wp.com\/enfantsdudesert.org\/boutique\/wp-content\/uploads\/2025\/02\/ef5efc28-d224-42d6-a6c8-9f1b8bbf3184-scaled.jpeg?fit=900%2C1200&ssl=1&resize=525%2C300 1.5x, https:\/\/i0.wp.com\/enfantsdudesert.org\/boutique\/wp-content\/uploads\/2025\/02\/ef5efc28-d224-42d6-a6c8-9f1b8bbf3184-scaled.jpeg?fit=900%2C1200&ssl=1&resize=700%2C400 2x"},"classes":[]}],"jetpack_sharing_enabled":true,"_links":{"self":[{"href":"https:\/\/enfantsdudesert.org\/boutique\/wp-json\/wp\/v2\/product\/2105","targetHints":{"allow":["GET"]}}],"collection":[{"href":"https:\/\/enfantsdudesert.org\/boutique\/wp-json\/wp\/v2\/product"}],"about":[{"href":"https:\/\/enfantsdudesert.org\/boutique\/wp-json\/wp\/v2\/types\/product"}],"wp:featuredmedia":[{"embeddable":true,"href":"https:\/\/enfantsdudesert.org\/boutique\/wp-json\/wp\/v2\/media\/2106"}],"wp:attachment":[{"href":"https:\/\/enfantsdudesert.org\/boutique\/wp-json\/wp\/v2\/media?parent=2105"}],"wp:term":[{"taxonomy":"product_brand","embeddable":true,"href":"https:\/\/enfantsdudesert.org\/boutique\/wp-json\/wp\/v2\/product_brand?post=2105"},{"taxonomy":"product_cat","embeddable":true,"href":"https:\/\/enfantsdudesert.org\/boutique\/wp-json\/wp\/v2\/product_cat?post=2105"},{"taxonomy":"product_tag","embeddable":true,"href":"https:\/\/enfantsdudesert.org\/boutique\/wp-json\/wp\/v2\/product_tag?post=2105"}],"curies":[{"name":"wp","href":"https:\/\/api.w.org\/{rel}","templated":true}]}}