{"id":2173,"date":"2025-03-17T16:46:04","date_gmt":"2025-03-17T15:46:04","guid":{"rendered":"https:\/\/enfantsdudesert.org\/boutique\/?post_type=product&#038;p=2173"},"modified":"2025-05-12T15:03:39","modified_gmt":"2025-05-12T13:03:39","slug":"trio-de-badges-collector-edd-20-ans-x-4l-trophy-%f0%9f%94%a5","status":"publish","type":"product","link":"https:\/\/enfantsdudesert.org\/boutique\/produit\/trio-de-badges-collector-edd-20-ans-x-4l-trophy-%f0%9f%94%a5\/","title":{"rendered":"Trio de badges collector EDD 20 ans x 4L Trophy \ud83d\udd25"},"content":{"rendered":"","protected":false},"excerpt":{"rendered":"<p>Pour c\u00e9l\u00e9brer les 20 ans de notre association, d\u00e9couvrez ce <strong>trio de badges exclusif<\/strong>, imagin\u00e9 avec passion par <strong>Camille Zwick, <\/strong>Trophiste et ambassadrice et r\u00e9alis\u00e9 avec amour par l&#8217;entreprise Lyonnaise<strong> Modern City<\/strong>\u00a0 ! \ud83c\udf0d\ud83d\ude97<\/p>\n<p>\u2728 <strong>3 badges de 3,2 cm de diam\u00e8tre,<\/strong><br \/>\n\u2728 <strong>Pr\u00e9sent\u00e9s sur une carte d\u00e9cor\u00e9e recto verso aux couleurs de notre association,<\/strong><br \/>\n\u2728 <strong>Un badge EDD, un badge dunes du Maroc, un badge 4L iconique.<\/strong><\/p>\n<p>Remis aux participants du <em>Raid 4L Trophy<\/em>, ce set collector est maintenant disponible pour tous les passionn\u00e9s ! \ud83c\udf89<\/p>\n<p>\ud83d\udc9b <strong>Les b\u00e9n\u00e9fices iront directement pour le financement du projet de construction de deux salles de classe, initi\u00e9 par les Trophistes 2025.\u00a0<\/strong><\/p>\n<p>\ud83d\udccd <strong>Prix : 10 \u20ac<\/strong> (Frais de port inclus)<\/p>\n<p><strong>Aucune r\u00e9\u00e9dition pr\u00e9vue \u2013 ne passez pas \u00e0 c\u00f4t\u00e9 !<\/strong><\/p>\n","protected":false},"featured_media":2174,"template":"","meta":{"ocean_post_layout":"","ocean_both_sidebars_style":"","ocean_both_sidebars_content_width":0,"ocean_both_sidebars_sidebars_width":0,"ocean_sidebar":"0","ocean_second_sidebar":"0","ocean_disable_margins":"enable","ocean_add_body_class":"","ocean_shortcode_before_top_bar":"","ocean_shortcode_after_top_bar":"","ocean_shortcode_before_header":"","ocean_shortcode_after_header":"","ocean_has_shortcode":"","ocean_shortcode_after_title":"","ocean_shortcode_before_footer_widgets":"","ocean_shortcode_after_footer_widgets":"","ocean_shortcode_before_footer_bottom":"","ocean_shortcode_after_footer_bottom":"","ocean_display_top_bar":"default","ocean_display_header":"default","ocean_header_style":"","ocean_center_header_left_menu":"0","ocean_custom_header_template":"0","ocean_custom_logo":0,"ocean_custom_retina_logo":0,"ocean_custom_logo_max_width":0,"ocean_custom_logo_tablet_max_width":0,"ocean_custom_logo_mobile_max_width":0,"ocean_custom_logo_max_height":0,"ocean_custom_logo_tablet_max_height":0,"ocean_custom_logo_mobile_max_height":0,"ocean_header_custom_menu":"0","ocean_menu_typo_font_family":"0","ocean_menu_typo_font_subset":"","ocean_menu_typo_font_size":0,"ocean_menu_typo_font_size_tablet":0,"ocean_menu_typo_font_size_mobile":0,"ocean_menu_typo_font_size_unit":"px","ocean_menu_typo_font_weight":"","ocean_menu_typo_font_weight_tablet":"","ocean_menu_typo_font_weight_mobile":"","ocean_menu_typo_transform":"","ocean_menu_typo_transform_tablet":"","ocean_menu_typo_transform_mobile":"","ocean_menu_typo_line_height":0,"ocean_menu_typo_line_height_tablet":0,"ocean_menu_typo_line_height_mobile":0,"ocean_menu_typo_line_height_unit":"","ocean_menu_typo_spacing":0,"ocean_menu_typo_spacing_tablet":0,"ocean_menu_typo_spacing_mobile":0,"ocean_menu_typo_spacing_unit":"","ocean_menu_link_color":"","ocean_menu_link_color_hover":"","ocean_menu_link_color_active":"","ocean_menu_link_background":"","ocean_menu_link_hover_background":"","ocean_menu_link_active_background":"","ocean_menu_social_links_bg":"","ocean_menu_social_hover_links_bg":"","ocean_menu_social_links_color":"","ocean_menu_social_hover_links_color":"","ocean_disable_title":"default","ocean_disable_heading":"default","ocean_post_title":"","ocean_post_subheading":"","ocean_post_title_style":"","ocean_post_title_background_color":"","ocean_post_title_background":0,"ocean_post_title_bg_image_position":"","ocean_post_title_bg_image_attachment":"","ocean_post_title_bg_image_repeat":"","ocean_post_title_bg_image_size":"","ocean_post_title_height":0,"ocean_post_title_bg_overlay":0.5,"ocean_post_title_bg_overlay_color":"","ocean_disable_breadcrumbs":"default","ocean_breadcrumbs_color":"","ocean_breadcrumbs_separator_color":"","ocean_breadcrumbs_links_color":"","ocean_breadcrumbs_links_hover_color":"","ocean_display_footer_widgets":"default","ocean_display_footer_bottom":"default","ocean_custom_footer_template":"0"},"product_brand":[],"product_cat":[66],"product_tag":[],"class_list":{"0":"post-2173","1":"product","2":"type-product","3":"status-publish","4":"has-post-thumbnail","6":"product_cat-produits-enfants-du-desert","8":"entry","9":"has-media","11":"first","12":"instock","13":"shipping-taxable","14":"purchasable","15":"product-type-simple","16":"has-product-nav","17":"col","18":"span_1_of_3","19":"owp-content-center","20":"owp-thumbs-layout-horizontal","21":"owp-btn-normal","22":"owp-tabs-layout-horizontal","24":"circle-sale"},"jetpack-related-posts":[{"id":1393,"url":"https:\/\/enfantsdudesert.org\/boutique\/produit\/peluche-enfants-du-desert\/","url_meta":{"origin":2173,"position":0},"title":"Peluche Fennec Enfants du d\u00e9sert","author":"Monica","date":"29\/05\/2023","format":false,"excerpt":"Haut de 13 cm, ce fennec du d\u00e9sert, appel\u00e9 aussi renard de poche, porte fi\u00e8rement un badge Enfants du d\u00e9sert ! \ud83e\udd8a Animal embl\u00e9matique du d\u00e9sert, il est devenu notre petite mascotte. \ud83e\udd70 Petit cadeau qui vous permettra de faire d\u00e9couvrir aux enfants l'existence de cet animal caract\u00e9ristique du d\u00e9sert\u2026","rel":"","context":"Article similaire","block_context":{"text":"Article similaire","link":""},"img":{"alt_text":"","src":"https:\/\/i0.wp.com\/enfantsdudesert.org\/boutique\/wp-content\/uploads\/2023\/05\/Fennec-1.webp?fit=600%2C800&ssl=1&resize=350%2C200","width":350,"height":200,"srcset":"https:\/\/i0.wp.com\/enfantsdudesert.org\/boutique\/wp-content\/uploads\/2023\/05\/Fennec-1.webp?fit=600%2C800&ssl=1&resize=350%2C200 1x, https:\/\/i0.wp.com\/enfantsdudesert.org\/boutique\/wp-content\/uploads\/2023\/05\/Fennec-1.webp?fit=600%2C800&ssl=1&resize=525%2C300 1.5x"},"classes":[]},{"id":1501,"url":"https:\/\/enfantsdudesert.org\/boutique\/produit\/pochette-noir-edd\/","url_meta":{"origin":2173,"position":1},"title":"Pochette Enfants du d\u00e9sert","author":"Monica","date":"21\/06\/2023","format":false,"excerpt":"Petite pochette de couleur noire (avec fermeture \u00e9clair) aux couleurs de l'association. \ud83c\udf34 Format tr\u00e8s pratique, se glisse facilement dans vos sacs \u00e0 main ou sacs \u00e0 dos. Design r\u00e9alis\u00e9 par Elsa Lan\u00e7on, b\u00e9n\u00e9vole de l'association. Parfait \u00e0 associer avec un miroir de poche du m\u00eame design, disponible ici. \u25b6\u2026","rel":"","context":"Article similaire","block_context":{"text":"Article similaire","link":""},"img":{"alt_text":"","src":"https:\/\/i0.wp.com\/enfantsdudesert.org\/boutique\/wp-content\/uploads\/2023\/06\/WhatsApp-Image-2023-05-31-at-11.34.41.webp?fit=600%2C475&ssl=1&resize=350%2C200","width":350,"height":200,"srcset":"https:\/\/i0.wp.com\/enfantsdudesert.org\/boutique\/wp-content\/uploads\/2023\/06\/WhatsApp-Image-2023-05-31-at-11.34.41.webp?fit=600%2C475&ssl=1&resize=350%2C200 1x, https:\/\/i0.wp.com\/enfantsdudesert.org\/boutique\/wp-content\/uploads\/2023\/06\/WhatsApp-Image-2023-05-31-at-11.34.41.webp?fit=600%2C475&ssl=1&resize=525%2C300 1.5x"},"classes":[]},{"id":1495,"url":"https:\/\/enfantsdudesert.org\/boutique\/produit\/miroir-edd\/","url_meta":{"origin":2173,"position":2},"title":"Miroir de poche Enfants du d\u00e9sert","author":"Monica","date":"21\/06\/2023","format":false,"excerpt":"Miroir de poche r\u00e9alis\u00e9 \u00e0 partir de l\u2019illustration d'Elsa Lan\u00e7on, b\u00e9n\u00e9vole de l'association. Il est possible de combiner ce miroir de poche avec une pochette ayant le m\u00eame design, \u00e0 retrouver ici. \u25b6 Diam\u00e8tre de 7,5 cm \u2013 fabrication fran\u00e7aise. \ud83d\udc8c Frais de port (France m\u00e9tropolitaine) inclus dans le prix.\u2026","rel":"","context":"Article similaire","block_context":{"text":"Article similaire","link":""},"img":{"alt_text":"","src":"https:\/\/i0.wp.com\/enfantsdudesert.org\/boutique\/wp-content\/uploads\/2023\/06\/Eshop_Miroir-EDD-scaled.jpeg?fit=900%2C1200&ssl=1&resize=350%2C200","width":350,"height":200,"srcset":"https:\/\/i0.wp.com\/enfantsdudesert.org\/boutique\/wp-content\/uploads\/2023\/06\/Eshop_Miroir-EDD-scaled.jpeg?fit=900%2C1200&ssl=1&resize=350%2C200 1x, https:\/\/i0.wp.com\/enfantsdudesert.org\/boutique\/wp-content\/uploads\/2023\/06\/Eshop_Miroir-EDD-scaled.jpeg?fit=900%2C1200&ssl=1&resize=525%2C300 1.5x, https:\/\/i0.wp.com\/enfantsdudesert.org\/boutique\/wp-content\/uploads\/2023\/06\/Eshop_Miroir-EDD-scaled.jpeg?fit=900%2C1200&ssl=1&resize=700%2C400 2x"},"classes":[]},{"id":2372,"url":"https:\/\/enfantsdudesert.org\/boutique\/produit\/tapis-zahra-par-mouamou-%e2%9c%a8\/","url_meta":{"origin":2173,"position":3},"title":"Tapis Zahra par Mouamou \u2728","author":"Monica","date":"19\/10\/2025","format":false,"excerpt":"\u2728 Zahra : un tapis aux motifs sym\u00e9triques plein de peps\ud83c\udf1f Tiss\u00e9 avec passion par Mouamou, qui vit dans un petit village au c\u0153ur du d\u00e9sert marocain, le tapis Zahra s\u00e9duit par ses douces couleurs. Orn\u00e9 de motifs sym\u00e9triques, il est une pi\u00e8ce d\u00e9licate et unique, id\u00e9ale pour dynamiser et\u2026","rel":"","context":"Article similaire","block_context":{"text":"Article similaire","link":""},"img":{"alt_text":"","src":"https:\/\/i0.wp.com\/enfantsdudesert.org\/boutique\/wp-content\/uploads\/2025\/10\/IMG-20251019-WA0090-scaled.jpg?fit=900%2C1200&ssl=1&resize=350%2C200","width":350,"height":200,"srcset":"https:\/\/i0.wp.com\/enfantsdudesert.org\/boutique\/wp-content\/uploads\/2025\/10\/IMG-20251019-WA0090-scaled.jpg?fit=900%2C1200&ssl=1&resize=350%2C200 1x, https:\/\/i0.wp.com\/enfantsdudesert.org\/boutique\/wp-content\/uploads\/2025\/10\/IMG-20251019-WA0090-scaled.jpg?fit=900%2C1200&ssl=1&resize=525%2C300 1.5x, https:\/\/i0.wp.com\/enfantsdudesert.org\/boutique\/wp-content\/uploads\/2025\/10\/IMG-20251019-WA0090-scaled.jpg?fit=900%2C1200&ssl=1&resize=700%2C400 2x"},"classes":[]},{"id":2378,"url":"https:\/\/enfantsdudesert.org\/boutique\/produit\/tapis-khadija-par-zarah%e2%9c%a8\/","url_meta":{"origin":2173,"position":4},"title":"Tapis Khadija par Zarah\u2728","author":"Monica","date":"19\/10\/2025","format":false,"excerpt":"\u2728 Khadija : un tapis aux motifs sym\u00e9triques plein de peps\ud83c\udf1f Tiss\u00e9 avec passion par Zarah, qui vit dans un petit village au c\u0153ur du d\u00e9sert marocain, le tapis Khadija s\u00e9duit par sa touche contemporaine. \ud83d\udcf8 Sur la photo, le tapis Khadija est pr\u00e9sent\u00e9 par Diego, fid\u00e8le b\u00e9n\u00e9vole de notre\u2026","rel":"","context":"Article similaire","block_context":{"text":"Article similaire","link":""},"img":{"alt_text":"","src":"https:\/\/i0.wp.com\/enfantsdudesert.org\/boutique\/wp-content\/uploads\/2025\/10\/IMG-20251019-WA0066-scaled.jpg?fit=900%2C1200&ssl=1&resize=350%2C200","width":350,"height":200,"srcset":"https:\/\/i0.wp.com\/enfantsdudesert.org\/boutique\/wp-content\/uploads\/2025\/10\/IMG-20251019-WA0066-scaled.jpg?fit=900%2C1200&ssl=1&resize=350%2C200 1x, https:\/\/i0.wp.com\/enfantsdudesert.org\/boutique\/wp-content\/uploads\/2025\/10\/IMG-20251019-WA0066-scaled.jpg?fit=900%2C1200&ssl=1&resize=525%2C300 1.5x, https:\/\/i0.wp.com\/enfantsdudesert.org\/boutique\/wp-content\/uploads\/2025\/10\/IMG-20251019-WA0066-scaled.jpg?fit=900%2C1200&ssl=1&resize=700%2C400 2x"},"classes":[]},{"id":2397,"url":"https:\/\/enfantsdudesert.org\/boutique\/produit\/tapis-yousra-par-mouamou-%e2%9c%a8\/","url_meta":{"origin":2173,"position":5},"title":"Tapis Yousra par Mouamou \u2728","author":"Monica","date":"19\/10\/2025","format":false,"excerpt":"\u2728 Yousra : un tapis aux motifs sym\u00e9triques plein de peps\ud83c\udf1f Tiss\u00e9 avec passion par Mouamou, qui vit dans un petit village au c\u0153ur du d\u00e9sert marocain, le tapis Yousra s\u00e9duit par son originalit\u00e9. \ud83d\udcf8 Sur la photo, le tapis Yousra \u00a0est pr\u00e9sent\u00e9 par Diego, fid\u00e8le b\u00e9n\u00e9vole de notre association,\u2026","rel":"","context":"Article similaire","block_context":{"text":"Article similaire","link":""},"img":{"alt_text":"","src":"https:\/\/i0.wp.com\/enfantsdudesert.org\/boutique\/wp-content\/uploads\/2025\/10\/IMG-20251019-WA0087-scaled.jpg?fit=900%2C1200&ssl=1&resize=350%2C200","width":350,"height":200,"srcset":"https:\/\/i0.wp.com\/enfantsdudesert.org\/boutique\/wp-content\/uploads\/2025\/10\/IMG-20251019-WA0087-scaled.jpg?fit=900%2C1200&ssl=1&resize=350%2C200 1x, https:\/\/i0.wp.com\/enfantsdudesert.org\/boutique\/wp-content\/uploads\/2025\/10\/IMG-20251019-WA0087-scaled.jpg?fit=900%2C1200&ssl=1&resize=525%2C300 1.5x, https:\/\/i0.wp.com\/enfantsdudesert.org\/boutique\/wp-content\/uploads\/2025\/10\/IMG-20251019-WA0087-scaled.jpg?fit=900%2C1200&ssl=1&resize=700%2C400 2x"},"classes":[]}],"jetpack_sharing_enabled":true,"_links":{"self":[{"href":"https:\/\/enfantsdudesert.org\/boutique\/wp-json\/wp\/v2\/product\/2173","targetHints":{"allow":["GET"]}}],"collection":[{"href":"https:\/\/enfantsdudesert.org\/boutique\/wp-json\/wp\/v2\/product"}],"about":[{"href":"https:\/\/enfantsdudesert.org\/boutique\/wp-json\/wp\/v2\/types\/product"}],"wp:featuredmedia":[{"embeddable":true,"href":"https:\/\/enfantsdudesert.org\/boutique\/wp-json\/wp\/v2\/media\/2174"}],"wp:attachment":[{"href":"https:\/\/enfantsdudesert.org\/boutique\/wp-json\/wp\/v2\/media?parent=2173"}],"wp:term":[{"taxonomy":"product_brand","embeddable":true,"href":"https:\/\/enfantsdudesert.org\/boutique\/wp-json\/wp\/v2\/product_brand?post=2173"},{"taxonomy":"product_cat","embeddable":true,"href":"https:\/\/enfantsdudesert.org\/boutique\/wp-json\/wp\/v2\/product_cat?post=2173"},{"taxonomy":"product_tag","embeddable":true,"href":"https:\/\/enfantsdudesert.org\/boutique\/wp-json\/wp\/v2\/product_tag?post=2173"}],"curies":[{"name":"wp","href":"https:\/\/api.w.org\/{rel}","templated":true}]}}