{"id":2193,"date":"2025-05-13T14:40:00","date_gmt":"2025-05-13T12:40:00","guid":{"rendered":"https:\/\/enfantsdudesert.org\/boutique\/?post_type=product&#038;p=2193"},"modified":"2025-11-04T13:16:45","modified_gmt":"2025-11-04T12:16:45","slug":"sac-tisse-hanane","status":"publish","type":"product","link":"https:\/\/enfantsdudesert.org\/boutique\/produit\/sac-tisse-hanane\/","title":{"rendered":"Sac tiss\u00e9 Hanane"},"content":{"rendered":"","protected":false},"excerpt":{"rendered":"<p>Tiss\u00e9s avec patience et passion par Hanane, ces sacs racontent bien plus qu\u2019un savoir-faire :<strong> ils portent l\u2019histoire d\u2019une femme qui tisse chaque jour sa libert\u00e9<\/strong> \u2728<\/p>\n<p>Fabriqu\u00e9s \u00e0 la main avec de la laine du Maroc, chaque sac demande de longues heures de travail minutieux.<br \/>\nIls se portent \u00e0 l\u2019\u00e9paule ou en bandouli\u00e8re, gr\u00e2ce \u00e0 une hanse ajustable en faisant un joli n\u0153ud.<\/p>\n<p>5 teintes disponibles :<br \/>\n\ud83d\udc9b un jaune solaire pour les journ\u00e9es audacieuses<br \/>\n\ud83d\udc9a un vert kaki doux, comme une balade en for\u00eat<br \/>\n\ud83d\udda4 un noir profond, sobre et \u00e9l\u00e9gant<br \/>\n\ud83d\udc99 un bleu ciel l\u00e9ger, comme une promesse d\u2019\u00e9t\u00e9<br data-start=\"804\" data-end=\"807\" \/>\ud83c\udf11 un bleu fonc\u00e9, intemporel et enveloppant comme la nuit<\/p>\n<p>\ud83d\udccf Sac ferm\u00e9e avec une fermeture \u00e9claire, taille (avant les franges en laine) : 22 x 30 cm<br \/>\n\ud83d\udc8c Frais de port (France m\u00e9tropolitaine) inclus dans le prix<br \/>\n\ud83e\udde1 100 % des ventes revers\u00e9es \u00e0 Hanane<\/p>\n","protected":false},"featured_media":2194,"template":"","meta":{"ocean_post_layout":"","ocean_both_sidebars_style":"","ocean_both_sidebars_content_width":0,"ocean_both_sidebars_sidebars_width":0,"ocean_sidebar":"0","ocean_second_sidebar":"0","ocean_disable_margins":"enable","ocean_add_body_class":"","ocean_shortcode_before_top_bar":"","ocean_shortcode_after_top_bar":"","ocean_shortcode_before_header":"","ocean_shortcode_after_header":"","ocean_has_shortcode":"","ocean_shortcode_after_title":"","ocean_shortcode_before_footer_widgets":"","ocean_shortcode_after_footer_widgets":"","ocean_shortcode_before_footer_bottom":"","ocean_shortcode_after_footer_bottom":"","ocean_display_top_bar":"default","ocean_display_header":"default","ocean_header_style":"","ocean_center_header_left_menu":"0","ocean_custom_header_template":"0","ocean_custom_logo":0,"ocean_custom_retina_logo":0,"ocean_custom_logo_max_width":0,"ocean_custom_logo_tablet_max_width":0,"ocean_custom_logo_mobile_max_width":0,"ocean_custom_logo_max_height":0,"ocean_custom_logo_tablet_max_height":0,"ocean_custom_logo_mobile_max_height":0,"ocean_header_custom_menu":"0","ocean_menu_typo_font_family":"0","ocean_menu_typo_font_subset":"","ocean_menu_typo_font_size":0,"ocean_menu_typo_font_size_tablet":0,"ocean_menu_typo_font_size_mobile":0,"ocean_menu_typo_font_size_unit":"px","ocean_menu_typo_font_weight":"","ocean_menu_typo_font_weight_tablet":"","ocean_menu_typo_font_weight_mobile":"","ocean_menu_typo_transform":"","ocean_menu_typo_transform_tablet":"","ocean_menu_typo_transform_mobile":"","ocean_menu_typo_line_height":0,"ocean_menu_typo_line_height_tablet":0,"ocean_menu_typo_line_height_mobile":0,"ocean_menu_typo_line_height_unit":"","ocean_menu_typo_spacing":0,"ocean_menu_typo_spacing_tablet":0,"ocean_menu_typo_spacing_mobile":0,"ocean_menu_typo_spacing_unit":"","ocean_menu_link_color":"","ocean_menu_link_color_hover":"","ocean_menu_link_color_active":"","ocean_menu_link_background":"","ocean_menu_link_hover_background":"","ocean_menu_link_active_background":"","ocean_menu_social_links_bg":"","ocean_menu_social_hover_links_bg":"","ocean_menu_social_links_color":"","ocean_menu_social_hover_links_color":"","ocean_disable_title":"default","ocean_disable_heading":"default","ocean_post_title":"","ocean_post_subheading":"","ocean_post_title_style":"","ocean_post_title_background_color":"","ocean_post_title_background":0,"ocean_post_title_bg_image_position":"","ocean_post_title_bg_image_attachment":"","ocean_post_title_bg_image_repeat":"","ocean_post_title_bg_image_size":"","ocean_post_title_height":0,"ocean_post_title_bg_overlay":0.5,"ocean_post_title_bg_overlay_color":"","ocean_disable_breadcrumbs":"default","ocean_breadcrumbs_color":"","ocean_breadcrumbs_separator_color":"","ocean_breadcrumbs_links_color":"","ocean_breadcrumbs_links_hover_color":"","ocean_display_footer_widgets":"default","ocean_display_footer_bottom":"default","ocean_custom_footer_template":"0"},"product_brand":[],"product_cat":[64,87,95,100],"product_tag":[],"class_list":{"0":"post-2193","1":"product","2":"type-product","3":"status-publish","4":"has-post-thumbnail","6":"product_cat-femmes-du-desert","7":"product_cat-hanane","8":"product_cat-pochettes","9":"product_cat-type-de-produit","11":"entry","12":"has-media","14":"first","15":"outofstock","16":"shipping-taxable","17":"purchasable","18":"product-type-variable","19":"has-product-nav","20":"col","21":"span_1_of_3","22":"owp-content-center","23":"owp-thumbs-layout-horizontal","24":"owp-btn-normal","25":"owp-tabs-layout-horizontal","27":"circle-sale"},"jetpack-related-posts":[{"id":2034,"url":"https:\/\/enfantsdudesert.org\/boutique\/produit\/pochette-tissa-par-rkia\/","url_meta":{"origin":2193,"position":0},"title":"Pochette &#8220;Tissa&#8221; par Rkia","author":"Monica","date":"29\/11\/2024","format":false,"excerpt":"Cette pochette unique est con\u00e7ue \u00e0 partir d\u2019un sac de produits alimentaires (farine, riz, semoule\u2026) recycl\u00e9, transform\u00e9 en une pi\u00e8ce de mode originale et respectueuse de l\u2019environnement. Rkia a mis tout son savoir faire pour concevoir cette pochette ! \u25b6\ufe0f Infos : Couleur : marron et orang\u00e9 Mati\u00e8re : sac\u2026","rel":"","context":"Article similaire","block_context":{"text":"Article similaire","link":""},"img":{"alt_text":"","src":"https:\/\/i0.wp.com\/enfantsdudesert.org\/boutique\/wp-content\/uploads\/2024\/11\/Pochette-farine-1-3-scaled-e1732880330805.jpg?fit=1200%2C1174&ssl=1&resize=350%2C200","width":350,"height":200,"srcset":"https:\/\/i0.wp.com\/enfantsdudesert.org\/boutique\/wp-content\/uploads\/2024\/11\/Pochette-farine-1-3-scaled-e1732880330805.jpg?fit=1200%2C1174&ssl=1&resize=350%2C200 1x, https:\/\/i0.wp.com\/enfantsdudesert.org\/boutique\/wp-content\/uploads\/2024\/11\/Pochette-farine-1-3-scaled-e1732880330805.jpg?fit=1200%2C1174&ssl=1&resize=525%2C300 1.5x, https:\/\/i0.wp.com\/enfantsdudesert.org\/boutique\/wp-content\/uploads\/2024\/11\/Pochette-farine-1-3-scaled-e1732880330805.jpg?fit=1200%2C1174&ssl=1&resize=700%2C400 2x, https:\/\/i0.wp.com\/enfantsdudesert.org\/boutique\/wp-content\/uploads\/2024\/11\/Pochette-farine-1-3-scaled-e1732880330805.jpg?fit=1200%2C1174&ssl=1&resize=1050%2C600 3x"},"classes":[]},{"id":2037,"url":"https:\/\/enfantsdudesert.org\/boutique\/produit\/pochette-louna-par-rkia-%f0%9f%8c%99\/","url_meta":{"origin":2193,"position":1},"title":"Pochette &#8220;Louna&#8221; par Rkia \ud83c\udf19","author":"Monica","date":"29\/11\/2024","format":false,"excerpt":"Cette pochette unique est con\u00e7ue \u00e0 partir d\u2019un sac de produits alimentaires (farine, riz, semoule\u2026) recycl\u00e9, transform\u00e9 en une pi\u00e8ce de mode originale et respectueuse de l\u2019environnement. Rkia a mis tout son savoir faire pour concevoir cette tr\u00e8s belle pochette ! \u00a0 \u25b6\ufe0f Infos : Couleur : noir et blanc\u2026","rel":"","context":"Article similaire","block_context":{"text":"Article similaire","link":""},"img":{"alt_text":"","src":"https:\/\/i0.wp.com\/enfantsdudesert.org\/boutique\/wp-content\/uploads\/2024\/11\/WhatsApp-Image-2024-11-29-a-11.26.56_f1e14dda-scaled.jpg?fit=900%2C1200&ssl=1&resize=350%2C200","width":350,"height":200,"srcset":"https:\/\/i0.wp.com\/enfantsdudesert.org\/boutique\/wp-content\/uploads\/2024\/11\/WhatsApp-Image-2024-11-29-a-11.26.56_f1e14dda-scaled.jpg?fit=900%2C1200&ssl=1&resize=350%2C200 1x, https:\/\/i0.wp.com\/enfantsdudesert.org\/boutique\/wp-content\/uploads\/2024\/11\/WhatsApp-Image-2024-11-29-a-11.26.56_f1e14dda-scaled.jpg?fit=900%2C1200&ssl=1&resize=525%2C300 1.5x, https:\/\/i0.wp.com\/enfantsdudesert.org\/boutique\/wp-content\/uploads\/2024\/11\/WhatsApp-Image-2024-11-29-a-11.26.56_f1e14dda-scaled.jpg?fit=900%2C1200&ssl=1&resize=700%2C400 2x"},"classes":[]},{"id":2207,"url":"https:\/\/enfantsdudesert.org\/boutique\/produit\/bracelet-hanane\/","url_meta":{"origin":2193,"position":2},"title":"Bracelet Hanane","author":"Monica","date":"13\/05\/2025","format":false,"excerpt":"Ces bracelets fins et \u00e9l\u00e9gants sont r\u00e9alis\u00e9s \u00e0 la main par Hanane, maman de 5 enfants, qui y met toute son \u00e9nergie et sa d\u00e9termination pour construire un avenir plus serein \u2728 Ils sont faits de pierres naturelles aux vertus \u00e9nergisantes et apaisantes au choix : \u00b7 perles galets en\u2026","rel":"","context":"Article similaire","block_context":{"text":"Article similaire","link":""},"img":{"alt_text":"","src":"https:\/\/i0.wp.com\/enfantsdudesert.org\/boutique\/wp-content\/uploads\/2025\/05\/IMG_8733.jpeg?fit=900%2C1200&ssl=1&resize=350%2C200","width":350,"height":200,"srcset":"https:\/\/i0.wp.com\/enfantsdudesert.org\/boutique\/wp-content\/uploads\/2025\/05\/IMG_8733.jpeg?fit=900%2C1200&ssl=1&resize=350%2C200 1x, https:\/\/i0.wp.com\/enfantsdudesert.org\/boutique\/wp-content\/uploads\/2025\/05\/IMG_8733.jpeg?fit=900%2C1200&ssl=1&resize=525%2C300 1.5x, https:\/\/i0.wp.com\/enfantsdudesert.org\/boutique\/wp-content\/uploads\/2025\/05\/IMG_8733.jpeg?fit=900%2C1200&ssl=1&resize=700%2C400 2x"},"classes":[]},{"id":2532,"url":"https:\/\/enfantsdudesert.org\/boutique\/produit\/tapis-zina-par-ibtissam\/","url_meta":{"origin":2193,"position":3},"title":"Tapis Zina par Ibtissam","author":"Monica","date":"09\/04\/2026","format":false,"excerpt":"Ce tapis unique a \u00e9t\u00e9 tiss\u00e9 avec cr\u00e9ativit\u00e9 et talent par Ibtissam, en recyclant la trame d\u2019un sac de farine avec de petites formes g\u00e9om\u00e9triques aux couleurs douces. Les d\u00e9tails : Dimensions : 98 x 56 cm \u00a0Prix :\u00a080 \u20ac frais de port inclus (via Mondial Relay) \u00a0Envoi : nous\u2026","rel":"","context":"Article similaire","block_context":{"text":"Article similaire","link":""},"img":{"alt_text":"","src":"https:\/\/i0.wp.com\/enfantsdudesert.org\/boutique\/wp-content\/uploads\/2026\/04\/WhatsApp-Image-2026-04-09-at-19.44.17-1jj.jpeg?fit=900%2C1200&ssl=1&resize=350%2C200","width":350,"height":200,"srcset":"https:\/\/i0.wp.com\/enfantsdudesert.org\/boutique\/wp-content\/uploads\/2026\/04\/WhatsApp-Image-2026-04-09-at-19.44.17-1jj.jpeg?fit=900%2C1200&ssl=1&resize=350%2C200 1x, https:\/\/i0.wp.com\/enfantsdudesert.org\/boutique\/wp-content\/uploads\/2026\/04\/WhatsApp-Image-2026-04-09-at-19.44.17-1jj.jpeg?fit=900%2C1200&ssl=1&resize=525%2C300 1.5x, https:\/\/i0.wp.com\/enfantsdudesert.org\/boutique\/wp-content\/uploads\/2026\/04\/WhatsApp-Image-2026-04-09-at-19.44.17-1jj.jpeg?fit=900%2C1200&ssl=1&resize=700%2C400 2x"},"classes":[]},{"id":2366,"url":"https:\/\/enfantsdudesert.org\/boutique\/produit\/tapis-ritaj%f0%9f%92%9c-par-ibtissam\/","url_meta":{"origin":2193,"position":4},"title":"Tapis Ritaj\ud83d\udc9c par Ibtissam","author":"Monica","date":"19\/10\/2025","format":false,"excerpt":"\ud83d\udc9c Ritaj \u2013 un tapis original et \u00e9coresponsable \u267b\ufe0f Ce tapis unique a \u00e9t\u00e9 tiss\u00e9 avec cr\u00e9ativit\u00e9 et talent par Ibtissam, en recyclant la trame d\u2019un sac de farine. Ses deux \u00e9normes fleurs donneront de la vie et du peps \u00e0 votre int\u00e9rieur ! \ud83d\udcf8 Tapis pr\u00e9sent\u00e9 par Catherine, b\u00e9n\u00e9vole\u2026","rel":"","context":"Article similaire","block_context":{"text":"Article similaire","link":""},"img":{"alt_text":"","src":"https:\/\/i0.wp.com\/enfantsdudesert.org\/boutique\/wp-content\/uploads\/2025\/10\/IMG-20251019-WA0111-scaled.jpg?fit=900%2C1200&ssl=1&resize=350%2C200","width":350,"height":200,"srcset":"https:\/\/i0.wp.com\/enfantsdudesert.org\/boutique\/wp-content\/uploads\/2025\/10\/IMG-20251019-WA0111-scaled.jpg?fit=900%2C1200&ssl=1&resize=350%2C200 1x, https:\/\/i0.wp.com\/enfantsdudesert.org\/boutique\/wp-content\/uploads\/2025\/10\/IMG-20251019-WA0111-scaled.jpg?fit=900%2C1200&ssl=1&resize=525%2C300 1.5x, https:\/\/i0.wp.com\/enfantsdudesert.org\/boutique\/wp-content\/uploads\/2025\/10\/IMG-20251019-WA0111-scaled.jpg?fit=900%2C1200&ssl=1&resize=700%2C400 2x"},"classes":[]},{"id":2153,"url":"https:\/\/enfantsdudesert.org\/boutique\/produit\/tapis-tulipa-par-rkia-%f0%9f%a4%8d\/","url_meta":{"origin":2193,"position":5},"title":"Tapis Tulipa par Rkia \ud83e\udd0d","author":"J\u00e9romine Lan\u00e7on","date":"17\/02\/2025","format":false,"excerpt":"Le Tapis Tulipa est r\u00e9alis\u00e9 par Rkia depuis son petit village du d\u00e9sert \u00e0 Haroun. \ud83c\udf34 C\u2019est Rkia qui tisse et colore la laine pour r\u00e9aliser ces tapis unique et plein de charme du d\u00e9sert. Les d\u00e9tails : \ud83d\udd36 dimensions : 100 cm sur 70cm, \ud83d\udd36 prix : 90\u20ac, frais\u2026","rel":"","context":"Article similaire","block_context":{"text":"Article similaire","link":""},"img":{"alt_text":"","src":"https:\/\/i0.wp.com\/enfantsdudesert.org\/boutique\/wp-content\/uploads\/2025\/02\/IMG_9291-scaled.jpeg?fit=900%2C1200&ssl=1&resize=350%2C200","width":350,"height":200,"srcset":"https:\/\/i0.wp.com\/enfantsdudesert.org\/boutique\/wp-content\/uploads\/2025\/02\/IMG_9291-scaled.jpeg?fit=900%2C1200&ssl=1&resize=350%2C200 1x, https:\/\/i0.wp.com\/enfantsdudesert.org\/boutique\/wp-content\/uploads\/2025\/02\/IMG_9291-scaled.jpeg?fit=900%2C1200&ssl=1&resize=525%2C300 1.5x, https:\/\/i0.wp.com\/enfantsdudesert.org\/boutique\/wp-content\/uploads\/2025\/02\/IMG_9291-scaled.jpeg?fit=900%2C1200&ssl=1&resize=700%2C400 2x"},"classes":[]}],"jetpack_sharing_enabled":true,"_links":{"self":[{"href":"https:\/\/enfantsdudesert.org\/boutique\/wp-json\/wp\/v2\/product\/2193","targetHints":{"allow":["GET"]}}],"collection":[{"href":"https:\/\/enfantsdudesert.org\/boutique\/wp-json\/wp\/v2\/product"}],"about":[{"href":"https:\/\/enfantsdudesert.org\/boutique\/wp-json\/wp\/v2\/types\/product"}],"wp:featuredmedia":[{"embeddable":true,"href":"https:\/\/enfantsdudesert.org\/boutique\/wp-json\/wp\/v2\/media\/2194"}],"wp:attachment":[{"href":"https:\/\/enfantsdudesert.org\/boutique\/wp-json\/wp\/v2\/media?parent=2193"}],"wp:term":[{"taxonomy":"product_brand","embeddable":true,"href":"https:\/\/enfantsdudesert.org\/boutique\/wp-json\/wp\/v2\/product_brand?post=2193"},{"taxonomy":"product_cat","embeddable":true,"href":"https:\/\/enfantsdudesert.org\/boutique\/wp-json\/wp\/v2\/product_cat?post=2193"},{"taxonomy":"product_tag","embeddable":true,"href":"https:\/\/enfantsdudesert.org\/boutique\/wp-json\/wp\/v2\/product_tag?post=2193"}],"curies":[{"name":"wp","href":"https:\/\/api.w.org\/{rel}","templated":true}]}}