{"id":2207,"date":"2025-05-13T15:31:30","date_gmt":"2025-05-13T13:31:30","guid":{"rendered":"https:\/\/enfantsdudesert.org\/boutique\/?post_type=product&#038;p=2207"},"modified":"2025-11-04T13:14:16","modified_gmt":"2025-11-04T12:14:16","slug":"bracelet-hanane","status":"publish","type":"product","link":"https:\/\/enfantsdudesert.org\/boutique\/produit\/bracelet-hanane\/","title":{"rendered":"Bracelet Hanane"},"content":{"rendered":"","protected":false},"excerpt":{"rendered":"<p>Ces bracelets fins et \u00e9l\u00e9gants sont r\u00e9alis\u00e9s \u00e0 la main par Hanane, maman de 5 enfants, qui y met toute son \u00e9nergie et sa d\u00e9termination pour construire un avenir plus serein \u2728<\/p>\n<p>Ils sont faits de pierres naturelles aux vertus \u00e9nergisantes et apaisantes au choix :<br \/>\n\u00b7 perles galets en quartz aventurine vert \u00e9meraude ou<br \/>\n\u00b7 perles colonne de diff\u00e9rentes couleurs en citrine, amazonite, apatite, lapis lazuli, cornaline, am\u00e9thyste ou pierre de lune \ud83d\udc8e<\/p>\n<p>Un bijou tout en douceur, qui traverse les saisons, se porte facilement au quotidien, et soutient une belle histoire de force et de r\u00e9silience \ud83d\udc9b<\/p>\n<p>\ud83d\udc8c Frais de port (France m\u00e9tropolitaine) inclus dans le prix.<br \/>\n\ud83e\udde1 100 % des ventes revers\u00e9es\u00a0\u00e0\u00a0Hanane.<\/p>\n","protected":false},"featured_media":2215,"template":"","meta":{"ocean_post_layout":"","ocean_both_sidebars_style":"","ocean_both_sidebars_content_width":0,"ocean_both_sidebars_sidebars_width":0,"ocean_sidebar":"0","ocean_second_sidebar":"0","ocean_disable_margins":"enable","ocean_add_body_class":"","ocean_shortcode_before_top_bar":"","ocean_shortcode_after_top_bar":"","ocean_shortcode_before_header":"","ocean_shortcode_after_header":"","ocean_has_shortcode":"","ocean_shortcode_after_title":"","ocean_shortcode_before_footer_widgets":"","ocean_shortcode_after_footer_widgets":"","ocean_shortcode_before_footer_bottom":"","ocean_shortcode_after_footer_bottom":"","ocean_display_top_bar":"default","ocean_display_header":"default","ocean_header_style":"","ocean_center_header_left_menu":"0","ocean_custom_header_template":"0","ocean_custom_logo":0,"ocean_custom_retina_logo":0,"ocean_custom_logo_max_width":0,"ocean_custom_logo_tablet_max_width":0,"ocean_custom_logo_mobile_max_width":0,"ocean_custom_logo_max_height":0,"ocean_custom_logo_tablet_max_height":0,"ocean_custom_logo_mobile_max_height":0,"ocean_header_custom_menu":"0","ocean_menu_typo_font_family":"0","ocean_menu_typo_font_subset":"","ocean_menu_typo_font_size":0,"ocean_menu_typo_font_size_tablet":0,"ocean_menu_typo_font_size_mobile":0,"ocean_menu_typo_font_size_unit":"px","ocean_menu_typo_font_weight":"","ocean_menu_typo_font_weight_tablet":"","ocean_menu_typo_font_weight_mobile":"","ocean_menu_typo_transform":"","ocean_menu_typo_transform_tablet":"","ocean_menu_typo_transform_mobile":"","ocean_menu_typo_line_height":0,"ocean_menu_typo_line_height_tablet":0,"ocean_menu_typo_line_height_mobile":0,"ocean_menu_typo_line_height_unit":"","ocean_menu_typo_spacing":0,"ocean_menu_typo_spacing_tablet":0,"ocean_menu_typo_spacing_mobile":0,"ocean_menu_typo_spacing_unit":"","ocean_menu_link_color":"","ocean_menu_link_color_hover":"","ocean_menu_link_color_active":"","ocean_menu_link_background":"","ocean_menu_link_hover_background":"","ocean_menu_link_active_background":"","ocean_menu_social_links_bg":"","ocean_menu_social_hover_links_bg":"","ocean_menu_social_links_color":"","ocean_menu_social_hover_links_color":"","ocean_disable_title":"default","ocean_disable_heading":"default","ocean_post_title":"","ocean_post_subheading":"","ocean_post_title_style":"","ocean_post_title_background_color":"","ocean_post_title_background":0,"ocean_post_title_bg_image_position":"","ocean_post_title_bg_image_attachment":"","ocean_post_title_bg_image_repeat":"","ocean_post_title_bg_image_size":"","ocean_post_title_height":0,"ocean_post_title_bg_overlay":0.5,"ocean_post_title_bg_overlay_color":"","ocean_disable_breadcrumbs":"default","ocean_breadcrumbs_color":"","ocean_breadcrumbs_separator_color":"","ocean_breadcrumbs_links_color":"","ocean_breadcrumbs_links_hover_color":"","ocean_display_footer_widgets":"default","ocean_display_footer_bottom":"default","ocean_custom_footer_template":"0"},"product_brand":[],"product_cat":[144,94,64,87,100],"product_tag":[],"class_list":{"0":"post-2207","1":"product","2":"type-product","3":"status-publish","4":"has-post-thumbnail","6":"product_cat-bracelets","7":"product_cat-bijoux","8":"product_cat-femmes-du-desert","9":"product_cat-hanane","10":"product_cat-type-de-produit","12":"entry","13":"has-media","15":"first","16":"outofstock","17":"shipping-taxable","18":"purchasable","19":"product-type-variable","20":"has-product-nav","21":"col","22":"span_1_of_3","23":"owp-content-center","24":"owp-thumbs-layout-horizontal","25":"owp-btn-normal","26":"owp-tabs-layout-horizontal","28":"circle-sale"},"jetpack-related-posts":[{"id":2193,"url":"https:\/\/enfantsdudesert.org\/boutique\/produit\/sac-tisse-hanane\/","url_meta":{"origin":2207,"position":0},"title":"Sac tiss\u00e9 Hanane","author":"Monica","date":"13\/05\/2025","format":false,"excerpt":"Tiss\u00e9s avec patience et passion par Hanane, ces sacs racontent bien plus qu\u2019un savoir-faire : ils portent l\u2019histoire d\u2019une femme qui tisse chaque jour sa libert\u00e9 \u2728 Fabriqu\u00e9s \u00e0 la main avec de la laine du Maroc, chaque sac demande de longues heures de travail minutieux. Ils se portent \u00e0\u2026","rel":"","context":"Article similaire","block_context":{"text":"Article similaire","link":""},"img":{"alt_text":"","src":"https:\/\/i0.wp.com\/enfantsdudesert.org\/boutique\/wp-content\/uploads\/2025\/05\/IMG_4926-scaled.jpg?fit=900%2C1200&ssl=1&resize=350%2C200","width":350,"height":200,"srcset":"https:\/\/i0.wp.com\/enfantsdudesert.org\/boutique\/wp-content\/uploads\/2025\/05\/IMG_4926-scaled.jpg?fit=900%2C1200&ssl=1&resize=350%2C200 1x, https:\/\/i0.wp.com\/enfantsdudesert.org\/boutique\/wp-content\/uploads\/2025\/05\/IMG_4926-scaled.jpg?fit=900%2C1200&ssl=1&resize=525%2C300 1.5x, https:\/\/i0.wp.com\/enfantsdudesert.org\/boutique\/wp-content\/uploads\/2025\/05\/IMG_4926-scaled.jpg?fit=900%2C1200&ssl=1&resize=700%2C400 2x"},"classes":[]},{"id":1427,"url":"https:\/\/enfantsdudesert.org\/boutique\/produit\/pochettes-brodees\/","url_meta":{"origin":2207,"position":1},"title":"Pochettes brod\u00e9es &#8211; Amal","author":"Monica","date":"06\/06\/2023","format":false,"excerpt":"Pochette sublim\u00e9e par Amal, une maman d'enfants parrain\u00e9s de la ville de Rissani. Convient tout \u00e0 fait comme pochette mais \u00e9galement en sac \u00e0 main pour sortir et scintiller avec ces jolies perles brillantes. \u2728 Cr\u00e9ation artisanale et unique. \u25b6 Pochette en toile de jute r\u00e9alis\u00e9e au Maroc : 30\u2026","rel":"","context":"Article similaire","block_context":{"text":"Article similaire","link":""},"img":{"alt_text":"","src":"https:\/\/i0.wp.com\/enfantsdudesert.org\/boutique\/wp-content\/uploads\/2023\/06\/Images-pochettes-2-1.webp?fit=800%2C600&ssl=1&resize=350%2C200","width":350,"height":200,"srcset":"https:\/\/i0.wp.com\/enfantsdudesert.org\/boutique\/wp-content\/uploads\/2023\/06\/Images-pochettes-2-1.webp?fit=800%2C600&ssl=1&resize=350%2C200 1x, https:\/\/i0.wp.com\/enfantsdudesert.org\/boutique\/wp-content\/uploads\/2023\/06\/Images-pochettes-2-1.webp?fit=800%2C600&ssl=1&resize=525%2C300 1.5x, https:\/\/i0.wp.com\/enfantsdudesert.org\/boutique\/wp-content\/uploads\/2023\/06\/Images-pochettes-2-1.webp?fit=800%2C600&ssl=1&resize=700%2C400 2x"},"classes":[]},{"id":1513,"url":"https:\/\/enfantsdudesert.org\/boutique\/produit\/bracelets-naima\/","url_meta":{"origin":2207,"position":2},"title":"Bracelets Na\u00efma","author":"Monica","date":"07\/07\/2023","format":false,"excerpt":"Ces bracelets repr\u00e9sentent beaucoup pour Na\u00efma : le r\u00eave d\u2019une vie stable, faite d\u2019autonomie et de s\u00e9r\u00e9nit\u00e9. \u270a Parfaits pour faire plaisir ou se faire plaisir, tout en soutenant Na\u00efma et ses filles. \u25b6 Vendus par lot de 3, dans une pochette en organza, \ud83c\udf00 Vous avez le choix :\u2026","rel":"","context":"Article similaire","block_context":{"text":"Article similaire","link":""},"img":{"alt_text":"","src":"https:\/\/i0.wp.com\/enfantsdudesert.org\/boutique\/wp-content\/uploads\/2023\/07\/WhatsApp-Image-2024-11-29-a-14.05.20_9327cdb1-scaled-e1732885921195.jpg?fit=1188%2C1200&ssl=1&resize=350%2C200","width":350,"height":200,"srcset":"https:\/\/i0.wp.com\/enfantsdudesert.org\/boutique\/wp-content\/uploads\/2023\/07\/WhatsApp-Image-2024-11-29-a-14.05.20_9327cdb1-scaled-e1732885921195.jpg?fit=1188%2C1200&ssl=1&resize=350%2C200 1x, https:\/\/i0.wp.com\/enfantsdudesert.org\/boutique\/wp-content\/uploads\/2023\/07\/WhatsApp-Image-2024-11-29-a-14.05.20_9327cdb1-scaled-e1732885921195.jpg?fit=1188%2C1200&ssl=1&resize=525%2C300 1.5x, https:\/\/i0.wp.com\/enfantsdudesert.org\/boutique\/wp-content\/uploads\/2023\/07\/WhatsApp-Image-2024-11-29-a-14.05.20_9327cdb1-scaled-e1732885921195.jpg?fit=1188%2C1200&ssl=1&resize=700%2C400 2x, https:\/\/i0.wp.com\/enfantsdudesert.org\/boutique\/wp-content\/uploads\/2023\/07\/WhatsApp-Image-2024-11-29-a-14.05.20_9327cdb1-scaled-e1732885921195.jpg?fit=1188%2C1200&ssl=1&resize=1050%2C600 3x"},"classes":[]},{"id":1769,"url":"https:\/\/enfantsdudesert.org\/boutique\/produit\/housse-de-coussin-%f0%9f%a7%bf-par-amal\/","url_meta":{"origin":2207,"position":3},"title":"Housse de coussin \ud83e\uddff par Amal","author":"J\u00e9romine Lan\u00e7on","date":"16\/05\/2024","format":false,"excerpt":"Magnifique pi\u00e8ce r\u00e9alis\u00e9e avec talent par Amal qui brode des perles scintillantes \u2728 Motif \u0153il porte bonheur \ud83e\uddff \u27a1\ufe0f Les infos : housse de coussin de dimensions : 30 x 50 cm. Vendue sans coussin. \ud83d\udc8c Prix comprenant les frais de port pour la France \ud83e\udde1 100% des b\u00e9n\u00e9fices pour\u2026","rel":"","context":"Article similaire","block_context":{"text":"Article similaire","link":""},"img":{"alt_text":"","src":"https:\/\/i0.wp.com\/enfantsdudesert.org\/boutique\/wp-content\/uploads\/2024\/05\/4b813637-e1fa-4960-ad10-ae2a983e26f0.jpeg?fit=1200%2C1081&ssl=1&resize=350%2C200","width":350,"height":200,"srcset":"https:\/\/i0.wp.com\/enfantsdudesert.org\/boutique\/wp-content\/uploads\/2024\/05\/4b813637-e1fa-4960-ad10-ae2a983e26f0.jpeg?fit=1200%2C1081&ssl=1&resize=350%2C200 1x, https:\/\/i0.wp.com\/enfantsdudesert.org\/boutique\/wp-content\/uploads\/2024\/05\/4b813637-e1fa-4960-ad10-ae2a983e26f0.jpeg?fit=1200%2C1081&ssl=1&resize=525%2C300 1.5x, https:\/\/i0.wp.com\/enfantsdudesert.org\/boutique\/wp-content\/uploads\/2024\/05\/4b813637-e1fa-4960-ad10-ae2a983e26f0.jpeg?fit=1200%2C1081&ssl=1&resize=700%2C400 2x, https:\/\/i0.wp.com\/enfantsdudesert.org\/boutique\/wp-content\/uploads\/2024\/05\/4b813637-e1fa-4960-ad10-ae2a983e26f0.jpeg?fit=1200%2C1081&ssl=1&resize=1050%2C600 3x"},"classes":[]},{"id":1772,"url":"https:\/\/enfantsdudesert.org\/boutique\/produit\/housse-de-coussin-%f0%9f%8c%b4\/","url_meta":{"origin":2207,"position":4},"title":"Housse de coussin \ud83c\udf34","author":"J\u00e9romine Lan\u00e7on","date":"16\/05\/2024","format":false,"excerpt":"Magnifique pi\u00e8ce r\u00e9alis\u00e9e avec talent par Amal qui brode des perles scintillantes \u2728 Motif palmier en hommage \u00e0 sa r\u00e9gion \ud83c\udf34\ud83e\udde1 \u27a1\ufe0f Les infos : housse de coussin noire de dimensions : 30 x 50 cm. Vendue sans coussin. \ud83d\udc8c Prix comprenant les frais de port pour la France \ud83e\udde1\u2026","rel":"","context":"Article similaire","block_context":{"text":"Article similaire","link":""},"img":{"alt_text":"","src":"https:\/\/i0.wp.com\/enfantsdudesert.org\/boutique\/wp-content\/uploads\/2024\/05\/a3228737-b1b5-48f4-8861-6460f6a09be7.jpeg?fit=1179%2C1200&ssl=1&resize=350%2C200","width":350,"height":200,"srcset":"https:\/\/i0.wp.com\/enfantsdudesert.org\/boutique\/wp-content\/uploads\/2024\/05\/a3228737-b1b5-48f4-8861-6460f6a09be7.jpeg?fit=1179%2C1200&ssl=1&resize=350%2C200 1x, https:\/\/i0.wp.com\/enfantsdudesert.org\/boutique\/wp-content\/uploads\/2024\/05\/a3228737-b1b5-48f4-8861-6460f6a09be7.jpeg?fit=1179%2C1200&ssl=1&resize=525%2C300 1.5x, https:\/\/i0.wp.com\/enfantsdudesert.org\/boutique\/wp-content\/uploads\/2024\/05\/a3228737-b1b5-48f4-8861-6460f6a09be7.jpeg?fit=1179%2C1200&ssl=1&resize=700%2C400 2x, https:\/\/i0.wp.com\/enfantsdudesert.org\/boutique\/wp-content\/uploads\/2024\/05\/a3228737-b1b5-48f4-8861-6460f6a09be7.jpeg?fit=1179%2C1200&ssl=1&resize=1050%2C600 3x"},"classes":[]},{"id":1774,"url":"https:\/\/enfantsdudesert.org\/boutique\/produit\/housse-de-coussin-nb-%f0%9f%8c%b4\/","url_meta":{"origin":2207,"position":5},"title":"Housse de coussin N&#038;B \ud83c\udf34","author":"J\u00e9romine Lan\u00e7on","date":"16\/05\/2024","format":false,"excerpt":"Magnifique pi\u00e8ce r\u00e9alis\u00e9e avec talent par Amal qui brode des perles scintillantes \u2728 Motif palmier en hommage \u00e0 sa r\u00e9gion \ud83c\udf34\ud83e\udde1 \u27a1\ufe0f Les infos : housse de coussin couleur blanche-beige de dimensions : 30 x 50 cm. Vendue sans coussin. \ud83d\udc8c Prix comprenant les frais de port pour la France\u2026","rel":"","context":"Article similaire","block_context":{"text":"Article similaire","link":""},"img":{"alt_text":"","src":"https:\/\/i0.wp.com\/enfantsdudesert.org\/boutique\/wp-content\/uploads\/2024\/05\/2d5c09c3-ef15-44fe-b8d4-b5a9e1691246.jpeg?fit=1178%2C1200&ssl=1&resize=350%2C200","width":350,"height":200,"srcset":"https:\/\/i0.wp.com\/enfantsdudesert.org\/boutique\/wp-content\/uploads\/2024\/05\/2d5c09c3-ef15-44fe-b8d4-b5a9e1691246.jpeg?fit=1178%2C1200&ssl=1&resize=350%2C200 1x, https:\/\/i0.wp.com\/enfantsdudesert.org\/boutique\/wp-content\/uploads\/2024\/05\/2d5c09c3-ef15-44fe-b8d4-b5a9e1691246.jpeg?fit=1178%2C1200&ssl=1&resize=525%2C300 1.5x, https:\/\/i0.wp.com\/enfantsdudesert.org\/boutique\/wp-content\/uploads\/2024\/05\/2d5c09c3-ef15-44fe-b8d4-b5a9e1691246.jpeg?fit=1178%2C1200&ssl=1&resize=700%2C400 2x, https:\/\/i0.wp.com\/enfantsdudesert.org\/boutique\/wp-content\/uploads\/2024\/05\/2d5c09c3-ef15-44fe-b8d4-b5a9e1691246.jpeg?fit=1178%2C1200&ssl=1&resize=1050%2C600 3x"},"classes":[]}],"jetpack_sharing_enabled":true,"_links":{"self":[{"href":"https:\/\/enfantsdudesert.org\/boutique\/wp-json\/wp\/v2\/product\/2207","targetHints":{"allow":["GET"]}}],"collection":[{"href":"https:\/\/enfantsdudesert.org\/boutique\/wp-json\/wp\/v2\/product"}],"about":[{"href":"https:\/\/enfantsdudesert.org\/boutique\/wp-json\/wp\/v2\/types\/product"}],"wp:featuredmedia":[{"embeddable":true,"href":"https:\/\/enfantsdudesert.org\/boutique\/wp-json\/wp\/v2\/media\/2215"}],"wp:attachment":[{"href":"https:\/\/enfantsdudesert.org\/boutique\/wp-json\/wp\/v2\/media?parent=2207"}],"wp:term":[{"taxonomy":"product_brand","embeddable":true,"href":"https:\/\/enfantsdudesert.org\/boutique\/wp-json\/wp\/v2\/product_brand?post=2207"},{"taxonomy":"product_cat","embeddable":true,"href":"https:\/\/enfantsdudesert.org\/boutique\/wp-json\/wp\/v2\/product_cat?post=2207"},{"taxonomy":"product_tag","embeddable":true,"href":"https:\/\/enfantsdudesert.org\/boutique\/wp-json\/wp\/v2\/product_tag?post=2207"}],"curies":[{"name":"wp","href":"https:\/\/api.w.org\/{rel}","templated":true}]}}