{"id":2230,"date":"2025-05-14T18:59:21","date_gmt":"2025-05-14T16:59:21","guid":{"rendered":"https:\/\/enfantsdudesert.org\/boutique\/?post_type=product&#038;p=2230"},"modified":"2025-10-19T19:57:35","modified_gmt":"2025-10-19T17:57:35","slug":"panier-3-par-rkia","status":"publish","type":"product","link":"https:\/\/enfantsdudesert.org\/boutique\/produit\/panier-3-par-rkia\/","title":{"rendered":"Panier 3 par Rkia"},"content":{"rendered":"","protected":false},"excerpt":{"rendered":"<p data-start=\"156\" data-end=\"411\">Dans l\u2019ombre rassurante des palmiers de son village, Rkia tresse patiemment chaque panier avec les feuilles s\u00e9ch\u00e9es de la palmeraie, qu\u2019elle vient ensuite rehausser de fils de laine color\u00e9s. Un geste r\u00e9p\u00e9t\u00e9, minutieux, long\u2026 mais toujours plein de sens.<\/p>\n<p data-start=\"413\" data-end=\"617\">Ce panier, c\u2019est bien plus qu\u2019un objet du quotidien : c\u2019est un fragment de la vie de Rkia, maman de 4 enfants qu\u2019elle \u00e9l\u00e8ve seule.<\/p>\n<p data-start=\"619\" data-end=\"797\">\u2728 Pratique et l\u00e9ger, il trouve sa place partout : pour le pain, les cl\u00e9s, les petits objets du quotidien\u2026 ou simplement accroch\u00e9 au mur comme une touche d\u2019artisanat marocaine.<\/p>\n<p data-start=\"799\" data-end=\"1198\">\ud83d\udccf Dimensions approximatives : 25 cm de diam\u00e8tre<br data-start=\"847\" data-end=\"850\" \/>\ud83c\udfa8 Chaque pi\u00e8ce est unique, les couleurs varient l\u00e9g\u00e8rement selon l\u2019inspiration de Rkia<br data-start=\"937\" data-end=\"940\" \/>\ud83d\udce6 <em data-start=\"993\" data-end=\"1140\">Laetitia, actuellement sur place au Maroc, ram\u00e8nera les cr\u00e9ations avec elle. Les envois pourront \u00eatre effectu\u00e9s \u00e0 partir de la semaine du 26 mai.<\/em><br data-start=\"1140\" data-end=\"1143\" \/>\ud83e\udde1 100 % des b\u00e9n\u00e9fices revers\u00e9s \u00e0 Rkia<br \/>\n\ud83d\udc8c Frais de port (France m\u00e9tropolitaine) inclus<br data-start=\"1181\" data-end=\"1184\" data-is-only-node=\"\" \/>\ud83d\udcb6 Prix : 26 \u20ac<\/p>\n","protected":false},"featured_media":2229,"template":"","meta":{"ocean_post_layout":"","ocean_both_sidebars_style":"","ocean_both_sidebars_content_width":0,"ocean_both_sidebars_sidebars_width":0,"ocean_sidebar":"0","ocean_second_sidebar":"0","ocean_disable_margins":"enable","ocean_add_body_class":"","ocean_shortcode_before_top_bar":"","ocean_shortcode_after_top_bar":"","ocean_shortcode_before_header":"","ocean_shortcode_after_header":"","ocean_has_shortcode":"","ocean_shortcode_after_title":"","ocean_shortcode_before_footer_widgets":"","ocean_shortcode_after_footer_widgets":"","ocean_shortcode_before_footer_bottom":"","ocean_shortcode_after_footer_bottom":"","ocean_display_top_bar":"default","ocean_display_header":"default","ocean_header_style":"","ocean_center_header_left_menu":"0","ocean_custom_header_template":"0","ocean_custom_logo":0,"ocean_custom_retina_logo":0,"ocean_custom_logo_max_width":0,"ocean_custom_logo_tablet_max_width":0,"ocean_custom_logo_mobile_max_width":0,"ocean_custom_logo_max_height":0,"ocean_custom_logo_tablet_max_height":0,"ocean_custom_logo_mobile_max_height":0,"ocean_header_custom_menu":"0","ocean_menu_typo_font_family":"0","ocean_menu_typo_font_subset":"","ocean_menu_typo_font_size":0,"ocean_menu_typo_font_size_tablet":0,"ocean_menu_typo_font_size_mobile":0,"ocean_menu_typo_font_size_unit":"px","ocean_menu_typo_font_weight":"","ocean_menu_typo_font_weight_tablet":"","ocean_menu_typo_font_weight_mobile":"","ocean_menu_typo_transform":"","ocean_menu_typo_transform_tablet":"","ocean_menu_typo_transform_mobile":"","ocean_menu_typo_line_height":0,"ocean_menu_typo_line_height_tablet":0,"ocean_menu_typo_line_height_mobile":0,"ocean_menu_typo_line_height_unit":"","ocean_menu_typo_spacing":0,"ocean_menu_typo_spacing_tablet":0,"ocean_menu_typo_spacing_mobile":0,"ocean_menu_typo_spacing_unit":"","ocean_menu_link_color":"","ocean_menu_link_color_hover":"","ocean_menu_link_color_active":"","ocean_menu_link_background":"","ocean_menu_link_hover_background":"","ocean_menu_link_active_background":"","ocean_menu_social_links_bg":"","ocean_menu_social_hover_links_bg":"","ocean_menu_social_links_color":"","ocean_menu_social_hover_links_color":"","ocean_disable_title":"default","ocean_disable_heading":"default","ocean_post_title":"","ocean_post_subheading":"","ocean_post_title_style":"","ocean_post_title_background_color":"","ocean_post_title_background":0,"ocean_post_title_bg_image_position":"","ocean_post_title_bg_image_attachment":"","ocean_post_title_bg_image_repeat":"","ocean_post_title_bg_image_size":"","ocean_post_title_height":0,"ocean_post_title_bg_overlay":0.5,"ocean_post_title_bg_overlay_color":"","ocean_disable_breadcrumbs":"default","ocean_breadcrumbs_color":"","ocean_breadcrumbs_separator_color":"","ocean_breadcrumbs_links_color":"","ocean_breadcrumbs_links_hover_color":"","ocean_display_footer_widgets":"default","ocean_display_footer_bottom":"default","ocean_custom_footer_template":"0"},"product_brand":[],"product_cat":[128,64,97,100],"product_tag":[],"class_list":{"0":"post-2230","1":"product","2":"type-product","3":"status-publish","4":"has-post-thumbnail","6":"product_cat-panier","7":"product_cat-femmes-du-desert","8":"product_cat-rkia-vannerie","9":"product_cat-type-de-produit","11":"entry","12":"has-media","14":"first","15":"outofstock","16":"shipping-taxable","17":"purchasable","18":"product-type-simple","19":"has-product-nav","20":"col","21":"span_1_of_3","22":"owp-content-center","23":"owp-thumbs-layout-horizontal","24":"owp-btn-normal","25":"owp-tabs-layout-horizontal","27":"circle-sale"},"jetpack-related-posts":[{"id":2224,"url":"https:\/\/enfantsdudesert.org\/boutique\/produit\/panier-2-par-rkia\/","url_meta":{"origin":2230,"position":0},"title":"Panier 2 par Rkia","author":"Monica","date":"14\/05\/2025","format":false,"excerpt":"Dans l\u2019ombre rassurante des palmiers de son village, Rkia tresse patiemment chaque panier avec les feuilles s\u00e9ch\u00e9es de la palmeraie, qu\u2019elle vient ensuite rehausser de fils de laine color\u00e9s. Un geste r\u00e9p\u00e9t\u00e9, minutieux, long\u2026 mais toujours plein de sens. Ce panier, c\u2019est bien plus qu\u2019un objet du quotidien : c\u2019est\u2026","rel":"","context":"Article similaire","block_context":{"text":"Article similaire","link":""},"img":{"alt_text":"","src":"https:\/\/i0.wp.com\/enfantsdudesert.org\/boutique\/wp-content\/uploads\/2025\/05\/WhatsApp-Image-2025-05-14-a-17.43.47_5c5e1204-scaled.jpg?fit=900%2C1200&ssl=1&resize=350%2C200","width":350,"height":200,"srcset":"https:\/\/i0.wp.com\/enfantsdudesert.org\/boutique\/wp-content\/uploads\/2025\/05\/WhatsApp-Image-2025-05-14-a-17.43.47_5c5e1204-scaled.jpg?fit=900%2C1200&ssl=1&resize=350%2C200 1x, https:\/\/i0.wp.com\/enfantsdudesert.org\/boutique\/wp-content\/uploads\/2025\/05\/WhatsApp-Image-2025-05-14-a-17.43.47_5c5e1204-scaled.jpg?fit=900%2C1200&ssl=1&resize=525%2C300 1.5x, https:\/\/i0.wp.com\/enfantsdudesert.org\/boutique\/wp-content\/uploads\/2025\/05\/WhatsApp-Image-2025-05-14-a-17.43.47_5c5e1204-scaled.jpg?fit=900%2C1200&ssl=1&resize=700%2C400 2x"},"classes":[]},{"id":2232,"url":"https:\/\/enfantsdudesert.org\/boutique\/produit\/panier-5-par-rkia\/","url_meta":{"origin":2230,"position":1},"title":"Panier 5 par Rkia","author":"Monica","date":"14\/05\/2025","format":false,"excerpt":"Dans l\u2019ombre rassurante des palmiers de son village, Rkia tresse patiemment chaque panier avec les feuilles s\u00e9ch\u00e9es de la palmeraie, qu\u2019elle vient ensuite rehausser de fils de laine color\u00e9s. Un geste r\u00e9p\u00e9t\u00e9, minutieux, long\u2026 mais toujours plein de sens. Ce panier, c\u2019est bien plus qu\u2019un objet du quotidien : c\u2019est\u2026","rel":"","context":"Article similaire","block_context":{"text":"Article similaire","link":""},"img":{"alt_text":"","src":"https:\/\/i0.wp.com\/enfantsdudesert.org\/boutique\/wp-content\/uploads\/2025\/05\/WhatsApp-Image-2025-05-14-a-17.43.47_97b37bfc-scaled.jpg?fit=900%2C1200&ssl=1&resize=350%2C200","width":350,"height":200,"srcset":"https:\/\/i0.wp.com\/enfantsdudesert.org\/boutique\/wp-content\/uploads\/2025\/05\/WhatsApp-Image-2025-05-14-a-17.43.47_97b37bfc-scaled.jpg?fit=900%2C1200&ssl=1&resize=350%2C200 1x, https:\/\/i0.wp.com\/enfantsdudesert.org\/boutique\/wp-content\/uploads\/2025\/05\/WhatsApp-Image-2025-05-14-a-17.43.47_97b37bfc-scaled.jpg?fit=900%2C1200&ssl=1&resize=525%2C300 1.5x, https:\/\/i0.wp.com\/enfantsdudesert.org\/boutique\/wp-content\/uploads\/2025\/05\/WhatsApp-Image-2025-05-14-a-17.43.47_97b37bfc-scaled.jpg?fit=900%2C1200&ssl=1&resize=700%2C400 2x"},"classes":[]},{"id":2231,"url":"https:\/\/enfantsdudesert.org\/boutique\/produit\/panier-4-par-rkia\/","url_meta":{"origin":2230,"position":2},"title":"Panier 4 par Rkia","author":"Monica","date":"14\/05\/2025","format":false,"excerpt":"Dans l\u2019ombre rassurante des palmiers de son village, Rkia tresse patiemment chaque panier avec les feuilles s\u00e9ch\u00e9es de la palmeraie, qu\u2019elle vient ensuite rehausser de fils de laine color\u00e9s. Un geste r\u00e9p\u00e9t\u00e9, minutieux, long\u2026 mais toujours plein de sens. Ce panier, c\u2019est bien plus qu\u2019un objet du quotidien : c\u2019est\u2026","rel":"","context":"Article similaire","block_context":{"text":"Article similaire","link":""},"img":{"alt_text":"","src":"https:\/\/i0.wp.com\/enfantsdudesert.org\/boutique\/wp-content\/uploads\/2025\/05\/WhatsApp-Image-2025-05-14-a-17.43.48_1116b750-scaled.jpg?fit=900%2C1200&ssl=1&resize=350%2C200","width":350,"height":200,"srcset":"https:\/\/i0.wp.com\/enfantsdudesert.org\/boutique\/wp-content\/uploads\/2025\/05\/WhatsApp-Image-2025-05-14-a-17.43.48_1116b750-scaled.jpg?fit=900%2C1200&ssl=1&resize=350%2C200 1x, https:\/\/i0.wp.com\/enfantsdudesert.org\/boutique\/wp-content\/uploads\/2025\/05\/WhatsApp-Image-2025-05-14-a-17.43.48_1116b750-scaled.jpg?fit=900%2C1200&ssl=1&resize=525%2C300 1.5x, https:\/\/i0.wp.com\/enfantsdudesert.org\/boutique\/wp-content\/uploads\/2025\/05\/WhatsApp-Image-2025-05-14-a-17.43.48_1116b750-scaled.jpg?fit=900%2C1200&ssl=1&resize=700%2C400 2x"},"classes":[]},{"id":2221,"url":"https:\/\/enfantsdudesert.org\/boutique\/produit\/panier-1-par-rkia\/","url_meta":{"origin":2230,"position":3},"title":"Panier 1 par Rkia","author":"Monica","date":"14\/05\/2025","format":false,"excerpt":"Dans l\u2019ombre rassurante des palmiers de son village, Rkia tresse patiemment chaque panier avec les feuilles s\u00e9ch\u00e9es de la palmeraie, qu\u2019elle vient ensuite rehausser de fils de laine color\u00e9s. Un geste r\u00e9p\u00e9t\u00e9, minutieux, long\u2026 mais toujours plein de sens. Ce panier, c\u2019est bien plus qu\u2019un objet du quotidien : c\u2019est\u2026","rel":"","context":"Article similaire","block_context":{"text":"Article similaire","link":""},"img":{"alt_text":"","src":"https:\/\/i0.wp.com\/enfantsdudesert.org\/boutique\/wp-content\/uploads\/2025\/05\/WhatsApp-Image-2025-05-14-a-17.43.47_f2f7fbbe-scaled.jpg?fit=900%2C1200&ssl=1&resize=350%2C200","width":350,"height":200,"srcset":"https:\/\/i0.wp.com\/enfantsdudesert.org\/boutique\/wp-content\/uploads\/2025\/05\/WhatsApp-Image-2025-05-14-a-17.43.47_f2f7fbbe-scaled.jpg?fit=900%2C1200&ssl=1&resize=350%2C200 1x, https:\/\/i0.wp.com\/enfantsdudesert.org\/boutique\/wp-content\/uploads\/2025\/05\/WhatsApp-Image-2025-05-14-a-17.43.47_f2f7fbbe-scaled.jpg?fit=900%2C1200&ssl=1&resize=525%2C300 1.5x, https:\/\/i0.wp.com\/enfantsdudesert.org\/boutique\/wp-content\/uploads\/2025\/05\/WhatsApp-Image-2025-05-14-a-17.43.47_f2f7fbbe-scaled.jpg?fit=900%2C1200&ssl=1&resize=700%2C400 2x"},"classes":[]},{"id":2153,"url":"https:\/\/enfantsdudesert.org\/boutique\/produit\/tapis-tulipa-par-rkia-%f0%9f%a4%8d\/","url_meta":{"origin":2230,"position":4},"title":"Tapis Tulipa par Rkia \ud83e\udd0d","author":"J\u00e9romine Lan\u00e7on","date":"17\/02\/2025","format":false,"excerpt":"Le Tapis Tulipa est r\u00e9alis\u00e9 par Rkia depuis son petit village du d\u00e9sert \u00e0 Haroun. \ud83c\udf34 C\u2019est Rkia qui tisse et colore la laine pour r\u00e9aliser ces tapis unique et plein de charme du d\u00e9sert. Les d\u00e9tails : \ud83d\udd36 dimensions : 100 cm sur 70cm, \ud83d\udd36 prix : 90\u20ac, frais\u2026","rel":"","context":"Article similaire","block_context":{"text":"Article similaire","link":""},"img":{"alt_text":"","src":"https:\/\/i0.wp.com\/enfantsdudesert.org\/boutique\/wp-content\/uploads\/2025\/02\/IMG_9291-scaled.jpeg?fit=900%2C1200&ssl=1&resize=350%2C200","width":350,"height":200,"srcset":"https:\/\/i0.wp.com\/enfantsdudesert.org\/boutique\/wp-content\/uploads\/2025\/02\/IMG_9291-scaled.jpeg?fit=900%2C1200&ssl=1&resize=350%2C200 1x, https:\/\/i0.wp.com\/enfantsdudesert.org\/boutique\/wp-content\/uploads\/2025\/02\/IMG_9291-scaled.jpeg?fit=900%2C1200&ssl=1&resize=525%2C300 1.5x, https:\/\/i0.wp.com\/enfantsdudesert.org\/boutique\/wp-content\/uploads\/2025\/02\/IMG_9291-scaled.jpeg?fit=900%2C1200&ssl=1&resize=700%2C400 2x"},"classes":[]},{"id":1735,"url":"https:\/\/enfantsdudesert.org\/boutique\/produit\/pochette-recycle-par-rkia\/","url_meta":{"origin":2230,"position":5},"title":"Pochette recycl\u00e9 par Rkia","author":"J\u00e9romine Lan\u00e7on","date":"22\/04\/2024","format":false,"excerpt":"Cette pochette unique est con\u00e7ue \u00e0 partir d'un sac de produits alimentaires (farine, riz, semoule...) recycl\u00e9, transform\u00e9 en une pi\u00e8ce de mode originale et respectueuse de l'environnement. Rkia a mis tout son savoir faire pour sublimer cette pochette ! \u25b6\ufe0f Infos : Couleur : blanche et noire Dimensions : 29\u2026","rel":"","context":"Article similaire","block_context":{"text":"Article similaire","link":""},"img":{"alt_text":"","src":"https:\/\/i0.wp.com\/enfantsdudesert.org\/boutique\/wp-content\/uploads\/2024\/04\/fc373121-6edf-4c31-b807-72be87bc888e.jpeg?fit=600%2C544&ssl=1&resize=350%2C200","width":350,"height":200,"srcset":"https:\/\/i0.wp.com\/enfantsdudesert.org\/boutique\/wp-content\/uploads\/2024\/04\/fc373121-6edf-4c31-b807-72be87bc888e.jpeg?fit=600%2C544&ssl=1&resize=350%2C200 1x, https:\/\/i0.wp.com\/enfantsdudesert.org\/boutique\/wp-content\/uploads\/2024\/04\/fc373121-6edf-4c31-b807-72be87bc888e.jpeg?fit=600%2C544&ssl=1&resize=525%2C300 1.5x"},"classes":[]}],"jetpack_sharing_enabled":true,"_links":{"self":[{"href":"https:\/\/enfantsdudesert.org\/boutique\/wp-json\/wp\/v2\/product\/2230","targetHints":{"allow":["GET"]}}],"collection":[{"href":"https:\/\/enfantsdudesert.org\/boutique\/wp-json\/wp\/v2\/product"}],"about":[{"href":"https:\/\/enfantsdudesert.org\/boutique\/wp-json\/wp\/v2\/types\/product"}],"wp:featuredmedia":[{"embeddable":true,"href":"https:\/\/enfantsdudesert.org\/boutique\/wp-json\/wp\/v2\/media\/2229"}],"wp:attachment":[{"href":"https:\/\/enfantsdudesert.org\/boutique\/wp-json\/wp\/v2\/media?parent=2230"}],"wp:term":[{"taxonomy":"product_brand","embeddable":true,"href":"https:\/\/enfantsdudesert.org\/boutique\/wp-json\/wp\/v2\/product_brand?post=2230"},{"taxonomy":"product_cat","embeddable":true,"href":"https:\/\/enfantsdudesert.org\/boutique\/wp-json\/wp\/v2\/product_cat?post=2230"},{"taxonomy":"product_tag","embeddable":true,"href":"https:\/\/enfantsdudesert.org\/boutique\/wp-json\/wp\/v2\/product_tag?post=2230"}],"curies":[{"name":"wp","href":"https:\/\/api.w.org\/{rel}","templated":true}]}}