{"id":2241,"date":"2025-07-15T14:57:07","date_gmt":"2025-07-15T12:57:07","guid":{"rendered":"https:\/\/enfantsdudesert.org\/boutique\/?post_type=product&#038;p=2241"},"modified":"2025-11-04T13:10:11","modified_gmt":"2025-11-04T12:10:11","slug":"sautoir-tazult-collection-tifawin-par-nora","status":"publish","type":"product","link":"https:\/\/enfantsdudesert.org\/boutique\/produit\/sautoir-tazult-collection-tifawin-par-nora\/","title":{"rendered":"Sautoir Tazult \u2764\ufe0f Collection Tifawin par Nora"},"content":{"rendered":"","protected":false},"excerpt":{"rendered":"<p><em><strong>Tifawin<\/strong><\/em> : une collection n\u00e9e du d\u00e9sert, inspir\u00e9e par la beaut\u00e9 brute des mati\u00e8res et le lien avec les objets anciens. Chaque sautoir a \u00e9t\u00e9 con\u00e7u \u00e0 partir d\u2019\u00e9l\u00e9ments chin\u00e9s dans les souks de Rissani et mont\u00e9 \u00e0 la main par Nora. Une seule couleur, une seule ligne, une seule force.<\/p>\n<p>\ud83d\udd34 Sautoir rouge \u2013 <strong>Tazult<\/strong> : <em>rouge, feu en amazigh<\/em><\/p>\n<p>\u00b7 Sautoir rouge profond, ponctu\u00e9 de perles argent\u00e9es. Au centre, une ancienne pi\u00e8ce de monnaie marocaine, chin\u00e9e au souk.<br \/>\n\u00b7 Tazult \u00e9voque la chaleur, la terre rouge, le feu int\u00e9rieur.<br \/>\n\u00b7 Sautoir taille : 85 cm<\/p>\n<p>\ud83d\udc8c Frais de port (France m\u00e9tropolitaine) inclus dans le prix.<br \/>\n\ud83e\udde1 100 % des ventes revers\u00e9es \u00e0 Nora<\/p>\n","protected":false},"featured_media":2243,"template":"","meta":{"ocean_post_layout":"","ocean_both_sidebars_style":"","ocean_both_sidebars_content_width":0,"ocean_both_sidebars_sidebars_width":0,"ocean_sidebar":"0","ocean_second_sidebar":"0","ocean_disable_margins":"enable","ocean_add_body_class":"","ocean_shortcode_before_top_bar":"","ocean_shortcode_after_top_bar":"","ocean_shortcode_before_header":"","ocean_shortcode_after_header":"","ocean_has_shortcode":"","ocean_shortcode_after_title":"","ocean_shortcode_before_footer_widgets":"","ocean_shortcode_after_footer_widgets":"","ocean_shortcode_before_footer_bottom":"","ocean_shortcode_after_footer_bottom":"","ocean_display_top_bar":"default","ocean_display_header":"default","ocean_header_style":"","ocean_center_header_left_menu":"0","ocean_custom_header_template":"0","ocean_custom_logo":0,"ocean_custom_retina_logo":0,"ocean_custom_logo_max_width":0,"ocean_custom_logo_tablet_max_width":0,"ocean_custom_logo_mobile_max_width":0,"ocean_custom_logo_max_height":0,"ocean_custom_logo_tablet_max_height":0,"ocean_custom_logo_mobile_max_height":0,"ocean_header_custom_menu":"0","ocean_menu_typo_font_family":"0","ocean_menu_typo_font_subset":"","ocean_menu_typo_font_size":0,"ocean_menu_typo_font_size_tablet":0,"ocean_menu_typo_font_size_mobile":0,"ocean_menu_typo_font_size_unit":"px","ocean_menu_typo_font_weight":"","ocean_menu_typo_font_weight_tablet":"","ocean_menu_typo_font_weight_mobile":"","ocean_menu_typo_transform":"","ocean_menu_typo_transform_tablet":"","ocean_menu_typo_transform_mobile":"","ocean_menu_typo_line_height":0,"ocean_menu_typo_line_height_tablet":0,"ocean_menu_typo_line_height_mobile":0,"ocean_menu_typo_line_height_unit":"","ocean_menu_typo_spacing":0,"ocean_menu_typo_spacing_tablet":0,"ocean_menu_typo_spacing_mobile":0,"ocean_menu_typo_spacing_unit":"","ocean_menu_link_color":"","ocean_menu_link_color_hover":"","ocean_menu_link_color_active":"","ocean_menu_link_background":"","ocean_menu_link_hover_background":"","ocean_menu_link_active_background":"","ocean_menu_social_links_bg":"","ocean_menu_social_hover_links_bg":"","ocean_menu_social_links_color":"","ocean_menu_social_hover_links_color":"","ocean_disable_title":"default","ocean_disable_heading":"default","ocean_post_title":"","ocean_post_subheading":"","ocean_post_title_style":"","ocean_post_title_background_color":"","ocean_post_title_background":0,"ocean_post_title_bg_image_position":"","ocean_post_title_bg_image_attachment":"","ocean_post_title_bg_image_repeat":"","ocean_post_title_bg_image_size":"","ocean_post_title_height":0,"ocean_post_title_bg_overlay":0.5,"ocean_post_title_bg_overlay_color":"","ocean_disable_breadcrumbs":"default","ocean_breadcrumbs_color":"","ocean_breadcrumbs_separator_color":"","ocean_breadcrumbs_links_color":"","ocean_breadcrumbs_links_hover_color":"","ocean_display_footer_widgets":"default","ocean_display_footer_bottom":"default","ocean_custom_footer_template":"0"},"product_brand":[],"product_cat":[116,94,64],"product_tag":[],"class_list":{"0":"post-2241","1":"product","2":"type-product","3":"status-publish","4":"has-post-thumbnail","6":"product_cat-nora","7":"product_cat-bijoux","8":"product_cat-femmes-du-desert","10":"entry","11":"has-media","13":"first","14":"outofstock","15":"shipping-taxable","16":"purchasable","17":"product-type-simple","18":"has-product-nav","19":"col","20":"span_1_of_3","21":"owp-content-center","22":"owp-thumbs-layout-horizontal","23":"owp-btn-normal","24":"owp-tabs-layout-horizontal","26":"circle-sale"},"jetpack-related-posts":[{"id":2244,"url":"https:\/\/enfantsdudesert.org\/boutique\/produit\/2244\/","url_meta":{"origin":2241,"position":0},"title":"Sautoir Tazult \ud83d\udda4 Collection Tifawin par Nora","author":"Monica","date":"15\/07\/2025","format":false,"excerpt":"Tifawin : une collection n\u00e9e du d\u00e9sert, inspir\u00e9e par la beaut\u00e9 brute des mati\u00e8res et le lien avec les objets anciens. Chaque sautoir a \u00e9t\u00e9 con\u00e7u \u00e0 partir d\u2019\u00e9l\u00e9ments chin\u00e9s dans les souks de Rissani et mont\u00e9 \u00e0 la main par Nora. Une seule couleur, une seule ligne, une seule\u2026","rel":"","context":"Article similaire","block_context":{"text":"Article similaire","link":""},"img":{"alt_text":"","src":"https:\/\/i0.wp.com\/enfantsdudesert.org\/boutique\/wp-content\/uploads\/2025\/07\/WhatsApp-Image-2025-07-08-a-15.03.39_3fed4c84-scaled.jpg?fit=1051%2C1200&ssl=1&resize=350%2C200","width":350,"height":200,"srcset":"https:\/\/i0.wp.com\/enfantsdudesert.org\/boutique\/wp-content\/uploads\/2025\/07\/WhatsApp-Image-2025-07-08-a-15.03.39_3fed4c84-scaled.jpg?fit=1051%2C1200&ssl=1&resize=350%2C200 1x, https:\/\/i0.wp.com\/enfantsdudesert.org\/boutique\/wp-content\/uploads\/2025\/07\/WhatsApp-Image-2025-07-08-a-15.03.39_3fed4c84-scaled.jpg?fit=1051%2C1200&ssl=1&resize=525%2C300 1.5x, https:\/\/i0.wp.com\/enfantsdudesert.org\/boutique\/wp-content\/uploads\/2025\/07\/WhatsApp-Image-2025-07-08-a-15.03.39_3fed4c84-scaled.jpg?fit=1051%2C1200&ssl=1&resize=700%2C400 2x, https:\/\/i0.wp.com\/enfantsdudesert.org\/boutique\/wp-content\/uploads\/2025\/07\/WhatsApp-Image-2025-07-08-a-15.03.39_3fed4c84-scaled.jpg?fit=1051%2C1200&ssl=1&resize=1050%2C600 3x"},"classes":[]},{"id":2246,"url":"https:\/\/enfantsdudesert.org\/boutique\/produit\/7-colliers-collection-anzar-%e2%98%80%ef%b8%8f-par-nora\/","url_meta":{"origin":2241,"position":1},"title":"7 colliers, collection Anzar \u2600\ufe0f par Nora","author":"Monica","date":"15\/07\/2025","format":false,"excerpt":"Anzar est une repr\u00e9sentation de la pluie chez les amazigh. Une collection comme une promesse de vie : color\u00e9e, pleine de mouvement et de relief. Chaque collier a \u00e9t\u00e9 mont\u00e9 \u00e0 la main par Nora, \u00e0 partir de perles anciennes et neuves, chin\u00e9es dans les souks du d\u00e9sert. Des pi\u00e8ces\u2026","rel":"","context":"Article similaire","block_context":{"text":"Article similaire","link":""},"img":{"alt_text":"","src":"https:\/\/i0.wp.com\/enfantsdudesert.org\/boutique\/wp-content\/uploads\/2025\/07\/collier-nora-5.jpg?fit=900%2C1200&ssl=1&resize=350%2C200","width":350,"height":200,"srcset":"https:\/\/i0.wp.com\/enfantsdudesert.org\/boutique\/wp-content\/uploads\/2025\/07\/collier-nora-5.jpg?fit=900%2C1200&ssl=1&resize=350%2C200 1x, https:\/\/i0.wp.com\/enfantsdudesert.org\/boutique\/wp-content\/uploads\/2025\/07\/collier-nora-5.jpg?fit=900%2C1200&ssl=1&resize=525%2C300 1.5x, https:\/\/i0.wp.com\/enfantsdudesert.org\/boutique\/wp-content\/uploads\/2025\/07\/collier-nora-5.jpg?fit=900%2C1200&ssl=1&resize=700%2C400 2x"},"classes":[]},{"id":2524,"url":"https:\/\/enfantsdudesert.org\/boutique\/produit\/tapis-azetta-par-rkia\/","url_meta":{"origin":2241,"position":2},"title":"Tapis Azetta par Rkia","author":"Monica","date":"09\/04\/2026","format":false,"excerpt":"Comme une constellation berb\u00e8re, ce tapis po\u00e9tique, color\u00e9e et plein de couleurs a \u00e9t\u00e9 r\u00e9alis\u00e9 par Rkia depuis son petit village du d\u00e9sert. Il s'agit d'un mix de laine achet\u00e9 au souk et de laine de ses moutons. Les d\u00e9tails\u00a0 Dimensions : 170 cm x 85 cm \u00a0Prix :\u00a0120 \u20ac\u2026","rel":"","context":"Article similaire","block_context":{"text":"Article similaire","link":""},"img":{"alt_text":"","src":"https:\/\/i0.wp.com\/enfantsdudesert.org\/boutique\/wp-content\/uploads\/2026\/04\/WhatsApp-Image-2026-04-09-at-19.42.47-1.jpeg?fit=900%2C1200&ssl=1&resize=350%2C200","width":350,"height":200,"srcset":"https:\/\/i0.wp.com\/enfantsdudesert.org\/boutique\/wp-content\/uploads\/2026\/04\/WhatsApp-Image-2026-04-09-at-19.42.47-1.jpeg?fit=900%2C1200&ssl=1&resize=350%2C200 1x, https:\/\/i0.wp.com\/enfantsdudesert.org\/boutique\/wp-content\/uploads\/2026\/04\/WhatsApp-Image-2026-04-09-at-19.42.47-1.jpeg?fit=900%2C1200&ssl=1&resize=525%2C300 1.5x, https:\/\/i0.wp.com\/enfantsdudesert.org\/boutique\/wp-content\/uploads\/2026\/04\/WhatsApp-Image-2026-04-09-at-19.42.47-1.jpeg?fit=900%2C1200&ssl=1&resize=700%2C400 2x"},"classes":[]},{"id":2540,"url":"https:\/\/enfantsdudesert.org\/boutique\/produit\/tapis-taziri-par-soumia\/","url_meta":{"origin":2241,"position":3},"title":"Tapis Taziri par Soumia","author":"Monica","date":"09\/04\/2026","format":false,"excerpt":"Ce tapis rouge puissant et intens\u00e9ment moelleux a \u00e9t\u00e9 r\u00e9alis\u00e9 par Soumia. Il ajoutera du confort et de la couleur \u00e0 votre int\u00e9rieur tout en soutenant la qu\u00eate d'autonomie de Soumia. Les d\u00e9tails\u00a0 Dimensions : 90 cm\u00a0 x 1m40 cm \u00a0Prix :\u00a080 \u20ac frais de port inclus (via Mondial Relay)\u2026","rel":"","context":"Article similaire","block_context":{"text":"Article similaire","link":""},"img":{"alt_text":"","src":"https:\/\/i0.wp.com\/enfantsdudesert.org\/boutique\/wp-content\/uploads\/2026\/04\/WhatsApp-Image-2026-04-09-at-20.24.01-scaled.jpeg?fit=900%2C1200&ssl=1&resize=350%2C200","width":350,"height":200,"srcset":"https:\/\/i0.wp.com\/enfantsdudesert.org\/boutique\/wp-content\/uploads\/2026\/04\/WhatsApp-Image-2026-04-09-at-20.24.01-scaled.jpeg?fit=900%2C1200&ssl=1&resize=350%2C200 1x, https:\/\/i0.wp.com\/enfantsdudesert.org\/boutique\/wp-content\/uploads\/2026\/04\/WhatsApp-Image-2026-04-09-at-20.24.01-scaled.jpeg?fit=900%2C1200&ssl=1&resize=525%2C300 1.5x, https:\/\/i0.wp.com\/enfantsdudesert.org\/boutique\/wp-content\/uploads\/2026\/04\/WhatsApp-Image-2026-04-09-at-20.24.01-scaled.jpeg?fit=900%2C1200&ssl=1&resize=700%2C400 2x"},"classes":[]},{"id":2047,"url":"https:\/\/enfantsdudesert.org\/boutique\/produit\/pochette-mina-par-rachida-%e2%9d%a4%ef%b8%8f\/","url_meta":{"origin":2241,"position":4},"title":"Pochette &#8220;Mina&#8221; par Rachida \u2764\ufe0f","author":"Monica","date":"29\/11\/2024","format":false,"excerpt":"Cette pochette de grande taille en coton naturel est l'accessoire parfait pour organiser tous vos essentiels, que ce soit pour une trousse de toilette \u00e9l\u00e9gante ou un n\u00e9cessaire de voyage pratique. Son design soign\u00e9 et spacieux vous permet de tout ranger facilement, des produits de beaut\u00e9 aux accessoires. Le recto\u2026","rel":"","context":"Article similaire","block_context":{"text":"Article similaire","link":""},"img":{"alt_text":"","src":"https:\/\/i0.wp.com\/enfantsdudesert.org\/boutique\/wp-content\/uploads\/2024\/11\/WhatsApp-Image-2024-11-29-a-11.26.55_eb151e2b-scaled-e1732884450148.jpg?fit=1024%2C1200&ssl=1&resize=350%2C200","width":350,"height":200,"srcset":"https:\/\/i0.wp.com\/enfantsdudesert.org\/boutique\/wp-content\/uploads\/2024\/11\/WhatsApp-Image-2024-11-29-a-11.26.55_eb151e2b-scaled-e1732884450148.jpg?fit=1024%2C1200&ssl=1&resize=350%2C200 1x, https:\/\/i0.wp.com\/enfantsdudesert.org\/boutique\/wp-content\/uploads\/2024\/11\/WhatsApp-Image-2024-11-29-a-11.26.55_eb151e2b-scaled-e1732884450148.jpg?fit=1024%2C1200&ssl=1&resize=525%2C300 1.5x, https:\/\/i0.wp.com\/enfantsdudesert.org\/boutique\/wp-content\/uploads\/2024\/11\/WhatsApp-Image-2024-11-29-a-11.26.55_eb151e2b-scaled-e1732884450148.jpg?fit=1024%2C1200&ssl=1&resize=700%2C400 2x"},"classes":[]},{"id":2105,"url":"https:\/\/enfantsdudesert.org\/boutique\/produit\/tapis-azguar-%e2%99%a6%ef%b8%8f-realise-par-soumia\/","url_meta":{"origin":2241,"position":5},"title":"Tapis Azguar \u2666\ufe0f r\u00e9alis\u00e9 par Soumia","author":"Monica","date":"17\/02\/2025","format":false,"excerpt":"\u2764\ufe0f Azguar : un tapis chaleureux et r\u00e9confortant \ud83d\udda4 R\u00e9alis\u00e9 avec soin par Soumia, maman de deux filles soutenues \u00e0 travers notre syst\u00e8me de parrainage, le tapis Azguar incarne la g\u00e9n\u00e9rosit\u00e9 et le talent artisanal. Avec son rouge vif intense et son \u00e9l\u00e9gant quadrillage noir, il contient une grande quantit\u00e9\u2026","rel":"","context":"Article similaire","block_context":{"text":"Article similaire","link":""},"img":{"alt_text":"","src":"https:\/\/i0.wp.com\/enfantsdudesert.org\/boutique\/wp-content\/uploads\/2024\/12\/Tapis-Azguar-1-scaled.jpg?fit=948%2C1200&ssl=1&resize=350%2C200","width":350,"height":200,"srcset":"https:\/\/i0.wp.com\/enfantsdudesert.org\/boutique\/wp-content\/uploads\/2024\/12\/Tapis-Azguar-1-scaled.jpg?fit=948%2C1200&ssl=1&resize=350%2C200 1x, https:\/\/i0.wp.com\/enfantsdudesert.org\/boutique\/wp-content\/uploads\/2024\/12\/Tapis-Azguar-1-scaled.jpg?fit=948%2C1200&ssl=1&resize=525%2C300 1.5x, https:\/\/i0.wp.com\/enfantsdudesert.org\/boutique\/wp-content\/uploads\/2024\/12\/Tapis-Azguar-1-scaled.jpg?fit=948%2C1200&ssl=1&resize=700%2C400 2x"},"classes":[]}],"jetpack_sharing_enabled":true,"_links":{"self":[{"href":"https:\/\/enfantsdudesert.org\/boutique\/wp-json\/wp\/v2\/product\/2241","targetHints":{"allow":["GET"]}}],"collection":[{"href":"https:\/\/enfantsdudesert.org\/boutique\/wp-json\/wp\/v2\/product"}],"about":[{"href":"https:\/\/enfantsdudesert.org\/boutique\/wp-json\/wp\/v2\/types\/product"}],"wp:featuredmedia":[{"embeddable":true,"href":"https:\/\/enfantsdudesert.org\/boutique\/wp-json\/wp\/v2\/media\/2243"}],"wp:attachment":[{"href":"https:\/\/enfantsdudesert.org\/boutique\/wp-json\/wp\/v2\/media?parent=2241"}],"wp:term":[{"taxonomy":"product_brand","embeddable":true,"href":"https:\/\/enfantsdudesert.org\/boutique\/wp-json\/wp\/v2\/product_brand?post=2241"},{"taxonomy":"product_cat","embeddable":true,"href":"https:\/\/enfantsdudesert.org\/boutique\/wp-json\/wp\/v2\/product_cat?post=2241"},{"taxonomy":"product_tag","embeddable":true,"href":"https:\/\/enfantsdudesert.org\/boutique\/wp-json\/wp\/v2\/product_tag?post=2241"}],"curies":[{"name":"wp","href":"https:\/\/api.w.org\/{rel}","templated":true}]}}