{"id":2334,"date":"2025-10-19T15:43:28","date_gmt":"2025-10-19T13:43:28","guid":{"rendered":"https:\/\/enfantsdudesert.org\/boutique\/?post_type=product&#038;p=2334"},"modified":"2025-11-01T22:54:08","modified_gmt":"2025-11-01T21:54:08","slug":"tapis-khaoula-par-mama-%f0%9f%8e%89","status":"publish","type":"product","link":"https:\/\/enfantsdudesert.org\/boutique\/produit\/tapis-khaoula-par-mama-%f0%9f%8e%89\/","title":{"rendered":"Tapis Khaoula par Mama \ud83c\udf89"},"content":{"rendered":"","protected":false},"excerpt":{"rendered":"<h3 data-start=\"281\" data-end=\"330\"><strong data-start=\"285\" data-end=\"330\">Khaoula \u2013 un tapis plein de d\u00e9licatesse \u2728<\/strong><\/h3>\n<p data-start=\"332\" data-end=\"541\">Tiss\u00e9 avec amour par <strong data-start=\"353\" data-end=\"361\">Mama<\/strong>, une talentueuse artisane vivant dans un petit village au c\u0153ur du d\u00e9sert marocain, le tapis <strong data-start=\"458\" data-end=\"469\">Khaoula<\/strong> est un hommage \u00e0 la vie et \u00e0 l\u2019amour qu\u2019une m\u00e8re porte \u00e0 sa fille \ud83d\udc9e.<\/p>\n<p data-start=\"543\" data-end=\"659\">Avec sa <strong data-start=\"551\" data-end=\"611\">composition sym\u00e9trique rehauss\u00e9e d\u2019une touche de rose \ud83c\udf38<\/strong>, ce tapis trouvera facilement sa place dans :<\/p>\n<ul data-start=\"660\" data-end=\"856\">\n<li data-start=\"660\" data-end=\"733\">\n<p data-start=\"662\" data-end=\"733\"><strong data-start=\"665\" data-end=\"689\">Une chambre d\u2019enfant<\/strong>, pour une ambiance joyeuse et p\u00e9tillante,<\/p>\n<\/li>\n<li data-start=\"734\" data-end=\"791\">\n<p data-start=\"736\" data-end=\"791\"><strong data-start=\"739\" data-end=\"760\">Une salle de bain<\/strong>, pour une note vive et cosy,<\/p>\n<\/li>\n<li data-start=\"792\" data-end=\"856\">\n<p data-start=\"794\" data-end=\"856\"><strong data-start=\"797\" data-end=\"819\">En descente de lit<\/strong>, pour des r\u00e9veils tout en douceur.<\/p>\n<\/li>\n<\/ul>\n<h3 data-start=\"863\" data-end=\"883\"><strong data-start=\"867\" data-end=\"881\">D\u00e9tails<\/strong><\/h3>\n<p data-start=\"884\" data-end=\"1226\"><strong data-start=\"887\" data-end=\"903\">\ud83d\udd38Dimensions :<\/strong> 115 x 80 cm<br data-start=\"915\" data-end=\"918\" \/><strong data-start=\"921\" data-end=\"931\">\ud83d\udd38Prix :<\/strong> 100 \u20ac (frais de port inclus, envoi via Mondial Relay, valeur 10 \u20ac)<br data-start=\"999\" data-end=\"1002\" \/>\ud83d\udd38\u00a0<strong data-start=\"1005\" data-end=\"1021\">Exp\u00e9dition :<\/strong> apr\u00e8s votre commande, nous vous contacterons par email pour conna\u00eetre votre point Mondial Relay pr\u00e9f\u00e9r\u00e9.<br data-start=\"1126\" data-end=\"1129\" \/>\ud83d\udd38\u00a0<strong data-start=\"1132\" data-end=\"1154\">Impact solidaire :<\/strong> 100 % des b\u00e9n\u00e9fices, soit <strong data-start=\"1181\" data-end=\"1189\">90 \u20ac<\/strong>, sont revers\u00e9s directement \u00e0 Mama.<\/p>\n<p data-start=\"1233\" data-end=\"1355\">Offrez (ou offrez-vous) une <strong data-start=\"1261\" data-end=\"1299\">d\u00e9coration artisanale et solidaire<\/strong>, empreinte de <strong data-start=\"1314\" data-end=\"1348\">sens, d\u2019histoire et de douceur<\/strong> \ud83c\udf3e\ud83d\udcab<\/p>\n","protected":false},"featured_media":2401,"template":"","meta":{"ocean_post_layout":"","ocean_both_sidebars_style":"","ocean_both_sidebars_content_width":0,"ocean_both_sidebars_sidebars_width":0,"ocean_sidebar":"0","ocean_second_sidebar":"0","ocean_disable_margins":"enable","ocean_add_body_class":"","ocean_shortcode_before_top_bar":"","ocean_shortcode_after_top_bar":"","ocean_shortcode_before_header":"","ocean_shortcode_after_header":"","ocean_has_shortcode":"","ocean_shortcode_after_title":"","ocean_shortcode_before_footer_widgets":"","ocean_shortcode_after_footer_widgets":"","ocean_shortcode_before_footer_bottom":"","ocean_shortcode_after_footer_bottom":"","ocean_display_top_bar":"default","ocean_display_header":"default","ocean_header_style":"","ocean_center_header_left_menu":"0","ocean_custom_header_template":"0","ocean_custom_logo":0,"ocean_custom_retina_logo":0,"ocean_custom_logo_max_width":0,"ocean_custom_logo_tablet_max_width":0,"ocean_custom_logo_mobile_max_width":0,"ocean_custom_logo_max_height":0,"ocean_custom_logo_tablet_max_height":0,"ocean_custom_logo_mobile_max_height":0,"ocean_header_custom_menu":"0","ocean_menu_typo_font_family":"0","ocean_menu_typo_font_subset":"","ocean_menu_typo_font_size":0,"ocean_menu_typo_font_size_tablet":0,"ocean_menu_typo_font_size_mobile":0,"ocean_menu_typo_font_size_unit":"px","ocean_menu_typo_font_weight":"","ocean_menu_typo_font_weight_tablet":"","ocean_menu_typo_font_weight_mobile":"","ocean_menu_typo_transform":"","ocean_menu_typo_transform_tablet":"","ocean_menu_typo_transform_mobile":"","ocean_menu_typo_line_height":0,"ocean_menu_typo_line_height_tablet":0,"ocean_menu_typo_line_height_mobile":0,"ocean_menu_typo_line_height_unit":"","ocean_menu_typo_spacing":0,"ocean_menu_typo_spacing_tablet":0,"ocean_menu_typo_spacing_mobile":0,"ocean_menu_typo_spacing_unit":"","ocean_menu_link_color":"","ocean_menu_link_color_hover":"","ocean_menu_link_color_active":"","ocean_menu_link_background":"","ocean_menu_link_hover_background":"","ocean_menu_link_active_background":"","ocean_menu_social_links_bg":"","ocean_menu_social_hover_links_bg":"","ocean_menu_social_links_color":"","ocean_menu_social_hover_links_color":"","ocean_disable_title":"default","ocean_disable_heading":"default","ocean_post_title":"","ocean_post_subheading":"","ocean_post_title_style":"","ocean_post_title_background_color":"","ocean_post_title_background":0,"ocean_post_title_bg_image_position":"","ocean_post_title_bg_image_attachment":"","ocean_post_title_bg_image_repeat":"","ocean_post_title_bg_image_size":"","ocean_post_title_height":0,"ocean_post_title_bg_overlay":0.5,"ocean_post_title_bg_overlay_color":"","ocean_disable_breadcrumbs":"default","ocean_breadcrumbs_color":"","ocean_breadcrumbs_separator_color":"","ocean_breadcrumbs_links_color":"","ocean_breadcrumbs_links_hover_color":"","ocean_display_footer_widgets":"default","ocean_display_footer_bottom":"default","ocean_custom_footer_template":"0"},"product_brand":[],"product_cat":[132,102,100],"product_tag":[],"class_list":{"0":"post-2334","1":"product","2":"type-product","3":"status-publish","4":"has-post-thumbnail","6":"product_cat-mama","7":"product_cat-tapis","8":"product_cat-type-de-produit","10":"entry","11":"has-media","13":"first","14":"outofstock","15":"shipping-taxable","16":"purchasable","17":"product-type-simple","18":"has-product-nav","19":"col","20":"span_1_of_3","21":"owp-content-center","22":"owp-thumbs-layout-horizontal","23":"owp-btn-normal","24":"owp-tabs-layout-horizontal","26":"circle-sale"},"jetpack-related-posts":[{"id":2348,"url":"https:\/\/enfantsdudesert.org\/boutique\/produit\/tapis-amina-par-azzeroual-%f0%9f%94%b6\/","url_meta":{"origin":2334,"position":0},"title":"Tapis Amina par Azzeroual \ud83d\udd36","author":"Monica","date":"19\/10\/2025","format":false,"excerpt":"R\u00e9alis\u00e9 avec amour, patience et un savoir-faire incroyable ; le tapis Amina d\u00e9voile toute la splendeur berb\u00e8re face \u00e0 nous ! En pure laine tiss\u00e9e et color\u00e9e par Azzeroual, ce tapis moderne et emprunt des traditions berb\u00e8res saura rendre unique votre int\u00e9rieur \u2728\ud83e\udd0d Tapis pr\u00e9sent\u00e9 par Manu, co-fondateur de l'association\u2026","rel":"","context":"Article similaire","block_context":{"text":"Article similaire","link":""},"img":{"alt_text":"","src":"https:\/\/i0.wp.com\/enfantsdudesert.org\/boutique\/wp-content\/uploads\/2025\/10\/IMG-20251019-WA0096-scaled.jpg?fit=900%2C1200&ssl=1&resize=350%2C200","width":350,"height":200,"srcset":"https:\/\/i0.wp.com\/enfantsdudesert.org\/boutique\/wp-content\/uploads\/2025\/10\/IMG-20251019-WA0096-scaled.jpg?fit=900%2C1200&ssl=1&resize=350%2C200 1x, https:\/\/i0.wp.com\/enfantsdudesert.org\/boutique\/wp-content\/uploads\/2025\/10\/IMG-20251019-WA0096-scaled.jpg?fit=900%2C1200&ssl=1&resize=525%2C300 1.5x, https:\/\/i0.wp.com\/enfantsdudesert.org\/boutique\/wp-content\/uploads\/2025\/10\/IMG-20251019-WA0096-scaled.jpg?fit=900%2C1200&ssl=1&resize=700%2C400 2x"},"classes":[]},{"id":2145,"url":"https:\/\/enfantsdudesert.org\/boutique\/produit\/tapis-ifta-par-azzeroual-%f0%9f%94%b6\/","url_meta":{"origin":2334,"position":1},"title":"Tapis Ifta par Azzeroual \ud83d\udd36","author":"J\u00e9romine Lan\u00e7on","date":"17\/02\/2025","format":false,"excerpt":"R\u00e9alis\u00e9 avec amour, patience et un savoir-faire incroyable ; le tapis Ifta d\u00e9voile toute la splendeur berb\u00e8re face \u00e0 nous ! En pure laine tiss\u00e9e et color\u00e9e par Azzeroual, ce tapis moderne et emprunt des traditions berb\u00e8res saura rendre unique votre int\u00e9rieur \u2728\ud83e\udd0d Les d\u00e9tails : \ud83d\udd38 Dimensions : 87\u2026","rel":"","context":"Article similaire","block_context":{"text":"Article similaire","link":""},"img":{"alt_text":"","src":"https:\/\/i0.wp.com\/enfantsdudesert.org\/boutique\/wp-content\/uploads\/2025\/02\/4f4d1f45-e620-4b3a-a4df-5c3cf491888f-scaled.jpeg?fit=900%2C1200&ssl=1&resize=350%2C200","width":350,"height":200,"srcset":"https:\/\/i0.wp.com\/enfantsdudesert.org\/boutique\/wp-content\/uploads\/2025\/02\/4f4d1f45-e620-4b3a-a4df-5c3cf491888f-scaled.jpeg?fit=900%2C1200&ssl=1&resize=350%2C200 1x, https:\/\/i0.wp.com\/enfantsdudesert.org\/boutique\/wp-content\/uploads\/2025\/02\/4f4d1f45-e620-4b3a-a4df-5c3cf491888f-scaled.jpeg?fit=900%2C1200&ssl=1&resize=525%2C300 1.5x, https:\/\/i0.wp.com\/enfantsdudesert.org\/boutique\/wp-content\/uploads\/2025\/02\/4f4d1f45-e620-4b3a-a4df-5c3cf491888f-scaled.jpeg?fit=900%2C1200&ssl=1&resize=700%2C400 2x"},"classes":[]},{"id":2153,"url":"https:\/\/enfantsdudesert.org\/boutique\/produit\/tapis-tulipa-par-rkia-%f0%9f%a4%8d\/","url_meta":{"origin":2334,"position":2},"title":"Tapis Tulipa par Rkia \ud83e\udd0d","author":"J\u00e9romine Lan\u00e7on","date":"17\/02\/2025","format":false,"excerpt":"Le Tapis Tulipa est r\u00e9alis\u00e9 par Rkia depuis son petit village du d\u00e9sert \u00e0 Haroun. \ud83c\udf34 C\u2019est Rkia qui tisse et colore la laine pour r\u00e9aliser ces tapis unique et plein de charme du d\u00e9sert. Les d\u00e9tails : \ud83d\udd36 dimensions : 100 cm sur 70cm, \ud83d\udd36 prix : 90\u20ac, frais\u2026","rel":"","context":"Article similaire","block_context":{"text":"Article similaire","link":""},"img":{"alt_text":"","src":"https:\/\/i0.wp.com\/enfantsdudesert.org\/boutique\/wp-content\/uploads\/2025\/02\/IMG_9291-scaled.jpeg?fit=900%2C1200&ssl=1&resize=350%2C200","width":350,"height":200,"srcset":"https:\/\/i0.wp.com\/enfantsdudesert.org\/boutique\/wp-content\/uploads\/2025\/02\/IMG_9291-scaled.jpeg?fit=900%2C1200&ssl=1&resize=350%2C200 1x, https:\/\/i0.wp.com\/enfantsdudesert.org\/boutique\/wp-content\/uploads\/2025\/02\/IMG_9291-scaled.jpeg?fit=900%2C1200&ssl=1&resize=525%2C300 1.5x, https:\/\/i0.wp.com\/enfantsdudesert.org\/boutique\/wp-content\/uploads\/2025\/02\/IMG_9291-scaled.jpeg?fit=900%2C1200&ssl=1&resize=700%2C400 2x"},"classes":[]},{"id":2366,"url":"https:\/\/enfantsdudesert.org\/boutique\/produit\/tapis-ritaj%f0%9f%92%9c-par-ibtissam\/","url_meta":{"origin":2334,"position":3},"title":"Tapis Ritaj\ud83d\udc9c par Ibtissam","author":"Monica","date":"19\/10\/2025","format":false,"excerpt":"\ud83d\udc9c Ritaj \u2013 un tapis original et \u00e9coresponsable \u267b\ufe0f Ce tapis unique a \u00e9t\u00e9 tiss\u00e9 avec cr\u00e9ativit\u00e9 et talent par Ibtissam, en recyclant la trame d\u2019un sac de farine. Ses deux \u00e9normes fleurs donneront de la vie et du peps \u00e0 votre int\u00e9rieur ! \ud83d\udcf8 Tapis pr\u00e9sent\u00e9 par Catherine, b\u00e9n\u00e9vole\u2026","rel":"","context":"Article similaire","block_context":{"text":"Article similaire","link":""},"img":{"alt_text":"","src":"https:\/\/i0.wp.com\/enfantsdudesert.org\/boutique\/wp-content\/uploads\/2025\/10\/IMG-20251019-WA0111-scaled.jpg?fit=900%2C1200&ssl=1&resize=350%2C200","width":350,"height":200,"srcset":"https:\/\/i0.wp.com\/enfantsdudesert.org\/boutique\/wp-content\/uploads\/2025\/10\/IMG-20251019-WA0111-scaled.jpg?fit=900%2C1200&ssl=1&resize=350%2C200 1x, https:\/\/i0.wp.com\/enfantsdudesert.org\/boutique\/wp-content\/uploads\/2025\/10\/IMG-20251019-WA0111-scaled.jpg?fit=900%2C1200&ssl=1&resize=525%2C300 1.5x, https:\/\/i0.wp.com\/enfantsdudesert.org\/boutique\/wp-content\/uploads\/2025\/10\/IMG-20251019-WA0111-scaled.jpg?fit=900%2C1200&ssl=1&resize=700%2C400 2x"},"classes":[]},{"id":2359,"url":"https:\/\/enfantsdudesert.org\/boutique\/produit\/tapis-mia-par-rkia-%f0%9f%a4%8d\/","url_meta":{"origin":2334,"position":4},"title":"Tapis Mia par Rkia \ud83e\udd0d","author":"Monica","date":"19\/10\/2025","format":false,"excerpt":"Le tapis Mia a \u00e9t\u00e9 tiss\u00e9 par Rkia, depuis son petit village du d\u00e9sert, \u00e0 Haroun. Le motif, imagin\u00e9 par l\u2019une de ses filles, donne naissance \u00e0 une pi\u00e8ce unique, empreinte de douceur et d\u2019histoire, qui trouvera naturellement sa place dans votre cocon. Ce tapis est pr\u00e9sent\u00e9 par Ma\u00eflys, fid\u00e8le\u2026","rel":"","context":"Article similaire","block_context":{"text":"Article similaire","link":""},"img":{"alt_text":"","src":"https:\/\/i0.wp.com\/enfantsdudesert.org\/boutique\/wp-content\/uploads\/2025\/10\/IMG-20251019-WA0099-scaled.jpg?fit=900%2C1200&ssl=1&resize=350%2C200","width":350,"height":200,"srcset":"https:\/\/i0.wp.com\/enfantsdudesert.org\/boutique\/wp-content\/uploads\/2025\/10\/IMG-20251019-WA0099-scaled.jpg?fit=900%2C1200&ssl=1&resize=350%2C200 1x, https:\/\/i0.wp.com\/enfantsdudesert.org\/boutique\/wp-content\/uploads\/2025\/10\/IMG-20251019-WA0099-scaled.jpg?fit=900%2C1200&ssl=1&resize=525%2C300 1.5x, https:\/\/i0.wp.com\/enfantsdudesert.org\/boutique\/wp-content\/uploads\/2025\/10\/IMG-20251019-WA0099-scaled.jpg?fit=900%2C1200&ssl=1&resize=700%2C400 2x"},"classes":[]},{"id":2532,"url":"https:\/\/enfantsdudesert.org\/boutique\/produit\/tapis-zina-par-ibtissam\/","url_meta":{"origin":2334,"position":5},"title":"Tapis Zina par Ibtissam","author":"Monica","date":"09\/04\/2026","format":false,"excerpt":"Ce tapis unique a \u00e9t\u00e9 tiss\u00e9 avec cr\u00e9ativit\u00e9 et talent par Ibtissam, en recyclant la trame d\u2019un sac de farine avec de petites formes g\u00e9om\u00e9triques aux couleurs douces. Les d\u00e9tails : Dimensions : 98 x 56 cm \u00a0Prix :\u00a080 \u20ac frais de port inclus (via Mondial Relay) \u00a0Envoi : nous\u2026","rel":"","context":"Article similaire","block_context":{"text":"Article similaire","link":""},"img":{"alt_text":"","src":"https:\/\/i0.wp.com\/enfantsdudesert.org\/boutique\/wp-content\/uploads\/2026\/04\/WhatsApp-Image-2026-04-09-at-19.44.17-1jj.jpeg?fit=900%2C1200&ssl=1&resize=350%2C200","width":350,"height":200,"srcset":"https:\/\/i0.wp.com\/enfantsdudesert.org\/boutique\/wp-content\/uploads\/2026\/04\/WhatsApp-Image-2026-04-09-at-19.44.17-1jj.jpeg?fit=900%2C1200&ssl=1&resize=350%2C200 1x, https:\/\/i0.wp.com\/enfantsdudesert.org\/boutique\/wp-content\/uploads\/2026\/04\/WhatsApp-Image-2026-04-09-at-19.44.17-1jj.jpeg?fit=900%2C1200&ssl=1&resize=525%2C300 1.5x, https:\/\/i0.wp.com\/enfantsdudesert.org\/boutique\/wp-content\/uploads\/2026\/04\/WhatsApp-Image-2026-04-09-at-19.44.17-1jj.jpeg?fit=900%2C1200&ssl=1&resize=700%2C400 2x"},"classes":[]}],"jetpack_sharing_enabled":true,"_links":{"self":[{"href":"https:\/\/enfantsdudesert.org\/boutique\/wp-json\/wp\/v2\/product\/2334","targetHints":{"allow":["GET"]}}],"collection":[{"href":"https:\/\/enfantsdudesert.org\/boutique\/wp-json\/wp\/v2\/product"}],"about":[{"href":"https:\/\/enfantsdudesert.org\/boutique\/wp-json\/wp\/v2\/types\/product"}],"wp:featuredmedia":[{"embeddable":true,"href":"https:\/\/enfantsdudesert.org\/boutique\/wp-json\/wp\/v2\/media\/2401"}],"wp:attachment":[{"href":"https:\/\/enfantsdudesert.org\/boutique\/wp-json\/wp\/v2\/media?parent=2334"}],"wp:term":[{"taxonomy":"product_brand","embeddable":true,"href":"https:\/\/enfantsdudesert.org\/boutique\/wp-json\/wp\/v2\/product_brand?post=2334"},{"taxonomy":"product_cat","embeddable":true,"href":"https:\/\/enfantsdudesert.org\/boutique\/wp-json\/wp\/v2\/product_cat?post=2334"},{"taxonomy":"product_tag","embeddable":true,"href":"https:\/\/enfantsdudesert.org\/boutique\/wp-json\/wp\/v2\/product_tag?post=2334"}],"curies":[{"name":"wp","href":"https:\/\/api.w.org\/{rel}","templated":true}]}}