{"id":2348,"date":"2025-10-19T17:32:12","date_gmt":"2025-10-19T15:32:12","guid":{"rendered":"https:\/\/enfantsdudesert.org\/boutique\/?post_type=product&#038;p=2348"},"modified":"2025-10-20T11:33:32","modified_gmt":"2025-10-20T09:33:32","slug":"tapis-amina-par-azzeroual-%f0%9f%94%b6","status":"publish","type":"product","link":"https:\/\/enfantsdudesert.org\/boutique\/produit\/tapis-amina-par-azzeroual-%f0%9f%94%b6\/","title":{"rendered":"Tapis Amina par Azzeroual \ud83d\udd36"},"content":{"rendered":"","protected":false},"excerpt":{"rendered":"<p class=\"p1\"><span class=\"s1\">R\u00e9alis\u00e9 avec amour, patience et un savoir-faire incroyable ; le tapis <strong>Amina<\/strong> d\u00e9voile toute la splendeur berb\u00e8re face \u00e0 nous ! <\/span><\/p>\n<p class=\"p1\"><span class=\"s1\">En pure laine tiss\u00e9e et color\u00e9e par Azzeroual, ce tapis moderne et emprunt des traditions berb\u00e8res saura rendre unique votre int\u00e9rieur \u2728\ud83e\udd0d<\/p>\n<p>Tapis pr\u00e9sent\u00e9 par <strong>Manu<\/strong>, co-fondateur de l&#8217;association et b\u00e9n\u00e9vole tr\u00e8s pr\u00e9cieux au quotidien de l&#8217;association !<\/span><\/p>\n<p class=\"p1\"><span class=\"s1\">Les d\u00e9tails : <\/span><\/p>\n<p class=\"p1\"><span class=\"s1\">\ud83d\udd38 Dimensions : 171 cm sur 87 cm<br \/>\n<\/span><span class=\"s1\">\ud83d\udd38 prix : 120 \u20ac frais de port mondial relay compris<br \/>\n<\/span><span class=\"s1\"> \ud83d\udd38 100% des b\u00e9n\u00e9fices reviennent \u00e0 Azzeroual soit ici (110\u20ac)<br \/>\n<\/span>\ud83d\udd38 Envoi via Mondial Relay (nous reviendrons vers vous par email pour proc\u00e9der \u00e0 l\u2019envoi)<\/p>\n","protected":false},"featured_media":2353,"template":"","meta":{"ocean_post_layout":"","ocean_both_sidebars_style":"","ocean_both_sidebars_content_width":0,"ocean_both_sidebars_sidebars_width":0,"ocean_sidebar":"0","ocean_second_sidebar":"0","ocean_disable_margins":"enable","ocean_add_body_class":"","ocean_shortcode_before_top_bar":"","ocean_shortcode_after_top_bar":"","ocean_shortcode_before_header":"","ocean_shortcode_after_header":"","ocean_has_shortcode":"","ocean_shortcode_after_title":"","ocean_shortcode_before_footer_widgets":"","ocean_shortcode_after_footer_widgets":"","ocean_shortcode_before_footer_bottom":"","ocean_shortcode_after_footer_bottom":"","ocean_display_top_bar":"default","ocean_display_header":"default","ocean_header_style":"","ocean_center_header_left_menu":"0","ocean_custom_header_template":"0","ocean_custom_logo":0,"ocean_custom_retina_logo":0,"ocean_custom_logo_max_width":0,"ocean_custom_logo_tablet_max_width":0,"ocean_custom_logo_mobile_max_width":0,"ocean_custom_logo_max_height":0,"ocean_custom_logo_tablet_max_height":0,"ocean_custom_logo_mobile_max_height":0,"ocean_header_custom_menu":"0","ocean_menu_typo_font_family":"0","ocean_menu_typo_font_subset":"","ocean_menu_typo_font_size":0,"ocean_menu_typo_font_size_tablet":0,"ocean_menu_typo_font_size_mobile":0,"ocean_menu_typo_font_size_unit":"px","ocean_menu_typo_font_weight":"","ocean_menu_typo_font_weight_tablet":"","ocean_menu_typo_font_weight_mobile":"","ocean_menu_typo_transform":"","ocean_menu_typo_transform_tablet":"","ocean_menu_typo_transform_mobile":"","ocean_menu_typo_line_height":0,"ocean_menu_typo_line_height_tablet":0,"ocean_menu_typo_line_height_mobile":0,"ocean_menu_typo_line_height_unit":"","ocean_menu_typo_spacing":0,"ocean_menu_typo_spacing_tablet":0,"ocean_menu_typo_spacing_mobile":0,"ocean_menu_typo_spacing_unit":"","ocean_menu_link_color":"","ocean_menu_link_color_hover":"","ocean_menu_link_color_active":"","ocean_menu_link_background":"","ocean_menu_link_hover_background":"","ocean_menu_link_active_background":"","ocean_menu_social_links_bg":"","ocean_menu_social_hover_links_bg":"","ocean_menu_social_links_color":"","ocean_menu_social_hover_links_color":"","ocean_disable_title":"default","ocean_disable_heading":"default","ocean_post_title":"","ocean_post_subheading":"","ocean_post_title_style":"","ocean_post_title_background_color":"","ocean_post_title_background":0,"ocean_post_title_bg_image_position":"","ocean_post_title_bg_image_attachment":"","ocean_post_title_bg_image_repeat":"","ocean_post_title_bg_image_size":"","ocean_post_title_height":0,"ocean_post_title_bg_overlay":0.5,"ocean_post_title_bg_overlay_color":"","ocean_disable_breadcrumbs":"default","ocean_breadcrumbs_color":"","ocean_breadcrumbs_separator_color":"","ocean_breadcrumbs_links_color":"","ocean_breadcrumbs_links_hover_color":"","ocean_display_footer_widgets":"default","ocean_display_footer_bottom":"default","ocean_custom_footer_template":"0"},"product_brand":[],"product_cat":[130,102,100],"product_tag":[],"class_list":{"0":"post-2348","1":"product","2":"type-product","3":"status-publish","4":"has-post-thumbnail","6":"product_cat-azzeroual","7":"product_cat-tapis","8":"product_cat-type-de-produit","10":"entry","11":"has-media","13":"first","14":"outofstock","15":"shipping-taxable","16":"purchasable","17":"product-type-simple","18":"has-product-nav","19":"col","20":"span_1_of_3","21":"owp-content-center","22":"owp-thumbs-layout-horizontal","23":"owp-btn-normal","24":"owp-tabs-layout-horizontal","26":"circle-sale"},"jetpack-related-posts":[{"id":2145,"url":"https:\/\/enfantsdudesert.org\/boutique\/produit\/tapis-ifta-par-azzeroual-%f0%9f%94%b6\/","url_meta":{"origin":2348,"position":0},"title":"Tapis Ifta par Azzeroual \ud83d\udd36","author":"J\u00e9romine Lan\u00e7on","date":"17\/02\/2025","format":false,"excerpt":"R\u00e9alis\u00e9 avec amour, patience et un savoir-faire incroyable ; le tapis Ifta d\u00e9voile toute la splendeur berb\u00e8re face \u00e0 nous ! En pure laine tiss\u00e9e et color\u00e9e par Azzeroual, ce tapis moderne et emprunt des traditions berb\u00e8res saura rendre unique votre int\u00e9rieur \u2728\ud83e\udd0d Les d\u00e9tails : \ud83d\udd38 Dimensions : 87\u2026","rel":"","context":"Article similaire","block_context":{"text":"Article similaire","link":""},"img":{"alt_text":"","src":"https:\/\/i0.wp.com\/enfantsdudesert.org\/boutique\/wp-content\/uploads\/2025\/02\/4f4d1f45-e620-4b3a-a4df-5c3cf491888f-scaled.jpeg?fit=900%2C1200&ssl=1&resize=350%2C200","width":350,"height":200,"srcset":"https:\/\/i0.wp.com\/enfantsdudesert.org\/boutique\/wp-content\/uploads\/2025\/02\/4f4d1f45-e620-4b3a-a4df-5c3cf491888f-scaled.jpeg?fit=900%2C1200&ssl=1&resize=350%2C200 1x, https:\/\/i0.wp.com\/enfantsdudesert.org\/boutique\/wp-content\/uploads\/2025\/02\/4f4d1f45-e620-4b3a-a4df-5c3cf491888f-scaled.jpeg?fit=900%2C1200&ssl=1&resize=525%2C300 1.5x, https:\/\/i0.wp.com\/enfantsdudesert.org\/boutique\/wp-content\/uploads\/2025\/02\/4f4d1f45-e620-4b3a-a4df-5c3cf491888f-scaled.jpeg?fit=900%2C1200&ssl=1&resize=700%2C400 2x"},"classes":[]},{"id":2400,"url":"https:\/\/enfantsdudesert.org\/boutique\/produit\/tapis-soukaina-par-zarah%e2%9c%a8\/","url_meta":{"origin":2348,"position":1},"title":"Tapis Souka\u00efna par Zarah\u2728","author":"Monica","date":"19\/10\/2025","format":false,"excerpt":"\u2728 Souka\u00efna : un tapis aux motifs sym\u00e9triques plein de peps\ud83c\udf1f Tiss\u00e9 avec passion par Zarah, qui vit dans un petit village au c\u0153ur du d\u00e9sert marocain, le tapis Souka\u00efna s\u00e9duit par son m\u00e9lange subtil d'un esprit contemporain et berb\u00e8re. \ud83d\udcf8 Sur la photo, le tapis Souka\u00efna est pr\u00e9sent\u00e9 par\u2026","rel":"","context":"Article similaire","block_context":{"text":"Article similaire","link":""},"img":{"alt_text":"","src":"https:\/\/i0.wp.com\/enfantsdudesert.org\/boutique\/wp-content\/uploads\/2025\/10\/IMG-20251019-WA0114-scaled.jpg?fit=900%2C1200&ssl=1&resize=350%2C200","width":350,"height":200,"srcset":"https:\/\/i0.wp.com\/enfantsdudesert.org\/boutique\/wp-content\/uploads\/2025\/10\/IMG-20251019-WA0114-scaled.jpg?fit=900%2C1200&ssl=1&resize=350%2C200 1x, https:\/\/i0.wp.com\/enfantsdudesert.org\/boutique\/wp-content\/uploads\/2025\/10\/IMG-20251019-WA0114-scaled.jpg?fit=900%2C1200&ssl=1&resize=525%2C300 1.5x, https:\/\/i0.wp.com\/enfantsdudesert.org\/boutique\/wp-content\/uploads\/2025\/10\/IMG-20251019-WA0114-scaled.jpg?fit=900%2C1200&ssl=1&resize=700%2C400 2x"},"classes":[]},{"id":2390,"url":"https:\/\/enfantsdudesert.org\/boutique\/produit\/tapis-majda-par-toudah-oubaha\/","url_meta":{"origin":2348,"position":2},"title":"Tapis Majda par Toudah Oubaha","author":"Monica","date":"19\/10\/2025","format":false,"excerpt":"\u2728 Majda \u2013 Un petit tapis aux couleurs \u00e9clatantes et aux motifs berb\u00e8res pr\u00e9cis\u00a0\ud83c\udf1f Le tapis Majda est un v\u00e9ritable hommage aux traditions. \ud83d\udcf8 Tapis pr\u00e9sent\u00e9 par Pascaline, fid\u00e8le b\u00e9n\u00e9vole qui participe \u00e0 notre mission solidaire avec passion ! Les d\u00e9tails \ud83d\udd38 Dimensions : 146 x 61 cm \ud83d\udd38 Prix\u2026","rel":"","context":"Article similaire","block_context":{"text":"Article similaire","link":""},"img":{"alt_text":"","src":"https:\/\/i0.wp.com\/enfantsdudesert.org\/boutique\/wp-content\/uploads\/2025\/10\/IMG-20251019-WA0097-3-scaled.jpg?fit=900%2C1200&ssl=1&resize=350%2C200","width":350,"height":200,"srcset":"https:\/\/i0.wp.com\/enfantsdudesert.org\/boutique\/wp-content\/uploads\/2025\/10\/IMG-20251019-WA0097-3-scaled.jpg?fit=900%2C1200&ssl=1&resize=350%2C200 1x, https:\/\/i0.wp.com\/enfantsdudesert.org\/boutique\/wp-content\/uploads\/2025\/10\/IMG-20251019-WA0097-3-scaled.jpg?fit=900%2C1200&ssl=1&resize=525%2C300 1.5x, https:\/\/i0.wp.com\/enfantsdudesert.org\/boutique\/wp-content\/uploads\/2025\/10\/IMG-20251019-WA0097-3-scaled.jpg?fit=900%2C1200&ssl=1&resize=700%2C400 2x"},"classes":[]},{"id":2378,"url":"https:\/\/enfantsdudesert.org\/boutique\/produit\/tapis-khadija-par-zarah%e2%9c%a8\/","url_meta":{"origin":2348,"position":3},"title":"Tapis Khadija par Zarah\u2728","author":"Monica","date":"19\/10\/2025","format":false,"excerpt":"\u2728 Khadija : un tapis aux motifs sym\u00e9triques plein de peps\ud83c\udf1f Tiss\u00e9 avec passion par Zarah, qui vit dans un petit village au c\u0153ur du d\u00e9sert marocain, le tapis Khadija s\u00e9duit par sa touche contemporaine. \ud83d\udcf8 Sur la photo, le tapis Khadija est pr\u00e9sent\u00e9 par Diego, fid\u00e8le b\u00e9n\u00e9vole de notre\u2026","rel":"","context":"Article similaire","block_context":{"text":"Article similaire","link":""},"img":{"alt_text":"","src":"https:\/\/i0.wp.com\/enfantsdudesert.org\/boutique\/wp-content\/uploads\/2025\/10\/IMG-20251019-WA0066-scaled.jpg?fit=900%2C1200&ssl=1&resize=350%2C200","width":350,"height":200,"srcset":"https:\/\/i0.wp.com\/enfantsdudesert.org\/boutique\/wp-content\/uploads\/2025\/10\/IMG-20251019-WA0066-scaled.jpg?fit=900%2C1200&ssl=1&resize=350%2C200 1x, https:\/\/i0.wp.com\/enfantsdudesert.org\/boutique\/wp-content\/uploads\/2025\/10\/IMG-20251019-WA0066-scaled.jpg?fit=900%2C1200&ssl=1&resize=525%2C300 1.5x, https:\/\/i0.wp.com\/enfantsdudesert.org\/boutique\/wp-content\/uploads\/2025\/10\/IMG-20251019-WA0066-scaled.jpg?fit=900%2C1200&ssl=1&resize=700%2C400 2x"},"classes":[]},{"id":2397,"url":"https:\/\/enfantsdudesert.org\/boutique\/produit\/tapis-yousra-par-mouamou-%e2%9c%a8\/","url_meta":{"origin":2348,"position":4},"title":"Tapis Yousra par Mouamou \u2728","author":"Monica","date":"19\/10\/2025","format":false,"excerpt":"\u2728 Yousra : un tapis aux motifs sym\u00e9triques plein de peps\ud83c\udf1f Tiss\u00e9 avec passion par Mouamou, qui vit dans un petit village au c\u0153ur du d\u00e9sert marocain, le tapis Yousra s\u00e9duit par son originalit\u00e9. \ud83d\udcf8 Sur la photo, le tapis Yousra \u00a0est pr\u00e9sent\u00e9 par Diego, fid\u00e8le b\u00e9n\u00e9vole de notre association,\u2026","rel":"","context":"Article similaire","block_context":{"text":"Article similaire","link":""},"img":{"alt_text":"","src":"https:\/\/i0.wp.com\/enfantsdudesert.org\/boutique\/wp-content\/uploads\/2025\/10\/IMG-20251019-WA0087-scaled.jpg?fit=900%2C1200&ssl=1&resize=350%2C200","width":350,"height":200,"srcset":"https:\/\/i0.wp.com\/enfantsdudesert.org\/boutique\/wp-content\/uploads\/2025\/10\/IMG-20251019-WA0087-scaled.jpg?fit=900%2C1200&ssl=1&resize=350%2C200 1x, https:\/\/i0.wp.com\/enfantsdudesert.org\/boutique\/wp-content\/uploads\/2025\/10\/IMG-20251019-WA0087-scaled.jpg?fit=900%2C1200&ssl=1&resize=525%2C300 1.5x, https:\/\/i0.wp.com\/enfantsdudesert.org\/boutique\/wp-content\/uploads\/2025\/10\/IMG-20251019-WA0087-scaled.jpg?fit=900%2C1200&ssl=1&resize=700%2C400 2x"},"classes":[]},{"id":2363,"url":"https:\/\/enfantsdudesert.org\/boutique\/produit\/tapis-rachida-%e2%99%a6%ef%b8%8f-realise-par-safiya\/","url_meta":{"origin":2348,"position":5},"title":"Tapis Rachida \u2666\ufe0f r\u00e9alis\u00e9 par Safiya","author":"Monica","date":"19\/10\/2025","format":false,"excerpt":"\u2764\ufe0f Rachida : un tapis chaleureux et r\u00e9confortant \ud83d\udda4 R\u00e9alis\u00e9 avec soin par Safiya, le tapis Rachida incarne la g\u00e9n\u00e9rosit\u00e9 et le talent artisanal. \u2728 Id\u00e9es pour l\u2019adopter : \u2022 Dans un salon, pour une ambiance accueillante et chaleureuse, \u2022 Au pied du lit, pour des r\u00e9veils tout en douceur,\u2026","rel":"","context":"Article similaire","block_context":{"text":"Article similaire","link":""},"img":{"alt_text":"","src":"https:\/\/i0.wp.com\/enfantsdudesert.org\/boutique\/wp-content\/uploads\/2025\/10\/IMG-20251019-WA0102-scaled.jpg?fit=900%2C1200&ssl=1&resize=350%2C200","width":350,"height":200,"srcset":"https:\/\/i0.wp.com\/enfantsdudesert.org\/boutique\/wp-content\/uploads\/2025\/10\/IMG-20251019-WA0102-scaled.jpg?fit=900%2C1200&ssl=1&resize=350%2C200 1x, https:\/\/i0.wp.com\/enfantsdudesert.org\/boutique\/wp-content\/uploads\/2025\/10\/IMG-20251019-WA0102-scaled.jpg?fit=900%2C1200&ssl=1&resize=525%2C300 1.5x, https:\/\/i0.wp.com\/enfantsdudesert.org\/boutique\/wp-content\/uploads\/2025\/10\/IMG-20251019-WA0102-scaled.jpg?fit=900%2C1200&ssl=1&resize=700%2C400 2x"},"classes":[]}],"jetpack_sharing_enabled":true,"_links":{"self":[{"href":"https:\/\/enfantsdudesert.org\/boutique\/wp-json\/wp\/v2\/product\/2348","targetHints":{"allow":["GET"]}}],"collection":[{"href":"https:\/\/enfantsdudesert.org\/boutique\/wp-json\/wp\/v2\/product"}],"about":[{"href":"https:\/\/enfantsdudesert.org\/boutique\/wp-json\/wp\/v2\/types\/product"}],"wp:featuredmedia":[{"embeddable":true,"href":"https:\/\/enfantsdudesert.org\/boutique\/wp-json\/wp\/v2\/media\/2353"}],"wp:attachment":[{"href":"https:\/\/enfantsdudesert.org\/boutique\/wp-json\/wp\/v2\/media?parent=2348"}],"wp:term":[{"taxonomy":"product_brand","embeddable":true,"href":"https:\/\/enfantsdudesert.org\/boutique\/wp-json\/wp\/v2\/product_brand?post=2348"},{"taxonomy":"product_cat","embeddable":true,"href":"https:\/\/enfantsdudesert.org\/boutique\/wp-json\/wp\/v2\/product_cat?post=2348"},{"taxonomy":"product_tag","embeddable":true,"href":"https:\/\/enfantsdudesert.org\/boutique\/wp-json\/wp\/v2\/product_tag?post=2348"}],"curies":[{"name":"wp","href":"https:\/\/api.w.org\/{rel}","templated":true}]}}