{"id":2355,"date":"2025-10-19T17:42:51","date_gmt":"2025-10-19T15:42:51","guid":{"rendered":"https:\/\/enfantsdudesert.org\/boutique\/?post_type=product&#038;p=2355"},"modified":"2025-11-02T09:43:33","modified_gmt":"2025-11-02T08:43:33","slug":"tapis-aicha-par-boumezzough-%f0%9f%98%8d","status":"publish","type":"product","link":"https:\/\/enfantsdudesert.org\/boutique\/produit\/tapis-aicha-par-boumezzough-%f0%9f%98%8d\/","title":{"rendered":"Tapis A\u00efcha par Boumezzough \ud83d\ude0d"},"content":{"rendered":"","protected":false},"excerpt":{"rendered":"<p>Des motifs berb\u00e8res sur un d\u00e9grad\u00e9 de beige, le tapis <strong>A\u00efcha<\/strong> porte bien son nom !<\/p>\n<p>R\u00e9alis\u00e9 par <strong>Boumezzough<\/strong> avec beaucoup de talent et de patience, ce tapis s\u2019accordera facilement dans un salon, une chambre, un bureau ou une entr\u00e9e.<\/p>\n<p>Les d\u00e9tails :<\/p>\n<p>\ud83d\udd36 173 cm sur 88 cm,<br \/>\n\ud83d\udd36 prix : 110\u20ac, frais de port compris pour la France, envoi pr\u00e9vu via Mondial Relay, nous reviendrons vers vous par e-mail afin de proc\u00e9der \u00e0 l\u2019envoi,<br \/>\n\ud83d\udd36 100% des b\u00e9n\u00e9fices reviennent a Boumezzough soit ici 100\u20ac<\/p>\n","protected":false},"featured_media":2356,"template":"","meta":{"ocean_post_layout":"","ocean_both_sidebars_style":"","ocean_both_sidebars_content_width":0,"ocean_both_sidebars_sidebars_width":0,"ocean_sidebar":"0","ocean_second_sidebar":"0","ocean_disable_margins":"enable","ocean_add_body_class":"","ocean_shortcode_before_top_bar":"","ocean_shortcode_after_top_bar":"","ocean_shortcode_before_header":"","ocean_shortcode_after_header":"","ocean_has_shortcode":"","ocean_shortcode_after_title":"","ocean_shortcode_before_footer_widgets":"","ocean_shortcode_after_footer_widgets":"","ocean_shortcode_before_footer_bottom":"","ocean_shortcode_after_footer_bottom":"","ocean_display_top_bar":"default","ocean_display_header":"default","ocean_header_style":"","ocean_center_header_left_menu":"0","ocean_custom_header_template":"0","ocean_custom_logo":0,"ocean_custom_retina_logo":0,"ocean_custom_logo_max_width":0,"ocean_custom_logo_tablet_max_width":0,"ocean_custom_logo_mobile_max_width":0,"ocean_custom_logo_max_height":0,"ocean_custom_logo_tablet_max_height":0,"ocean_custom_logo_mobile_max_height":0,"ocean_header_custom_menu":"0","ocean_menu_typo_font_family":"0","ocean_menu_typo_font_subset":"","ocean_menu_typo_font_size":0,"ocean_menu_typo_font_size_tablet":0,"ocean_menu_typo_font_size_mobile":0,"ocean_menu_typo_font_size_unit":"px","ocean_menu_typo_font_weight":"","ocean_menu_typo_font_weight_tablet":"","ocean_menu_typo_font_weight_mobile":"","ocean_menu_typo_transform":"","ocean_menu_typo_transform_tablet":"","ocean_menu_typo_transform_mobile":"","ocean_menu_typo_line_height":0,"ocean_menu_typo_line_height_tablet":0,"ocean_menu_typo_line_height_mobile":0,"ocean_menu_typo_line_height_unit":"","ocean_menu_typo_spacing":0,"ocean_menu_typo_spacing_tablet":0,"ocean_menu_typo_spacing_mobile":0,"ocean_menu_typo_spacing_unit":"","ocean_menu_link_color":"","ocean_menu_link_color_hover":"","ocean_menu_link_color_active":"","ocean_menu_link_background":"","ocean_menu_link_hover_background":"","ocean_menu_link_active_background":"","ocean_menu_social_links_bg":"","ocean_menu_social_hover_links_bg":"","ocean_menu_social_links_color":"","ocean_menu_social_hover_links_color":"","ocean_disable_title":"default","ocean_disable_heading":"default","ocean_post_title":"","ocean_post_subheading":"","ocean_post_title_style":"","ocean_post_title_background_color":"","ocean_post_title_background":0,"ocean_post_title_bg_image_position":"","ocean_post_title_bg_image_attachment":"","ocean_post_title_bg_image_repeat":"","ocean_post_title_bg_image_size":"","ocean_post_title_height":0,"ocean_post_title_bg_overlay":0.5,"ocean_post_title_bg_overlay_color":"","ocean_disable_breadcrumbs":"default","ocean_breadcrumbs_color":"","ocean_breadcrumbs_separator_color":"","ocean_breadcrumbs_links_color":"","ocean_breadcrumbs_links_hover_color":"","ocean_display_footer_widgets":"default","ocean_display_footer_bottom":"default","ocean_custom_footer_template":"0"},"product_brand":[],"product_cat":[138,102,100],"product_tag":[],"class_list":{"0":"post-2355","1":"product","2":"type-product","3":"status-publish","4":"has-post-thumbnail","6":"product_cat-boumezzough","7":"product_cat-tapis","8":"product_cat-type-de-produit","10":"entry","11":"has-media","13":"first","14":"outofstock","15":"shipping-taxable","16":"purchasable","17":"product-type-simple","18":"has-product-nav","19":"col","20":"span_1_of_3","21":"owp-content-center","22":"owp-thumbs-layout-horizontal","23":"owp-btn-normal","24":"owp-tabs-layout-horizontal","26":"circle-sale"},"jetpack-related-posts":[{"id":2369,"url":"https:\/\/enfantsdudesert.org\/boutique\/produit\/tapis-fatima-par-boumezzough-%f0%9f%98%8d\/","url_meta":{"origin":2355,"position":0},"title":"Tapis Fatima par Boumezzough \ud83d\ude0d","author":"Monica","date":"19\/10\/2025","format":false,"excerpt":"Des losanges color\u00e9s sur un d\u00e9grad\u00e9 de beige, le tapis Fatima est une illustration de l'art berb\u00e8re. R\u00e9alis\u00e9 par Boumezzough avec beaucoup de talent et de patience, ce tapis s\u2019accordera facilement dans un salon, une chambre, un bureau ou une entr\u00e9e. Les d\u00e9tails : \ud83d\udd36 187 cm sur 90 cm,\u2026","rel":"","context":"Article similaire","block_context":{"text":"Article similaire","link":""},"img":{"alt_text":"","src":"https:\/\/i0.wp.com\/enfantsdudesert.org\/boutique\/wp-content\/uploads\/2025\/10\/IMG-20251019-WA0089-scaled.jpg?fit=900%2C1200&ssl=1&resize=350%2C200","width":350,"height":200,"srcset":"https:\/\/i0.wp.com\/enfantsdudesert.org\/boutique\/wp-content\/uploads\/2025\/10\/IMG-20251019-WA0089-scaled.jpg?fit=900%2C1200&ssl=1&resize=350%2C200 1x, https:\/\/i0.wp.com\/enfantsdudesert.org\/boutique\/wp-content\/uploads\/2025\/10\/IMG-20251019-WA0089-scaled.jpg?fit=900%2C1200&ssl=1&resize=525%2C300 1.5x, https:\/\/i0.wp.com\/enfantsdudesert.org\/boutique\/wp-content\/uploads\/2025\/10\/IMG-20251019-WA0089-scaled.jpg?fit=900%2C1200&ssl=1&resize=700%2C400 2x"},"classes":[]},{"id":2534,"url":"https:\/\/enfantsdudesert.org\/boutique\/produit\/tapis-tazrart-par-boumezzough\/","url_meta":{"origin":2355,"position":1},"title":"Tapis Tazrart par Boumezzough","author":"Monica","date":"09\/04\/2026","format":false,"excerpt":"Ce tapis color\u00e9 a \u00e9t\u00e9 r\u00e9alis\u00e9 par Boumezzough depuis la ville de Gourrama aux pieds des montagnes de l'anti atlas marocain. Il est fait de laine 100 % naturelle, fil\u00e9e par Boumezzough \u00e9galement. Une cr\u00e9ation qui souligne le savoir faire artisanale des femmes berb\u00e8res. Les d\u00e9tails\u00a0 Dimensions : 87 cm\u00a0\u2026","rel":"","context":"Article similaire","block_context":{"text":"Article similaire","link":""},"img":{"alt_text":"","src":"https:\/\/i0.wp.com\/enfantsdudesert.org\/boutique\/wp-content\/uploads\/2026\/04\/WhatsApp-Image-2026-04-09-at-19.42.49gggggggggggg.jpeg?fit=900%2C1200&ssl=1&resize=350%2C200","width":350,"height":200,"srcset":"https:\/\/i0.wp.com\/enfantsdudesert.org\/boutique\/wp-content\/uploads\/2026\/04\/WhatsApp-Image-2026-04-09-at-19.42.49gggggggggggg.jpeg?fit=900%2C1200&ssl=1&resize=350%2C200 1x, https:\/\/i0.wp.com\/enfantsdudesert.org\/boutique\/wp-content\/uploads\/2026\/04\/WhatsApp-Image-2026-04-09-at-19.42.49gggggggggggg.jpeg?fit=900%2C1200&ssl=1&resize=525%2C300 1.5x, https:\/\/i0.wp.com\/enfantsdudesert.org\/boutique\/wp-content\/uploads\/2026\/04\/WhatsApp-Image-2026-04-09-at-19.42.49gggggggggggg.jpeg?fit=900%2C1200&ssl=1&resize=700%2C400 2x"},"classes":[]},{"id":2416,"url":"https:\/\/enfantsdudesert.org\/boutique\/produit\/tapis-naima-par-ait-ali-%f0%9f%98%8d\/","url_meta":{"origin":2355,"position":2},"title":"Tapis Na\u00efma par Ait Ali \ud83d\ude0d","author":"Monica","date":"19\/10\/2025","format":false,"excerpt":"Des motifs berb\u00e8res tiss\u00e9s avec pr\u00e9cision sur un fond rose par Ait Ali : le tapis Na\u00efma s'accordera facilement \u00e0 votre int\u00e9rieur. \ud83d\udcf8 Tapis pr\u00e9sent\u00e9 par Lysiane, fid\u00e8le b\u00e9n\u00e9vole de notre association. Les d\u00e9tails : \ud83d\udd36 129 cm sur 69 cm, \ud83d\udd36 prix : 105\u20ac, frais de port compris pour\u2026","rel":"","context":"Article similaire","block_context":{"text":"Article similaire","link":""},"img":{"alt_text":"","src":"https:\/\/i0.wp.com\/enfantsdudesert.org\/boutique\/wp-content\/uploads\/2025\/10\/IMG-20251019-WA0082-scaled.jpg?fit=900%2C1200&ssl=1&resize=350%2C200","width":350,"height":200,"srcset":"https:\/\/i0.wp.com\/enfantsdudesert.org\/boutique\/wp-content\/uploads\/2025\/10\/IMG-20251019-WA0082-scaled.jpg?fit=900%2C1200&ssl=1&resize=350%2C200 1x, https:\/\/i0.wp.com\/enfantsdudesert.org\/boutique\/wp-content\/uploads\/2025\/10\/IMG-20251019-WA0082-scaled.jpg?fit=900%2C1200&ssl=1&resize=525%2C300 1.5x, https:\/\/i0.wp.com\/enfantsdudesert.org\/boutique\/wp-content\/uploads\/2025\/10\/IMG-20251019-WA0082-scaled.jpg?fit=900%2C1200&ssl=1&resize=700%2C400 2x"},"classes":[]},{"id":2153,"url":"https:\/\/enfantsdudesert.org\/boutique\/produit\/tapis-tulipa-par-rkia-%f0%9f%a4%8d\/","url_meta":{"origin":2355,"position":3},"title":"Tapis Tulipa par Rkia \ud83e\udd0d","author":"J\u00e9romine Lan\u00e7on","date":"17\/02\/2025","format":false,"excerpt":"Le Tapis Tulipa est r\u00e9alis\u00e9 par Rkia depuis son petit village du d\u00e9sert \u00e0 Haroun. \ud83c\udf34 C\u2019est Rkia qui tisse et colore la laine pour r\u00e9aliser ces tapis unique et plein de charme du d\u00e9sert. Les d\u00e9tails : \ud83d\udd36 dimensions : 100 cm sur 70cm, \ud83d\udd36 prix : 90\u20ac, frais\u2026","rel":"","context":"Article similaire","block_context":{"text":"Article similaire","link":""},"img":{"alt_text":"","src":"https:\/\/i0.wp.com\/enfantsdudesert.org\/boutique\/wp-content\/uploads\/2025\/02\/IMG_9291-scaled.jpeg?fit=900%2C1200&ssl=1&resize=350%2C200","width":350,"height":200,"srcset":"https:\/\/i0.wp.com\/enfantsdudesert.org\/boutique\/wp-content\/uploads\/2025\/02\/IMG_9291-scaled.jpeg?fit=900%2C1200&ssl=1&resize=350%2C200 1x, https:\/\/i0.wp.com\/enfantsdudesert.org\/boutique\/wp-content\/uploads\/2025\/02\/IMG_9291-scaled.jpeg?fit=900%2C1200&ssl=1&resize=525%2C300 1.5x, https:\/\/i0.wp.com\/enfantsdudesert.org\/boutique\/wp-content\/uploads\/2025\/02\/IMG_9291-scaled.jpeg?fit=900%2C1200&ssl=1&resize=700%2C400 2x"},"classes":[]},{"id":2359,"url":"https:\/\/enfantsdudesert.org\/boutique\/produit\/tapis-mia-par-rkia-%f0%9f%a4%8d\/","url_meta":{"origin":2355,"position":4},"title":"Tapis Mia par Rkia \ud83e\udd0d","author":"Monica","date":"19\/10\/2025","format":false,"excerpt":"Le tapis Mia a \u00e9t\u00e9 tiss\u00e9 par Rkia, depuis son petit village du d\u00e9sert, \u00e0 Haroun. Le motif, imagin\u00e9 par l\u2019une de ses filles, donne naissance \u00e0 une pi\u00e8ce unique, empreinte de douceur et d\u2019histoire, qui trouvera naturellement sa place dans votre cocon. Ce tapis est pr\u00e9sent\u00e9 par Ma\u00eflys, fid\u00e8le\u2026","rel":"","context":"Article similaire","block_context":{"text":"Article similaire","link":""},"img":{"alt_text":"","src":"https:\/\/i0.wp.com\/enfantsdudesert.org\/boutique\/wp-content\/uploads\/2025\/10\/IMG-20251019-WA0099-scaled.jpg?fit=900%2C1200&ssl=1&resize=350%2C200","width":350,"height":200,"srcset":"https:\/\/i0.wp.com\/enfantsdudesert.org\/boutique\/wp-content\/uploads\/2025\/10\/IMG-20251019-WA0099-scaled.jpg?fit=900%2C1200&ssl=1&resize=350%2C200 1x, https:\/\/i0.wp.com\/enfantsdudesert.org\/boutique\/wp-content\/uploads\/2025\/10\/IMG-20251019-WA0099-scaled.jpg?fit=900%2C1200&ssl=1&resize=525%2C300 1.5x, https:\/\/i0.wp.com\/enfantsdudesert.org\/boutique\/wp-content\/uploads\/2025\/10\/IMG-20251019-WA0099-scaled.jpg?fit=900%2C1200&ssl=1&resize=700%2C400 2x"},"classes":[]}],"jetpack_sharing_enabled":true,"_links":{"self":[{"href":"https:\/\/enfantsdudesert.org\/boutique\/wp-json\/wp\/v2\/product\/2355","targetHints":{"allow":["GET"]}}],"collection":[{"href":"https:\/\/enfantsdudesert.org\/boutique\/wp-json\/wp\/v2\/product"}],"about":[{"href":"https:\/\/enfantsdudesert.org\/boutique\/wp-json\/wp\/v2\/types\/product"}],"wp:featuredmedia":[{"embeddable":true,"href":"https:\/\/enfantsdudesert.org\/boutique\/wp-json\/wp\/v2\/media\/2356"}],"wp:attachment":[{"href":"https:\/\/enfantsdudesert.org\/boutique\/wp-json\/wp\/v2\/media?parent=2355"}],"wp:term":[{"taxonomy":"product_brand","embeddable":true,"href":"https:\/\/enfantsdudesert.org\/boutique\/wp-json\/wp\/v2\/product_brand?post=2355"},{"taxonomy":"product_cat","embeddable":true,"href":"https:\/\/enfantsdudesert.org\/boutique\/wp-json\/wp\/v2\/product_cat?post=2355"},{"taxonomy":"product_tag","embeddable":true,"href":"https:\/\/enfantsdudesert.org\/boutique\/wp-json\/wp\/v2\/product_tag?post=2355"}],"curies":[{"name":"wp","href":"https:\/\/api.w.org\/{rel}","templated":true}]}}