{"id":2363,"date":"2025-10-19T17:58:53","date_gmt":"2025-10-19T15:58:53","guid":{"rendered":"https:\/\/enfantsdudesert.org\/boutique\/?post_type=product&#038;p=2363"},"modified":"2025-11-02T09:43:33","modified_gmt":"2025-11-02T08:43:33","slug":"tapis-rachida-%e2%99%a6%ef%b8%8f-realise-par-safiya","status":"publish","type":"product","link":"https:\/\/enfantsdudesert.org\/boutique\/produit\/tapis-rachida-%e2%99%a6%ef%b8%8f-realise-par-safiya\/","title":{"rendered":"Tapis Rachida \u2666\ufe0f r\u00e9alis\u00e9 par Safiya"},"content":{"rendered":"","protected":false},"excerpt":{"rendered":"<div class=\"flex-shrink-0 flex flex-col relative items-end\">\n<div>\n<div class=\"pt-0\">\n<div class=\"gizmo-bot-avatar flex h-8 w-8 items-center justify-center overflow-hidden rounded-full\">\n<div class=\"relative p-1 rounded-sm flex items-center justify-center bg-token-main-surface-primary text-token-text-primary h-8 w-8\">\n<p>\u2764\ufe0f <strong>Rachida<\/strong> <strong>: un tapis chaleureux et r\u00e9confortant<\/strong> \ud83d\udda4<\/p>\n<\/div>\n<\/div>\n<\/div>\n<\/div>\n<\/div>\n<div class=\"group\/conversation-turn relative flex w-full min-w-0 flex-col agent-turn\">\n<div class=\"flex-col gap-1 md:gap-3\">\n<div class=\"flex max-w-full flex-col flex-grow\">\n<div class=\"min-h-8 text-message flex w-full flex-col items-end gap-2 whitespace-normal break-words text-start [.text-message+&amp;]:mt-5\" dir=\"auto\" data-message-author-role=\"assistant\" data-message-id=\"21f300f1-e05a-4895-bef1-a57658c26539\" data-message-model-slug=\"gpt-4o\">\n<div class=\"flex w-full flex-col gap-1 empty:hidden first:pt-[3px]\">\n<div class=\"markdown prose w-full break-words dark:prose-invert light\">\n<p>R\u00e9alis\u00e9 avec soin par <strong>Safiya<\/strong>, le tapis <strong>Rachida <\/strong>incarne la g\u00e9n\u00e9rosit\u00e9 et le talent artisanal.<\/p>\n<p>\u2728 Id\u00e9es pour l\u2019adopter :<br \/>\n\u2022 <strong>Dans un salon<\/strong>, pour une ambiance accueillante et chaleureuse,<br \/>\n\u2022 <strong>Au pied du lit<\/strong>, pour des r\u00e9veils tout en douceur,<br \/>\n\u2022 <strong>Dans un coin lecture<\/strong>, pour cr\u00e9er un espace cosy et confortable.<\/p>\n<p>\ud83d\udcf8 Sur la photo, le tapis <strong>Rachida<\/strong> est pr\u00e9sent\u00e9 par <strong>Pascaline<\/strong>, fid\u00e8le b\u00e9n\u00e9vole de notre association, qui contribue activement \u00e0 notre mission solidaire.<\/p>\n<p><strong>Les d\u00e9tails \u27a1\ufe0f<\/strong><br \/>\n\ud83d\udd38 Dimensions : 144 x 64 cm<br \/>\n\ud83d\udd38 Prix : <strong>80 \u20ac frais de port inclus (via Mondial Relay)<\/strong><br \/>\n\ud83d\udd38 Envoi : nous vous contacterons par email pour d\u00e9finir votre point Mondial Relay.<br \/>\n\ud83d\udd38 <strong>100% des b\u00e9n\u00e9fices<\/strong> (soit 70 \u20ac ici) sont revers\u00e9s \u00e0 Safiya, soutenant son autonomie et sa famille.<\/p>\n<p>\ud83d\udc9b Une pi\u00e8ce unique et solidaire, o\u00f9 le savoir-faire artisanal rencontre le confort moderne.<\/p>\n<\/div>\n<\/div>\n<\/div>\n<\/div>\n<\/div>\n<\/div>\n","protected":false},"featured_media":2364,"template":"","meta":{"ocean_post_layout":"","ocean_both_sidebars_style":"","ocean_both_sidebars_content_width":0,"ocean_both_sidebars_sidebars_width":0,"ocean_sidebar":"0","ocean_second_sidebar":"0","ocean_disable_margins":"enable","ocean_add_body_class":"","ocean_shortcode_before_top_bar":"","ocean_shortcode_after_top_bar":"","ocean_shortcode_before_header":"","ocean_shortcode_after_header":"","ocean_has_shortcode":"","ocean_shortcode_after_title":"","ocean_shortcode_before_footer_widgets":"","ocean_shortcode_after_footer_widgets":"","ocean_shortcode_before_footer_bottom":"","ocean_shortcode_after_footer_bottom":"","ocean_display_top_bar":"default","ocean_display_header":"default","ocean_header_style":"","ocean_center_header_left_menu":"0","ocean_custom_header_template":"0","ocean_custom_logo":0,"ocean_custom_retina_logo":0,"ocean_custom_logo_max_width":0,"ocean_custom_logo_tablet_max_width":0,"ocean_custom_logo_mobile_max_width":0,"ocean_custom_logo_max_height":0,"ocean_custom_logo_tablet_max_height":0,"ocean_custom_logo_mobile_max_height":0,"ocean_header_custom_menu":"0","ocean_menu_typo_font_family":"0","ocean_menu_typo_font_subset":"","ocean_menu_typo_font_size":0,"ocean_menu_typo_font_size_tablet":0,"ocean_menu_typo_font_size_mobile":0,"ocean_menu_typo_font_size_unit":"px","ocean_menu_typo_font_weight":"","ocean_menu_typo_font_weight_tablet":"","ocean_menu_typo_font_weight_mobile":"","ocean_menu_typo_transform":"","ocean_menu_typo_transform_tablet":"","ocean_menu_typo_transform_mobile":"","ocean_menu_typo_line_height":0,"ocean_menu_typo_line_height_tablet":0,"ocean_menu_typo_line_height_mobile":0,"ocean_menu_typo_line_height_unit":"","ocean_menu_typo_spacing":0,"ocean_menu_typo_spacing_tablet":0,"ocean_menu_typo_spacing_mobile":0,"ocean_menu_typo_spacing_unit":"","ocean_menu_link_color":"","ocean_menu_link_color_hover":"","ocean_menu_link_color_active":"","ocean_menu_link_background":"","ocean_menu_link_hover_background":"","ocean_menu_link_active_background":"","ocean_menu_social_links_bg":"","ocean_menu_social_hover_links_bg":"","ocean_menu_social_links_color":"","ocean_menu_social_hover_links_color":"","ocean_disable_title":"default","ocean_disable_heading":"default","ocean_post_title":"","ocean_post_subheading":"","ocean_post_title_style":"","ocean_post_title_background_color":"","ocean_post_title_background":0,"ocean_post_title_bg_image_position":"","ocean_post_title_bg_image_attachment":"","ocean_post_title_bg_image_repeat":"","ocean_post_title_bg_image_size":"","ocean_post_title_height":0,"ocean_post_title_bg_overlay":0.5,"ocean_post_title_bg_overlay_color":"","ocean_disable_breadcrumbs":"default","ocean_breadcrumbs_color":"","ocean_breadcrumbs_separator_color":"","ocean_breadcrumbs_links_color":"","ocean_breadcrumbs_links_hover_color":"","ocean_display_footer_widgets":"default","ocean_display_footer_bottom":"default","ocean_custom_footer_template":"0"},"product_brand":[],"product_cat":[102,100],"product_tag":[],"class_list":{"0":"post-2363","1":"product","2":"type-product","3":"status-publish","4":"has-post-thumbnail","6":"product_cat-tapis","7":"product_cat-type-de-produit","9":"entry","10":"has-media","12":"first","13":"outofstock","14":"shipping-taxable","15":"purchasable","16":"product-type-simple","17":"has-product-nav","18":"col","19":"span_1_of_3","20":"owp-content-center","21":"owp-thumbs-layout-horizontal","22":"owp-btn-normal","23":"owp-tabs-layout-horizontal","25":"circle-sale"},"jetpack-related-posts":[{"id":2105,"url":"https:\/\/enfantsdudesert.org\/boutique\/produit\/tapis-azguar-%e2%99%a6%ef%b8%8f-realise-par-soumia\/","url_meta":{"origin":2363,"position":0},"title":"Tapis Azguar \u2666\ufe0f r\u00e9alis\u00e9 par Soumia","author":"Monica","date":"17\/02\/2025","format":false,"excerpt":"\u2764\ufe0f Azguar : un tapis chaleureux et r\u00e9confortant \ud83d\udda4 R\u00e9alis\u00e9 avec soin par Soumia, maman de deux filles soutenues \u00e0 travers notre syst\u00e8me de parrainage, le tapis Azguar incarne la g\u00e9n\u00e9rosit\u00e9 et le talent artisanal. Avec son rouge vif intense et son \u00e9l\u00e9gant quadrillage noir, il contient une grande quantit\u00e9\u2026","rel":"","context":"Article similaire","block_context":{"text":"Article similaire","link":""},"img":{"alt_text":"","src":"https:\/\/i0.wp.com\/enfantsdudesert.org\/boutique\/wp-content\/uploads\/2024\/12\/Tapis-Azguar-1-scaled.jpg?fit=948%2C1200&ssl=1&resize=350%2C200","width":350,"height":200,"srcset":"https:\/\/i0.wp.com\/enfantsdudesert.org\/boutique\/wp-content\/uploads\/2024\/12\/Tapis-Azguar-1-scaled.jpg?fit=948%2C1200&ssl=1&resize=350%2C200 1x, https:\/\/i0.wp.com\/enfantsdudesert.org\/boutique\/wp-content\/uploads\/2024\/12\/Tapis-Azguar-1-scaled.jpg?fit=948%2C1200&ssl=1&resize=525%2C300 1.5x, https:\/\/i0.wp.com\/enfantsdudesert.org\/boutique\/wp-content\/uploads\/2024\/12\/Tapis-Azguar-1-scaled.jpg?fit=948%2C1200&ssl=1&resize=700%2C400 2x"},"classes":[]},{"id":2047,"url":"https:\/\/enfantsdudesert.org\/boutique\/produit\/pochette-mina-par-rachida-%e2%9d%a4%ef%b8%8f\/","url_meta":{"origin":2363,"position":1},"title":"Pochette &#8220;Mina&#8221; par Rachida \u2764\ufe0f","author":"Monica","date":"29\/11\/2024","format":false,"excerpt":"Cette pochette de grande taille en coton naturel est l'accessoire parfait pour organiser tous vos essentiels, que ce soit pour une trousse de toilette \u00e9l\u00e9gante ou un n\u00e9cessaire de voyage pratique. Son design soign\u00e9 et spacieux vous permet de tout ranger facilement, des produits de beaut\u00e9 aux accessoires. Le recto\u2026","rel":"","context":"Article similaire","block_context":{"text":"Article similaire","link":""},"img":{"alt_text":"","src":"https:\/\/i0.wp.com\/enfantsdudesert.org\/boutique\/wp-content\/uploads\/2024\/11\/WhatsApp-Image-2024-11-29-a-11.26.55_eb151e2b-scaled-e1732884450148.jpg?fit=1024%2C1200&ssl=1&resize=350%2C200","width":350,"height":200,"srcset":"https:\/\/i0.wp.com\/enfantsdudesert.org\/boutique\/wp-content\/uploads\/2024\/11\/WhatsApp-Image-2024-11-29-a-11.26.55_eb151e2b-scaled-e1732884450148.jpg?fit=1024%2C1200&ssl=1&resize=350%2C200 1x, https:\/\/i0.wp.com\/enfantsdudesert.org\/boutique\/wp-content\/uploads\/2024\/11\/WhatsApp-Image-2024-11-29-a-11.26.55_eb151e2b-scaled-e1732884450148.jpg?fit=1024%2C1200&ssl=1&resize=525%2C300 1.5x, https:\/\/i0.wp.com\/enfantsdudesert.org\/boutique\/wp-content\/uploads\/2024\/11\/WhatsApp-Image-2024-11-29-a-11.26.55_eb151e2b-scaled-e1732884450148.jpg?fit=1024%2C1200&ssl=1&resize=700%2C400 2x"},"classes":[]},{"id":1316,"url":"https:\/\/enfantsdudesert.org\/boutique\/produit\/coussin-brode-par-rachida\/","url_meta":{"origin":2363,"position":2},"title":"Housse de coussin brod\u00e9e &#8211; Rachida","author":"Monica","date":"19\/05\/2023","format":false,"excerpt":"Ces housses de coussin sont cousues au Maroc puis brod\u00e9es par Rachida, avec beaucoup de passion et de patience. \u2728\ud83e\udd17 Cette maman d'un enfant parrain\u00e9e r\u00e9alise \u00e9galement des pochettes, \u00e0 retrouver ici. \u25b6 Dimension : 40 cm x 40 cm. Le produit est vendu sans le coussin. \ud83d\udc8c\u00a0 Ces prix\u2026","rel":"","context":"Article similaire","block_context":{"text":"Article similaire","link":""},"img":{"alt_text":"","src":"https:\/\/i0.wp.com\/enfantsdudesert.org\/boutique\/wp-content\/uploads\/2023\/05\/Broderie-Rachida-coussin-croix.webp?fit=1080%2C1080&ssl=1&resize=350%2C200","width":350,"height":200,"srcset":"https:\/\/i0.wp.com\/enfantsdudesert.org\/boutique\/wp-content\/uploads\/2023\/05\/Broderie-Rachida-coussin-croix.webp?fit=1080%2C1080&ssl=1&resize=350%2C200 1x, https:\/\/i0.wp.com\/enfantsdudesert.org\/boutique\/wp-content\/uploads\/2023\/05\/Broderie-Rachida-coussin-croix.webp?fit=1080%2C1080&ssl=1&resize=525%2C300 1.5x, https:\/\/i0.wp.com\/enfantsdudesert.org\/boutique\/wp-content\/uploads\/2023\/05\/Broderie-Rachida-coussin-croix.webp?fit=1080%2C1080&ssl=1&resize=700%2C400 2x, https:\/\/i0.wp.com\/enfantsdudesert.org\/boutique\/wp-content\/uploads\/2023\/05\/Broderie-Rachida-coussin-croix.webp?fit=1080%2C1080&ssl=1&resize=1050%2C600 3x"},"classes":[]},{"id":1926,"url":"https:\/\/enfantsdudesert.org\/boutique\/produit\/veste-achnou-par-rachida-%f0%9f%a4%8d\/","url_meta":{"origin":2363,"position":3},"title":"Veste Achnou par Rachida \ud83e\udd0d","author":"Monica","date":"27\/11\/2024","format":false,"excerpt":"Veste blanche brod\u00e9e en fil Rachida \ud83e\udde1 D\u00e9couvrez cette magnifique veste blanche au style loose, mise en valeur par les broderies en fil r\u00e9alis\u00e9es \u00e0 la main par Rachida. Ses motifs orientaux, pr\u00e9sents recto-verso, apportent une touche raffin\u00e9e et authentique, inspir\u00e9e des traditions artisanales. Chaque d\u00e9tail, minutieusement brod\u00e9, refl\u00e8te l\u2019h\u00e9ritage\u2026","rel":"","context":"Article similaire","block_context":{"text":"Article similaire","link":""},"img":{"alt_text":"","src":"https:\/\/i0.wp.com\/enfantsdudesert.org\/boutique\/wp-content\/uploads\/2024\/11\/Achnou-2-scaled.jpg?fit=900%2C1200&ssl=1&resize=350%2C200","width":350,"height":200,"srcset":"https:\/\/i0.wp.com\/enfantsdudesert.org\/boutique\/wp-content\/uploads\/2024\/11\/Achnou-2-scaled.jpg?fit=900%2C1200&ssl=1&resize=350%2C200 1x, https:\/\/i0.wp.com\/enfantsdudesert.org\/boutique\/wp-content\/uploads\/2024\/11\/Achnou-2-scaled.jpg?fit=900%2C1200&ssl=1&resize=525%2C300 1.5x, https:\/\/i0.wp.com\/enfantsdudesert.org\/boutique\/wp-content\/uploads\/2024\/11\/Achnou-2-scaled.jpg?fit=900%2C1200&ssl=1&resize=700%2C400 2x"},"classes":[]},{"id":1719,"url":"https:\/\/enfantsdudesert.org\/boutique\/produit\/pochette-brodee-rachida\/","url_meta":{"origin":2363,"position":4},"title":"Pochette brod\u00e9e Rachida","author":"J\u00e9romine Lan\u00e7on","date":"05\/04\/2024","format":false,"excerpt":"Ces pochettes ont \u00e9t\u00e9 brod\u00e9es par Rachida, maman d\u2019un enfant parrain\u00e9. Chaque pi\u00e8ce est unique et r\u00e9alis\u00e9e avec beaucoup de passion et de patience par Rachida. \u2728\ud83e\udd17 \u25b6\ufe0f 3 tailles disponibles Dimension et prix : S: Dimensions: 13cm x12,5cm x 6cm \u2013 12 \u20ac M: Dimensions: 19 x 18 x\u2026","rel":"","context":"Article similaire","block_context":{"text":"Article similaire","link":""},"img":{"alt_text":"","src":"https:\/\/i0.wp.com\/enfantsdudesert.org\/boutique\/wp-content\/uploads\/2024\/04\/8246d7bf-c01e-4e1e-af07-54b391361c87.jpeg?fit=800%2C600&ssl=1&resize=350%2C200","width":350,"height":200,"srcset":"https:\/\/i0.wp.com\/enfantsdudesert.org\/boutique\/wp-content\/uploads\/2024\/04\/8246d7bf-c01e-4e1e-af07-54b391361c87.jpeg?fit=800%2C600&ssl=1&resize=350%2C200 1x, https:\/\/i0.wp.com\/enfantsdudesert.org\/boutique\/wp-content\/uploads\/2024\/04\/8246d7bf-c01e-4e1e-af07-54b391361c87.jpeg?fit=800%2C600&ssl=1&resize=525%2C300 1.5x, https:\/\/i0.wp.com\/enfantsdudesert.org\/boutique\/wp-content\/uploads\/2024\/04\/8246d7bf-c01e-4e1e-af07-54b391361c87.jpeg?fit=800%2C600&ssl=1&resize=700%2C400 2x"},"classes":[]},{"id":1466,"url":"https:\/\/enfantsdudesert.org\/boutique\/produit\/pochettes-brodees-par-rachida\/","url_meta":{"origin":2363,"position":5},"title":"Pochettes brod\u00e9es par Rachida","author":"Monica","date":"06\/06\/2023","format":false,"excerpt":"Ces pochettes ont \u00e9t\u00e9 brod\u00e9es par Rachida, maman d'un enfant parrain\u00e9. Chaque pi\u00e8ce est unique et r\u00e9alis\u00e9e avec beaucoup de passion et de patience par Rachida. \u2728\ud83e\udd17 \u25b6 Choisissez une couleur pour d\u00e9couvrir les tailles disponibles.\u00a0 Dimension et prix : S: Dimensions: 13cm x12,5cm x 6cm - 12 \u20ac M:\u2026","rel":"","context":"Article similaire","block_context":{"text":"Article similaire","link":""},"img":{"alt_text":"","src":"https:\/\/i0.wp.com\/enfantsdudesert.org\/boutique\/wp-content\/uploads\/2023\/06\/WhatsApp-Image-2023-05-31-at-17.22.55.webp?fit=600%2C600&ssl=1&resize=350%2C200","width":350,"height":200,"srcset":"https:\/\/i0.wp.com\/enfantsdudesert.org\/boutique\/wp-content\/uploads\/2023\/06\/WhatsApp-Image-2023-05-31-at-17.22.55.webp?fit=600%2C600&ssl=1&resize=350%2C200 1x, https:\/\/i0.wp.com\/enfantsdudesert.org\/boutique\/wp-content\/uploads\/2023\/06\/WhatsApp-Image-2023-05-31-at-17.22.55.webp?fit=600%2C600&ssl=1&resize=525%2C300 1.5x"},"classes":[]}],"jetpack_sharing_enabled":true,"_links":{"self":[{"href":"https:\/\/enfantsdudesert.org\/boutique\/wp-json\/wp\/v2\/product\/2363","targetHints":{"allow":["GET"]}}],"collection":[{"href":"https:\/\/enfantsdudesert.org\/boutique\/wp-json\/wp\/v2\/product"}],"about":[{"href":"https:\/\/enfantsdudesert.org\/boutique\/wp-json\/wp\/v2\/types\/product"}],"wp:featuredmedia":[{"embeddable":true,"href":"https:\/\/enfantsdudesert.org\/boutique\/wp-json\/wp\/v2\/media\/2364"}],"wp:attachment":[{"href":"https:\/\/enfantsdudesert.org\/boutique\/wp-json\/wp\/v2\/media?parent=2363"}],"wp:term":[{"taxonomy":"product_brand","embeddable":true,"href":"https:\/\/enfantsdudesert.org\/boutique\/wp-json\/wp\/v2\/product_brand?post=2363"},{"taxonomy":"product_cat","embeddable":true,"href":"https:\/\/enfantsdudesert.org\/boutique\/wp-json\/wp\/v2\/product_cat?post=2363"},{"taxonomy":"product_tag","embeddable":true,"href":"https:\/\/enfantsdudesert.org\/boutique\/wp-json\/wp\/v2\/product_tag?post=2363"}],"curies":[{"name":"wp","href":"https:\/\/api.w.org\/{rel}","templated":true}]}}