{"id":2366,"date":"2025-10-19T18:10:06","date_gmt":"2025-10-19T16:10:06","guid":{"rendered":"https:\/\/enfantsdudesert.org\/boutique\/?post_type=product&#038;p=2366"},"modified":"2025-11-01T22:48:08","modified_gmt":"2025-11-01T21:48:08","slug":"tapis-ritaj%f0%9f%92%9c-par-ibtissam","status":"publish","type":"product","link":"https:\/\/enfantsdudesert.org\/boutique\/produit\/tapis-ritaj%f0%9f%92%9c-par-ibtissam\/","title":{"rendered":"Tapis Ritaj\ud83d\udc9c par Ibtissam"},"content":{"rendered":"","protected":false},"excerpt":{"rendered":"<p>\ud83d\udc9c <strong>Ritaj \u2013 un tapis original et \u00e9coresponsable<\/strong> \u267b\ufe0f<\/p>\n<p>Ce tapis unique a \u00e9t\u00e9 tiss\u00e9 avec cr\u00e9ativit\u00e9 et talent par <strong>Ibtissam<\/strong>, en recyclant la trame d\u2019un sac de farine. Ses deux \u00e9normes fleurs donneront de la vie et du peps \u00e0 votre int\u00e9rieur !<\/p>\n<p>\ud83d\udcf8 Tapis pr\u00e9sent\u00e9 par <strong>Catherine<\/strong>, b\u00e9n\u00e9vole qui participe activement \u00e0 nos mission solidaires dans le d\u00e9sert !<\/p>\n<p><strong>Les d\u00e9tails \u27a1\ufe0f<\/strong><br \/>\n\ud83d\udd38 Dimensions : 97 x 53 cm<br \/>\n\ud83d\udd38 Prix : <strong>80 \u20ac frais de port inclus (via Mondial Relay)<\/strong><br \/>\n\ud83d\udd38 Envoi : nous vous contacterons par email pour d\u00e9finir votre point Mondial Relay.<br \/>\n\ud83d\udd38 <strong>100% des b\u00e9n\u00e9fices<\/strong> (soit 70 \u20ac ici) sont revers\u00e9s \u00e0 <strong>Ibtissam<\/strong> pour soutenir son autonomie et son incroyable talent.<\/p>\n<p>\ud83d\udc9b Un tapis \u00e9coresponsable et solidaire, o\u00f9 recyclage rime avec art et savoir-faire.<\/p>\n","protected":false},"featured_media":2367,"template":"","meta":{"ocean_post_layout":"","ocean_both_sidebars_style":"","ocean_both_sidebars_content_width":0,"ocean_both_sidebars_sidebars_width":0,"ocean_sidebar":"0","ocean_second_sidebar":"0","ocean_disable_margins":"enable","ocean_add_body_class":"","ocean_shortcode_before_top_bar":"","ocean_shortcode_after_top_bar":"","ocean_shortcode_before_header":"","ocean_shortcode_after_header":"","ocean_has_shortcode":"","ocean_shortcode_after_title":"","ocean_shortcode_before_footer_widgets":"","ocean_shortcode_after_footer_widgets":"","ocean_shortcode_before_footer_bottom":"","ocean_shortcode_after_footer_bottom":"","ocean_display_top_bar":"default","ocean_display_header":"default","ocean_header_style":"","ocean_center_header_left_menu":"0","ocean_custom_header_template":"0","ocean_custom_logo":0,"ocean_custom_retina_logo":0,"ocean_custom_logo_max_width":0,"ocean_custom_logo_tablet_max_width":0,"ocean_custom_logo_mobile_max_width":0,"ocean_custom_logo_max_height":0,"ocean_custom_logo_tablet_max_height":0,"ocean_custom_logo_mobile_max_height":0,"ocean_header_custom_menu":"0","ocean_menu_typo_font_family":"0","ocean_menu_typo_font_subset":"","ocean_menu_typo_font_size":0,"ocean_menu_typo_font_size_tablet":0,"ocean_menu_typo_font_size_mobile":0,"ocean_menu_typo_font_size_unit":"px","ocean_menu_typo_font_weight":"","ocean_menu_typo_font_weight_tablet":"","ocean_menu_typo_font_weight_mobile":"","ocean_menu_typo_transform":"","ocean_menu_typo_transform_tablet":"","ocean_menu_typo_transform_mobile":"","ocean_menu_typo_line_height":0,"ocean_menu_typo_line_height_tablet":0,"ocean_menu_typo_line_height_mobile":0,"ocean_menu_typo_line_height_unit":"","ocean_menu_typo_spacing":0,"ocean_menu_typo_spacing_tablet":0,"ocean_menu_typo_spacing_mobile":0,"ocean_menu_typo_spacing_unit":"","ocean_menu_link_color":"","ocean_menu_link_color_hover":"","ocean_menu_link_color_active":"","ocean_menu_link_background":"","ocean_menu_link_hover_background":"","ocean_menu_link_active_background":"","ocean_menu_social_links_bg":"","ocean_menu_social_hover_links_bg":"","ocean_menu_social_links_color":"","ocean_menu_social_hover_links_color":"","ocean_disable_title":"default","ocean_disable_heading":"default","ocean_post_title":"","ocean_post_subheading":"","ocean_post_title_style":"","ocean_post_title_background_color":"","ocean_post_title_background":0,"ocean_post_title_bg_image_position":"","ocean_post_title_bg_image_attachment":"","ocean_post_title_bg_image_repeat":"","ocean_post_title_bg_image_size":"","ocean_post_title_height":0,"ocean_post_title_bg_overlay":0.5,"ocean_post_title_bg_overlay_color":"","ocean_disable_breadcrumbs":"default","ocean_breadcrumbs_color":"","ocean_breadcrumbs_separator_color":"","ocean_breadcrumbs_links_color":"","ocean_breadcrumbs_links_hover_color":"","ocean_display_footer_widgets":"default","ocean_display_footer_bottom":"default","ocean_custom_footer_template":"0"},"product_brand":[],"product_cat":[134,102,100],"product_tag":[],"class_list":{"0":"post-2366","1":"product","2":"type-product","3":"status-publish","4":"has-post-thumbnail","6":"product_cat-ibtissam","7":"product_cat-tapis","8":"product_cat-type-de-produit","10":"entry","11":"has-media","13":"first","14":"outofstock","15":"shipping-taxable","16":"purchasable","17":"product-type-simple","18":"has-product-nav","19":"col","20":"span_1_of_3","21":"owp-content-center","22":"owp-thumbs-layout-horizontal","23":"owp-btn-normal","24":"owp-tabs-layout-horizontal","26":"circle-sale"},"jetpack-related-posts":[{"id":2532,"url":"https:\/\/enfantsdudesert.org\/boutique\/produit\/tapis-zina-par-ibtissam\/","url_meta":{"origin":2366,"position":0},"title":"Tapis Zina par Ibtissam","author":"Monica","date":"09\/04\/2026","format":false,"excerpt":"Ce tapis unique a \u00e9t\u00e9 tiss\u00e9 avec cr\u00e9ativit\u00e9 et talent par Ibtissam, en recyclant la trame d\u2019un sac de farine avec de petites formes g\u00e9om\u00e9triques aux couleurs douces. Les d\u00e9tails : Dimensions : 98 x 56 cm \u00a0Prix :\u00a080 \u20ac frais de port inclus (via Mondial Relay) \u00a0Envoi : nous\u2026","rel":"","context":"Article similaire","block_context":{"text":"Article similaire","link":""},"img":{"alt_text":"","src":"https:\/\/i0.wp.com\/enfantsdudesert.org\/boutique\/wp-content\/uploads\/2026\/04\/WhatsApp-Image-2026-04-09-at-19.44.17-1jj.jpeg?fit=900%2C1200&ssl=1&resize=350%2C200","width":350,"height":200,"srcset":"https:\/\/i0.wp.com\/enfantsdudesert.org\/boutique\/wp-content\/uploads\/2026\/04\/WhatsApp-Image-2026-04-09-at-19.44.17-1jj.jpeg?fit=900%2C1200&ssl=1&resize=350%2C200 1x, https:\/\/i0.wp.com\/enfantsdudesert.org\/boutique\/wp-content\/uploads\/2026\/04\/WhatsApp-Image-2026-04-09-at-19.44.17-1jj.jpeg?fit=900%2C1200&ssl=1&resize=525%2C300 1.5x, https:\/\/i0.wp.com\/enfantsdudesert.org\/boutique\/wp-content\/uploads\/2026\/04\/WhatsApp-Image-2026-04-09-at-19.44.17-1jj.jpeg?fit=900%2C1200&ssl=1&resize=700%2C400 2x"},"classes":[]},{"id":2363,"url":"https:\/\/enfantsdudesert.org\/boutique\/produit\/tapis-rachida-%e2%99%a6%ef%b8%8f-realise-par-safiya\/","url_meta":{"origin":2366,"position":1},"title":"Tapis Rachida \u2666\ufe0f r\u00e9alis\u00e9 par Safiya","author":"Monica","date":"19\/10\/2025","format":false,"excerpt":"\u2764\ufe0f Rachida : un tapis chaleureux et r\u00e9confortant \ud83d\udda4 R\u00e9alis\u00e9 avec soin par Safiya, le tapis Rachida incarne la g\u00e9n\u00e9rosit\u00e9 et le talent artisanal. \u2728 Id\u00e9es pour l\u2019adopter : \u2022 Dans un salon, pour une ambiance accueillante et chaleureuse, \u2022 Au pied du lit, pour des r\u00e9veils tout en douceur,\u2026","rel":"","context":"Article similaire","block_context":{"text":"Article similaire","link":""},"img":{"alt_text":"","src":"https:\/\/i0.wp.com\/enfantsdudesert.org\/boutique\/wp-content\/uploads\/2025\/10\/IMG-20251019-WA0102-scaled.jpg?fit=900%2C1200&ssl=1&resize=350%2C200","width":350,"height":200,"srcset":"https:\/\/i0.wp.com\/enfantsdudesert.org\/boutique\/wp-content\/uploads\/2025\/10\/IMG-20251019-WA0102-scaled.jpg?fit=900%2C1200&ssl=1&resize=350%2C200 1x, https:\/\/i0.wp.com\/enfantsdudesert.org\/boutique\/wp-content\/uploads\/2025\/10\/IMG-20251019-WA0102-scaled.jpg?fit=900%2C1200&ssl=1&resize=525%2C300 1.5x, https:\/\/i0.wp.com\/enfantsdudesert.org\/boutique\/wp-content\/uploads\/2025\/10\/IMG-20251019-WA0102-scaled.jpg?fit=900%2C1200&ssl=1&resize=700%2C400 2x"},"classes":[]},{"id":2105,"url":"https:\/\/enfantsdudesert.org\/boutique\/produit\/tapis-azguar-%e2%99%a6%ef%b8%8f-realise-par-soumia\/","url_meta":{"origin":2366,"position":2},"title":"Tapis Azguar \u2666\ufe0f r\u00e9alis\u00e9 par Soumia","author":"Monica","date":"17\/02\/2025","format":false,"excerpt":"\u2764\ufe0f Azguar : un tapis chaleureux et r\u00e9confortant \ud83d\udda4 R\u00e9alis\u00e9 avec soin par Soumia, maman de deux filles soutenues \u00e0 travers notre syst\u00e8me de parrainage, le tapis Azguar incarne la g\u00e9n\u00e9rosit\u00e9 et le talent artisanal. Avec son rouge vif intense et son \u00e9l\u00e9gant quadrillage noir, il contient une grande quantit\u00e9\u2026","rel":"","context":"Article similaire","block_context":{"text":"Article similaire","link":""},"img":{"alt_text":"","src":"https:\/\/i0.wp.com\/enfantsdudesert.org\/boutique\/wp-content\/uploads\/2024\/12\/Tapis-Azguar-1-scaled.jpg?fit=948%2C1200&ssl=1&resize=350%2C200","width":350,"height":200,"srcset":"https:\/\/i0.wp.com\/enfantsdudesert.org\/boutique\/wp-content\/uploads\/2024\/12\/Tapis-Azguar-1-scaled.jpg?fit=948%2C1200&ssl=1&resize=350%2C200 1x, https:\/\/i0.wp.com\/enfantsdudesert.org\/boutique\/wp-content\/uploads\/2024\/12\/Tapis-Azguar-1-scaled.jpg?fit=948%2C1200&ssl=1&resize=525%2C300 1.5x, https:\/\/i0.wp.com\/enfantsdudesert.org\/boutique\/wp-content\/uploads\/2024\/12\/Tapis-Azguar-1-scaled.jpg?fit=948%2C1200&ssl=1&resize=700%2C400 2x"},"classes":[]},{"id":2409,"url":"https:\/\/enfantsdudesert.org\/boutique\/produit\/tapis-fatima-zahra-par-hdidou%e2%9c%a8\/","url_meta":{"origin":2366,"position":3},"title":"Tapis Itri par Hdidou\u2728","author":"Monica","date":"09\/04\/2026","format":false,"excerpt":"\u2728 Itri : un tapis aux motifs sym\u00e9triques plein de peps\ud83c\udf1f Tiss\u00e9 avec passion par Hdidou, qui vit dans un petit village, ce tapis\u00a0s\u00e9duit par toutes ces couleurs intenses. \ud83d\udcf8 Sur la photo, le tapis Itri\u00a0est pr\u00e9sent\u00e9 par Lysiane, fid\u00e8le b\u00e9n\u00e9vole qui participe activement \u00e0 notre mission solidaire. Les d\u00e9tails\u00a0\u2026","rel":"","context":"Article similaire","block_context":{"text":"Article similaire","link":""},"img":{"alt_text":"","src":"https:\/\/i0.wp.com\/enfantsdudesert.org\/boutique\/wp-content\/uploads\/2025\/10\/IMG-20251019-WA0103-scaled.jpg?fit=900%2C1200&ssl=1&resize=350%2C200","width":350,"height":200,"srcset":"https:\/\/i0.wp.com\/enfantsdudesert.org\/boutique\/wp-content\/uploads\/2025\/10\/IMG-20251019-WA0103-scaled.jpg?fit=900%2C1200&ssl=1&resize=350%2C200 1x, https:\/\/i0.wp.com\/enfantsdudesert.org\/boutique\/wp-content\/uploads\/2025\/10\/IMG-20251019-WA0103-scaled.jpg?fit=900%2C1200&ssl=1&resize=525%2C300 1.5x, https:\/\/i0.wp.com\/enfantsdudesert.org\/boutique\/wp-content\/uploads\/2025\/10\/IMG-20251019-WA0103-scaled.jpg?fit=900%2C1200&ssl=1&resize=700%2C400 2x"},"classes":[]},{"id":2397,"url":"https:\/\/enfantsdudesert.org\/boutique\/produit\/tapis-yousra-par-mouamou-%e2%9c%a8\/","url_meta":{"origin":2366,"position":4},"title":"Tapis Yousra par Mouamou \u2728","author":"Monica","date":"19\/10\/2025","format":false,"excerpt":"\u2728 Yousra : un tapis aux motifs sym\u00e9triques plein de peps\ud83c\udf1f Tiss\u00e9 avec passion par Mouamou, qui vit dans un petit village au c\u0153ur du d\u00e9sert marocain, le tapis Yousra s\u00e9duit par son originalit\u00e9. \ud83d\udcf8 Sur la photo, le tapis Yousra \u00a0est pr\u00e9sent\u00e9 par Diego, fid\u00e8le b\u00e9n\u00e9vole de notre association,\u2026","rel":"","context":"Article similaire","block_context":{"text":"Article similaire","link":""},"img":{"alt_text":"","src":"https:\/\/i0.wp.com\/enfantsdudesert.org\/boutique\/wp-content\/uploads\/2025\/10\/IMG-20251019-WA0087-scaled.jpg?fit=900%2C1200&ssl=1&resize=350%2C200","width":350,"height":200,"srcset":"https:\/\/i0.wp.com\/enfantsdudesert.org\/boutique\/wp-content\/uploads\/2025\/10\/IMG-20251019-WA0087-scaled.jpg?fit=900%2C1200&ssl=1&resize=350%2C200 1x, https:\/\/i0.wp.com\/enfantsdudesert.org\/boutique\/wp-content\/uploads\/2025\/10\/IMG-20251019-WA0087-scaled.jpg?fit=900%2C1200&ssl=1&resize=525%2C300 1.5x, https:\/\/i0.wp.com\/enfantsdudesert.org\/boutique\/wp-content\/uploads\/2025\/10\/IMG-20251019-WA0087-scaled.jpg?fit=900%2C1200&ssl=1&resize=700%2C400 2x"},"classes":[]},{"id":2378,"url":"https:\/\/enfantsdudesert.org\/boutique\/produit\/tapis-khadija-par-zarah%e2%9c%a8\/","url_meta":{"origin":2366,"position":5},"title":"Tapis Khadija par Zarah\u2728","author":"Monica","date":"19\/10\/2025","format":false,"excerpt":"\u2728 Khadija : un tapis aux motifs sym\u00e9triques plein de peps\ud83c\udf1f Tiss\u00e9 avec passion par Zarah, qui vit dans un petit village au c\u0153ur du d\u00e9sert marocain, le tapis Khadija s\u00e9duit par sa touche contemporaine. \ud83d\udcf8 Sur la photo, le tapis Khadija est pr\u00e9sent\u00e9 par Diego, fid\u00e8le b\u00e9n\u00e9vole de notre\u2026","rel":"","context":"Article similaire","block_context":{"text":"Article similaire","link":""},"img":{"alt_text":"","src":"https:\/\/i0.wp.com\/enfantsdudesert.org\/boutique\/wp-content\/uploads\/2025\/10\/IMG-20251019-WA0066-scaled.jpg?fit=900%2C1200&ssl=1&resize=350%2C200","width":350,"height":200,"srcset":"https:\/\/i0.wp.com\/enfantsdudesert.org\/boutique\/wp-content\/uploads\/2025\/10\/IMG-20251019-WA0066-scaled.jpg?fit=900%2C1200&ssl=1&resize=350%2C200 1x, https:\/\/i0.wp.com\/enfantsdudesert.org\/boutique\/wp-content\/uploads\/2025\/10\/IMG-20251019-WA0066-scaled.jpg?fit=900%2C1200&ssl=1&resize=525%2C300 1.5x, https:\/\/i0.wp.com\/enfantsdudesert.org\/boutique\/wp-content\/uploads\/2025\/10\/IMG-20251019-WA0066-scaled.jpg?fit=900%2C1200&ssl=1&resize=700%2C400 2x"},"classes":[]}],"jetpack_sharing_enabled":true,"_links":{"self":[{"href":"https:\/\/enfantsdudesert.org\/boutique\/wp-json\/wp\/v2\/product\/2366","targetHints":{"allow":["GET"]}}],"collection":[{"href":"https:\/\/enfantsdudesert.org\/boutique\/wp-json\/wp\/v2\/product"}],"about":[{"href":"https:\/\/enfantsdudesert.org\/boutique\/wp-json\/wp\/v2\/types\/product"}],"wp:featuredmedia":[{"embeddable":true,"href":"https:\/\/enfantsdudesert.org\/boutique\/wp-json\/wp\/v2\/media\/2367"}],"wp:attachment":[{"href":"https:\/\/enfantsdudesert.org\/boutique\/wp-json\/wp\/v2\/media?parent=2366"}],"wp:term":[{"taxonomy":"product_brand","embeddable":true,"href":"https:\/\/enfantsdudesert.org\/boutique\/wp-json\/wp\/v2\/product_brand?post=2366"},{"taxonomy":"product_cat","embeddable":true,"href":"https:\/\/enfantsdudesert.org\/boutique\/wp-json\/wp\/v2\/product_cat?post=2366"},{"taxonomy":"product_tag","embeddable":true,"href":"https:\/\/enfantsdudesert.org\/boutique\/wp-json\/wp\/v2\/product_tag?post=2366"}],"curies":[{"name":"wp","href":"https:\/\/api.w.org\/{rel}","templated":true}]}}