{"id":2409,"date":"2026-04-09T19:16:09","date_gmt":"2026-04-09T17:16:09","guid":{"rendered":"https:\/\/enfantsdudesert.org\/boutique\/?post_type=product&#038;p=2409"},"modified":"2026-04-09T21:19:24","modified_gmt":"2026-04-09T19:19:24","slug":"tapis-fatima-zahra-par-hdidou%e2%9c%a8","status":"publish","type":"product","link":"https:\/\/enfantsdudesert.org\/boutique\/produit\/tapis-fatima-zahra-par-hdidou%e2%9c%a8\/","title":{"rendered":"Tapis Itri par Hdidou\u2728"},"content":{"rendered":"","protected":false},"excerpt":{"rendered":"<p>\u2728<strong> Itri : un tapis aux motifs sym\u00e9triques plein de peps<\/strong>\ud83c\udf1f<\/p>\n<p>Tiss\u00e9 avec passion par <strong>Hdidou<\/strong>, qui vit dans un petit village, ce tapis\u00a0s\u00e9duit par toutes ces couleurs intenses.<\/p>\n<p>\ud83d\udcf8 Sur la photo, le tapis <strong>Itri\u00a0<\/strong>est pr\u00e9sent\u00e9 par <strong>Lysiane, <\/strong>fid\u00e8le b\u00e9n\u00e9vole qui participe activement \u00e0 notre mission solidaire.<\/p>\n<p><strong>Les d\u00e9tails\u00a0<\/strong><br \/>\n\ud83d\udd38 Dimensions : 195cm x 92 cm<br \/>\n\ud83d\udd38 Prix : <strong>130 \u20ac frais de port inclus (via Mondial Relay)<\/strong><br \/>\n\ud83d\udd38 Envoi : nous vous contacterons par email pour d\u00e9finir votre point Mondial Relay.<br \/>\n\ud83d\udd38 <strong>100% des b\u00e9n\u00e9fices<\/strong> (soit 120 \u20ac ici) iront directement \u00e0 Hdidou, soutenant son savoir-faire et son autonomie.<\/p>\n<p>\ud83d\udc9b Offrez (ou offrez-vous) une pi\u00e8ce artisanale et solidaire, porteuse de sens et d\u2019histoire.<\/p>\n","protected":false},"featured_media":2410,"template":"","meta":{"ocean_post_layout":"","ocean_both_sidebars_style":"","ocean_both_sidebars_content_width":0,"ocean_both_sidebars_sidebars_width":0,"ocean_sidebar":"0","ocean_second_sidebar":"0","ocean_disable_margins":"enable","ocean_add_body_class":"","ocean_shortcode_before_top_bar":"","ocean_shortcode_after_top_bar":"","ocean_shortcode_before_header":"","ocean_shortcode_after_header":"","ocean_has_shortcode":"","ocean_shortcode_after_title":"","ocean_shortcode_before_footer_widgets":"","ocean_shortcode_after_footer_widgets":"","ocean_shortcode_before_footer_bottom":"","ocean_shortcode_after_footer_bottom":"","ocean_display_top_bar":"default","ocean_display_header":"default","ocean_header_style":"","ocean_center_header_left_menu":"0","ocean_custom_header_template":"0","ocean_custom_logo":0,"ocean_custom_retina_logo":0,"ocean_custom_logo_max_width":0,"ocean_custom_logo_tablet_max_width":0,"ocean_custom_logo_mobile_max_width":0,"ocean_custom_logo_max_height":0,"ocean_custom_logo_tablet_max_height":0,"ocean_custom_logo_mobile_max_height":0,"ocean_header_custom_menu":"0","ocean_menu_typo_font_family":"0","ocean_menu_typo_font_subset":"","ocean_menu_typo_font_size":0,"ocean_menu_typo_font_size_tablet":0,"ocean_menu_typo_font_size_mobile":0,"ocean_menu_typo_font_size_unit":"px","ocean_menu_typo_font_weight":"","ocean_menu_typo_font_weight_tablet":"","ocean_menu_typo_font_weight_mobile":"","ocean_menu_typo_transform":"","ocean_menu_typo_transform_tablet":"","ocean_menu_typo_transform_mobile":"","ocean_menu_typo_line_height":0,"ocean_menu_typo_line_height_tablet":0,"ocean_menu_typo_line_height_mobile":0,"ocean_menu_typo_line_height_unit":"","ocean_menu_typo_spacing":0,"ocean_menu_typo_spacing_tablet":0,"ocean_menu_typo_spacing_mobile":0,"ocean_menu_typo_spacing_unit":"","ocean_menu_link_color":"","ocean_menu_link_color_hover":"","ocean_menu_link_color_active":"","ocean_menu_link_background":"","ocean_menu_link_hover_background":"","ocean_menu_link_active_background":"","ocean_menu_social_links_bg":"","ocean_menu_social_hover_links_bg":"","ocean_menu_social_links_color":"","ocean_menu_social_hover_links_color":"","ocean_disable_title":"default","ocean_disable_heading":"default","ocean_post_title":"","ocean_post_subheading":"","ocean_post_title_style":"","ocean_post_title_background_color":"","ocean_post_title_background":0,"ocean_post_title_bg_image_position":"","ocean_post_title_bg_image_attachment":"","ocean_post_title_bg_image_repeat":"","ocean_post_title_bg_image_size":"","ocean_post_title_height":0,"ocean_post_title_bg_overlay":0.5,"ocean_post_title_bg_overlay_color":"","ocean_disable_breadcrumbs":"default","ocean_breadcrumbs_color":"","ocean_breadcrumbs_separator_color":"","ocean_breadcrumbs_links_color":"","ocean_breadcrumbs_links_hover_color":"","ocean_display_footer_widgets":"default","ocean_display_footer_bottom":"default","ocean_custom_footer_template":"0"},"product_brand":[],"product_cat":[137,102,100],"product_tag":[],"class_list":{"0":"post-2409","1":"product","2":"type-product","3":"status-publish","4":"has-post-thumbnail","6":"product_cat-hdidou","7":"product_cat-tapis","8":"product_cat-type-de-produit","10":"entry","11":"has-media","13":"first","14":"instock","15":"shipping-taxable","16":"purchasable","17":"product-type-simple","18":"has-product-nav","19":"col","20":"span_1_of_3","21":"owp-content-center","22":"owp-thumbs-layout-horizontal","23":"owp-btn-normal","24":"owp-tabs-layout-horizontal","26":"circle-sale"},"jetpack-related-posts":[{"id":2397,"url":"https:\/\/enfantsdudesert.org\/boutique\/produit\/tapis-yousra-par-mouamou-%e2%9c%a8\/","url_meta":{"origin":2409,"position":0},"title":"Tapis Yousra par Mouamou \u2728","author":"Monica","date":"19\/10\/2025","format":false,"excerpt":"\u2728 Yousra : un tapis aux motifs sym\u00e9triques plein de peps\ud83c\udf1f Tiss\u00e9 avec passion par Mouamou, qui vit dans un petit village au c\u0153ur du d\u00e9sert marocain, le tapis Yousra s\u00e9duit par son originalit\u00e9. \ud83d\udcf8 Sur la photo, le tapis Yousra \u00a0est pr\u00e9sent\u00e9 par Diego, fid\u00e8le b\u00e9n\u00e9vole de notre association,\u2026","rel":"","context":"Article similaire","block_context":{"text":"Article similaire","link":""},"img":{"alt_text":"","src":"https:\/\/i0.wp.com\/enfantsdudesert.org\/boutique\/wp-content\/uploads\/2025\/10\/IMG-20251019-WA0087-scaled.jpg?fit=900%2C1200&ssl=1&resize=350%2C200","width":350,"height":200,"srcset":"https:\/\/i0.wp.com\/enfantsdudesert.org\/boutique\/wp-content\/uploads\/2025\/10\/IMG-20251019-WA0087-scaled.jpg?fit=900%2C1200&ssl=1&resize=350%2C200 1x, https:\/\/i0.wp.com\/enfantsdudesert.org\/boutique\/wp-content\/uploads\/2025\/10\/IMG-20251019-WA0087-scaled.jpg?fit=900%2C1200&ssl=1&resize=525%2C300 1.5x, https:\/\/i0.wp.com\/enfantsdudesert.org\/boutique\/wp-content\/uploads\/2025\/10\/IMG-20251019-WA0087-scaled.jpg?fit=900%2C1200&ssl=1&resize=700%2C400 2x"},"classes":[]},{"id":2378,"url":"https:\/\/enfantsdudesert.org\/boutique\/produit\/tapis-khadija-par-zarah%e2%9c%a8\/","url_meta":{"origin":2409,"position":1},"title":"Tapis Khadija par Zarah\u2728","author":"Monica","date":"19\/10\/2025","format":false,"excerpt":"\u2728 Khadija : un tapis aux motifs sym\u00e9triques plein de peps\ud83c\udf1f Tiss\u00e9 avec passion par Zarah, qui vit dans un petit village au c\u0153ur du d\u00e9sert marocain, le tapis Khadija s\u00e9duit par sa touche contemporaine. \ud83d\udcf8 Sur la photo, le tapis Khadija est pr\u00e9sent\u00e9 par Diego, fid\u00e8le b\u00e9n\u00e9vole de notre\u2026","rel":"","context":"Article similaire","block_context":{"text":"Article similaire","link":""},"img":{"alt_text":"","src":"https:\/\/i0.wp.com\/enfantsdudesert.org\/boutique\/wp-content\/uploads\/2025\/10\/IMG-20251019-WA0066-scaled.jpg?fit=900%2C1200&ssl=1&resize=350%2C200","width":350,"height":200,"srcset":"https:\/\/i0.wp.com\/enfantsdudesert.org\/boutique\/wp-content\/uploads\/2025\/10\/IMG-20251019-WA0066-scaled.jpg?fit=900%2C1200&ssl=1&resize=350%2C200 1x, https:\/\/i0.wp.com\/enfantsdudesert.org\/boutique\/wp-content\/uploads\/2025\/10\/IMG-20251019-WA0066-scaled.jpg?fit=900%2C1200&ssl=1&resize=525%2C300 1.5x, https:\/\/i0.wp.com\/enfantsdudesert.org\/boutique\/wp-content\/uploads\/2025\/10\/IMG-20251019-WA0066-scaled.jpg?fit=900%2C1200&ssl=1&resize=700%2C400 2x"},"classes":[]},{"id":2400,"url":"https:\/\/enfantsdudesert.org\/boutique\/produit\/tapis-soukaina-par-zarah%e2%9c%a8\/","url_meta":{"origin":2409,"position":2},"title":"Tapis Souka\u00efna par Zarah\u2728","author":"Monica","date":"19\/10\/2025","format":false,"excerpt":"\u2728 Souka\u00efna : un tapis aux motifs sym\u00e9triques plein de peps\ud83c\udf1f Tiss\u00e9 avec passion par Zarah, qui vit dans un petit village au c\u0153ur du d\u00e9sert marocain, le tapis Souka\u00efna s\u00e9duit par son m\u00e9lange subtil d'un esprit contemporain et berb\u00e8re. \ud83d\udcf8 Sur la photo, le tapis Souka\u00efna est pr\u00e9sent\u00e9 par\u2026","rel":"","context":"Article similaire","block_context":{"text":"Article similaire","link":""},"img":{"alt_text":"","src":"https:\/\/i0.wp.com\/enfantsdudesert.org\/boutique\/wp-content\/uploads\/2025\/10\/IMG-20251019-WA0114-scaled.jpg?fit=900%2C1200&ssl=1&resize=350%2C200","width":350,"height":200,"srcset":"https:\/\/i0.wp.com\/enfantsdudesert.org\/boutique\/wp-content\/uploads\/2025\/10\/IMG-20251019-WA0114-scaled.jpg?fit=900%2C1200&ssl=1&resize=350%2C200 1x, https:\/\/i0.wp.com\/enfantsdudesert.org\/boutique\/wp-content\/uploads\/2025\/10\/IMG-20251019-WA0114-scaled.jpg?fit=900%2C1200&ssl=1&resize=525%2C300 1.5x, https:\/\/i0.wp.com\/enfantsdudesert.org\/boutique\/wp-content\/uploads\/2025\/10\/IMG-20251019-WA0114-scaled.jpg?fit=900%2C1200&ssl=1&resize=700%2C400 2x"},"classes":[]},{"id":2372,"url":"https:\/\/enfantsdudesert.org\/boutique\/produit\/tapis-zahra-par-mouamou-%e2%9c%a8\/","url_meta":{"origin":2409,"position":3},"title":"Tapis Zahra par Mouamou \u2728","author":"Monica","date":"19\/10\/2025","format":false,"excerpt":"\u2728 Zahra : un tapis aux motifs sym\u00e9triques plein de peps\ud83c\udf1f Tiss\u00e9 avec passion par Mouamou, qui vit dans un petit village au c\u0153ur du d\u00e9sert marocain, le tapis Zahra s\u00e9duit par ses douces couleurs. Orn\u00e9 de motifs sym\u00e9triques, il est une pi\u00e8ce d\u00e9licate et unique, id\u00e9ale pour dynamiser et\u2026","rel":"","context":"Article similaire","block_context":{"text":"Article similaire","link":""},"img":{"alt_text":"","src":"https:\/\/i0.wp.com\/enfantsdudesert.org\/boutique\/wp-content\/uploads\/2025\/10\/IMG-20251019-WA0090-scaled.jpg?fit=900%2C1200&ssl=1&resize=350%2C200","width":350,"height":200,"srcset":"https:\/\/i0.wp.com\/enfantsdudesert.org\/boutique\/wp-content\/uploads\/2025\/10\/IMG-20251019-WA0090-scaled.jpg?fit=900%2C1200&ssl=1&resize=350%2C200 1x, https:\/\/i0.wp.com\/enfantsdudesert.org\/boutique\/wp-content\/uploads\/2025\/10\/IMG-20251019-WA0090-scaled.jpg?fit=900%2C1200&ssl=1&resize=525%2C300 1.5x, https:\/\/i0.wp.com\/enfantsdudesert.org\/boutique\/wp-content\/uploads\/2025\/10\/IMG-20251019-WA0090-scaled.jpg?fit=900%2C1200&ssl=1&resize=700%2C400 2x"},"classes":[]},{"id":2334,"url":"https:\/\/enfantsdudesert.org\/boutique\/produit\/tapis-khaoula-par-mama-%f0%9f%8e%89\/","url_meta":{"origin":2409,"position":4},"title":"Tapis Khaoula par Mama \ud83c\udf89","author":"Monica","date":"19\/10\/2025","format":false,"excerpt":"Khaoula \u2013 un tapis plein de d\u00e9licatesse \u2728 Tiss\u00e9 avec amour par Mama, une talentueuse artisane vivant dans un petit village au c\u0153ur du d\u00e9sert marocain, le tapis Khaoula est un hommage \u00e0 la vie et \u00e0 l\u2019amour qu\u2019une m\u00e8re porte \u00e0 sa fille \ud83d\udc9e. Avec sa composition sym\u00e9trique rehauss\u00e9e\u2026","rel":"","context":"Article similaire","block_context":{"text":"Article similaire","link":""},"img":{"alt_text":"","src":"https:\/\/i0.wp.com\/enfantsdudesert.org\/boutique\/wp-content\/uploads\/2025\/10\/IMG-20251019-WA0057-1-scaled.jpg?fit=900%2C1200&ssl=1&resize=350%2C200","width":350,"height":200,"srcset":"https:\/\/i0.wp.com\/enfantsdudesert.org\/boutique\/wp-content\/uploads\/2025\/10\/IMG-20251019-WA0057-1-scaled.jpg?fit=900%2C1200&ssl=1&resize=350%2C200 1x, https:\/\/i0.wp.com\/enfantsdudesert.org\/boutique\/wp-content\/uploads\/2025\/10\/IMG-20251019-WA0057-1-scaled.jpg?fit=900%2C1200&ssl=1&resize=525%2C300 1.5x, https:\/\/i0.wp.com\/enfantsdudesert.org\/boutique\/wp-content\/uploads\/2025\/10\/IMG-20251019-WA0057-1-scaled.jpg?fit=900%2C1200&ssl=1&resize=700%2C400 2x"},"classes":[]},{"id":2390,"url":"https:\/\/enfantsdudesert.org\/boutique\/produit\/tapis-majda-par-toudah-oubaha\/","url_meta":{"origin":2409,"position":5},"title":"Tapis Majda par Toudah Oubaha","author":"Monica","date":"19\/10\/2025","format":false,"excerpt":"\u2728 Majda \u2013 Un petit tapis aux couleurs \u00e9clatantes et aux motifs berb\u00e8res pr\u00e9cis\u00a0\ud83c\udf1f Le tapis Majda est un v\u00e9ritable hommage aux traditions. \ud83d\udcf8 Tapis pr\u00e9sent\u00e9 par Pascaline, fid\u00e8le b\u00e9n\u00e9vole qui participe \u00e0 notre mission solidaire avec passion ! Les d\u00e9tails \ud83d\udd38 Dimensions : 146 x 61 cm \ud83d\udd38 Prix\u2026","rel":"","context":"Article similaire","block_context":{"text":"Article similaire","link":""},"img":{"alt_text":"","src":"https:\/\/i0.wp.com\/enfantsdudesert.org\/boutique\/wp-content\/uploads\/2025\/10\/IMG-20251019-WA0097-3-scaled.jpg?fit=900%2C1200&ssl=1&resize=350%2C200","width":350,"height":200,"srcset":"https:\/\/i0.wp.com\/enfantsdudesert.org\/boutique\/wp-content\/uploads\/2025\/10\/IMG-20251019-WA0097-3-scaled.jpg?fit=900%2C1200&ssl=1&resize=350%2C200 1x, https:\/\/i0.wp.com\/enfantsdudesert.org\/boutique\/wp-content\/uploads\/2025\/10\/IMG-20251019-WA0097-3-scaled.jpg?fit=900%2C1200&ssl=1&resize=525%2C300 1.5x, https:\/\/i0.wp.com\/enfantsdudesert.org\/boutique\/wp-content\/uploads\/2025\/10\/IMG-20251019-WA0097-3-scaled.jpg?fit=900%2C1200&ssl=1&resize=700%2C400 2x"},"classes":[]}],"jetpack_sharing_enabled":true,"_links":{"self":[{"href":"https:\/\/enfantsdudesert.org\/boutique\/wp-json\/wp\/v2\/product\/2409","targetHints":{"allow":["GET"]}}],"collection":[{"href":"https:\/\/enfantsdudesert.org\/boutique\/wp-json\/wp\/v2\/product"}],"about":[{"href":"https:\/\/enfantsdudesert.org\/boutique\/wp-json\/wp\/v2\/types\/product"}],"wp:featuredmedia":[{"embeddable":true,"href":"https:\/\/enfantsdudesert.org\/boutique\/wp-json\/wp\/v2\/media\/2410"}],"wp:attachment":[{"href":"https:\/\/enfantsdudesert.org\/boutique\/wp-json\/wp\/v2\/media?parent=2409"}],"wp:term":[{"taxonomy":"product_brand","embeddable":true,"href":"https:\/\/enfantsdudesert.org\/boutique\/wp-json\/wp\/v2\/product_brand?post=2409"},{"taxonomy":"product_cat","embeddable":true,"href":"https:\/\/enfantsdudesert.org\/boutique\/wp-json\/wp\/v2\/product_cat?post=2409"},{"taxonomy":"product_tag","embeddable":true,"href":"https:\/\/enfantsdudesert.org\/boutique\/wp-json\/wp\/v2\/product_tag?post=2409"}],"curies":[{"name":"wp","href":"https:\/\/api.w.org\/{rel}","templated":true}]}}