{"id":2528,"date":"2026-04-09T22:13:09","date_gmt":"2026-04-09T20:13:09","guid":{"rendered":"https:\/\/enfantsdudesert.org\/boutique\/?post_type=product&#038;p=2528"},"modified":"2026-04-09T22:13:09","modified_gmt":"2026-04-09T20:13:09","slug":"tapis-tifawin-par-azroil","status":"publish","type":"product","link":"https:\/\/enfantsdudesert.org\/boutique\/produit\/tapis-tifawin-par-azroil\/","title":{"rendered":"Tapis Tifawin par Azroil"},"content":{"rendered":"","protected":false},"excerpt":{"rendered":"<p>Ce magnifique tapis a \u00e9t\u00e9 r\u00e9alis\u00e9 par Azroil depuis son village pr\u00e8s des montagnes de Gourrama.<br \/>\nIl s&#8217;agit de pure laine des moutons, fil\u00e9e de fa\u00e7on artisanale.<\/p>\n<p><strong>Les d\u00e9tails\u00a0<\/strong><br \/>\n<img decoding=\"async\" class=\"emoji\" role=\"img\" draggable=\"false\" src=\"https:\/\/s.w.org\/images\/core\/emoji\/17.0.2\/svg\/1f538.svg\" alt=\"\ud83d\udd38\" \/> Dimensions : 174 cm x 90 cm<br \/>\n<img decoding=\"async\" class=\"emoji\" role=\"img\" draggable=\"false\" src=\"https:\/\/s.w.org\/images\/core\/emoji\/17.0.2\/svg\/1f538.svg\" alt=\"\ud83d\udd38\" \/>\u00a0Prix :\u00a0<strong>130 \u20ac frais de port inclus (via Mondial Relay)<\/strong><br \/>\n<img decoding=\"async\" class=\"emoji\" role=\"img\" draggable=\"false\" src=\"https:\/\/s.w.org\/images\/core\/emoji\/17.0.2\/svg\/1f538.svg\" alt=\"\ud83d\udd38\" \/>\u00a0Envoi : nous vous contacterons par email pour d\u00e9finir votre point Mondial Relay.<br \/>\n<img decoding=\"async\" class=\"emoji\" role=\"img\" draggable=\"false\" src=\"https:\/\/s.w.org\/images\/core\/emoji\/17.0.2\/svg\/1f538.svg\" alt=\"\ud83d\udd38\" \/>\u00a0<strong>100% des b\u00e9n\u00e9fices<\/strong> (soit 120 \u20ac ici) iront directement \u00e0 Azroil, soutenant son savoir-faire et son autonomie.<\/p>\n","protected":false},"featured_media":2529,"template":"","meta":{"ocean_post_layout":"","ocean_both_sidebars_style":"","ocean_both_sidebars_content_width":0,"ocean_both_sidebars_sidebars_width":0,"ocean_sidebar":"0","ocean_second_sidebar":"0","ocean_disable_margins":"enable","ocean_add_body_class":"","ocean_shortcode_before_top_bar":"","ocean_shortcode_after_top_bar":"","ocean_shortcode_before_header":"","ocean_shortcode_after_header":"","ocean_has_shortcode":"","ocean_shortcode_after_title":"","ocean_shortcode_before_footer_widgets":"","ocean_shortcode_after_footer_widgets":"","ocean_shortcode_before_footer_bottom":"","ocean_shortcode_after_footer_bottom":"","ocean_display_top_bar":"default","ocean_display_header":"default","ocean_header_style":"","ocean_center_header_left_menu":"0","ocean_custom_header_template":"0","ocean_custom_logo":0,"ocean_custom_retina_logo":0,"ocean_custom_logo_max_width":0,"ocean_custom_logo_tablet_max_width":0,"ocean_custom_logo_mobile_max_width":0,"ocean_custom_logo_max_height":0,"ocean_custom_logo_tablet_max_height":0,"ocean_custom_logo_mobile_max_height":0,"ocean_header_custom_menu":"0","ocean_menu_typo_font_family":"0","ocean_menu_typo_font_subset":"","ocean_menu_typo_font_size":0,"ocean_menu_typo_font_size_tablet":0,"ocean_menu_typo_font_size_mobile":0,"ocean_menu_typo_font_size_unit":"px","ocean_menu_typo_font_weight":"","ocean_menu_typo_font_weight_tablet":"","ocean_menu_typo_font_weight_mobile":"","ocean_menu_typo_transform":"","ocean_menu_typo_transform_tablet":"","ocean_menu_typo_transform_mobile":"","ocean_menu_typo_line_height":0,"ocean_menu_typo_line_height_tablet":0,"ocean_menu_typo_line_height_mobile":0,"ocean_menu_typo_line_height_unit":"","ocean_menu_typo_spacing":0,"ocean_menu_typo_spacing_tablet":0,"ocean_menu_typo_spacing_mobile":0,"ocean_menu_typo_spacing_unit":"","ocean_menu_link_color":"","ocean_menu_link_color_hover":"","ocean_menu_link_color_active":"","ocean_menu_link_background":"","ocean_menu_link_hover_background":"","ocean_menu_link_active_background":"","ocean_menu_social_links_bg":"","ocean_menu_social_hover_links_bg":"","ocean_menu_social_links_color":"","ocean_menu_social_hover_links_color":"","ocean_disable_title":"default","ocean_disable_heading":"default","ocean_post_title":"","ocean_post_subheading":"","ocean_post_title_style":"","ocean_post_title_background_color":"","ocean_post_title_background":0,"ocean_post_title_bg_image_position":"","ocean_post_title_bg_image_attachment":"","ocean_post_title_bg_image_repeat":"","ocean_post_title_bg_image_size":"","ocean_post_title_height":0,"ocean_post_title_bg_overlay":0.5,"ocean_post_title_bg_overlay_color":"","ocean_disable_breadcrumbs":"default","ocean_breadcrumbs_color":"","ocean_breadcrumbs_separator_color":"","ocean_breadcrumbs_links_color":"","ocean_breadcrumbs_links_hover_color":"","ocean_display_footer_widgets":"default","ocean_display_footer_bottom":"default","ocean_custom_footer_template":"0"},"product_brand":[],"product_cat":[102,64],"product_tag":[],"class_list":{"0":"post-2528","1":"product","2":"type-product","3":"status-publish","4":"has-post-thumbnail","6":"product_cat-tapis","7":"product_cat-femmes-du-desert","9":"entry","10":"has-media","12":"first","13":"instock","14":"shipping-taxable","15":"purchasable","16":"product-type-simple","17":"has-product-nav","18":"col","19":"span_1_of_3","20":"owp-content-center","21":"owp-thumbs-layout-horizontal","22":"owp-btn-normal","23":"owp-tabs-layout-horizontal","24":"has-no-thumbnails","26":"circle-sale"},"jetpack-related-posts":[{"id":2540,"url":"https:\/\/enfantsdudesert.org\/boutique\/produit\/tapis-taziri-par-soumia\/","url_meta":{"origin":2528,"position":0},"title":"Tapis Taziri par Soumia","author":"Monica","date":"09\/04\/2026","format":false,"excerpt":"Ce tapis rouge puissant et intens\u00e9ment moelleux a \u00e9t\u00e9 r\u00e9alis\u00e9 par Soumia. Il ajoutera du confort et de la couleur \u00e0 votre int\u00e9rieur tout en soutenant la qu\u00eate d'autonomie de Soumia. Les d\u00e9tails\u00a0 Dimensions : 90 cm\u00a0 x 1m40 cm \u00a0Prix :\u00a080 \u20ac frais de port inclus (via Mondial Relay)\u2026","rel":"","context":"Article similaire","block_context":{"text":"Article similaire","link":""},"img":{"alt_text":"","src":"https:\/\/i0.wp.com\/enfantsdudesert.org\/boutique\/wp-content\/uploads\/2026\/04\/WhatsApp-Image-2026-04-09-at-20.24.01-scaled.jpeg?fit=900%2C1200&ssl=1&resize=350%2C200","width":350,"height":200,"srcset":"https:\/\/i0.wp.com\/enfantsdudesert.org\/boutique\/wp-content\/uploads\/2026\/04\/WhatsApp-Image-2026-04-09-at-20.24.01-scaled.jpeg?fit=900%2C1200&ssl=1&resize=350%2C200 1x, https:\/\/i0.wp.com\/enfantsdudesert.org\/boutique\/wp-content\/uploads\/2026\/04\/WhatsApp-Image-2026-04-09-at-20.24.01-scaled.jpeg?fit=900%2C1200&ssl=1&resize=525%2C300 1.5x, https:\/\/i0.wp.com\/enfantsdudesert.org\/boutique\/wp-content\/uploads\/2026\/04\/WhatsApp-Image-2026-04-09-at-20.24.01-scaled.jpeg?fit=900%2C1200&ssl=1&resize=700%2C400 2x"},"classes":[]},{"id":2550,"url":"https:\/\/enfantsdudesert.org\/boutique\/produit\/tapis-noujoum-par-chaimae\/","url_meta":{"origin":2528,"position":1},"title":"Tapis Noujoum par Chaimae","author":"Monica","date":"09\/04\/2026","format":false,"excerpt":"Des couleurs pour votre int\u00e9rieur, soutenez le travail de Chaimae \ud83e\udde1 Les d\u00e9tails\u00a0 Dimensions : 140 cm\u00a0 x 70 cm Prix : 90\u00a0\u20ac frais de port inclus (via Mondial Relay) \u00a0Envoi : nous vous contacterons par email pour d\u00e9finir votre point Mondial Relay. \u00a0100% des b\u00e9n\u00e9fices\u00a0(soit\u00a080\u00a0\u20ac ici) sont revers\u00e9s \u00e0\u2026","rel":"","context":"Article similaire","block_context":{"text":"Article similaire","link":""},"img":{"alt_text":"","src":"https:\/\/i0.wp.com\/enfantsdudesert.org\/boutique\/wp-content\/uploads\/2026\/04\/WhatsApp-Image-2026-04-09-at-21.03.07.jpeg?fit=900%2C1200&ssl=1&resize=350%2C200","width":350,"height":200,"srcset":"https:\/\/i0.wp.com\/enfantsdudesert.org\/boutique\/wp-content\/uploads\/2026\/04\/WhatsApp-Image-2026-04-09-at-21.03.07.jpeg?fit=900%2C1200&ssl=1&resize=350%2C200 1x, https:\/\/i0.wp.com\/enfantsdudesert.org\/boutique\/wp-content\/uploads\/2026\/04\/WhatsApp-Image-2026-04-09-at-21.03.07.jpeg?fit=900%2C1200&ssl=1&resize=525%2C300 1.5x, https:\/\/i0.wp.com\/enfantsdudesert.org\/boutique\/wp-content\/uploads\/2026\/04\/WhatsApp-Image-2026-04-09-at-21.03.07.jpeg?fit=900%2C1200&ssl=1&resize=700%2C400 2x"},"classes":[]},{"id":2553,"url":"https:\/\/enfantsdudesert.org\/boutique\/produit\/tapis-ahnawi-par-bouichdassen\/","url_meta":{"origin":2528,"position":2},"title":"Tapis Ahnawi par Bouichdassen","author":"Monica","date":"09\/04\/2026","format":false,"excerpt":"Ce grand tapis a \u00e9t\u00e9 tiss\u00e9 par Bouichdassen avec une patience et une minutie incroyable. Les d\u00e9tails\u00a0 Dimensions : 170 cm\u00a0 x 2m07 Prix : 190\u00a0\u20ac frais de port inclus (via Mondial Relay) \u00a0Envoi : nous vous contacterons par email pour d\u00e9finir votre point Mondial Relay. \u00a0100% des b\u00e9n\u00e9fices (soit\u2026","rel":"","context":"Article similaire","block_context":{"text":"Article similaire","link":""},"img":{"alt_text":"","src":"https:\/\/i0.wp.com\/enfantsdudesert.org\/boutique\/wp-content\/uploads\/2026\/04\/WhatsApp-Image-2026-04-09-at-19.42.48gg.jpeg?fit=900%2C1200&ssl=1&resize=350%2C200","width":350,"height":200,"srcset":"https:\/\/i0.wp.com\/enfantsdudesert.org\/boutique\/wp-content\/uploads\/2026\/04\/WhatsApp-Image-2026-04-09-at-19.42.48gg.jpeg?fit=900%2C1200&ssl=1&resize=350%2C200 1x, https:\/\/i0.wp.com\/enfantsdudesert.org\/boutique\/wp-content\/uploads\/2026\/04\/WhatsApp-Image-2026-04-09-at-19.42.48gg.jpeg?fit=900%2C1200&ssl=1&resize=525%2C300 1.5x, https:\/\/i0.wp.com\/enfantsdudesert.org\/boutique\/wp-content\/uploads\/2026\/04\/WhatsApp-Image-2026-04-09-at-19.42.48gg.jpeg?fit=900%2C1200&ssl=1&resize=700%2C400 2x"},"classes":[]},{"id":2524,"url":"https:\/\/enfantsdudesert.org\/boutique\/produit\/tapis-azetta-par-rkia\/","url_meta":{"origin":2528,"position":3},"title":"Tapis Azetta par Rkia","author":"Monica","date":"09\/04\/2026","format":false,"excerpt":"Comme une constellation berb\u00e8re, ce tapis po\u00e9tique, color\u00e9e et plein de couleurs a \u00e9t\u00e9 r\u00e9alis\u00e9 par Rkia depuis son petit village du d\u00e9sert. Il s'agit d'un mix de laine achet\u00e9 au souk et de laine de ses moutons. Les d\u00e9tails\u00a0 Dimensions : 170 cm x 85 cm \u00a0Prix :\u00a0120 \u20ac\u2026","rel":"","context":"Article similaire","block_context":{"text":"Article similaire","link":""},"img":{"alt_text":"","src":"https:\/\/i0.wp.com\/enfantsdudesert.org\/boutique\/wp-content\/uploads\/2026\/04\/WhatsApp-Image-2026-04-09-at-19.42.47-1.jpeg?fit=900%2C1200&ssl=1&resize=350%2C200","width":350,"height":200,"srcset":"https:\/\/i0.wp.com\/enfantsdudesert.org\/boutique\/wp-content\/uploads\/2026\/04\/WhatsApp-Image-2026-04-09-at-19.42.47-1.jpeg?fit=900%2C1200&ssl=1&resize=350%2C200 1x, https:\/\/i0.wp.com\/enfantsdudesert.org\/boutique\/wp-content\/uploads\/2026\/04\/WhatsApp-Image-2026-04-09-at-19.42.47-1.jpeg?fit=900%2C1200&ssl=1&resize=525%2C300 1.5x, https:\/\/i0.wp.com\/enfantsdudesert.org\/boutique\/wp-content\/uploads\/2026\/04\/WhatsApp-Image-2026-04-09-at-19.42.47-1.jpeg?fit=900%2C1200&ssl=1&resize=700%2C400 2x"},"classes":[]},{"id":2532,"url":"https:\/\/enfantsdudesert.org\/boutique\/produit\/tapis-zina-par-ibtissam\/","url_meta":{"origin":2528,"position":4},"title":"Tapis Zina par Ibtissam","author":"Monica","date":"09\/04\/2026","format":false,"excerpt":"Ce tapis unique a \u00e9t\u00e9 tiss\u00e9 avec cr\u00e9ativit\u00e9 et talent par Ibtissam, en recyclant la trame d\u2019un sac de farine avec de petites formes g\u00e9om\u00e9triques aux couleurs douces. Les d\u00e9tails : Dimensions : 98 x 56 cm \u00a0Prix :\u00a080 \u20ac frais de port inclus (via Mondial Relay) \u00a0Envoi : nous\u2026","rel":"","context":"Article similaire","block_context":{"text":"Article similaire","link":""},"img":{"alt_text":"","src":"https:\/\/i0.wp.com\/enfantsdudesert.org\/boutique\/wp-content\/uploads\/2026\/04\/WhatsApp-Image-2026-04-09-at-19.44.17-1jj.jpeg?fit=900%2C1200&ssl=1&resize=350%2C200","width":350,"height":200,"srcset":"https:\/\/i0.wp.com\/enfantsdudesert.org\/boutique\/wp-content\/uploads\/2026\/04\/WhatsApp-Image-2026-04-09-at-19.44.17-1jj.jpeg?fit=900%2C1200&ssl=1&resize=350%2C200 1x, https:\/\/i0.wp.com\/enfantsdudesert.org\/boutique\/wp-content\/uploads\/2026\/04\/WhatsApp-Image-2026-04-09-at-19.44.17-1jj.jpeg?fit=900%2C1200&ssl=1&resize=525%2C300 1.5x, https:\/\/i0.wp.com\/enfantsdudesert.org\/boutique\/wp-content\/uploads\/2026\/04\/WhatsApp-Image-2026-04-09-at-19.44.17-1jj.jpeg?fit=900%2C1200&ssl=1&resize=700%2C400 2x"},"classes":[]},{"id":2534,"url":"https:\/\/enfantsdudesert.org\/boutique\/produit\/tapis-tazrart-par-boumezzough\/","url_meta":{"origin":2528,"position":5},"title":"Tapis Tazrart par Boumezzough","author":"Monica","date":"09\/04\/2026","format":false,"excerpt":"Ce tapis color\u00e9 a \u00e9t\u00e9 r\u00e9alis\u00e9 par Boumezzough depuis la ville de Gourrama aux pieds des montagnes de l'anti atlas marocain. Il est fait de laine 100 % naturelle, fil\u00e9e par Boumezzough \u00e9galement. Une cr\u00e9ation qui souligne le savoir faire artisanale des femmes berb\u00e8res. Les d\u00e9tails\u00a0 Dimensions : 87 cm\u00a0\u2026","rel":"","context":"Article similaire","block_context":{"text":"Article similaire","link":""},"img":{"alt_text":"","src":"https:\/\/i0.wp.com\/enfantsdudesert.org\/boutique\/wp-content\/uploads\/2026\/04\/WhatsApp-Image-2026-04-09-at-19.42.49gggggggggggg.jpeg?fit=900%2C1200&ssl=1&resize=350%2C200","width":350,"height":200,"srcset":"https:\/\/i0.wp.com\/enfantsdudesert.org\/boutique\/wp-content\/uploads\/2026\/04\/WhatsApp-Image-2026-04-09-at-19.42.49gggggggggggg.jpeg?fit=900%2C1200&ssl=1&resize=350%2C200 1x, https:\/\/i0.wp.com\/enfantsdudesert.org\/boutique\/wp-content\/uploads\/2026\/04\/WhatsApp-Image-2026-04-09-at-19.42.49gggggggggggg.jpeg?fit=900%2C1200&ssl=1&resize=525%2C300 1.5x, https:\/\/i0.wp.com\/enfantsdudesert.org\/boutique\/wp-content\/uploads\/2026\/04\/WhatsApp-Image-2026-04-09-at-19.42.49gggggggggggg.jpeg?fit=900%2C1200&ssl=1&resize=700%2C400 2x"},"classes":[]}],"jetpack_sharing_enabled":true,"_links":{"self":[{"href":"https:\/\/enfantsdudesert.org\/boutique\/wp-json\/wp\/v2\/product\/2528","targetHints":{"allow":["GET"]}}],"collection":[{"href":"https:\/\/enfantsdudesert.org\/boutique\/wp-json\/wp\/v2\/product"}],"about":[{"href":"https:\/\/enfantsdudesert.org\/boutique\/wp-json\/wp\/v2\/types\/product"}],"wp:featuredmedia":[{"embeddable":true,"href":"https:\/\/enfantsdudesert.org\/boutique\/wp-json\/wp\/v2\/media\/2529"}],"wp:attachment":[{"href":"https:\/\/enfantsdudesert.org\/boutique\/wp-json\/wp\/v2\/media?parent=2528"}],"wp:term":[{"taxonomy":"product_brand","embeddable":true,"href":"https:\/\/enfantsdudesert.org\/boutique\/wp-json\/wp\/v2\/product_brand?post=2528"},{"taxonomy":"product_cat","embeddable":true,"href":"https:\/\/enfantsdudesert.org\/boutique\/wp-json\/wp\/v2\/product_cat?post=2528"},{"taxonomy":"product_tag","embeddable":true,"href":"https:\/\/enfantsdudesert.org\/boutique\/wp-json\/wp\/v2\/product_tag?post=2528"}],"curies":[{"name":"wp","href":"https:\/\/api.w.org\/{rel}","templated":true}]}}