{"id":2534,"date":"2026-04-09T22:31:15","date_gmt":"2026-04-09T20:31:15","guid":{"rendered":"https:\/\/enfantsdudesert.org\/boutique\/?post_type=product&#038;p=2534"},"modified":"2026-04-09T22:31:15","modified_gmt":"2026-04-09T20:31:15","slug":"tapis-tazrart-par-boumezzough","status":"publish","type":"product","link":"https:\/\/enfantsdudesert.org\/boutique\/produit\/tapis-tazrart-par-boumezzough\/","title":{"rendered":"Tapis Tazrart par Boumezzough"},"content":{"rendered":"","protected":false},"excerpt":{"rendered":"<p>Ce tapis color\u00e9 a \u00e9t\u00e9 r\u00e9alis\u00e9 par Boumezzough depuis la ville de Gourrama aux pieds des montagnes de l&#8217;anti atlas marocain.<br \/>\nIl est fait de laine 100 % naturelle, fil\u00e9e par Boumezzough \u00e9galement. Une cr\u00e9ation qui souligne le savoir faire artisanale des femmes berb\u00e8res.<\/p>\n<p><strong>Les d\u00e9tails\u00a0<\/strong><br \/>\n<img decoding=\"async\" class=\"emoji\" role=\"img\" draggable=\"false\" src=\"https:\/\/s.w.org\/images\/core\/emoji\/17.0.2\/svg\/1f538.svg\" alt=\"\ud83d\udd38\" \/> Dimensions : 87 cm\u00a0 x 2m50 cm<br \/>\n<img decoding=\"async\" class=\"emoji\" role=\"img\" draggable=\"false\" src=\"https:\/\/s.w.org\/images\/core\/emoji\/17.0.2\/svg\/1f538.svg\" alt=\"\ud83d\udd38\" \/> Prix : <strong>140\u00a0\u20ac frais de port inclus (via Mondial Relay)<\/strong><br \/>\n<img decoding=\"async\" class=\"emoji\" role=\"img\" draggable=\"false\" src=\"https:\/\/s.w.org\/images\/core\/emoji\/17.0.2\/svg\/1f538.svg\" alt=\"\ud83d\udd38\" \/>\u00a0Envoi : nous vous contacterons par email pour d\u00e9finir votre point Mondial Relay.<br \/>\n<img decoding=\"async\" class=\"emoji\" role=\"img\" draggable=\"false\" src=\"https:\/\/s.w.org\/images\/core\/emoji\/17.0.2\/svg\/1f538.svg\" alt=\"\ud83d\udd38\" \/>\u00a0<strong>100% des b\u00e9n\u00e9fices<\/strong> (soit <em>130<\/em> \u20ac ici) sont revers\u00e9s \u00e0<strong> Boumezzough<\/strong> pour soutenir son autonomie et son incroyable talent.<\/p>\n","protected":false},"featured_media":2535,"template":"","meta":{"ocean_post_layout":"","ocean_both_sidebars_style":"","ocean_both_sidebars_content_width":0,"ocean_both_sidebars_sidebars_width":0,"ocean_sidebar":"0","ocean_second_sidebar":"0","ocean_disable_margins":"enable","ocean_add_body_class":"","ocean_shortcode_before_top_bar":"","ocean_shortcode_after_top_bar":"","ocean_shortcode_before_header":"","ocean_shortcode_after_header":"","ocean_has_shortcode":"","ocean_shortcode_after_title":"","ocean_shortcode_before_footer_widgets":"","ocean_shortcode_after_footer_widgets":"","ocean_shortcode_before_footer_bottom":"","ocean_shortcode_after_footer_bottom":"","ocean_display_top_bar":"default","ocean_display_header":"default","ocean_header_style":"","ocean_center_header_left_menu":"0","ocean_custom_header_template":"0","ocean_custom_logo":0,"ocean_custom_retina_logo":0,"ocean_custom_logo_max_width":0,"ocean_custom_logo_tablet_max_width":0,"ocean_custom_logo_mobile_max_width":0,"ocean_custom_logo_max_height":0,"ocean_custom_logo_tablet_max_height":0,"ocean_custom_logo_mobile_max_height":0,"ocean_header_custom_menu":"0","ocean_menu_typo_font_family":"0","ocean_menu_typo_font_subset":"","ocean_menu_typo_font_size":0,"ocean_menu_typo_font_size_tablet":0,"ocean_menu_typo_font_size_mobile":0,"ocean_menu_typo_font_size_unit":"px","ocean_menu_typo_font_weight":"","ocean_menu_typo_font_weight_tablet":"","ocean_menu_typo_font_weight_mobile":"","ocean_menu_typo_transform":"","ocean_menu_typo_transform_tablet":"","ocean_menu_typo_transform_mobile":"","ocean_menu_typo_line_height":0,"ocean_menu_typo_line_height_tablet":0,"ocean_menu_typo_line_height_mobile":0,"ocean_menu_typo_line_height_unit":"","ocean_menu_typo_spacing":0,"ocean_menu_typo_spacing_tablet":0,"ocean_menu_typo_spacing_mobile":0,"ocean_menu_typo_spacing_unit":"","ocean_menu_link_color":"","ocean_menu_link_color_hover":"","ocean_menu_link_color_active":"","ocean_menu_link_background":"","ocean_menu_link_hover_background":"","ocean_menu_link_active_background":"","ocean_menu_social_links_bg":"","ocean_menu_social_hover_links_bg":"","ocean_menu_social_links_color":"","ocean_menu_social_hover_links_color":"","ocean_disable_title":"default","ocean_disable_heading":"default","ocean_post_title":"","ocean_post_subheading":"","ocean_post_title_style":"","ocean_post_title_background_color":"","ocean_post_title_background":0,"ocean_post_title_bg_image_position":"","ocean_post_title_bg_image_attachment":"","ocean_post_title_bg_image_repeat":"","ocean_post_title_bg_image_size":"","ocean_post_title_height":0,"ocean_post_title_bg_overlay":0.5,"ocean_post_title_bg_overlay_color":"","ocean_disable_breadcrumbs":"default","ocean_breadcrumbs_color":"","ocean_breadcrumbs_separator_color":"","ocean_breadcrumbs_links_color":"","ocean_breadcrumbs_links_hover_color":"","ocean_display_footer_widgets":"default","ocean_display_footer_bottom":"default","ocean_custom_footer_template":"0"},"product_brand":[],"product_cat":[102],"product_tag":[],"class_list":{"0":"post-2534","1":"product","2":"type-product","3":"status-publish","4":"has-post-thumbnail","6":"product_cat-tapis","8":"entry","9":"has-media","11":"first","12":"instock","13":"shipping-taxable","14":"purchasable","15":"product-type-simple","16":"has-product-nav","17":"col","18":"span_1_of_3","19":"owp-content-center","20":"owp-thumbs-layout-horizontal","21":"owp-btn-normal","22":"owp-tabs-layout-horizontal","24":"circle-sale"},"jetpack-related-posts":[{"id":2369,"url":"https:\/\/enfantsdudesert.org\/boutique\/produit\/tapis-fatima-par-boumezzough-%f0%9f%98%8d\/","url_meta":{"origin":2534,"position":0},"title":"Tapis Fatima par Boumezzough \ud83d\ude0d","author":"Monica","date":"19\/10\/2025","format":false,"excerpt":"Des losanges color\u00e9s sur un d\u00e9grad\u00e9 de beige, le tapis Fatima est une illustration de l'art berb\u00e8re. R\u00e9alis\u00e9 par Boumezzough avec beaucoup de talent et de patience, ce tapis s\u2019accordera facilement dans un salon, une chambre, un bureau ou une entr\u00e9e. Les d\u00e9tails : \ud83d\udd36 187 cm sur 90 cm,\u2026","rel":"","context":"Article similaire","block_context":{"text":"Article similaire","link":""},"img":{"alt_text":"","src":"https:\/\/i0.wp.com\/enfantsdudesert.org\/boutique\/wp-content\/uploads\/2025\/10\/IMG-20251019-WA0089-scaled.jpg?fit=900%2C1200&ssl=1&resize=350%2C200","width":350,"height":200,"srcset":"https:\/\/i0.wp.com\/enfantsdudesert.org\/boutique\/wp-content\/uploads\/2025\/10\/IMG-20251019-WA0089-scaled.jpg?fit=900%2C1200&ssl=1&resize=350%2C200 1x, https:\/\/i0.wp.com\/enfantsdudesert.org\/boutique\/wp-content\/uploads\/2025\/10\/IMG-20251019-WA0089-scaled.jpg?fit=900%2C1200&ssl=1&resize=525%2C300 1.5x, https:\/\/i0.wp.com\/enfantsdudesert.org\/boutique\/wp-content\/uploads\/2025\/10\/IMG-20251019-WA0089-scaled.jpg?fit=900%2C1200&ssl=1&resize=700%2C400 2x"},"classes":[]},{"id":2355,"url":"https:\/\/enfantsdudesert.org\/boutique\/produit\/tapis-aicha-par-boumezzough-%f0%9f%98%8d\/","url_meta":{"origin":2534,"position":1},"title":"Tapis A\u00efcha par Boumezzough \ud83d\ude0d","author":"Monica","date":"19\/10\/2025","format":false,"excerpt":"Des motifs berb\u00e8res sur un d\u00e9grad\u00e9 de beige, le tapis A\u00efcha porte bien son nom ! R\u00e9alis\u00e9 par Boumezzough avec beaucoup de talent et de patience, ce tapis s\u2019accordera facilement dans un salon, une chambre, un bureau ou une entr\u00e9e. Les d\u00e9tails : \ud83d\udd36 173 cm sur 88 cm, \ud83d\udd36\u2026","rel":"","context":"Article similaire","block_context":{"text":"Article similaire","link":""},"img":{"alt_text":"","src":"https:\/\/i0.wp.com\/enfantsdudesert.org\/boutique\/wp-content\/uploads\/2025\/10\/IMG-20251019-WA0073-scaled.jpg?fit=900%2C1200&ssl=1&resize=350%2C200","width":350,"height":200,"srcset":"https:\/\/i0.wp.com\/enfantsdudesert.org\/boutique\/wp-content\/uploads\/2025\/10\/IMG-20251019-WA0073-scaled.jpg?fit=900%2C1200&ssl=1&resize=350%2C200 1x, https:\/\/i0.wp.com\/enfantsdudesert.org\/boutique\/wp-content\/uploads\/2025\/10\/IMG-20251019-WA0073-scaled.jpg?fit=900%2C1200&ssl=1&resize=525%2C300 1.5x, https:\/\/i0.wp.com\/enfantsdudesert.org\/boutique\/wp-content\/uploads\/2025\/10\/IMG-20251019-WA0073-scaled.jpg?fit=900%2C1200&ssl=1&resize=700%2C400 2x"},"classes":[]},{"id":2540,"url":"https:\/\/enfantsdudesert.org\/boutique\/produit\/tapis-taziri-par-soumia\/","url_meta":{"origin":2534,"position":2},"title":"Tapis Taziri par Soumia","author":"Monica","date":"09\/04\/2026","format":false,"excerpt":"Ce tapis rouge puissant et intens\u00e9ment moelleux a \u00e9t\u00e9 r\u00e9alis\u00e9 par Soumia. Il ajoutera du confort et de la couleur \u00e0 votre int\u00e9rieur tout en soutenant la qu\u00eate d'autonomie de Soumia. Les d\u00e9tails\u00a0 Dimensions : 90 cm\u00a0 x 1m40 cm \u00a0Prix :\u00a080 \u20ac frais de port inclus (via Mondial Relay)\u2026","rel":"","context":"Article similaire","block_context":{"text":"Article similaire","link":""},"img":{"alt_text":"","src":"https:\/\/i0.wp.com\/enfantsdudesert.org\/boutique\/wp-content\/uploads\/2026\/04\/WhatsApp-Image-2026-04-09-at-20.24.01-scaled.jpeg?fit=900%2C1200&ssl=1&resize=350%2C200","width":350,"height":200,"srcset":"https:\/\/i0.wp.com\/enfantsdudesert.org\/boutique\/wp-content\/uploads\/2026\/04\/WhatsApp-Image-2026-04-09-at-20.24.01-scaled.jpeg?fit=900%2C1200&ssl=1&resize=350%2C200 1x, https:\/\/i0.wp.com\/enfantsdudesert.org\/boutique\/wp-content\/uploads\/2026\/04\/WhatsApp-Image-2026-04-09-at-20.24.01-scaled.jpeg?fit=900%2C1200&ssl=1&resize=525%2C300 1.5x, https:\/\/i0.wp.com\/enfantsdudesert.org\/boutique\/wp-content\/uploads\/2026\/04\/WhatsApp-Image-2026-04-09-at-20.24.01-scaled.jpeg?fit=900%2C1200&ssl=1&resize=700%2C400 2x"},"classes":[]},{"id":2550,"url":"https:\/\/enfantsdudesert.org\/boutique\/produit\/tapis-noujoum-par-chaimae\/","url_meta":{"origin":2534,"position":3},"title":"Tapis Noujoum par Chaimae","author":"Monica","date":"09\/04\/2026","format":false,"excerpt":"Des couleurs pour votre int\u00e9rieur, soutenez le travail de Chaimae \ud83e\udde1 Les d\u00e9tails\u00a0 Dimensions : 140 cm\u00a0 x 70 cm Prix : 90\u00a0\u20ac frais de port inclus (via Mondial Relay) \u00a0Envoi : nous vous contacterons par email pour d\u00e9finir votre point Mondial Relay. \u00a0100% des b\u00e9n\u00e9fices\u00a0(soit\u00a080\u00a0\u20ac ici) sont revers\u00e9s \u00e0\u2026","rel":"","context":"Article similaire","block_context":{"text":"Article similaire","link":""},"img":{"alt_text":"","src":"https:\/\/i0.wp.com\/enfantsdudesert.org\/boutique\/wp-content\/uploads\/2026\/04\/WhatsApp-Image-2026-04-09-at-21.03.07.jpeg?fit=900%2C1200&ssl=1&resize=350%2C200","width":350,"height":200,"srcset":"https:\/\/i0.wp.com\/enfantsdudesert.org\/boutique\/wp-content\/uploads\/2026\/04\/WhatsApp-Image-2026-04-09-at-21.03.07.jpeg?fit=900%2C1200&ssl=1&resize=350%2C200 1x, https:\/\/i0.wp.com\/enfantsdudesert.org\/boutique\/wp-content\/uploads\/2026\/04\/WhatsApp-Image-2026-04-09-at-21.03.07.jpeg?fit=900%2C1200&ssl=1&resize=525%2C300 1.5x, https:\/\/i0.wp.com\/enfantsdudesert.org\/boutique\/wp-content\/uploads\/2026\/04\/WhatsApp-Image-2026-04-09-at-21.03.07.jpeg?fit=900%2C1200&ssl=1&resize=700%2C400 2x"},"classes":[]},{"id":2528,"url":"https:\/\/enfantsdudesert.org\/boutique\/produit\/tapis-tifawin-par-azroil\/","url_meta":{"origin":2534,"position":4},"title":"Tapis Tifawin par Azroil","author":"Monica","date":"09\/04\/2026","format":false,"excerpt":"Ce magnifique tapis a \u00e9t\u00e9 r\u00e9alis\u00e9 par Azroil depuis son village pr\u00e8s des montagnes de Gourrama. Il s'agit de pure laine des moutons, fil\u00e9e de fa\u00e7on artisanale. Les d\u00e9tails\u00a0 Dimensions : 174 cm x 90 cm \u00a0Prix :\u00a0130 \u20ac frais de port inclus (via Mondial Relay) \u00a0Envoi : nous vous\u2026","rel":"","context":"Article similaire","block_context":{"text":"Article similaire","link":""},"img":{"alt_text":"","src":"https:\/\/i0.wp.com\/enfantsdudesert.org\/boutique\/wp-content\/uploads\/2026\/04\/WhatsApp-Image-2026-04-09-at-19.44.12ll.jpeg?fit=900%2C1200&ssl=1&resize=350%2C200","width":350,"height":200,"srcset":"https:\/\/i0.wp.com\/enfantsdudesert.org\/boutique\/wp-content\/uploads\/2026\/04\/WhatsApp-Image-2026-04-09-at-19.44.12ll.jpeg?fit=900%2C1200&ssl=1&resize=350%2C200 1x, https:\/\/i0.wp.com\/enfantsdudesert.org\/boutique\/wp-content\/uploads\/2026\/04\/WhatsApp-Image-2026-04-09-at-19.44.12ll.jpeg?fit=900%2C1200&ssl=1&resize=525%2C300 1.5x, https:\/\/i0.wp.com\/enfantsdudesert.org\/boutique\/wp-content\/uploads\/2026\/04\/WhatsApp-Image-2026-04-09-at-19.44.12ll.jpeg?fit=900%2C1200&ssl=1&resize=700%2C400 2x"},"classes":[]}],"jetpack_sharing_enabled":true,"_links":{"self":[{"href":"https:\/\/enfantsdudesert.org\/boutique\/wp-json\/wp\/v2\/product\/2534","targetHints":{"allow":["GET"]}}],"collection":[{"href":"https:\/\/enfantsdudesert.org\/boutique\/wp-json\/wp\/v2\/product"}],"about":[{"href":"https:\/\/enfantsdudesert.org\/boutique\/wp-json\/wp\/v2\/types\/product"}],"wp:featuredmedia":[{"embeddable":true,"href":"https:\/\/enfantsdudesert.org\/boutique\/wp-json\/wp\/v2\/media\/2535"}],"wp:attachment":[{"href":"https:\/\/enfantsdudesert.org\/boutique\/wp-json\/wp\/v2\/media?parent=2534"}],"wp:term":[{"taxonomy":"product_brand","embeddable":true,"href":"https:\/\/enfantsdudesert.org\/boutique\/wp-json\/wp\/v2\/product_brand?post=2534"},{"taxonomy":"product_cat","embeddable":true,"href":"https:\/\/enfantsdudesert.org\/boutique\/wp-json\/wp\/v2\/product_cat?post=2534"},{"taxonomy":"product_tag","embeddable":true,"href":"https:\/\/enfantsdudesert.org\/boutique\/wp-json\/wp\/v2\/product_tag?post=2534"}],"curies":[{"name":"wp","href":"https:\/\/api.w.org\/{rel}","templated":true}]}}